{"id":105,"date":"2021-09-24T11:33:48","date_gmt":"2021-09-24T09:33:48","guid":{"rendered":"http:\/\/mhh-kardiologie.de.w01d58f8.kasserver.com\/?page_id=105"},"modified":"2025-08-18T11:24:39","modified_gmt":"2025-08-18T09:24:39","slug":"ambulanzen-sprechstunden","status":"publish","type":"page","link":"https:\/\/mhh-kardiologie.de\/en\/ambulanzen-sprechstunden\/","title":{"rendered":"Ambulanzen | Sprechstunden"},"content":{"rendered":"\n<div class=\"wp-block-group\"><div class=\"wp-block-group__inner-container is-layout-flow wp-block-group-is-layout-flow\">\n<h1 class=\"wp-block-heading\" id=\"ambulanzen-sprechstunden\">Ambulanzen | Sprechstunden<\/h1>\n\n\n\n<div class=\"wp-block-columns is-layout-flex wp-container-core-columns-is-layout-9d6595d7 wp-block-columns-is-layout-flex\">\n<div class=\"wp-block-column is-layout-flow wp-block-column-is-layout-flow\" style=\"flex-basis:66.66%\">\n<p>Um zuweisenden \u00c4rztinnen und \u00c4rzten und unseren Patientinnen und Patienten eine bestm\u00f6gliche Orientierung zu bieten, haben wir f\u00fcr jedes Spezialgebiet eine eigene Ambulanz bzw. Sprechstunde eingerichtet. Hier finden Sie eine detaillierte \u00dcbersicht zu dem jeweiligen Leistungsspektrum, Ihre Ansprechpartner und die Telefonnummern sowie E-Mail-Adressen zur direkten Terminvereinbarung.<\/p>\n\n\n\n<p>Eine \u00dcbersicht der Ansprechpartnerinnen und Ansprechpartner finden Sie <a href=\"https:\/\/mhh-kardiologie.de\/klinikteam\/zuweiserkarte\/\" target=\"_blank\" rel=\"noreferrer noopener\">hier.<\/a><\/p>\n<\/div>\n\n\n\n<div class=\"wp-block-column is-layout-flow wp-block-column-is-layout-flow\" style=\"flex-basis:33.33%\"><\/div>\n<\/div>\n\n\n<div class=\"unterseiten_wrapper\"><div class=\"unterseiten_container\"><div class=\"space_hight\"><\/div><div class=\"unterseiten_container_content\" style=\"background-color: #88CCC4;\"><a href=\"https:\/\/mhh-kardiologie.de\/en\/ambulanzen-sprechstunden\/privatsprechstunde\/\"><h3>Privatsprechstunde<\/h3><\/a><div class=\"unterseiten_bar\"><\/div><\/div><\/div><div class=\"unterseiten_container\"><div class=\"space_hight\"><\/div><div class=\"unterseiten_container_content\" style=\"background-color: #88CCC4;\"><a href=\"https:\/\/mhh-kardiologie.de\/en\/ambulanzen-sprechstunden\/rhythmologische-privatsprechstunde\/\"><h3>Rhythmological Private Patients: Consultation Hours<\/h3><\/a><div class=\"unterseiten_bar\"><\/div><\/div><\/div><div class=\"unterseiten_container\"><div class=\"space_hight\"><\/div><div class=\"unterseiten_container_content\" style=\"background-color: #88CCC4;\"><a href=\"https:\/\/mhh-kardiologie.de\/en\/ambulanzen-sprechstunden\/kardiologische-ambulanz\/\"><h3>Kardiologische Ambulanz<\/h3><\/a><div class=\"unterseiten_bar\"><\/div><\/div><\/div><div class=\"unterseiten_container\"><div class=\"space_hight\"><\/div><div class=\"unterseiten_container_content\" style=\"background-color: #88CCC4;\"><a href=\"https:\/\/mhh-kardiologie.de\/en\/leistungen\/hannover-herzrhythmus-centrum-rhythmologie\/arrhythmiesprechstunde\/\"><h3>Arrhythmia outpatients clinic<\/h3><\/a><div class=\"unterseiten_bar\"><\/div><\/div><\/div><div class=\"unterseiten_container\"><div class=\"space_hight\"><\/div><div class=\"unterseiten_container_content\" style=\"background-color: #88CCC4;\"><a href=\"https:\/\/mhh-kardiologie.de\/en\/ambulanzen-sprechstunden\/herzinsuffizienzambulanz\/\"><h3>Heart failure<\/h3><\/a><div class=\"unterseiten_bar\"><\/div><\/div><\/div><div class=\"unterseiten_container\"><div class=\"space_hight\"><\/div><div class=\"unterseiten_container_content\" style=\"background-color: #88CCC4;\"><a href=\"https:\/\/mhh-kardiologie.de\/en\/forschung\/studienambulanz\/\"><h3>Studienambulanz<\/h3><\/a><div class=\"unterseiten_bar\"><\/div><\/div><\/div><div class=\"unterseiten_container\"><div class=\"space_hight\"><\/div><div class=\"unterseiten_container_content\" style=\"background-color: #88CCC4;\"><a href=\"https:\/\/mhh-kardiologie.de\/en\/ambulanzen-sprechstunden\/ambulanz-fuer-peripartale-kardiomyopathie-ppcm\/\"><h3>Special Outpatient Service for PPCM<\/h3><\/a><div class=\"unterseiten_bar\"><\/div><\/div><\/div><div class=\"unterseiten_container\"><div class=\"space_hight\"><\/div><div class=\"unterseiten_container_content\" style=\"background-color: #88CCC4;\"><a href=\"https:\/\/mhh-kardiologie.de\/en\/ambulanzen-sprechstunden\/ambulanz-emah\/\"><h3>Ambulanz EMAH<\/h3><\/a><div class=\"unterseiten_bar\"><\/div><\/div><\/div><\/div>\n<\/div><\/div>\n","protected":false},"excerpt":{"rendered":"<p>Ambulanzen | Sprechstunden Um zuweisenden \u00c4rztinnen und \u00c4rzten und unseren Patientinnen und Patienten eine bestm\u00f6gliche Orientierung zu bieten, haben wir f\u00fcr jedes Spezialgebiet eine eigene Ambulanz bzw. Sprechstunde eingerichtet. Hier finden Sie eine detaillierte \u00dcbersicht zu dem jeweiligen Leistungsspektrum, Ihre Ansprechpartner und die Telefonnummern sowie E-Mail-Adressen zur direkten Terminvereinbarung. Eine \u00dcbersicht der Ansprechpartnerinnen und Ansprechpartner [&hellip;]<\/p>\n","protected":false},"author":1,"featured_media":2409,"parent":0,"menu_order":58,"comment_status":"closed","ping_status":"closed","template":"","meta":{"block":"%5B%5D","footnotes":""},"class_list":["post-105","page","type-page","status-publish","has-post-thumbnail","hentry"],"_links":{"self":[{"href":"https:\/\/mhh-kardiologie.de\/en\/wp-json\/wp\/v2\/pages\/105","targetHints":{"allow":["GET"]}}],"collection":[{"href":"https:\/\/mhh-kardiologie.de\/en\/wp-json\/wp\/v2\/pages"}],"about":[{"href":"https:\/\/mhh-kardiologie.de\/en\/wp-json\/wp\/v2\/types\/page"}],"author":[{"embeddable":true,"href":"https:\/\/mhh-kardiologie.de\/en\/wp-json\/wp\/v2\/users\/1"}],"replies":[{"embeddable":true,"href":"https:\/\/mhh-kardiologie.de\/en\/wp-json\/wp\/v2\/comments?post=105"}],"version-history":[{"count":10,"href":"https:\/\/mhh-kardiologie.de\/en\/wp-json\/wp\/v2\/pages\/105\/revisions"}],"predecessor-version":[{"id":6237,"href":"https:\/\/mhh-kardiologie.de\/en\/wp-json\/wp\/v2\/pages\/105\/revisions\/6237"}],"wp:featuredmedia":[{"embeddable":true,"href":"https:\/\/mhh-kardiologie.de\/en\/wp-json\/wp\/v2\/media\/2409"}],"wp:attachment":[{"href":"https:\/\/mhh-kardiologie.de\/en\/wp-json\/wp\/v2\/media?parent=105"}],"curies":[{"name":"wp","href":"https:\/\/api.w.org\/{rel}","templated":true}]}}