{"id":109,"date":"2021-09-24T11:34:28","date_gmt":"2021-09-24T09:34:28","guid":{"rendered":"http:\/\/mhh-kardiologie.de.w01d58f8.kasserver.com\/?page_id=109"},"modified":"2026-01-14T12:50:29","modified_gmt":"2026-01-14T11:50:29","slug":"stiftung-veranstaltungen","status":"publish","type":"page","link":"https:\/\/mhh-kardiologie.de\/en\/stiftung-veranstaltungen\/","title":{"rendered":"Stiftung . Veranstaltungen"},"content":{"rendered":"\n<div class=\"wp-block-group\"><div class=\"wp-block-group__inner-container is-layout-flow wp-block-group-is-layout-flow\">\n<h1 class=\"wp-block-heading\">STIFTUNG . VERANSTALTUNGEN<\/h1>\n\n\n\n<div class=\"wp-block-columns is-layout-flex wp-container-core-columns-is-layout-9d6595d7 wp-block-columns-is-layout-flex\">\n<div class=\"wp-block-column is-layout-flow wp-block-column-is-layout-flow\" style=\"flex-basis:66.66%\">\n<p>Wie wichtig es im Leben ist, gut vorbereitet und informiert zu sein, das wei\u00df jeder. Die Klinik f\u00fcr Kardiologie und Angiologie in Hannover hat neben interessanten Vortr\u00e4gen f\u00fcr niedergelassene \u00c4rzte auch eine Reihe von Veranstaltungen f\u00fcr Patienten, Angeh\u00f6rige und Interessierte wie zum Beispiel die Hannover Herz Messe oder die Herzwoche in Zusammenarbeit mit der Deutschen Herzstiftung.<\/p>\n\n\n\n<p>Weitere Projekte, wie unsere <strong>Stiftung&nbsp;\u201eZukunft stiften&#8221;&nbsp;<\/strong>oder&nbsp;der Ausbau des gr\u00f6\u00dften deutschen<strong> Herzinfarktnetzwerks<\/strong>, liegen uns sehr am Herzen und wir informieren Sie gerne ausf\u00fchrlich dar\u00fcber.<\/p>\n\n\n\n<p>Eine \u00dcbersicht \u00fcber unsere n\u00e4chsten Veranstaltungen erhalten Sie <a href=\"https:\/\/mhh-kardiologie.de\/stiftung-veranstaltungen-ubersicht\/\"><strong>hier<\/strong>.<\/a><br>Alle Termine des Kardiologischen Seminars an der MHH finden Sie <strong><a href=\"https:\/\/mhh-kardiologie.de\/wp-content\/uploads\/2026\/01\/MHH-Kardiologisches-Seminar-2026_Feb_Mai_Stand-20260114_final_A4.pdf\">hier.<\/a><\/strong><\/p>\n<\/div>\n\n\n\n<div class=\"wp-block-column is-layout-flow wp-block-column-is-layout-flow\" style=\"flex-basis:33.33%\"><\/div>\n<\/div>\n\n\n<div class=\"unterseiten_wrapper\"><\/div>\n<\/div><\/div>\n","protected":false},"excerpt":{"rendered":"<p>STIFTUNG . VERANSTALTUNGEN Wie wichtig es im Leben ist, gut vorbereitet und informiert zu sein, das wei\u00df jeder. Die Klinik f\u00fcr Kardiologie und Angiologie in Hannover hat neben interessanten Vortr\u00e4gen f\u00fcr niedergelassene \u00c4rzte auch eine Reihe von Veranstaltungen f\u00fcr Patienten, Angeh\u00f6rige und Interessierte wie zum Beispiel die Hannover Herz Messe oder die Herzwoche in Zusammenarbeit [&hellip;]<\/p>\n","protected":false},"author":1,"featured_media":0,"parent":0,"menu_order":93,"comment_status":"closed","ping_status":"closed","template":"","meta":{"block":"%5B%5D","footnotes":""},"class_list":["post-109","page","type-page","status-publish","hentry"],"_links":{"self":[{"href":"https:\/\/mhh-kardiologie.de\/en\/wp-json\/wp\/v2\/pages\/109","targetHints":{"allow":["GET"]}}],"collection":[{"href":"https:\/\/mhh-kardiologie.de\/en\/wp-json\/wp\/v2\/pages"}],"about":[{"href":"https:\/\/mhh-kardiologie.de\/en\/wp-json\/wp\/v2\/types\/page"}],"author":[{"embeddable":true,"href":"https:\/\/mhh-kardiologie.de\/en\/wp-json\/wp\/v2\/users\/1"}],"replies":[{"embeddable":true,"href":"https:\/\/mhh-kardiologie.de\/en\/wp-json\/wp\/v2\/comments?post=109"}],"version-history":[{"count":19,"href":"https:\/\/mhh-kardiologie.de\/en\/wp-json\/wp\/v2\/pages\/109\/revisions"}],"predecessor-version":[{"id":6578,"href":"https:\/\/mhh-kardiologie.de\/en\/wp-json\/wp\/v2\/pages\/109\/revisions\/6578"}],"wp:attachment":[{"href":"https:\/\/mhh-kardiologie.de\/en\/wp-json\/wp\/v2\/media?parent=109"}],"curies":[{"name":"wp","href":"https:\/\/api.w.org\/{rel}","templated":true}]}}