{"id":115,"date":"2021-09-24T11:39:26","date_gmt":"2021-09-24T09:39:26","guid":{"rendered":"http:\/\/mhh-kardiologie.de.w01d58f8.kasserver.com\/?page_id=115"},"modified":"2025-07-04T09:02:47","modified_gmt":"2025-07-04T07:02:47","slug":"interventionelle-angiologie","status":"publish","type":"page","link":"https:\/\/mhh-kardiologie.de\/en\/leistungen\/interventionelle-angiologie\/","title":{"rendered":"Interventionelle Angiologie"},"content":{"rendered":"\n<div class=\"wp-block-columns is-layout-flex wp-container-core-columns-is-layout-9d6595d7 wp-block-columns-is-layout-flex\">\n<div class=\"wp-block-column is-layout-flow wp-block-column-is-layout-flow\" style=\"flex-basis:66.66%\">\n<h1 class=\"wp-block-heading\" id=\"interventionelle-angiologie\">Interventionelle Angiologie<\/h1>\n\n\n\n<p>Erkrankungen des Gef\u00e4\u00dfsystems k\u00f6nnen zu behandlungbed\u00fcrftigem Leidensdruck f\u00fchren. Beispielsweise k\u00f6nnen kardiovaskul\u00e4re Risikofaktoren zur peripheren arteriellen Verschlusskrankheit (Schaufensterkrankheit) mit Beinschmerzen bei Belastung (Claudicatio) oder auch in Ruhe f\u00fchren. Nach sorgf\u00e4ltiger Voruntersuchung in unserer Ambulanz werden der interventionellen Angiologie in hochmodernen Katheterlaboren Arterien und Venen katheter-gest\u00fctzt mit Kontrastmittel dargestellt (Angiographie). Nach Punktion der Leisten- oder Armarterie werden beispielsweise bei arterieller Verschlusskrankheit bedeutsame Engstellen oder Verschl\u00fcsse dargestellt und ggf. interventionell behandelt. Hierzu setzen wir moderne Ballonkatheter mit und ohne Beschichtung sowie ballon- oder selbstexpandierende Gef\u00e4\u00dfst\u00fctzen (Stents) ein. Systeme zur Entfernung von schweren Verkalkungen kommen ebenfalls zum Einsatz (Arterektomie). Wir behandeln sowohl Patientinnen und Patienten mit chronischen als auch mit akuten Gef\u00e4\u00dferkrankungen.<\/p>\n\n\n<div class=\"lazyblock-akkordeon-flyer-ZMQCJn wp-block-lazyblock-akkordeon-flyer\"><input id=\"angiologieeininformationsblattfrrztinnenundrztesowiepatientinnenundpatienten\" class=\"hide akkordeon-toggle\" type=\"checkbox\"><div class=\"akkordeon-block\">\n  <div class=\"toggler\"><label for=\"angiologieeininformationsblattfrrztinnenundrztesowiepatientinnenundpatienten\">Angiologie | Ein Informationsblatt f\u00fcr \u00c4rztinnen und \u00c4rzte sowie Patientinnen und Patienten<\/label><div class=\"akkordeon-bar\"><\/div><\/div><div class=\"akkordeon-content\"><div class=\"akkordeon-inner-content\"><div class=\"wp-block-columns flyer\"><div class=\"wp-block-column\"><img decoding=\"async\" src=\"https:\/\/mhh-kardiologie.de\/wp-content\/uploads\/2021\/10\/MHH_Angiologie_Flyer_2020.JPEG-5d314e23.jpg\" alt=\"MHH_Angiologie_Flyer_2020.JPEG-5d314e23\" style=\"margin-right: 20px; display: block;\"><\/div><div class=\"wp-block-column\" style=\"margin-left: 20px;\"><p style=\"margin-bottom: 8px;\"><strong>Titel<\/strong><\/p><p style=\"margin-bottom: 24px;\">Angiologie | Ein Informationsblatt f\u00fcr \u00c4rztinnen und \u00c4rzte sowie Patientinnen und Patienten<\/p><p style=\"margin-bottom: 8px;\"><strong>Download<\/strong><\/p><p><a href=\"https:\/\/mhh-kardiologie.de\/wp-content\/uploads\/2021\/10\/MHH_Angiologie_Flyer_Informationsblatt_Aerzte_Patienten.pdf\" target=\"_blank\">MHH_Angiologie_Flyer_Informationsblatt_Aerzte_Patienten.pdf (916KB)<\/a><\/p><\/div><\/div><\/div><\/div><\/div><\/div><\/div>\n\n\n\n<div class=\"wp-block-column is-layout-flow wp-block-column-is-layout-flow\" style=\"flex-basis:33.33%\">\n<div class=\"wp-block-group\"><div class=\"wp-block-group__inner-container is-layout-flow wp-block-group-is-layout-flow\">\n<p><strong>Bereichsleitung<\/strong><\/p>\n\n\n<div class=\"personal_container\"><div class=\"personal_portrait\" style=\"background-image: url(https:\/\/mhh-kardiologie.de\/wp-content\/uploads\/2024\/11\/MHH_Kardiologie_OA\u0308_Portraits_sonnenschein_2024-10-29_web.jpg);\"><\/div><div class=\"personal_infos\"><p class=\"personal_name\"><a href=\"https:\/\/mhh-kardiologie.de\/en\/klinikteam\/direktor-oberaerzte\/dr-kristina-sonnenschein\/\">PD Dr. Kristina Sonnenschein<\/a><\/p><p class=\"personal_mail\"><a href=\"mailto:sonnenschein.kristina@mh-hannover.de\">sonnenschein.kristina@mh-hannover.de<\/a><\/p><\/div><\/div>\n\n\n<div class=\"personal_container\"><div class=\"personal_portrait\" style=\"background-image: url(https:\/\/mhh-kardiologie.de\/wp-content\/uploads\/2024\/11\/MHH_Kardiologie_OA\u0308_Portraits_pfeffer_2024-10-29_web.jpg);\"><\/div><div class=\"personal_infos\"><p class=\"personal_name\"><a href=\"https:\/\/mhh-kardiologie.de\/en\/klinikteam\/direktor-oberaerzte\/dr-tobias-jonathan-pfeffer\/\">PD Dr. Tobias Jonathan Pfeffer<\/a><\/p><p class=\"personal_mail\"><a href=\"mailto:pfeffer.tobias.j@mh-hannover.de\">pfeffer.tobias.j@mh-hannover.de<\/a><\/p><\/div><\/div>\n\n\n\n<p><strong>Kontakt und Anmeldung<\/strong><br><mark style=\"background-color:rgba(0, 0, 0, 0)\" class=\"has-inline-color has-orange-color\"><strong>Kerstin Matthies-Tacka<br>Claudia Merten<\/strong><br>Tel.: 0511 532-3889<br>Fax: 0511 532-3229 <\/mark><\/p>\n<\/div><\/div>\n<\/div>\n<\/div>\n","protected":false},"excerpt":{"rendered":"<p>Interventionelle Angiologie Erkrankungen des Gef\u00e4\u00dfsystems k\u00f6nnen zu behandlungbed\u00fcrftigem Leidensdruck f\u00fchren. Beispielsweise k\u00f6nnen kardiovaskul\u00e4re Risikofaktoren zur peripheren arteriellen Verschlusskrankheit (Schaufensterkrankheit) mit Beinschmerzen bei Belastung (Claudicatio) oder auch in Ruhe f\u00fchren. Nach sorgf\u00e4ltiger Voruntersuchung in unserer Ambulanz werden der interventionellen Angiologie in hochmodernen Katheterlaboren Arterien und Venen katheter-gest\u00fctzt mit Kontrastmittel dargestellt (Angiographie). Nach Punktion der Leisten- oder [&hellip;]<\/p>\n","protected":false},"author":1,"featured_media":3434,"parent":101,"menu_order":5,"comment_status":"closed","ping_status":"closed","template":"","meta":{"block":"%5B%5D","footnotes":""},"class_list":["post-115","page","type-page","status-publish","has-post-thumbnail","hentry"],"_links":{"self":[{"href":"https:\/\/mhh-kardiologie.de\/en\/wp-json\/wp\/v2\/pages\/115","targetHints":{"allow":["GET"]}}],"collection":[{"href":"https:\/\/mhh-kardiologie.de\/en\/wp-json\/wp\/v2\/pages"}],"about":[{"href":"https:\/\/mhh-kardiologie.de\/en\/wp-json\/wp\/v2\/types\/page"}],"author":[{"embeddable":true,"href":"https:\/\/mhh-kardiologie.de\/en\/wp-json\/wp\/v2\/users\/1"}],"replies":[{"embeddable":true,"href":"https:\/\/mhh-kardiologie.de\/en\/wp-json\/wp\/v2\/comments?post=115"}],"version-history":[{"count":18,"href":"https:\/\/mhh-kardiologie.de\/en\/wp-json\/wp\/v2\/pages\/115\/revisions"}],"predecessor-version":[{"id":5960,"href":"https:\/\/mhh-kardiologie.de\/en\/wp-json\/wp\/v2\/pages\/115\/revisions\/5960"}],"up":[{"embeddable":true,"href":"https:\/\/mhh-kardiologie.de\/en\/wp-json\/wp\/v2\/pages\/101"}],"wp:featuredmedia":[{"embeddable":true,"href":"https:\/\/mhh-kardiologie.de\/en\/wp-json\/wp\/v2\/media\/3434"}],"wp:attachment":[{"href":"https:\/\/mhh-kardiologie.de\/en\/wp-json\/wp\/v2\/media?parent=115"}],"curies":[{"name":"wp","href":"https:\/\/api.w.org\/{rel}","templated":true}]}}