{"id":117,"date":"2021-09-24T11:39:56","date_gmt":"2021-09-24T09:39:56","guid":{"rendered":"http:\/\/mhh-kardiologie.de.w01d58f8.kasserver.com\/?page_id=117"},"modified":"2025-11-27T10:03:16","modified_gmt":"2025-11-27T09:03:16","slug":"hannover-herzrhythmus-centrum-rhythmologie","status":"publish","type":"page","link":"https:\/\/mhh-kardiologie.de\/en\/leistungen\/hannover-herzrhythmus-centrum-rhythmologie\/","title":{"rendered":"Hannover Herzrhythmus Centrum | Rhythmologie"},"content":{"rendered":"\n<div class=\"wp-block-group\"><div class=\"wp-block-group__inner-container is-layout-flow wp-block-group-is-layout-flow\">\n<h1 class=\"wp-block-heading\" id=\"hannover-herzrhythmus-centrum-rhythmologie\">Hannover Herzrhythmus Centrum |&nbsp;Rhythmologie&nbsp;<\/h1>\n\n\n\n<p>Aufgrund der hohen Bedeutung der Rhythmologie und Elektrophysiologie f\u00fcr die ganzheitliche Versorgung von Patientinnen und Patienten mit Herzerkrankungen wurde von der Klinik f\u00fcr Kardiologie und Angiologie das Hannover Herzrhythmus Centrum (HHC) gegr\u00fcndet. Das HHC unter der Leitung von Prof. Dr. David Duncker konzentriert die gesamte Rhythmologie und Elektrophysiologie in der \u00fcberregionalen Versorgung von Patientinnen und Patienten im ambulanten und station\u00e4ren Bereich. Hierzu geh\u00f6ren die Arrhythmiesprechstunde mit verschiedenen Spezialsprechstunden, die interventionelle Elektrophysiologie sowie die Implantation und Nachsorge von implantierbaren Devices wie Herzschrittmacher, Defibrillatoren sowie Systeme zur elektrischen Therapie der Herzschw\u00e4che.<br>&nbsp;<br>Das Behandlungsspektrum umfasst Patientinnen und Patienten mit Herzrhythmusst\u00f6rungen vom Kleinkind an bis ins hohe Alter. Das HHC arbeitet eng mit der EMAH-Sprechstunde, der Herzinsuffizienzsprechstunde und der Heart Failure Unit der Kardiologie und Angiologie zusammen. Innerhalb der MHH wird im \u00fcberregionalen EMAH-Zentrum mit der Kinderkardiologie, der Abteilung f\u00fcr Chirurgie bei angeborenen Herzfehlern der HTTG-Klinik und im Zentrum f\u00fcr Seltene Erkrankungen (ZSE) mit dem Institut f\u00fcr Humangenetik eine enge Kooperation gepflegt. Das HHC ist als Ausbildungszentrum f\u00fcr Spezielle Rhythmologie f\u00fcr Invasive Elektrophysiologie und aktive Herzrhythmusimplantate seitens der Deutschen Gesellschaft f\u00fcr Kardiologie (DGK) zertifiziert. Das HHC ist weiterhin als Vorhofflimmerzentrum durch die Deutsche Gesellschaft f\u00fcr Kardiologie zertifiziert.<\/p>\n\n\n\n<p><\/p>\n\n\n\n<p>Wenn das Herz anders schl\u00e4gt &#8211; Das Hannover Herzrhythmus Centrum (HHC) unter der Leitung von Prof. Dr. David Duncker ist Teil der Abteilung der Kardiologie und Angiologie der MHH und auf Patientinnen und Patienten mit Herzrhythmusst\u00f6rungen spezialisiert. Wie l\u00e4uft ein Tag im HHC ab? Welche Patientinnen und Patienten werden im HHC behandelt? Auf welche Untersuchungs- und Behandlungsmethoden k\u00f6nnen Patientinnen und Patienten in unserem Zentrum zur\u00fcckgreifen? Wir haben Assistenz\u00e4rztin Dr. Henrike Hillmann als Teil des HHC-Teams einen Tag bei ihrer Arbeit begleitet und hierbei spannende Einblicke in die Arbeitsprozesse und Behandlungsm\u00f6glichkeiten des HHCs erhalten. <\/p>\n\n\n<div class=\"lazyblock-hyberlink-block-1Jf7Fh wp-block-lazyblock-hyberlink-block\"><a href=\"https:\/\/www.youtube.com\/watch?v=zcAKx1b4-EU\" target=\"_blank\" rel=\"noopener noreferrer\" class=\"hyperlink_txt\">Zum Video<\/a><\/div>\n\n\n<p><\/p>\n\n\n\n<div class=\"wp-block-columns is-layout-flex wp-container-core-columns-is-layout-9d6595d7 wp-block-columns-is-layout-flex\">\n<div class=\"wp-block-column is-layout-flow wp-block-column-is-layout-flow\">\n<figure class=\"wp-block-image size-full\"><img loading=\"lazy\" decoding=\"async\" width=\"720\" height=\"720\" src=\"https:\/\/mhh-kardiologie.de\/wp-content\/uploads\/2022\/01\/DGK_SR-Staette-print.jpg\" alt=\"\" class=\"wp-image-1768\" srcset=\"https:\/\/mhh-kardiologie.de\/wp-content\/uploads\/2022\/01\/DGK_SR-Staette-print.jpg 720w, https:\/\/mhh-kardiologie.de\/wp-content\/uploads\/2022\/01\/DGK_SR-Staette-print-300x300.jpg 300w, https:\/\/mhh-kardiologie.de\/wp-content\/uploads\/2022\/01\/DGK_SR-Staette-print-150x150.jpg 150w\" sizes=\"auto, (max-width: 720px) 100vw, 720px\" \/><\/figure>\n<\/div>\n\n\n\n<div class=\"wp-block-column is-layout-flow wp-block-column-is-layout-flow\">\n<figure class=\"wp-block-image size-full\"><img loading=\"lazy\" decoding=\"async\" width=\"720\" height=\"720\" src=\"https:\/\/mhh-kardiologie.de\/wp-content\/uploads\/2022\/01\/VHF_final.jpg\" alt=\"\" class=\"wp-image-1769\" srcset=\"https:\/\/mhh-kardiologie.de\/wp-content\/uploads\/2022\/01\/VHF_final.jpg 720w, https:\/\/mhh-kardiologie.de\/wp-content\/uploads\/2022\/01\/VHF_final-300x300.jpg 300w, https:\/\/mhh-kardiologie.de\/wp-content\/uploads\/2022\/01\/VHF_final-150x150.jpg 150w\" sizes=\"auto, (max-width: 720px) 100vw, 720px\" \/><\/figure>\n<\/div>\n\n\n\n<div class=\"wp-block-column is-layout-flow wp-block-column-is-layout-flow\">\n<figure class=\"wp-block-image size-full is-resized\"><img loading=\"lazy\" decoding=\"async\" width=\"773\" height=\"852\" src=\"https:\/\/mhh-kardiologie.de\/wp-content\/uploads\/2024\/01\/Fortbildungsstandort-2024_Young_DGK.jpg\" alt=\"\" class=\"wp-image-4643\" style=\"width:170px;height:187px\" srcset=\"https:\/\/mhh-kardiologie.de\/wp-content\/uploads\/2024\/01\/Fortbildungsstandort-2024_Young_DGK.jpg 773w, https:\/\/mhh-kardiologie.de\/wp-content\/uploads\/2024\/01\/Fortbildungsstandort-2024_Young_DGK-272x300.jpg 272w, https:\/\/mhh-kardiologie.de\/wp-content\/uploads\/2024\/01\/Fortbildungsstandort-2024_Young_DGK-768x846.jpg 768w\" sizes=\"auto, (max-width: 773px) 100vw, 773px\" \/><\/figure>\n<\/div>\n\n\n\n<div class=\"wp-block-column is-layout-flow wp-block-column-is-layout-flow\">\n<figure class=\"wp-block-image size-full is-resized\"><img loading=\"lazy\" decoding=\"async\" width=\"774\" height=\"852\" src=\"https:\/\/mhh-kardiologie.de\/wp-content\/uploads\/2025\/01\/Logo_Fortbildungsstandort-2025.jpg\" alt=\"\" class=\"wp-image-5580\" style=\"width:169px;height:185px\" srcset=\"https:\/\/mhh-kardiologie.de\/wp-content\/uploads\/2025\/01\/Logo_Fortbildungsstandort-2025.jpg 774w, https:\/\/mhh-kardiologie.de\/wp-content\/uploads\/2025\/01\/Logo_Fortbildungsstandort-2025-273x300.jpg 273w, https:\/\/mhh-kardiologie.de\/wp-content\/uploads\/2025\/01\/Logo_Fortbildungsstandort-2025-768x845.jpg 768w\" sizes=\"auto, (max-width: 774px) 100vw, 774px\" \/><\/figure>\n<\/div>\n\n\n\n<div class=\"wp-block-column is-layout-flow wp-block-column-is-layout-flow\">\n<figure class=\"wp-block-image size-large is-resized\"><img loading=\"lazy\" decoding=\"async\" width=\"800\" height=\"1024\" src=\"https:\/\/mhh-kardiologie.de\/wp-content\/uploads\/2024\/04\/QualityLabel-ERTC-800x1024.jpg\" alt=\"\" class=\"wp-image-4850\" style=\"width:140px;height:179px\" srcset=\"https:\/\/mhh-kardiologie.de\/wp-content\/uploads\/2024\/04\/QualityLabel-ERTC-800x1024.jpg 800w, https:\/\/mhh-kardiologie.de\/wp-content\/uploads\/2024\/04\/QualityLabel-ERTC-234x300.jpg 234w, https:\/\/mhh-kardiologie.de\/wp-content\/uploads\/2024\/04\/QualityLabel-ERTC-768x983.jpg 768w, https:\/\/mhh-kardiologie.de\/wp-content\/uploads\/2024\/04\/QualityLabel-ERTC-1200x1536.jpg 1200w, https:\/\/mhh-kardiologie.de\/wp-content\/uploads\/2024\/04\/QualityLabel-ERTC-1600x2048.jpg 1600w, https:\/\/mhh-kardiologie.de\/wp-content\/uploads\/2024\/04\/QualityLabel-ERTC.jpg 1933w\" sizes=\"auto, (max-width: 800px) 100vw, 800px\" \/><\/figure>\n<\/div>\n<\/div>\n\n\n<div class=\"unterseiten_wrapper\"><div class=\"unterseiten_container\"><div class=\"space_hight\"><\/div><div class=\"unterseiten_container_content\" style=\"background-color: #88CCC4;\"><a href=\"https:\/\/mhh-kardiologie.de\/en\/leistungen\/hannover-herzrhythmus-centrum-rhythmologie\/ansprechpartner-und-kontakte\/\"><h3>Ansprechpartner und Kontakte<\/h3><\/a><div class=\"unterseiten_bar\"><\/div><\/div><\/div><div class=\"unterseiten_container\"><div class=\"space_hight\"><\/div><div class=\"unterseiten_container_content\" style=\"background-color: #88CCC4;\"><a href=\"https:\/\/mhh-kardiologie.de\/en\/leistungen\/hannover-herzrhythmus-centrum-rhythmologie\/arrhythmiesprechstunde\/\"><h3>Arrhythmia outpatients clinic<\/h3><\/a><div class=\"unterseiten_bar\"><\/div><\/div><\/div><div class=\"unterseiten_container\"><div class=\"space_hight\"><\/div><div class=\"unterseiten_container_content\" style=\"background-color: #88CCC4;\"><a href=\"https:\/\/mhh-kardiologie.de\/en\/leistungen\/hannover-herzrhythmus-centrum-rhythmologie\/elektrophysiologie\/\"><h3>Electro\u00adphysiology<\/h3><\/a><div class=\"unterseiten_bar\"><\/div><\/div><\/div><div class=\"unterseiten_container\"><div class=\"space_hight\"><\/div><div class=\"unterseiten_container_content\" style=\"background-color: #88CCC4;\"><a href=\"https:\/\/mhh-kardiologie.de\/en\/leistungen\/hannover-herzrhythmus-centrum-rhythmologie\/spezialsprechstunden\/\"><h3>Special consultation hours<\/h3><\/a><div class=\"unterseiten_bar\"><\/div><\/div><\/div><div class=\"unterseiten_container\"><div class=\"space_hight\"><\/div><div class=\"unterseiten_container_content\" style=\"background-color: #88CCC4;\"><a href=\"https:\/\/mhh-kardiologie.de\/en\/leistungen\/hannover-herzrhythmus-centrum-rhythmologie\/untersuchungsmethoden\/\"><h3>Tests and Procedures<\/h3><\/a><div class=\"unterseiten_bar\"><\/div><\/div><\/div><div class=\"unterseiten_container\"><div class=\"space_hight\"><\/div><div class=\"unterseiten_container_content\" style=\"background-color: #88CCC4;\"><a href=\"https:\/\/mhh-kardiologie.de\/en\/leistungen\/hannover-herzrhythmus-centrum-rhythmologie\/herzschrittmacher-defibrillatoren\/\"><h3>Pacemakers | Defibrillators<\/h3><\/a><div class=\"unterseiten_bar\"><\/div><\/div><\/div><div class=\"unterseiten_container\"><div class=\"space_hight\"><\/div><div class=\"unterseiten_container_content\" style=\"background-color: #88CCC4;\"><a href=\"https:\/\/mhh-kardiologie.de\/en\/leistungen\/hannover-herzrhythmus-centrum-rhythmologie\/laa-okkluder\/\"><h3>LAA-Occluder<\/h3><\/a><div class=\"unterseiten_bar\"><\/div><\/div><\/div><div class=\"unterseiten_container\"><div class=\"space_hight\"><\/div><div class=\"unterseiten_container_content\" style=\"background-color: #88CCC4;\"><a href=\"https:\/\/mhh-kardiologie.de\/en\/forschung\/w2-professur-rhythmologie-und-elektrophysiologie\/\"><h3>W2-Professur Rhythmologie und Elektrophysiologie<\/h3><\/a><div class=\"unterseiten_bar\"><\/div><\/div><\/div><\/div>\n\n\n\n<div class=\"wp-block-columns is-layout-flex wp-container-core-columns-is-layout-9d6595d7 wp-block-columns-is-layout-flex\">\n<div class=\"wp-block-column is-layout-flow wp-block-column-is-layout-flow\">\n<div style=\"height:20px\" aria-hidden=\"true\" class=\"wp-block-spacer\"><\/div>\n\n\n\n<h2 class=\"wp-block-heading has-text-align-center\">Aktuelle Presseartikel<\/h2>\n<\/div>\n\n\n\n<div class=\"wp-block-column is-layout-flow wp-block-column-is-layout-flow\"><div class=\"lazyblock-icon-Z2jjgfV wp-block-lazyblock-icon\"><div class=\"big_icon\">\n  <span class=\"icon-Herzschwaeche\"><\/span><\/div><\/div><\/div>\n<\/div>\n\n\n<div class=\"lazyblock-hyberlink-block-ZPemCJ wp-block-lazyblock-hyberlink-block\"><a href=\"https:\/\/www.mhh.de\/presse-news\/immer-nah-am-herzschlag\" target=\"_blank\" rel=\"noopener noreferrer\" class=\"hyperlink_txt\">Herzdaten in Echtzeit \u00fcbertragen<\/a><\/div>\n\n<div class=\"lazyblock-hyberlink-block-Z1LGFfT wp-block-lazyblock-hyberlink-block\"><a href=\"https:\/\/www.deutschlandfunk.de\/schrittmacher-und-defibrillatoren-implantate-die-das-herz-in-takt-bringen-100.html\" target=\"_blank\" rel=\"noopener noreferrer\" class=\"hyperlink_txt\">Schrittmacher und Defibrillatoren: Implantate, die das Herz in Takt bringen<\/a><\/div>\n\n<div class=\"lazyblock-hyberlink-block-8olAg wp-block-lazyblock-hyberlink-block\"><a href=\"https:\/\/app.smarticle.com\/html5\/DsLS6iUDaT\/n1Tt9Npvf29KB\/1\" target=\"_blank\" rel=\"noopener noreferrer\" class=\"hyperlink_txt\">Mentoring f\u00fcr an der Kardiologie Interessierte (S.21)<\/a><\/div>\n\n<div class=\"lazyblock-hyberlink-block-Z1sXugh wp-block-lazyblock-hyberlink-block\"><a href=\"https:\/\/www.mhh.de\/presse-news-detailansicht\/kein-karriereknick-aerztinnen-koennen-trotz-schwangerschaft-weiter-arbeiten\" target=\"_blank\" rel=\"noopener noreferrer\" class=\"hyperlink_txt\">Kein Karriereknick: \u00c4rztinnen k\u00f6nnen trotz Schwangerschaft weiter arbeiten<\/a><\/div>\n\n<div class=\"lazyblock-hyberlink-block-Z1UUjUf wp-block-lazyblock-hyberlink-block\"><a href=\"https:\/\/www.mhh.de\/presse-news\/neues-geraet-gegen-ploetzlichen-herztod\" target=\"_blank\" rel=\"noopener noreferrer\" class=\"hyperlink_txt\">Neues Ger\u00e4t gegen pl\u00f6tzlichen Herztod<\/a><\/div>\n\n<div class=\"lazyblock-hyberlink-block-zb4dY wp-block-lazyblock-hyberlink-block\"><a href=\"https:\/\/www.mhh.de\/presse-news-detailansicht\/mhh-kardiologie-implantiert-neuartigen-herzschrittmacher-ohne-elektroden\" target=\"_blank\" rel=\"noopener noreferrer\" class=\"hyperlink_txt\">MHH-Kardiologie implantiert neuartigen Herzschrittmacher ohne Elektroden<\/a><\/div>\n\n<div class=\"lazyblock-hyberlink-block-Z5OjoV wp-block-lazyblock-hyberlink-block\"><a href=\"https:\/\/mhh-kardiologie.de\/wp-content\/uploads\/2023\/02\/Frueh-erkennen-rechtzeitig-handeln_Hillmann-et-al_Herz-heute-2023.pdf\" target=\"_blank\" rel=\"noopener noreferrer\" class=\"hyperlink_txt\">Fr\u00fch erkennen \u2013 rechtzeitig handeln<\/a><\/div>\n\n<div class=\"lazyblock-hyberlink-block-Z1CHI4J wp-block-lazyblock-hyberlink-block\"><a href=\"https:\/\/www.mhh.de\/presse-news\/bestrahlung-gegen-herzrhythmusstoerungen\" target=\"_blank\" rel=\"noopener noreferrer\" class=\"hyperlink_txt\">Bestrahlung gegen Herzrhythmusst\u00f6rungen<\/a><\/div><\/div><\/div>\n","protected":false},"excerpt":{"rendered":"<p>Hannover Herzrhythmus Centrum |&nbsp;Rhythmologie&nbsp; Aufgrund der hohen Bedeutung der Rhythmologie und Elektrophysiologie f\u00fcr die ganzheitliche Versorgung von Patientinnen und Patienten mit Herzerkrankungen wurde von der Klinik f\u00fcr Kardiologie und Angiologie das Hannover Herzrhythmus Centrum (HHC) gegr\u00fcndet. Das HHC unter der Leitung von Prof. Dr. David Duncker konzentriert die gesamte Rhythmologie und Elektrophysiologie in der \u00fcberregionalen [&hellip;]<\/p>\n","protected":false},"author":1,"featured_media":5488,"parent":101,"menu_order":6,"comment_status":"closed","ping_status":"closed","template":"","meta":{"block":"%5B%5D","footnotes":""},"class_list":["post-117","page","type-page","status-publish","has-post-thumbnail","hentry"],"_links":{"self":[{"href":"https:\/\/mhh-kardiologie.de\/en\/wp-json\/wp\/v2\/pages\/117","targetHints":{"allow":["GET"]}}],"collection":[{"href":"https:\/\/mhh-kardiologie.de\/en\/wp-json\/wp\/v2\/pages"}],"about":[{"href":"https:\/\/mhh-kardiologie.de\/en\/wp-json\/wp\/v2\/types\/page"}],"author":[{"embeddable":true,"href":"https:\/\/mhh-kardiologie.de\/en\/wp-json\/wp\/v2\/users\/1"}],"replies":[{"embeddable":true,"href":"https:\/\/mhh-kardiologie.de\/en\/wp-json\/wp\/v2\/comments?post=117"}],"version-history":[{"count":35,"href":"https:\/\/mhh-kardiologie.de\/en\/wp-json\/wp\/v2\/pages\/117\/revisions"}],"predecessor-version":[{"id":6469,"href":"https:\/\/mhh-kardiologie.de\/en\/wp-json\/wp\/v2\/pages\/117\/revisions\/6469"}],"up":[{"embeddable":true,"href":"https:\/\/mhh-kardiologie.de\/en\/wp-json\/wp\/v2\/pages\/101"}],"wp:featuredmedia":[{"embeddable":true,"href":"https:\/\/mhh-kardiologie.de\/en\/wp-json\/wp\/v2\/media\/5488"}],"wp:attachment":[{"href":"https:\/\/mhh-kardiologie.de\/en\/wp-json\/wp\/v2\/media?parent=117"}],"curies":[{"name":"wp","href":"https:\/\/api.w.org\/{rel}","templated":true}]}}