{"id":125,"date":"2021-09-24T11:43:36","date_gmt":"2021-09-24T09:43:36","guid":{"rendered":"http:\/\/mhh-kardiologie.de.w01d58f8.kasserver.com\/?page_id=125"},"modified":"2022-04-27T12:25:13","modified_gmt":"2022-04-27T10:25:13","slug":"stationen","status":"publish","type":"page","link":"https:\/\/mhh-kardiologie.de\/en\/leistungen\/stationen\/","title":{"rendered":"Stationen"},"content":{"rendered":"\n<div class=\"wp-block-group\"><div class=\"wp-block-group__inner-container is-layout-flow wp-block-group-is-layout-flow\">\n<h2 class=\"wp-block-heading\">Stationen<\/h2>\n\n\n\n<p>Die Klinik f\u00fcr Kardiologie und Angiologie ist aufgeteilt in\u00a04 Stationen, in denen unsere Patientinnen und Patienten fachspezifisch betreut werden. Die Beschreibung der einzelnen Stationen dient als Leitfaden und erm\u00f6glicht es Betroffenen und Angeh\u00f6rigen, bereits vorab wichtige Informationen \u00fcber den Ablauf auf der Station sowie die Ansprechpartner vor Ort zu erhalten. Bitte beachten Sie besonders unsere speziellen Regelungen f\u00fcr die <a href=\"https:\/\/mhh-kardiologie.de\/station-24a\">Intensivstation 24<\/a> \u2013 eine Spezialstation mit den Fachbereichen\u00a0Heart Failure Unit,\u00a0Chest Pain Unit und Cardiac Arrest Center.<\/p>\n\n\n<div class=\"unterseiten_wrapper\"><div class=\"unterseiten_container\"><div class=\"space_hight\"><\/div><div class=\"unterseiten_container_content\" style=\"background-color: #88CCC4;\"><a href=\"https:\/\/mhh-kardiologie.de\/en\/leistungen\/stationen\/station-22-und-32-normalstation\/\"><h3>Station 22 und 32 | Normalstation<\/h3><\/a><div class=\"unterseiten_bar\"><\/div><\/div><\/div><div class=\"unterseiten_container\"><div class=\"space_hight\"><\/div><div class=\"unterseiten_container_content\" style=\"background-color: #88CCC4;\"><a href=\"https:\/\/mhh-kardiologie.de\/en\/leistungen\/stationen\/station-24a-hfu-intermediate-care-unit\/\"><h3>Station 24a | HFU | Intermediate Care Unit<\/h3><\/a><div class=\"unterseiten_bar\"><\/div><\/div><\/div><div class=\"unterseiten_container\"><div class=\"space_hight\"><\/div><div class=\"unterseiten_container_content\" style=\"background-color: #88CCC4;\"><a href=\"https:\/\/mhh-kardiologie.de\/en\/leistungen\/stationen\/station-24b-intensivstation-cardiac-arrest-center-intermediate-care-chest-pain-unit\/\"><h3>Intensive Care Unit | Chest Pain Unit | Heart Failure Unit | Cardiac Arrest Center<\/h3><\/a><div class=\"unterseiten_bar\"><\/div><\/div><\/div><div class=\"unterseiten_container\"><div class=\"space_hight\"><\/div><div class=\"unterseiten_container_content\" style=\"background-color: #88CCC4;\"><a href=\"https:\/\/mhh-kardiologie.de\/en\/leistungen\/stationen\/station-38-privatstation\/\"><h3>Station 38 | Privatstation<\/h3><\/a><div class=\"unterseiten_bar\"><\/div><\/div><\/div><\/div>\n<\/div><\/div>\n","protected":false},"excerpt":{"rendered":"<p>Stationen Die Klinik f\u00fcr Kardiologie und Angiologie ist aufgeteilt in\u00a04 Stationen, in denen unsere Patientinnen und Patienten fachspezifisch betreut werden. Die Beschreibung der einzelnen Stationen dient als Leitfaden und erm\u00f6glicht es Betroffenen und Angeh\u00f6rigen, bereits vorab wichtige Informationen \u00fcber den Ablauf auf der Station sowie die Ansprechpartner vor Ort zu erhalten. Bitte beachten Sie besonders [&hellip;]<\/p>\n","protected":false},"author":1,"featured_media":668,"parent":101,"menu_order":18,"comment_status":"closed","ping_status":"closed","template":"","meta":{"block":"%5B%5D","footnotes":""},"class_list":["post-125","page","type-page","status-publish","has-post-thumbnail","hentry"],"_links":{"self":[{"href":"https:\/\/mhh-kardiologie.de\/en\/wp-json\/wp\/v2\/pages\/125","targetHints":{"allow":["GET"]}}],"collection":[{"href":"https:\/\/mhh-kardiologie.de\/en\/wp-json\/wp\/v2\/pages"}],"about":[{"href":"https:\/\/mhh-kardiologie.de\/en\/wp-json\/wp\/v2\/types\/page"}],"author":[{"embeddable":true,"href":"https:\/\/mhh-kardiologie.de\/en\/wp-json\/wp\/v2\/users\/1"}],"replies":[{"embeddable":true,"href":"https:\/\/mhh-kardiologie.de\/en\/wp-json\/wp\/v2\/comments?post=125"}],"version-history":[{"count":4,"href":"https:\/\/mhh-kardiologie.de\/en\/wp-json\/wp\/v2\/pages\/125\/revisions"}],"predecessor-version":[{"id":3206,"href":"https:\/\/mhh-kardiologie.de\/en\/wp-json\/wp\/v2\/pages\/125\/revisions\/3206"}],"up":[{"embeddable":true,"href":"https:\/\/mhh-kardiologie.de\/en\/wp-json\/wp\/v2\/pages\/101"}],"wp:featuredmedia":[{"embeddable":true,"href":"https:\/\/mhh-kardiologie.de\/en\/wp-json\/wp\/v2\/media\/668"}],"wp:attachment":[{"href":"https:\/\/mhh-kardiologie.de\/en\/wp-json\/wp\/v2\/media?parent=125"}],"curies":[{"name":"wp","href":"https:\/\/api.w.org\/{rel}","templated":true}]}}