{"id":1297,"date":"2021-10-20T15:22:57","date_gmt":"2021-10-20T13:22:57","guid":{"rendered":"http:\/\/mhh-kardiologie.de.w01d58f8.kasserver.com\/?page_id=1297"},"modified":"2025-02-19T10:29:34","modified_gmt":"2025-02-19T09:29:34","slug":"presseartikel","status":"publish","type":"page","link":"https:\/\/mhh-kardiologie.de\/en\/presse-mediathek\/presseartikel\/","title":{"rendered":"Presseartikel"},"content":{"rendered":"\n<div class=\"wp-block-group\"><div class=\"wp-block-group__inner-container is-layout-flow wp-block-group-is-layout-flow\">\n<div class=\"wp-block-columns is-layout-flex wp-container-core-columns-is-layout-9d6595d7 wp-block-columns-is-layout-flex\">\n<div class=\"wp-block-column is-layout-flow wp-block-column-is-layout-flow\" style=\"flex-basis:66.66%\">\n<h2 class=\"wp-block-heading\" id=\"presseartikel\">Presseartikel<\/h2>\n\n\n\n<p>Das Pressearchiv h\u00e4lt eine Vielzahl interessanter Berichte f\u00fcr Sie bereit. Unter anderem wurden 4&nbsp;Forscher\/-innen der Klinik f\u00fcr Kardiologie und Angiologie von der Deutschen Gesellschaft f\u00fcr Kardiologie \u2013 Herz- und Kreislaufforschung e. V. (DGK) sowie der Deutschen Gesellschaft f\u00fcr Innere Medizin e. V. (DGIM) f\u00fcr ihre Arbeiten ausgezeichnet. Weitere Beitr\u00e4ge aus den letzten Jahren rund um das Thema \u201eHerz\u201c finden Sie hier auch als&nbsp;Download.<\/p>\n<\/div>\n\n\n\n<div class=\"wp-block-column is-layout-flow wp-block-column-is-layout-flow\" style=\"flex-basis:33.33%\">\n<p class=\"has-luminous-vivid-orange-color has-text-color\"><\/p>\n<\/div>\n<\/div>\n\n\n<div class=\"unterseiten_wrapper\"><div class=\"unterseiten_container\"><div class=\"space_hight\"><\/div><div class=\"unterseiten_container_content\" style=\"background-color: #88CCC4;\"><a href=\"https:\/\/mhh-kardiologie.de\/en\/presse-mediathek\/presseartikel\/presseartikel-aus-2025\/\"><h3>Presseartikel aus 2025<\/h3><\/a><div class=\"unterseiten_bar\"><\/div><\/div><\/div><div class=\"unterseiten_container\"><div class=\"space_hight\"><\/div><div class=\"unterseiten_container_content\" style=\"background-color: #88CCC4;\"><a href=\"https:\/\/mhh-kardiologie.de\/en\/presse-mediathek\/presseartikel\/presseartikel-aus-2024\/\"><h3>Presseartikel aus 2024<\/h3><\/a><div class=\"unterseiten_bar\"><\/div><\/div><\/div><div class=\"unterseiten_container\"><div class=\"space_hight\"><\/div><div class=\"unterseiten_container_content\" style=\"background-color: #88CCC4;\"><a href=\"https:\/\/mhh-kardiologie.de\/en\/presse-mediathek\/presseartikel\/presseartikel-aus-2023\/\"><h3>Presseartikel aus 2023<\/h3><\/a><div class=\"unterseiten_bar\"><\/div><\/div><\/div><div class=\"unterseiten_container\"><div class=\"space_hight\"><\/div><div class=\"unterseiten_container_content\" style=\"background-color: #88CCC4;\"><a href=\"https:\/\/mhh-kardiologie.de\/en\/presse-mediathek\/presseartikel\/presseartikel-aus-2022\/\"><h3><\/h3><\/a><div class=\"unterseiten_bar\"><\/div><\/div><\/div><div class=\"unterseiten_container\"><div class=\"space_hight\"><\/div><div class=\"unterseiten_container_content\" style=\"background-color: #88CCC4;\"><a href=\"https:\/\/mhh-kardiologie.de\/en\/presse-mediathek\/presseartikel\/presseartikel-aus-2021\/\"><h3>Presseartikel aus 2021<\/h3><\/a><div class=\"unterseiten_bar\"><\/div><\/div><\/div><\/div>\n<\/div><\/div>\n\n\n\n<p><\/p>\n","protected":false},"excerpt":{"rendered":"<p>Presseartikel Das Pressearchiv h\u00e4lt eine Vielzahl interessanter Berichte f\u00fcr Sie bereit. Unter anderem wurden 4&nbsp;Forscher\/-innen der Klinik f\u00fcr Kardiologie und Angiologie von der Deutschen Gesellschaft f\u00fcr Kardiologie \u2013 Herz- und Kreislaufforschung e. V. (DGK) sowie der Deutschen Gesellschaft f\u00fcr Innere Medizin e. V. (DGIM) f\u00fcr ihre Arbeiten ausgezeichnet. Weitere Beitr\u00e4ge aus den letzten Jahren rund [&hellip;]<\/p>\n","protected":false},"author":1,"featured_media":0,"parent":383,"menu_order":110,"comment_status":"closed","ping_status":"closed","template":"","meta":{"block":"%5B%5D","footnotes":""},"class_list":["post-1297","page","type-page","status-publish","hentry"],"_links":{"self":[{"href":"https:\/\/mhh-kardiologie.de\/en\/wp-json\/wp\/v2\/pages\/1297","targetHints":{"allow":["GET"]}}],"collection":[{"href":"https:\/\/mhh-kardiologie.de\/en\/wp-json\/wp\/v2\/pages"}],"about":[{"href":"https:\/\/mhh-kardiologie.de\/en\/wp-json\/wp\/v2\/types\/page"}],"author":[{"embeddable":true,"href":"https:\/\/mhh-kardiologie.de\/en\/wp-json\/wp\/v2\/users\/1"}],"replies":[{"embeddable":true,"href":"https:\/\/mhh-kardiologie.de\/en\/wp-json\/wp\/v2\/comments?post=1297"}],"version-history":[{"count":11,"href":"https:\/\/mhh-kardiologie.de\/en\/wp-json\/wp\/v2\/pages\/1297\/revisions"}],"predecessor-version":[{"id":3936,"href":"https:\/\/mhh-kardiologie.de\/en\/wp-json\/wp\/v2\/pages\/1297\/revisions\/3936"}],"up":[{"embeddable":true,"href":"https:\/\/mhh-kardiologie.de\/en\/wp-json\/wp\/v2\/pages\/383"}],"wp:attachment":[{"href":"https:\/\/mhh-kardiologie.de\/en\/wp-json\/wp\/v2\/media?parent=1297"}],"curies":[{"name":"wp","href":"https:\/\/api.w.org\/{rel}","templated":true}]}}