{"id":1301,"date":"2021-10-20T15:29:39","date_gmt":"2021-10-20T13:29:39","guid":{"rendered":"http:\/\/mhh-kardiologie.de.w01d58f8.kasserver.com\/?page_id=1301"},"modified":"2023-02-07T10:15:23","modified_gmt":"2023-02-07T09:15:23","slug":"videos","status":"publish","type":"page","link":"https:\/\/mhh-kardiologie.de\/en\/presse-mediathek\/videos\/","title":{"rendered":"Videos"},"content":{"rendered":"\n<div class=\"wp-block-columns is-layout-flex wp-container-core-columns-is-layout-9d6595d7 wp-block-columns-is-layout-flex\">\n<div class=\"wp-block-column is-layout-flow wp-block-column-is-layout-flow\" style=\"flex-basis:66.66%\">\n<h2 class=\"wp-block-heading\" id=\"videos\">Videos<\/h2>\n\n\n\n<p>Auf dieser Seite&nbsp;finden Sie aktuelle, spannende und informative Video-Beitr\u00e4ge aus den letzten Jahren mit den \u00c4rztinnen und \u00c4rzten der Klinik f\u00fcr Kardiologie und Angiologie rund um das Thema Herz.<\/p>\n<\/div>\n\n\n\n<div class=\"wp-block-column is-layout-flow wp-block-column-is-layout-flow\" style=\"flex-basis:33.33%\">\n<p><strong>Archiv<\/strong><a href=\"https:\/\/mhh-kardiologie.de\/presse-mediathek\/videos\/videos-2022\/\"><br>Videos aus 2022<\/a><br><a data-type=\"page\" data-id=\"1958\" href=\"https:\/\/mhh-kardiologie.de\/presse-mediathek\/videos\/videos-2021\/\">Videos aus 2021<br><\/a><a data-type=\"page\" data-id=\"1961\" href=\"https:\/\/mhh-kardiologie.de\/presse-mediathek\/videos\/videos-2020\/\">Videos aus 2020<br><\/a><a data-type=\"page\" data-id=\"1964\" href=\"https:\/\/mhh-kardiologie.de\/presse-mediathek\/videos\/videos-2019\/\">Videos aus 2019<\/a><\/p>\n<\/div>\n<\/div>\n\n\n<div class=\"unterseiten_wrapper\"><\/div>\n","protected":false},"excerpt":{"rendered":"<p>Videos Auf dieser Seite&nbsp;finden Sie aktuelle, spannende und informative Video-Beitr\u00e4ge aus den letzten Jahren mit den \u00c4rztinnen und \u00c4rzten der Klinik f\u00fcr Kardiologie und Angiologie rund um das Thema Herz. ArchivVideos aus 2022Videos aus 2021Videos aus 2020Videos aus 2019<\/p>\n","protected":false},"author":1,"featured_media":0,"parent":383,"menu_order":120,"comment_status":"closed","ping_status":"closed","template":"","meta":{"block":"%5B%5D","footnotes":""},"class_list":["post-1301","page","type-page","status-publish","hentry"],"_links":{"self":[{"href":"https:\/\/mhh-kardiologie.de\/en\/wp-json\/wp\/v2\/pages\/1301","targetHints":{"allow":["GET"]}}],"collection":[{"href":"https:\/\/mhh-kardiologie.de\/en\/wp-json\/wp\/v2\/pages"}],"about":[{"href":"https:\/\/mhh-kardiologie.de\/en\/wp-json\/wp\/v2\/types\/page"}],"author":[{"embeddable":true,"href":"https:\/\/mhh-kardiologie.de\/en\/wp-json\/wp\/v2\/users\/1"}],"replies":[{"embeddable":true,"href":"https:\/\/mhh-kardiologie.de\/en\/wp-json\/wp\/v2\/comments?post=1301"}],"version-history":[{"count":17,"href":"https:\/\/mhh-kardiologie.de\/en\/wp-json\/wp\/v2\/pages\/1301\/revisions"}],"predecessor-version":[{"id":3640,"href":"https:\/\/mhh-kardiologie.de\/en\/wp-json\/wp\/v2\/pages\/1301\/revisions\/3640"}],"up":[{"embeddable":true,"href":"https:\/\/mhh-kardiologie.de\/en\/wp-json\/wp\/v2\/pages\/383"}],"wp:attachment":[{"href":"https:\/\/mhh-kardiologie.de\/en\/wp-json\/wp\/v2\/media?parent=1301"}],"curies":[{"name":"wp","href":"https:\/\/api.w.org\/{rel}","templated":true}]}}