{"id":135,"date":"2021-09-24T11:49:01","date_gmt":"2021-09-24T09:49:01","guid":{"rendered":"http:\/\/mhh-kardiologie.de.w01d58f8.kasserver.com\/?page_id=135"},"modified":"2025-07-17T11:38:03","modified_gmt":"2025-07-17T09:38:03","slug":"sekretariate-klinikmanagement","status":"publish","type":"page","link":"https:\/\/mhh-kardiologie.de\/en\/klinikteam\/sekretariate-klinikmanagement\/","title":{"rendered":"Sekretariate | Klinikmanagement"},"content":{"rendered":"\n<div class=\"wp-block-group\"><div class=\"wp-block-group__inner-container is-layout-flow wp-block-group-is-layout-flow\">\n<h2 class=\"wp-block-heading\" id=\"sekretariate\">Sekretariate<\/h2>\n\n\n\n<p>Die zentralen Sekretariate der Klinik sind Knotenpunkte f\u00fcr die Koordination der internen Abl\u00e4ufe, das Personalmanagement, die wissenschaftliche Kommunikation und Organisation, sowie die Planung der Lehre. Die Mitarbeiterinnen meistern hier t\u00e4glich mit h\u00f6chstem Einsatz die unterschiedlichen und vielf\u00e4ltigen Aufgaben, um die reibungslosen Abl\u00e4ufe innerhalb der Abteilung und die Kommunikation und Korrespondenz au\u00dferhalb der Abteilung sicherzustellen. Dar\u00fcber hinaus stehen die Mitarbeiterinnen jederzeit als kompetente Ansprechpartner f\u00fcr Ausk\u00fcnfte und Anfragen bereit.<\/p>\n\n\n\n<div style=\"height:30px\" aria-hidden=\"true\" class=\"wp-block-spacer\"><\/div>\n\n\n<div class=\"personal-liste\"><div class=\"personal-eintrag\"><div class=\"personal-img-wrapper\"><div class=\"space_hight\"><\/div><div class=\"personal_img\" style=\"background-image: url(https:\/\/mhh-kardiologie.de\/wp-content\/uploads\/2024\/12\/MHH_Kardiologie_OA\u0308_Portraits_gaulke_2024-12-12-1.jpg);\"><\/div><\/div><h4>Beate Gaulke<\/h4><p>Directors Secretary<\/p><p class=\"personal_tel\">Tel.: +49 511-532-3841<\/p><p class=\"personal_fax\">Fax: +49511-532-5412<\/p><p class=\"personal_mail\"><a href=\"mailto:gaulke.beate@mh-hannover.de\">gaulke.beate@mh-hannover.de<\/a><\/p><\/div><div class=\"personal-eintrag\"><div class=\"personal-img-wrapper\"><div class=\"space_hight\"><\/div><div class=\"personal_img\" style=\"background-image: url(https:\/\/mhh-kardiologie.de\/wp-content\/uploads\/2021\/10\/MHH-Kardiologie-Sekretariat-Katrin-Eichler-6630352f.jpg);\"><\/div><\/div><h4>Katrin Eichler<\/h4><p>Senior Consultants Secretary<\/p><p class=\"personal_tel\">Tel.: +49 511-532-5162<\/p><p class=\"personal_fax\">Fax: +49511-532-8244<\/p><p class=\"personal_mail\"><a href=\"mailto:eichler.katrin@mh-hannover.de\">eichler.katrin@mh-hannover.de<\/a><\/p><\/div><\/div>\n\n\n<div class=\"personal-liste\"><div class=\"personal-eintrag\"><div class=\"personal-img-wrapper\"><div class=\"space_hight\"><\/div><div class=\"personal_img\" style=\"background-image: url(https:\/\/mhh-kardiologie.de\/wp-content\/uploads\/2022\/03\/MHH_0322_Silke_Bartling-klein-scaled.jpg);\"><\/div><\/div><h4>Silke Bartling<\/h4><p>Secretary Interventional Cardiology<\/p><p class=\"personal_tel\">Tel.: +49 511-532-6627<\/p><p class=\"personal_fax\">Fax: +49511-532-3357<\/p><p class=\"personal_mail\"><a href=\"mailto:bartling.silke@mh-hannover.de\">bartling.silke@mh-hannover.de<\/a><\/p><\/div><div class=\"personal-eintrag\"><div class=\"personal-img-wrapper\"><div class=\"space_hight\"><\/div><div class=\"personal_img\" style=\"background-image: url(https:\/\/mhh-kardiologie.de\/wp-content\/uploads\/2026\/04\/Nathalie-Hoerstgen-0163-800x800px.jpg);\"><\/div><\/div><h4>Nathalie H\u00f6rstgen<\/h4><p>Herzkathetersekretariat<\/p><p class=\"personal_tel\">Tel.: +49 511-532-6626<\/p><p class=\"personal_fax\">Fax: +49511-532-3357<\/p><p class=\"personal_mail\"><a href=\"mailto:hoerstgen.nathalie@mh-hannover.de\">hoerstgen.nathalie@mh-hannover.de<\/a><\/p><\/div><div class=\"personal-eintrag\"><div class=\"personal-img-wrapper\"><div class=\"space_hight\"><\/div><div class=\"personal_img\" style=\"background-image: url(https:\/\/mhh-kardiologie.de\/wp-content\/uploads\/2022\/03\/xenia_mueller_2022.jpg);\"><\/div><\/div><h4>Xenia M\u00fcller<\/h4><p>Assistenz Hannover Herzrhythmus Centrum<\/p><p class=\"personal_tel\">Tel.: +49 511-532-82604<\/p><p class=\"personal_fax\">Fax: +49511-532-161149<\/p><p class=\"personal_mail\"><a href=\"mailto:mueller.xenia@mh-hannover.de\">mueller.xenia@mh-hannover.de<\/a><\/p><\/div><\/div>\n\n\n\n<h2 class=\"wp-block-heading\" id=\"klinikmanagement\">Klinikmanagement<\/h2>\n\n\n<div class=\"personal-liste\"><div class=\"personal-eintrag\"><div class=\"personal-img-wrapper\"><div class=\"space_hight\"><\/div><div class=\"personal_img\" style=\"background-image: url(https:\/\/mhh-kardiologie.de\/wp-content\/uploads\/2022\/05\/mhh_Stefan-Otto_RGB-scaled.jpg);\"><\/div><\/div><h4>Stefan Otto, M. Sc.<\/h4><p>Manager of the Department<\/p><p class=\"personal_tel\">Tel.: +49 511-532-84090<\/p><p class=\"personal_fax\">Fax: +49511-532-5412<\/p><p class=\"personal_mail\"><a href=\"mailto:otto.stefan@mh-hannover.de\">otto.stefan@mh-hannover.de<\/a><\/p><\/div><div class=\"personal-eintrag\"><div class=\"personal-img-wrapper\"><div class=\"space_hight\"><\/div><div class=\"personal_img\" style=\"background-image: url(https:\/\/mhh-kardiologie.de\/wp-content\/uploads\/2024\/12\/MHH_Kardiologie_OA\u0308_Portraits_gutschendies_2024-12-12.jpg);\"><\/div><\/div><h4>Melinda Gutschendies, B. A.<\/h4><p>Referent<\/p><p class=\"personal_tel\">Tel.: +49 511-532-82657<\/p><p class=\"personal_fax\">Fax: +49511-532-5412<\/p><p class=\"personal_mail\"><a href=\"mailto:gutschendies.melinda@mh-hannover.de\">gutschendies.melinda@mh-hannover.de<\/a><\/p><\/div><div class=\"personal-eintrag\"><div class=\"personal-img-wrapper\"><div class=\"space_hight\"><\/div><div class=\"personal_img\" style=\"background-image: url(https:\/\/mhh-kardiologie.de\/wp-content\/uploads\/2022\/03\/olivia-kirsch_web.jpg);\"><\/div><\/div><h4>Olivia Kirsch, M. Sc.<\/h4><p>Referent<\/p><p class=\"personal_tel\">Tel.: +49 511-532-8129<\/p><p class=\"personal_fax\">Fax: +49511-532-18561<\/p><p class=\"personal_mail\"><a href=\"mailto:kirsch.olivia@mh-hannover.de\">kirsch.olivia@mh-hannover.de<\/a><\/p><\/div><div class=\"personal-eintrag\"><div class=\"personal-img-wrapper\"><div class=\"space_hight\"><\/div><div class=\"personal_img\" style=\"background-image: url(https:\/\/mhh-kardiologie.de\/wp-content\/uploads\/2021\/10\/MHH-Kardiologie-Sekretariat-Dragana-Pandza-6611fc53.jpg);\"><\/div><\/div><h4>Dragana Pandza<\/h4><p>Assistant<\/p><p class=\"personal_tel\">Tel.: +49 511-532-9205<\/p><p class=\"personal_fax\">Fax: +49511-532-18561<\/p><p class=\"personal_mail\"><a href=\"mailto:pandza.dragana@mh-hannover.de\">pandza.dragana@mh-hannover.de<\/a><\/p><\/div><div class=\"personal-eintrag\"><div class=\"personal-img-wrapper\"><div class=\"space_hight\"><\/div><div class=\"personal_img\" style=\"background-image: url(https:\/\/mhh-kardiologie.de\/wp-content\/uploads\/2021\/10\/MHH-Kardiologie-Sekretariat-Frau-Buchholz-694afef5.jpg);\"><\/div><\/div><h4>Birgit Buchholz<\/h4><p>Assistant<\/p><p class=\"personal_tel\">Tel.: +49 511-532-84091<\/p><p class=\"personal_fax\">Fax: +49511-532-5412<\/p><p class=\"personal_mail\"><a href=\"mailto:buchholz.birgit@mh-hannover.de\">buchholz.birgit@mh-hannover.de<\/a><\/p><\/div><\/div>\n<\/div><\/div>\n","protected":false},"excerpt":{"rendered":"<p>Sekretariate Die zentralen Sekretariate der Klinik sind Knotenpunkte f\u00fcr die Koordination der internen Abl\u00e4ufe, das Personalmanagement, die wissenschaftliche Kommunikation und Organisation, sowie die Planung der Lehre. Die Mitarbeiterinnen meistern hier t\u00e4glich mit h\u00f6chstem Einsatz die unterschiedlichen und vielf\u00e4ltigen Aufgaben, um die reibungslosen Abl\u00e4ufe innerhalb der Abteilung und die Kommunikation und Korrespondenz au\u00dferhalb der Abteilung sicherzustellen. [&hellip;]<\/p>\n","protected":false},"author":1,"featured_media":0,"parent":103,"menu_order":55,"comment_status":"closed","ping_status":"closed","template":"","meta":{"block":"%5B%5D","footnotes":""},"class_list":["post-135","page","type-page","status-publish","hentry"],"_links":{"self":[{"href":"https:\/\/mhh-kardiologie.de\/en\/wp-json\/wp\/v2\/pages\/135","targetHints":{"allow":["GET"]}}],"collection":[{"href":"https:\/\/mhh-kardiologie.de\/en\/wp-json\/wp\/v2\/pages"}],"about":[{"href":"https:\/\/mhh-kardiologie.de\/en\/wp-json\/wp\/v2\/types\/page"}],"author":[{"embeddable":true,"href":"https:\/\/mhh-kardiologie.de\/en\/wp-json\/wp\/v2\/users\/1"}],"replies":[{"embeddable":true,"href":"https:\/\/mhh-kardiologie.de\/en\/wp-json\/wp\/v2\/comments?post=135"}],"version-history":[{"count":18,"href":"https:\/\/mhh-kardiologie.de\/en\/wp-json\/wp\/v2\/pages\/135\/revisions"}],"predecessor-version":[{"id":6112,"href":"https:\/\/mhh-kardiologie.de\/en\/wp-json\/wp\/v2\/pages\/135\/revisions\/6112"}],"up":[{"embeddable":true,"href":"https:\/\/mhh-kardiologie.de\/en\/wp-json\/wp\/v2\/pages\/103"}],"wp:attachment":[{"href":"https:\/\/mhh-kardiologie.de\/en\/wp-json\/wp\/v2\/media?parent=135"}],"curies":[{"name":"wp","href":"https:\/\/api.w.org\/{rel}","templated":true}]}}