{"id":137,"date":"2021-09-24T11:49:21","date_gmt":"2021-09-24T09:49:21","guid":{"rendered":"http:\/\/mhh-kardiologie.de.w01d58f8.kasserver.com\/?page_id=137"},"modified":"2024-12-17T12:55:51","modified_gmt":"2024-12-17T11:55:51","slug":"pflegeteam","status":"publish","type":"page","link":"https:\/\/mhh-kardiologie.de\/en\/klinikteam\/pflegeteam\/","title":{"rendered":"Nursing Staff (in german)"},"content":{"rendered":"\n<div class=\"wp-block-group pflegeteam\"><div class=\"wp-block-group__inner-container is-layout-flow wp-block-group-is-layout-flow\">\n<h2 class=\"wp-block-heading\">Nursing Staff<\/h2>\n\n\n\n<p>Das Pflegeteam besteht aus examinierten Pflegenden, die in Vollzeit besch\u00e4ftigt sind und zum Teil \u00fcber eine zweij\u00e4hrige Fachweiterbildung f\u00fcr Intensiv- und An\u00e4sthesiepflege verf\u00fcgen. Au\u00dferhalb der Kernarbeitszeit ist immer eine Pflegeperson im Rufdienst, um die Versorgung von Notfallpatienten rund um die Uhr garantieren zu k\u00f6nnen. Insbesondere bei Patienten mit akutem Herzinfarkt wird durch die multiprofessionelle Zusammenarbeit mit dem Rettungsdienst, der zentralen Notaufnahme und der <strong><a href=\"https:\/\/mhh-kardiologie.de\/leistungen\/stationen\/station-24a-hfu-intermediate-care-unit\/\" data-type=\"page\" data-id=\"270\">kardiologischen Intensivstation<\/a><\/strong> die Zeit vom Schmerzereignis bis zur Wiederer\u00f6ffnung des Herzkranzgef\u00e4\u00dfes auf ein Minimum reduziert. Dies hat ma\u00dfgeblich einen positiven Einfluss auf den Krankheitsverlauf und reduziert dar\u00fcber hinaus m\u00f6gliche Sp\u00e4tfolgen. Die Versorgung kardiologisch erkrankter Patienten erfolgt nach bew\u00e4hrten Behandlungsmethoden und gem\u00e4\u00df der Entwicklung neuer Therapieans\u00e4tze. Regelm\u00e4\u00dfige Fort- und Weiterbildungen des <strong>Pflegepersonals<\/strong> unterst\u00fctzen die qualitativ hochwertige kardiologische Diagnostik und Therapie.&nbsp;<\/p>\n\n\n\n<div style=\"height:30px\" aria-hidden=\"true\" class=\"wp-block-spacer\"><\/div>\n\n\n<div class=\"personal-liste\"><div class=\"personal-eintrag\"><div class=\"personal-img-wrapper\"><div class=\"space_hight\"><\/div><div class=\"personal_img\" style=\"background-image: url(https:\/\/mhh-kardiologie.de\/wp-content\/uploads\/2021\/10\/Kampe_Juergen_Stell_Leiter_Station_24b-57e919e7.jpg);\"><\/div><\/div><h4>J\u00fcrgen Kampe<\/h4><p>St\u00e4ndige Vertretung der Leitung Station 24<\/p><p class=\"personal_tel\">Tel.: +49 511-532-2245<\/p><p class=\"personal_mail\"><a href=\"mailto:kampe.juergen@mh-hannover.de\">kampe.juergen@mh-hannover.de<\/a><\/p><\/div><div class=\"personal-eintrag\"><div class=\"personal-img-wrapper\"><div class=\"space_hight\"><\/div><div class=\"personal_img\" style=\"background-image: url(https:\/\/mhh-kardiologie.de\/wp-content\/uploads\/2021\/10\/Uwe_Kuester_Leiter_Station_24b-02c8f4d6.jpg);\"><\/div><\/div><h4>Uwe K\u00fcster<\/h4><p>Leitung Station 24<\/p><p class=\"personal_tel\">Tel.: +49 511-532-2245<\/p><p class=\"personal_mail\"><a href=\"mailto:kuester.uwe@mh-hannover.de\">kuester.uwe@mh-hannover.de<\/a><\/p><\/div><div class=\"personal-eintrag\"><div class=\"personal-img-wrapper\"><div class=\"space_hight\"><\/div><div class=\"personal_img\" style=\"background-image: url(https:\/\/mhh-kardiologie.de\/wp-content\/uploads\/2021\/10\/Meinert_Dorota_Pflege_Station_22-73f15f17.jpg);\"><\/div><\/div><h4>Dorota Meinert<\/h4><p>St\u00e4ndige Vertretung der Bereichsleitung<\/p><p class=\"personal_tel\">Tel.: +49 511-532-9221<\/p><p class=\"personal_mail\"><a href=\"mailto:meinert.dorota@mh-hannover.de\">meinert.dorota@mh-hannover.de<\/a><\/p><\/div><\/div>\n<\/div><\/div>\n","protected":false},"excerpt":{"rendered":"<p>Nursing Staff Das Pflegeteam besteht aus examinierten Pflegenden, die in Vollzeit besch\u00e4ftigt sind und zum Teil \u00fcber eine zweij\u00e4hrige Fachweiterbildung f\u00fcr Intensiv- und An\u00e4sthesiepflege verf\u00fcgen. Au\u00dferhalb der Kernarbeitszeit ist immer eine Pflegeperson im Rufdienst, um die Versorgung von Notfallpatienten rund um die Uhr garantieren zu k\u00f6nnen. Insbesondere bei Patienten mit akutem Herzinfarkt wird durch die [&hellip;]<\/p>\n","protected":false},"author":1,"featured_media":5487,"parent":103,"menu_order":56,"comment_status":"closed","ping_status":"closed","template":"","meta":{"block":"%5B%5D","footnotes":""},"class_list":["post-137","page","type-page","status-publish","has-post-thumbnail","hentry"],"_links":{"self":[{"href":"https:\/\/mhh-kardiologie.de\/en\/wp-json\/wp\/v2\/pages\/137","targetHints":{"allow":["GET"]}}],"collection":[{"href":"https:\/\/mhh-kardiologie.de\/en\/wp-json\/wp\/v2\/pages"}],"about":[{"href":"https:\/\/mhh-kardiologie.de\/en\/wp-json\/wp\/v2\/types\/page"}],"author":[{"embeddable":true,"href":"https:\/\/mhh-kardiologie.de\/en\/wp-json\/wp\/v2\/users\/1"}],"replies":[{"embeddable":true,"href":"https:\/\/mhh-kardiologie.de\/en\/wp-json\/wp\/v2\/comments?post=137"}],"version-history":[{"count":12,"href":"https:\/\/mhh-kardiologie.de\/en\/wp-json\/wp\/v2\/pages\/137\/revisions"}],"predecessor-version":[{"id":4711,"href":"https:\/\/mhh-kardiologie.de\/en\/wp-json\/wp\/v2\/pages\/137\/revisions\/4711"}],"up":[{"embeddable":true,"href":"https:\/\/mhh-kardiologie.de\/en\/wp-json\/wp\/v2\/pages\/103"}],"wp:featuredmedia":[{"embeddable":true,"href":"https:\/\/mhh-kardiologie.de\/en\/wp-json\/wp\/v2\/media\/5487"}],"wp:attachment":[{"href":"https:\/\/mhh-kardiologie.de\/en\/wp-json\/wp\/v2\/media?parent=137"}],"curies":[{"name":"wp","href":"https:\/\/api.w.org\/{rel}","templated":true}]}}