{"id":141,"date":"2021-09-24T11:51:25","date_gmt":"2021-09-24T09:51:25","guid":{"rendered":"http:\/\/mhh-kardiologie.de.w01d58f8.kasserver.com\/?page_id=141"},"modified":"2026-02-05T16:44:11","modified_gmt":"2026-02-05T15:44:11","slug":"privatsprechstunde","status":"publish","type":"page","link":"https:\/\/mhh-kardiologie.de\/en\/ambulanzen-sprechstunden\/privatsprechstunde\/","title":{"rendered":"Privatsprechstunde"},"content":{"rendered":"\n<div class=\"wp-block-columns is-layout-flex wp-container-core-columns-is-layout-9d6595d7 wp-block-columns-is-layout-flex\">\n<div class=\"wp-block-column is-layout-flow wp-block-column-is-layout-flow\" style=\"flex-basis:66.66%\">\n<h2 class=\"wp-block-heading\">Privatsprechstunde<\/h2>\n\n\n\n<p>In der Privatsprechstunde haben unsere Patientinnen und Patienten die M\u00f6glichkeit, direkt und pers\u00f6nlich vom Direktor der Klinik f\u00fcr Kardiologie und Angiologie, Herrn Prof. Dr. Bauersachs, betreut und behandelt zu werden. Wir halten hier das gesamte Spektrum ambulanter kardiologischer Untersuchungen bereit, um die jeweiligen Beschwerden und Krankheitsbilder schnell und umfassend diagnostizieren und behandeln zu k\u00f6nnen. In Koordination mit unseren Spezialambulanzen k\u00f6nnen wir unseren Patientinnen und Patienten die gesamte Bandbreite an etablierten Untersuchungsmethoden und dar\u00fcber hinaus viele innovative diagnostische und therapeutische Verfahren anbieten. Sollte es notwendig werden, k\u00f6nnen wir von hier aus die umgehende weitere station\u00e4re Behandlung auf der Privatstation unserer Klinik veranlassen. Unsere Patientinnen und Patienten k\u00f6nnen so in einem angenehmen und komfortablen Ambiente die Vielfalt der diagnostischen und therapeutischen M\u00f6glichkeiten der Klinik f\u00fcr Kardiologie und Angiologie sowie der weiteren Einrichtungen und Kliniken der MHH in Anspruch nehmen.<\/p>\n\n\n<div class=\"lazyblock-hyberlink-block-o6uHl wp-block-lazyblock-hyberlink-block\"><a href=\"mailto:kardiologie.ambulanz@mh-hannover.de\" target=\"_blank\" rel=\"noopener noreferrer\" class=\"hyperlink_txt\">Rezeptanfrage<\/a><\/div><\/div>\n\n\n\n<div class=\"wp-block-column is-layout-flow wp-block-column-is-layout-flow\" style=\"flex-basis:33.33%\"><div class=\"personal_container\"><div class=\"personal_portrait\" style=\"background-image: url(https:\/\/mhh-kardiologie.de\/wp-content\/uploads\/2026\/04\/MHH_Kardiologie_Bauersachs_2026_.jpg);\"><\/div><div class=\"personal_infos\"><p class=\"personal_name\"><a href=\"https:\/\/mhh-kardiologie.de\/en\/klinikteam\/direktor-oberaerzte\/prof-dr-johann-bauersachs\/\">Prof. Dr. Johann Bauersachs<\/a><\/p><p class=\"personal_mail\"><a href=\"mailto:gaulke.beate@mh-hannover.de\">gaulke.beate@mh-hannover.de<\/a><\/p><\/div><\/div>\n\n\n\n<div style=\"height:30px\" aria-hidden=\"true\" class=\"wp-block-spacer\"><\/div>\n\n\n\n<p><strong>Kontakt und Anmeldung<\/strong><br><span class=\"has-inline-color has-luminous-vivid-orange-color\"><strong>Tanja Antunovic<\/strong><br><strong>Martina Guskau<\/strong><br><strong>Zorica Milanovic<\/strong><\/span><br><strong><mark style=\"background-color:rgba(0, 0, 0, 0)\" class=\"has-inline-color has-orange-color\">Selin Yildirim<\/mark><\/strong><span class=\"has-inline-color has-luminous-vivid-orange-color\"><br>Tel.: 0511 532-2532<br>Fax: 0511 532-9435<br><a href=\"mailto:kardiologie.ambulanz@mh-hannover.de\">kardiologie.ambulanz@mh-hannover.de<\/a><\/span><br>Terminanfragen gerne per E-Mail<\/p>\n<\/div>\n<\/div>\n","protected":false},"excerpt":{"rendered":"<p>Privatsprechstunde In der Privatsprechstunde haben unsere Patientinnen und Patienten die M\u00f6glichkeit, direkt und pers\u00f6nlich vom Direktor der Klinik f\u00fcr Kardiologie und Angiologie, Herrn Prof. Dr. Bauersachs, betreut und behandelt zu werden. Wir halten hier das gesamte Spektrum ambulanter kardiologischer Untersuchungen bereit, um die jeweiligen Beschwerden und Krankheitsbilder schnell und umfassend diagnostizieren und behandeln zu k\u00f6nnen. [&hellip;]<\/p>\n","protected":false},"author":1,"featured_media":971,"parent":105,"menu_order":60,"comment_status":"closed","ping_status":"closed","template":"","meta":{"block":"%5B%5D","footnotes":""},"class_list":["post-141","page","type-page","status-publish","has-post-thumbnail","hentry"],"_links":{"self":[{"href":"https:\/\/mhh-kardiologie.de\/en\/wp-json\/wp\/v2\/pages\/141","targetHints":{"allow":["GET"]}}],"collection":[{"href":"https:\/\/mhh-kardiologie.de\/en\/wp-json\/wp\/v2\/pages"}],"about":[{"href":"https:\/\/mhh-kardiologie.de\/en\/wp-json\/wp\/v2\/types\/page"}],"author":[{"embeddable":true,"href":"https:\/\/mhh-kardiologie.de\/en\/wp-json\/wp\/v2\/users\/1"}],"replies":[{"embeddable":true,"href":"https:\/\/mhh-kardiologie.de\/en\/wp-json\/wp\/v2\/comments?post=141"}],"version-history":[{"count":11,"href":"https:\/\/mhh-kardiologie.de\/en\/wp-json\/wp\/v2\/pages\/141\/revisions"}],"predecessor-version":[{"id":6618,"href":"https:\/\/mhh-kardiologie.de\/en\/wp-json\/wp\/v2\/pages\/141\/revisions\/6618"}],"up":[{"embeddable":true,"href":"https:\/\/mhh-kardiologie.de\/en\/wp-json\/wp\/v2\/pages\/105"}],"wp:featuredmedia":[{"embeddable":true,"href":"https:\/\/mhh-kardiologie.de\/en\/wp-json\/wp\/v2\/media\/971"}],"wp:attachment":[{"href":"https:\/\/mhh-kardiologie.de\/en\/wp-json\/wp\/v2\/media?parent=141"}],"curies":[{"name":"wp","href":"https:\/\/api.w.org\/{rel}","templated":true}]}}