{"id":145,"date":"2021-09-24T11:53:16","date_gmt":"2021-09-24T09:53:16","guid":{"rendered":"http:\/\/mhh-kardiologie.de.w01d58f8.kasserver.com\/?page_id=145"},"modified":"2026-02-06T12:55:52","modified_gmt":"2026-02-06T11:55:52","slug":"angiologische-ambulanz","status":"publish","type":"page","link":"https:\/\/mhh-kardiologie.de\/en\/ambulanzen-sprechstunden\/angiologische-ambulanz\/","title":{"rendered":"Angiologische Ambulanz"},"content":{"rendered":"\n<div class=\"wp-block-columns is-layout-flex wp-container-core-columns-is-layout-9d6595d7 wp-block-columns-is-layout-flex\">\n<div class=\"wp-block-column is-layout-flow wp-block-column-is-layout-flow\" style=\"flex-basis:66.66%\">\n<h2 class=\"wp-block-heading\">Angiologische Ambulanz<\/h2>\n\n\n\n<p>In der Angiologischen Ambulanz besch\u00e4ftigen wir uns mit Erkrankungen von Arterien, Venen und Lymphgef\u00e4\u00dfen: Risikofaktoren f\u00fcr Herz- und Gef\u00e4\u00dfkrankheiten wie Rauchen und Diabetes k\u00f6nnen zur peripheren arteriellen Verschlusskrankheit (Schaufensterkrankheit) f\u00fchren. Beinbeschwerden bei Belastung (Claudicatio) und sp\u00e4ter in Ruhe sowie Gewebever\u00e4nderungen k\u00f6nnen entstehen. In der Hauptschlagader kann Arteriosklerose zu Aussackung (Aneurysma) und\/oder lebensbedrohlichen Einrissen (Dissektion) f\u00fchren. Arteriosklerotische Ablagerungen in der Halsschlagader (Karotis) k\u00f6nnen Schlaganf\u00e4lle bedingen.<\/p>\n\n\n\n<p>Im ven\u00f6sen Gef\u00e4\u00dfsystem sind die varik\u00f6se Aussackung der oberfl\u00e4chlichen (Varikosis), die Thrombose des oberfl\u00e4chlichen (Thrombophlebitis) und\/oder der tiefen Beinvenen (Thrombose) h\u00e4ufige Erkrankungen. Als dauerhafte Folge kann es zu einer Venenschw\u00e4che (chronisch-ven\u00f6se Insuffizienz) kommen.<\/p>\n\n\n\n<p>Bei diesen Gef\u00e4\u00dferkrankungen ist die Erhebung der spezialisierten Krankengeschichte (Anamnese) und ausf\u00fchrliche funktionelle Diagnostik bedeutend, um diagnostische Schritte sowie die medikament\u00f6se und\/oder interventionelle Behandlung individuell abzustimmen. Hierzu kooperieren wir mit der Gef\u00e4\u00dfchirurgie und dem Institut f\u00fcr Diagnostische und Interventionelle Radiologie.<\/p>\n\n\n\n<h3 class=\"wp-block-heading\">Leistungsspektrum<\/h3>\n\n\n\n<p>Die tragende S\u00e4ule der angiologischen Diagnostik ist die nicht-invasive Duplexsonographie. Bei der Laufbanduntersuchung werden die geschilderten Beschwerden und die Gehstrecke objektiviert. Die Durchblutung der Extremit\u00e4ten wird weiterhin mittels Doppler-Druckmessung (Kn\u00f6chel-Arm-Index, ABI) und Oszillographie untersucht. Erg\u00e4nzend zur Duplexsonographie kommt die Venen-Verschluss-Plethysmographie bei Venenerkrankungen zum Einsatz. Entz\u00fcndliche Gef\u00e4\u00dferkrankungen (Vaskulitiden) werden mittels Kapillarmikroskopie eingegrenzt. F\u00fcr die exakte Therapieplanung ist eine Darstellung der Gef\u00e4\u00dfe mittels Schnittbildgebung (Computertomographie, Kernspintomographie) h\u00e4ufig erforderlich.<\/p>\n\n\n<div class=\"lazyblock-akkordeon-flyer-ZWB4sV wp-block-lazyblock-akkordeon-flyer\"><input id=\"angiologieeininformationsblattfrrztinnenundrztesowiepatientinnenundpatienten\" class=\"hide akkordeon-toggle\" type=\"checkbox\"><div class=\"akkordeon-block\">\n  <div class=\"toggler\"><label for=\"angiologieeininformationsblattfrrztinnenundrztesowiepatientinnenundpatienten\">Angiologie | Ein Informationsblatt f\u00fcr \u00c4rztinnen und \u00c4rzte sowie Patientinnen und Patienten<\/label><div class=\"akkordeon-bar\"><\/div><\/div><div class=\"akkordeon-content\"><div class=\"akkordeon-inner-content\"><div class=\"wp-block-columns flyer\"><div class=\"wp-block-column\"><img decoding=\"async\" src=\"https:\/\/mhh-kardiologie.de\/wp-content\/uploads\/2021\/10\/MHH_Angiologie_Flyer_2020.JPEG-5d314e23.jpg\" alt=\"MHH_Angiologie_Flyer_2020.JPEG-5d314e23\" style=\"margin-right: 20px; display: block;\"><\/div><div class=\"wp-block-column\" style=\"margin-left: 20px;\"><p style=\"margin-bottom: 8px;\"><strong>Titel<\/strong><\/p><p style=\"margin-bottom: 24px;\">Angiologie | Ein Informationsblatt f\u00fcr \u00c4rztinnen und \u00c4rzte sowie Patientinnen und Patienten<\/p><p style=\"margin-bottom: 8px;\"><strong>Download<\/strong><\/p><p><a href=\"https:\/\/mhh-kardiologie.de\/wp-content\/uploads\/2021\/10\/MHH_Angiologie_Flyer_Informationsblatt_Aerzte_Patienten.pdf\" target=\"_blank\">MHH_Angiologie_Flyer_Informationsblatt_Aerzte_Patienten.pdf (916KB)<\/a><\/p><\/div><\/div><\/div><\/div><\/div><\/div>\n\n\n<div style=\"height:52px\" aria-hidden=\"true\" class=\"wp-block-spacer\"><\/div>\n\n\n\n<figure class=\"wp-block-image size-full is-resized\"><img loading=\"lazy\" decoding=\"async\" width=\"680\" height=\"457\" src=\"https:\/\/mhh-kardiologie.de\/wp-content\/uploads\/2025\/04\/DGA_Logo_Fortbildungsstaette-Angiologieassistenz.jpg\" alt=\"\" class=\"wp-image-5706\" style=\"width:211px;height:142px\" srcset=\"https:\/\/mhh-kardiologie.de\/wp-content\/uploads\/2025\/04\/DGA_Logo_Fortbildungsstaette-Angiologieassistenz.jpg 680w, https:\/\/mhh-kardiologie.de\/wp-content\/uploads\/2025\/04\/DGA_Logo_Fortbildungsstaette-Angiologieassistenz-300x202.jpg 300w\" sizes=\"auto, (max-width: 680px) 100vw, 680px\" \/><\/figure>\n<\/div>\n\n\n\n<div class=\"wp-block-column is-layout-flow wp-block-column-is-layout-flow\" style=\"flex-basis:33.33%\">\n<p><strong>Bereichsleitung<\/strong><\/p>\n\n\n<div class=\"personal_container\"><div class=\"personal_portrait\" style=\"background-image: url(https:\/\/mhh-kardiologie.de\/wp-content\/uploads\/2024\/11\/MHH_Kardiologie_OA\u0308_Portraits_sonnenschein_2024-10-29_web.jpg);\"><\/div><div class=\"personal_infos\"><p class=\"personal_name\"><a href=\"https:\/\/mhh-kardiologie.de\/en\/klinikteam\/direktor-oberaerzte\/dr-kristina-sonnenschein\/\">PD Dr. Kristina Sonnenschein<\/a><\/p><p class=\"personal_mail\"><a href=\"mailto:sonnenschein.kristina@mh-hannover.de\">sonnenschein.kristina@mh-hannover.de<\/a><\/p><\/div><\/div>\n\n\n<div class=\"personal_container\"><div class=\"personal_portrait\" style=\"background-image: url(https:\/\/mhh-kardiologie.de\/wp-content\/uploads\/2024\/11\/MHH_Kardiologie_OA\u0308_Portraits_bavendieck_2024-10-29_web.jpg);\"><\/div><div class=\"personal_infos\"><p class=\"personal_name\"><a href=\"https:\/\/mhh-kardiologie.de\/en\/klinikteam\/direktor-oberaerzte\/prof-dr-udo-bavendiek\/\">Prof. Dr. Udo Bavendiek<\/a><\/p><p class=\"personal_mail\"><a href=\"mailto:bavendiek.udo@mh-hannover.de\">bavendiek.udo@mh-hannover.de<\/a><\/p><\/div><\/div>\n\n\n\n<p><strong>Kontakt und Anmeldung<\/strong><span class=\"has-inline-color has-luminous-vivid-orange-color\"><br><\/span><strong><mark style=\"background-color:rgba(0, 0, 0, 0)\" class=\"has-inline-color has-orange-color\">Amra Orlic<br>Ute Veer<\/mark><\/strong><span class=\"has-inline-color has-luminous-vivid-orange-color\"><br>Tel.: 0511 532-3889<br>Fax: 0511 532-3229<\/span><br><a href=\"mailto:angiologie@mh-hannover.de\">angiologie@mh-hannover.de<\/a><\/p>\n<\/div>\n<\/div>\n","protected":false},"excerpt":{"rendered":"<p>Angiologische Ambulanz In der Angiologischen Ambulanz besch\u00e4ftigen wir uns mit Erkrankungen von Arterien, Venen und Lymphgef\u00e4\u00dfen: Risikofaktoren f\u00fcr Herz- und Gef\u00e4\u00dfkrankheiten wie Rauchen und Diabetes k\u00f6nnen zur peripheren arteriellen Verschlusskrankheit (Schaufensterkrankheit) f\u00fchren. Beinbeschwerden bei Belastung (Claudicatio) und sp\u00e4ter in Ruhe sowie Gewebever\u00e4nderungen k\u00f6nnen entstehen. In der Hauptschlagader kann Arteriosklerose zu Aussackung (Aneurysma) und\/oder lebensbedrohlichen Einrissen [&hellip;]<\/p>\n","protected":false},"author":1,"featured_media":3298,"parent":105,"menu_order":62,"comment_status":"closed","ping_status":"closed","template":"","meta":{"block":"%5B%5D","footnotes":""},"class_list":["post-145","page","type-page","status-publish","has-post-thumbnail","hentry"],"_links":{"self":[{"href":"https:\/\/mhh-kardiologie.de\/en\/wp-json\/wp\/v2\/pages\/145","targetHints":{"allow":["GET"]}}],"collection":[{"href":"https:\/\/mhh-kardiologie.de\/en\/wp-json\/wp\/v2\/pages"}],"about":[{"href":"https:\/\/mhh-kardiologie.de\/en\/wp-json\/wp\/v2\/types\/page"}],"author":[{"embeddable":true,"href":"https:\/\/mhh-kardiologie.de\/en\/wp-json\/wp\/v2\/users\/1"}],"replies":[{"embeddable":true,"href":"https:\/\/mhh-kardiologie.de\/en\/wp-json\/wp\/v2\/comments?post=145"}],"version-history":[{"count":11,"href":"https:\/\/mhh-kardiologie.de\/en\/wp-json\/wp\/v2\/pages\/145\/revisions"}],"predecessor-version":[{"id":6627,"href":"https:\/\/mhh-kardiologie.de\/en\/wp-json\/wp\/v2\/pages\/145\/revisions\/6627"}],"up":[{"embeddable":true,"href":"https:\/\/mhh-kardiologie.de\/en\/wp-json\/wp\/v2\/pages\/105"}],"wp:featuredmedia":[{"embeddable":true,"href":"https:\/\/mhh-kardiologie.de\/en\/wp-json\/wp\/v2\/media\/3298"}],"wp:attachment":[{"href":"https:\/\/mhh-kardiologie.de\/en\/wp-json\/wp\/v2\/media?parent=145"}],"curies":[{"name":"wp","href":"https:\/\/api.w.org\/{rel}","templated":true}]}}