{"id":153,"date":"2021-09-24T11:54:53","date_gmt":"2021-09-24T09:54:53","guid":{"rendered":"http:\/\/mhh-kardiologie.de.w01d58f8.kasserver.com\/?page_id=153"},"modified":"2026-02-05T16:47:00","modified_gmt":"2026-02-05T15:47:00","slug":"onko-kardiologische-sprechstunde","status":"publish","type":"page","link":"https:\/\/mhh-kardiologie.de\/en\/ambulanzen-sprechstunden\/onko-kardiologische-sprechstunde\/","title":{"rendered":"Onko-Kardiologische Sprechstunde"},"content":{"rendered":"\n<div class=\"wp-block-columns is-layout-flex wp-container-core-columns-is-layout-9d6595d7 wp-block-columns-is-layout-flex\">\n<div class=\"wp-block-column is-layout-flow wp-block-column-is-layout-flow\" style=\"flex-basis:66.66%\">\n<h2 class=\"wp-block-heading\" id=\"onko-kardiologische-sprechstunde\">Onko-kardiologische Sprechstunde<\/h2>\n\n\n\n<p>Fortschritte in der onkologischen Behandlung haben in den vergangenen Jahren zu einer deutlichen Verbesserung der \u00dcberlebensrate bei Krebserkrankungen gef\u00fchrt. Der klinische Nutzen einer Tumortherapie wird aber zum Teil wesentlich durch kardiovaskul\u00e4re Nebenwirkungen eingeschr\u00e4nkt, die teils auch noch lange nach der Behandlung auftreten k\u00f6nnen.<\/p>\n\n\n\n<p>Die Spezialambulanz ist prim\u00e4r f\u00fcr Patientinnen und Patienten vor, w\u00e4hrend und nach einer potenziell kardiotoxischen Chemotherapie oder nach Bestrahlung des Brustkorbs. Mit modernen diagnostischen Methoden k\u00f6nnen Herzsch\u00e4den bereits detektiert werden, bevor Symptome auftreten.<\/p>\n\n\n\n<p>Es besteht in diesem Zusammenhang eine enge Kooperation mit den onkologischen und h\u00e4matologischen Spezialisten der anderen Kliniken der Medizinischen Hochschule Hannover.<\/p>\n\n\n\n<p>Dar\u00fcber hinaus stellt&nbsp;die&nbsp;Onko-Kardiologische Sprechstunde&nbsp;eine Anlaufstelle dar f\u00fcr Patientinnen und Patienten mit einem erh\u00f6hten kardiovaskul\u00e4ren Risiko (z.B. Diabetes mellitus, Bluthochdruck) oder einer vorbestehenden kardiologischen Erkrankung zur Therapieoptimierung vor Einleitung einer onkologischen Therapie.<\/p>\n\n\n\n<p>Nicht zuletzt sehen wir&nbsp;Patientinnen und Patienten mit einer kardialen Mitbeteiligung bei Tumorerkrankungen (Metastasen) oder prim\u00e4ren Tumoren des Herzens und planen in Zusammenarbeit mit den \u00fcbrigen Fachabteilungen die bestm\u00f6gliche Therapie.<\/p>\n\n\n\n<p><em>Sprechstunde nach Vereinbarung.<\/em><\/p>\n\n\n<div class=\"lazyblock-akkordeon-9mjzP wp-block-lazyblock-akkordeon\">\n<input id=\"konsensuspapieronkologischekardiologie\" class=\"hide-akkordeon akkordeon-toggle\" type=\"checkbox\" tabindex=\"-1\">\n\n<div class=\"akkordeon-block\">\n  <div class=\"toggler\">\n    <label for=\"konsensuspapieronkologischekardiologie\" tabindex=\"0\">Konsensuspapier Onkologische Kardiologie<\/label>\n    <div class=\"akkordeon-bar\"><\/div>\n  <\/div>\n\n  <div class=\"akkordeon-content\">\n    <div class=\"akkordeon-inner-content\">\n      <div class=\"accordion\">\n<div class=\"inner\">\n<div class=\"ce_text block\">\n<ul>\n<li>Rassaf T, Totzeck M, Backs J, Bokemeyer C, Hallek M, <strong>Hilfiker-Kleiner D<\/strong>, Hochhaus A, L\u00fcftner D, M\u00fcller OJ, Neudorf U, Pfister R, von Heahling S, Lehmann LH, <strong>Bauersachs J<\/strong> f\u00fcr die Kommission f\u00fcr Klinische Kardiovaskul\u00e4re Medizin der DGK. Konsensuspapier der Deutschen Gesellschaft f\u00fcr Kardiologie \u2013 Herz- und Kreislaufforschung, der Deutschen Gesellschaft f\u00fcr P\u00e4diatrische Kardiologie und Angeborene Herzfehler und der Deutschen Gesellschaft f\u00fcr H\u00e4matologie und Medizinische Onkologie. Der Kardiologe. Mai 2020. <strong><br \/><a href=\"https:\/\/mhh-kardiologie.de\/wp-content\/uploads\/2021\/10\/MHH_Kardiologie-und-Angiologie_Oncokardiol-Pos-pap-DGK_Mai_2020.pdf\" target=\"_blank\" rel=\"noopener\">Download<\/a><br \/><\/strong><\/li>\n<li>Rassaf T, Totzeck M, Backs J, Bokemeyer C, Hallek M, <strong>Hilfiker-Kleiner D<\/strong>, Hochhaus A, L\u00fcftner D, M\u00fcller OJ, Neudorf U, Pfister R, von Heahling S, Lehmann LH, <strong>Bauersachs J <\/strong>on behalf of Committee for Clinical Cardiovascular Medicine of the German Cardiac Society. Onco-Cardiology: Consensus Paper of the German Cardiac Society, the German Society for Pediatric Cardiology and Congenital Heart Defects and the German Society for Hematology and Medical Oncology. Clinical Research in Cardiology. May 2020. <br \/><strong><a href=\"https:\/\/mhh-kardiologie.de\/wp-content\/uploads\/2021\/10\/MHH_Kardiologie-und-Angiologie_OncoCardiol-Pos-pap-engl-DGK_Mai_2020.pdf\" target=\"_blank\" rel=\"noopener\">Download<\/a><span class=\"s1\"><br \/><\/span><\/strong><\/li>\n<li><strong>Berliner D<\/strong>, Beutel G, <strong>Bauersachs J. <\/strong>Echocardiography and biomarkers for the diagnosis of cardiotoxicity. Herz. Juni 2020. <strong><br \/><a href=\"https:\/\/mhh-kardiologie.de\/wp-content\/uploads\/2021\/10\/MHH_Kardiologie-und-Angiologie_OncoCardiol-Echocardiography-and-biomarkers_Juni_2020.pdf\" target=\"_blank\" rel=\"noopener\">Download<\/a><\/strong><\/li>\n<\/ul>\n<\/div>\n<\/div>\n<\/div>    <\/div>\n  <\/div>\n<\/div><\/div>\n\n<div class=\"lazyblock-akkordeon-Z293Pl wp-block-lazyblock-akkordeon\">\n<input id=\"echocardiographyandbiomarkersforthediagnosisofcardiotoxcity\" class=\"hide-akkordeon akkordeon-toggle\" type=\"checkbox\" tabindex=\"-1\">\n\n<div class=\"akkordeon-block\">\n  <div class=\"toggler\">\n    <label for=\"echocardiographyandbiomarkersforthediagnosisofcardiotoxcity\" tabindex=\"0\">Echocardiography and biomarkers for the diagnosis of cardiotoxcity<\/label>\n    <div class=\"akkordeon-bar\"><\/div>\n  <\/div>\n\n  <div class=\"akkordeon-content\">\n    <div class=\"akkordeon-inner-content\">\n      <div class=\"accordion\">\n<div class=\"inner\">\n<div class=\"ce_text block\">\n<ul>\n<li><span class=\"s1\"><strong>Berliner D<\/strong>, Beutel G, <strong>Bauersachs J<\/strong>. Echocardiography and biomarkers for the diagnosis of cardiotoxicity. Herz. Juni 2020. <br \/><a href=\"https:\/\/mhh-kardiologie.de\/wp-content\/uploads\/2021\/10\/MHH_Kardiologie-und-Angiologie_OncoCardiol-Echocardiography-and-biomarkers_Juni_20201.pdf\" target=\"_blank\" rel=\"noopener\"><strong>Download<\/strong><\/a><\/span><\/li>\n<\/ul>\n<\/div>\n<\/div>\n<\/div>    <\/div>\n  <\/div>\n<\/div><\/div>\n\n<div class=\"lazyblock-hyberlink-block-Z1PEg3N wp-block-lazyblock-hyberlink-block\"><a href=\"https:\/\/www.mhh.de\/ccc-hannover-claudia-von-schilling-zentrum\" target=\"_blank\" rel=\"noopener noreferrer\" class=\"hyperlink_txt\">Comprehensive Cancer Center &#8211; CCC Hannover<\/a><\/div>\n\n\n<div style=\"height:30px\" aria-hidden=\"true\" class=\"wp-block-spacer\"><\/div>\n\n\n\n<figure class=\"wp-block-image size-full is-resized\"><img loading=\"lazy\" decoding=\"async\" width=\"512\" height=\"203\" src=\"https:\/\/mhh-kardiologie.de\/wp-content\/uploads\/2021\/10\/Logo_CCCH_CvSZ_RZ-2e2e0910.jpg\" alt=\"\" class=\"wp-image-1056\" style=\"width:200px;height:80px\" srcset=\"https:\/\/mhh-kardiologie.de\/wp-content\/uploads\/2021\/10\/Logo_CCCH_CvSZ_RZ-2e2e0910.jpg 512w, https:\/\/mhh-kardiologie.de\/wp-content\/uploads\/2021\/10\/Logo_CCCH_CvSZ_RZ-2e2e0910-300x119.jpg 300w\" sizes=\"auto, (max-width: 512px) 100vw, 512px\" \/><\/figure>\n<\/div>\n\n\n\n<div class=\"wp-block-column is-layout-flow wp-block-column-is-layout-flow\" style=\"flex-basis:33.33%\">\n<p><strong>Bereichsleitung<\/strong><\/p>\n\n\n<div class=\"personal_container\"><div class=\"personal_portrait\" style=\"background-image: url(https:\/\/mhh-kardiologie.de\/wp-content\/uploads\/2024\/11\/MHH_Kardiologie_OA\u0308_Portraits_berliner_2024-10-29_web.jpg);\"><\/div><div class=\"personal_infos\"><p class=\"personal_name\"><a href=\"https:\/\/mhh-kardiologie.de\/en\/klinikteam\/direktor-oberaerzte\/dr-dominik-berliner\/\">Dr. Dominik Berliner<\/a><\/p><p class=\"personal_mail\"><a href=\"mailto:berliner.dominik@mh-hannover.de\">berliner.dominik@mh-hannover.de<\/a><\/p><\/div><\/div>\n\n\n<div class=\"personal_container\"><div class=\"personal_portrait\" style=\"background-image: url(https:\/\/mhh-kardiologie.de\/wp-content\/uploads\/2024\/11\/MHH_Kardiologie_OA\u0308_Portraits_bavendieck_2024-10-29_web.jpg);\"><\/div><div class=\"personal_infos\"><p class=\"personal_name\"><a href=\"https:\/\/mhh-kardiologie.de\/en\/klinikteam\/direktor-oberaerzte\/prof-dr-udo-bavendiek\/\">Prof. Dr. Udo Bavendiek<\/a><\/p><p class=\"personal_mail\"><a href=\"mailto:bavendiek.udo@mh-hannover.de\">bavendiek.udo@mh-hannover.de<\/a><\/p><\/div><\/div>\n\n\n\n<div style=\"height:30px\" aria-hidden=\"true\" class=\"wp-block-spacer\"><\/div>\n\n\n\n<p><strong>Kontakt und Anmeldung<\/strong><br><span class=\"has-inline-color has-luminous-vivid-orange-color\"><strong>Tanja Antunovic<\/strong><br><strong>Martina Guskau<\/strong><br><strong>Zorica Milanovic<\/strong><\/span><br><strong><mark style=\"background-color:rgba(0, 0, 0, 0)\" class=\"has-inline-color has-orange-color\">Selin Yildirim<\/mark><\/strong><span class=\"has-inline-color has-luminous-vivid-orange-color\"><br>Tel.: 0511 532-2532<br>Fax: 0511 532-9435<br><a href=\"mailto:kardiologie.ambulanz@mh-hannover.de\">kardiologie.ambulanz@mh-hannover.de<\/a><\/span><br>Terminanfragen gerne per E-Mail<\/p>\n<\/div>\n<\/div>\n","protected":false},"excerpt":{"rendered":"<p>Onko-kardiologische Sprechstunde Fortschritte in der onkologischen Behandlung haben in den vergangenen Jahren zu einer deutlichen Verbesserung der \u00dcberlebensrate bei Krebserkrankungen gef\u00fchrt. Der klinische Nutzen einer Tumortherapie wird aber zum Teil wesentlich durch kardiovaskul\u00e4re Nebenwirkungen eingeschr\u00e4nkt, die teils auch noch lange nach der Behandlung auftreten k\u00f6nnen. Die Spezialambulanz ist prim\u00e4r f\u00fcr Patientinnen und Patienten vor, w\u00e4hrend [&hellip;]<\/p>\n","protected":false},"author":1,"featured_media":3467,"parent":105,"menu_order":65,"comment_status":"closed","ping_status":"closed","template":"","meta":{"block":"%5B%5D","footnotes":""},"class_list":["post-153","page","type-page","status-publish","has-post-thumbnail","hentry"],"_links":{"self":[{"href":"https:\/\/mhh-kardiologie.de\/en\/wp-json\/wp\/v2\/pages\/153","targetHints":{"allow":["GET"]}}],"collection":[{"href":"https:\/\/mhh-kardiologie.de\/en\/wp-json\/wp\/v2\/pages"}],"about":[{"href":"https:\/\/mhh-kardiologie.de\/en\/wp-json\/wp\/v2\/types\/page"}],"author":[{"embeddable":true,"href":"https:\/\/mhh-kardiologie.de\/en\/wp-json\/wp\/v2\/users\/1"}],"replies":[{"embeddable":true,"href":"https:\/\/mhh-kardiologie.de\/en\/wp-json\/wp\/v2\/comments?post=153"}],"version-history":[{"count":11,"href":"https:\/\/mhh-kardiologie.de\/en\/wp-json\/wp\/v2\/pages\/153\/revisions"}],"predecessor-version":[{"id":6620,"href":"https:\/\/mhh-kardiologie.de\/en\/wp-json\/wp\/v2\/pages\/153\/revisions\/6620"}],"up":[{"embeddable":true,"href":"https:\/\/mhh-kardiologie.de\/en\/wp-json\/wp\/v2\/pages\/105"}],"wp:featuredmedia":[{"embeddable":true,"href":"https:\/\/mhh-kardiologie.de\/en\/wp-json\/wp\/v2\/media\/3467"}],"wp:attachment":[{"href":"https:\/\/mhh-kardiologie.de\/en\/wp-json\/wp\/v2\/media?parent=153"}],"curies":[{"name":"wp","href":"https:\/\/api.w.org\/{rel}","templated":true}]}}