{"id":155,"date":"2021-09-24T11:55:17","date_gmt":"2021-09-24T09:55:17","guid":{"rendered":"http:\/\/mhh-kardiologie.de.w01d58f8.kasserver.com\/?page_id=155"},"modified":"2025-09-26T12:00:38","modified_gmt":"2025-09-26T10:00:38","slug":"spezialambulanz-kardiale-amyloidose","status":"publish","type":"page","link":"https:\/\/mhh-kardiologie.de\/en\/ambulanzen-sprechstunden\/spezialambulanz-kardiale-amyloidose\/","title":{"rendered":"Spezialambulanz kardiale Amyloidose"},"content":{"rendered":"\n<div class=\"wp-block-columns is-layout-flex wp-container-core-columns-is-layout-9d6595d7 wp-block-columns-is-layout-flex\">\n<div class=\"wp-block-column is-layout-flow wp-block-column-is-layout-flow\" style=\"flex-basis:66.66%\">\n<h2 class=\"wp-block-heading\">Spezialambulanz Kardiale Amyloidose<\/h2>\n\n\n\n<p><\/p>\n\n\n\n<p>Die Amyloidose ist eine seltene Erkrankung, bei der es durch Ablagerungen fehlgefalteter Eiwei\u00dfe (Amyloid) zu einer Fehlfunktion oder sogar Zerst\u00f6rung der Struktur betroffener Organe kommt. H\u00e4ufig sind dies die Nieren, die Leber, die Nerven und insbesondere das Herz. Die Symptome der Betroffenen mit Amyloidose sind oft relativ unspezifisch und variieren stark, sodass die Diagnose in der Regel erst verz\u00f6gert gestellt wird. In unserer Spezialambulanz f\u00fcr kardiale Amyloidose werden Patienten untersucht und behandelt, bei denen eine Herzbeteiligung der Amyloidose besteht oder vermutet wird.<\/p>\n\n\n\n<p>Die Diagnose der kardialen Amyloidose wird anhand spezifischer Blutwerte sowie mit bildgebenden Verfahren (Herzultraschall,-Kernspintomographie,-Szintigrafie) oder einer Gewebeentnahme aus dem Herzmuskel gestellt. Die Ergebnisse erlauben die Einteilung in spezifische Unterformen der kardialen Amyloidose. Seit kurzem gibt es neue medikament\u00f6se Therapien, die eine gezielte Behandlung der kardialen Amyloidose erm\u00f6glichen.<\/p>\n\n\n\n<p>F\u00fcr eine optimale Diagnostik und Behandlung der Patientinnen und Patienten mit den verschiedenen Unterformen und Organmanifestationen der Amyloidose besteht eine enge Zusammenarbeit mit anderen Kliniken (unter anderem Neurologie, Nephrologie, H\u00e4mato-Onkologie, Gastroenterologie). In dem neu gegr\u00fcndeten Amyloidose-Zentrum Niedersachsen, welches in das Zentrum f\u00fcr seltene Erkrankungen (ZSE) der MHH eingebettet ist, werden Patientinnen und Patienten \u00fcberregional zugewiesen und betreut.<\/p>\n\n\n\n<p><em>Sprechstunde nach Vereinbarung.<\/em><\/p>\n\n\n\n<div style=\"height:100px\" aria-hidden=\"true\" class=\"wp-block-spacer\"><\/div>\n\n\n\n<p><\/p>\n\n\n\n<figure class=\"wp-block-image size-large is-resized\"><img loading=\"lazy\" decoding=\"async\" width=\"1024\" height=\"402\" src=\"https:\/\/mhh-kardiologie.de\/wp-content\/uploads\/2022\/03\/Logo-1-1024x402.jpg\" alt=\"\" class=\"wp-image-2931\" style=\"width:364px;height:142px\" srcset=\"https:\/\/mhh-kardiologie.de\/wp-content\/uploads\/2022\/03\/Logo-1-1024x402.jpg 1024w, https:\/\/mhh-kardiologie.de\/wp-content\/uploads\/2022\/03\/Logo-1-300x118.jpg 300w, https:\/\/mhh-kardiologie.de\/wp-content\/uploads\/2022\/03\/Logo-1-768x301.jpg 768w, https:\/\/mhh-kardiologie.de\/wp-content\/uploads\/2022\/03\/Logo-1.jpg 1280w\" sizes=\"auto, (max-width: 1024px) 100vw, 1024px\" \/><\/figure>\n<\/div>\n\n\n\n<div class=\"wp-block-column is-layout-flow wp-block-column-is-layout-flow\" style=\"flex-basis:33.33%\">\n<p><strong>Bereichsleitung<\/strong><\/p>\n\n\n<div class=\"personal_container\"><div class=\"personal_portrait\" style=\"background-image: url(https:\/\/mhh-kardiologie.de\/wp-content\/uploads\/2024\/11\/MHH_Kardiologie_OA\u0308_Portraits_bavendieck_2024-10-29_web.jpg);\"><\/div><div class=\"personal_infos\"><p class=\"personal_name\"><a href=\"https:\/\/mhh-kardiologie.de\/en\/klinikteam\/direktor-oberaerzte\/prof-dr-udo-bavendiek\/\">Prof. Dr. Udo Bavendiek<\/a><\/p><p class=\"personal_mail\"><a href=\"mailto:bavendiek.udo@mh-hannover.de\">bavendiek.udo@mh-hannover.de<\/a><\/p><\/div><\/div>\n\n\n<div class=\"personal_container\"><div class=\"personal_portrait\" style=\"background-image: url(https:\/\/mhh-kardiologie.de\/wp-content\/uploads\/2024\/11\/MHH_Kardiologie_OA\u0308_Portraits_berliner_2024-10-29_web.jpg);\"><\/div><div class=\"personal_infos\"><p class=\"personal_name\"><a href=\"https:\/\/mhh-kardiologie.de\/en\/klinikteam\/direktor-oberaerzte\/dr-dominik-berliner\/\">Dr. Dominik Berliner<\/a><\/p><p class=\"personal_mail\"><a href=\"mailto:berliner.dominik@mh-hannover.de\">berliner.dominik@mh-hannover.de<\/a><\/p><\/div><\/div>\n\n\n<div class=\"personal_container\"><div class=\"personal_portrait\" style=\"background-image: url(https:\/\/mhh-kardiologie.de\/wp-content\/uploads\/2021\/10\/Dr-Anja-Haenselmann-Fachaerztin-Portrait-e3278ffa.jpg);\"><\/div><div class=\"personal_infos\"><p class=\"personal_name\">Dr. Anja H\u00e4nselmann<\/p><p class=\"personal_mail\"><a href=\"mailto:haenselmann.anja@mh-hannover.de\">haenselmann.anja@mh-hannover.de<\/a><\/p><\/div><\/div>\n<\/div>\n<\/div>\n\n\n\n<div class=\"wp-block-columns is-layout-flex wp-container-core-columns-is-layout-9d6595d7 wp-block-columns-is-layout-flex\">\n<div class=\"wp-block-column is-layout-flow wp-block-column-is-layout-flow\" style=\"flex-basis:66.66%\"><div class=\"lazyblock-hyberlink-block-241U5H wp-block-lazyblock-hyberlink-block\"><a href=\"https:\/\/www.mhh.de\/interdisziplinaere-zentren\/zentrum-fuer-seltene-erkrankungen\/behandelte-erkrankungsbereiche\/b-zentrum-amyloidose\" target=\"_blank\" rel=\"noopener noreferrer\" class=\"hyperlink_txt\">Zentrum f\u00fcr Amyloidose<\/a><\/div>\n\n<div class=\"lazyblock-hyberlink-block-Z10YIzj wp-block-lazyblock-hyberlink-block\"><a href=\"https:\/\/www.mhh.de\/presse-news\/geballte-kompetenz-fuer-seltene-erkrankung\" target=\"_blank\" rel=\"noopener noreferrer\" class=\"hyperlink_txt\">Geballte Kompetenz f\u00fcr seltene Erkrankung<\/a><\/div><\/div>\n\n\n\n<div class=\"wp-block-column is-layout-flow wp-block-column-is-layout-flow\" style=\"flex-basis:33.33%\">\n<p><strong>Kontakt und Anmeldung<\/strong><br><mark style=\"background-color:rgba(0, 0, 0, 0)\" class=\"has-inline-color has-luminous-vivid-orange-color\"><strong>Kardiologische Ambulanz<\/strong><br>Tel.: 0511 532-2532<br>Fax: 0511 532-9435<br><a href=\"mailto:amyloidosezentrum.niedersachsen@mh-hannover.de\">amyloidosezentrum.niedersachsen@mh-hannover.de<\/a><\/mark><br>Terminanfragen gerne per E-Mail<\/p>\n<\/div>\n<\/div>\n\n\n\n<p><\/p>\n","protected":false},"excerpt":{"rendered":"<p>Spezialambulanz Kardiale Amyloidose Die Amyloidose ist eine seltene Erkrankung, bei der es durch Ablagerungen fehlgefalteter Eiwei\u00dfe (Amyloid) zu einer Fehlfunktion oder sogar Zerst\u00f6rung der Struktur betroffener Organe kommt. H\u00e4ufig sind dies die Nieren, die Leber, die Nerven und insbesondere das Herz. Die Symptome der Betroffenen mit Amyloidose sind oft relativ unspezifisch und variieren stark, sodass [&hellip;]<\/p>\n","protected":false},"author":1,"featured_media":5483,"parent":105,"menu_order":66,"comment_status":"closed","ping_status":"closed","template":"","meta":{"block":"%5B%5D","footnotes":""},"class_list":["post-155","page","type-page","status-publish","has-post-thumbnail","hentry"],"_links":{"self":[{"href":"https:\/\/mhh-kardiologie.de\/en\/wp-json\/wp\/v2\/pages\/155","targetHints":{"allow":["GET"]}}],"collection":[{"href":"https:\/\/mhh-kardiologie.de\/en\/wp-json\/wp\/v2\/pages"}],"about":[{"href":"https:\/\/mhh-kardiologie.de\/en\/wp-json\/wp\/v2\/types\/page"}],"author":[{"embeddable":true,"href":"https:\/\/mhh-kardiologie.de\/en\/wp-json\/wp\/v2\/users\/1"}],"replies":[{"embeddable":true,"href":"https:\/\/mhh-kardiologie.de\/en\/wp-json\/wp\/v2\/comments?post=155"}],"version-history":[{"count":12,"href":"https:\/\/mhh-kardiologie.de\/en\/wp-json\/wp\/v2\/pages\/155\/revisions"}],"predecessor-version":[{"id":6323,"href":"https:\/\/mhh-kardiologie.de\/en\/wp-json\/wp\/v2\/pages\/155\/revisions\/6323"}],"up":[{"embeddable":true,"href":"https:\/\/mhh-kardiologie.de\/en\/wp-json\/wp\/v2\/pages\/105"}],"wp:featuredmedia":[{"embeddable":true,"href":"https:\/\/mhh-kardiologie.de\/en\/wp-json\/wp\/v2\/media\/5483"}],"wp:attachment":[{"href":"https:\/\/mhh-kardiologie.de\/en\/wp-json\/wp\/v2\/media?parent=155"}],"curies":[{"name":"wp","href":"https:\/\/api.w.org\/{rel}","templated":true}]}}