{"id":161,"date":"2021-09-24T11:57:02","date_gmt":"2021-09-24T09:57:02","guid":{"rendered":"http:\/\/mhh-kardiologie.de.w01d58f8.kasserver.com\/?page_id=161"},"modified":"2026-02-05T16:47:31","modified_gmt":"2026-02-05T15:47:31","slug":"ambulanz-emah","status":"publish","type":"page","link":"https:\/\/mhh-kardiologie.de\/en\/ambulanzen-sprechstunden\/ambulanz-emah\/","title":{"rendered":"Ambulanz EMAH"},"content":{"rendered":"\n<div class=\"wp-block-columns is-layout-flex wp-container-core-columns-is-layout-9d6595d7 wp-block-columns-is-layout-flex\">\n<div class=\"wp-block-column is-layout-flow wp-block-column-is-layout-flow\" style=\"flex-basis:66.66%\">\n<h2 class=\"wp-block-heading\" id=\"ambulanz-fur-erwachsene-mit-angeborenen-herzfehlern-emah\">Ambulanz f\u00fcr Erwachsene mit angeborenen Herzfehlern (EMAH)<\/h2>\n\n\n\n<p>Die Medizinische Hochschule Hannover (MHH) wurde als \u00fcberregionales Zentrum f\u00fcr Erwachsene mit angeborenen Herzfehlern (EMAH) zertifiziert. Die MHH ist das erste Kompetenzzentrum dieser Art in Niedersachsen.<\/p>\n\n\n\n<div style=\"height:11px\" aria-hidden=\"true\" class=\"wp-block-spacer\"><\/div>\n\n\n\n<h3 class=\"wp-block-heading\" id=\"emah-ambulanz\">EMAH-Ambulanz<\/h3>\n\n\n\n<p>Die ambulante Betreuung Erwachsener mit angeborenen Herzfehlern erfolgt seit vielen Jahren in der Klinik f\u00fcr Kardiologie und Angiologie. Gemeinsam mit den Kolleginnen und Kollegen der Klinik f\u00fcr P\u00e4diatrische Kardiologie und Intensivmedizin werden Jugendliche in der <strong>Transitionssprechstunde<\/strong> betreut.<\/p>\n\n\n\n<p>Zudem erfolgen Beratungen zur Schul- und Berufsausbildung, zur Aus\u00fcbung sportlicher Aktivit\u00e4ten, Behinderung, F\u00fchrerscheinerwerb und Flugtauglichkeit.<\/p>\n\n\n\n<p>Neben der kardiologischen Betreuung werden Behandlungen in anderen Abteilungen, z.B. bei notwendigen Operationen, die nicht das Herz betreffen, koordiniert. Durch eine enge Zusammenarbeit mit der Klinik f\u00fcr Psychiatrie, Sozialpsychiatrie und Psychotherapie kann allen Patientinnen und Patienten ein Therapieangebot gemacht werden.<\/p>\n\n\n\n<p>Patientinnen bieten wir vor einer Schwangerschaft&nbsp;eine Beratung \u00fcber m\u00fctterliche und kindliche Risiken an. Die Betreuung w\u00e4hrend der Schwangerschaft erfolgt mit den Kolleginnen und Kollegen der Klinik f\u00fcr Geburtshilfe und Frauenheilkunde.<\/p>\n\n\n\n<div style=\"height:30px\" aria-hidden=\"true\" class=\"wp-block-spacer\"><\/div>\n\n\n\n<figure class=\"wp-block-image size-large is-resized\"><img loading=\"lazy\" decoding=\"async\" width=\"1024\" height=\"1024\" src=\"https:\/\/mhh-kardiologie.de\/wp-content\/uploads\/2021\/10\/EMAH_Zentrum-68467457-1024x1024.jpg\" alt=\"\" class=\"wp-image-1089\" style=\"width:160px;height:160px\" srcset=\"https:\/\/mhh-kardiologie.de\/wp-content\/uploads\/2021\/10\/EMAH_Zentrum-68467457.jpg 1024w, https:\/\/mhh-kardiologie.de\/wp-content\/uploads\/2021\/10\/EMAH_Zentrum-68467457-300x300.jpg 300w, https:\/\/mhh-kardiologie.de\/wp-content\/uploads\/2021\/10\/EMAH_Zentrum-68467457-150x150.jpg 150w, https:\/\/mhh-kardiologie.de\/wp-content\/uploads\/2021\/10\/EMAH_Zentrum-68467457-768x768.jpg 768w\" sizes=\"auto, (max-width: 1024px) 100vw, 1024px\" \/><figcaption class=\"wp-element-caption\">Zertifikat EMAH Zentrum<\/figcaption><\/figure>\n\n\n<div class=\"lazyblock-akkordeon-7hVcd wp-block-lazyblock-akkordeon\">\n<input id=\"emaheinewachsendepatientengruppe\" class=\"hide-akkordeon akkordeon-toggle\" type=\"checkbox\" tabindex=\"-1\">\n\n<div class=\"akkordeon-block\">\n  <div class=\"toggler\">\n    <label for=\"emaheinewachsendepatientengruppe\" tabindex=\"0\">EMAH | eine wachsende Patientengruppe<\/label>\n    <div class=\"akkordeon-bar\"><\/div>\n  <\/div>\n\n  <div class=\"akkordeon-content\">\n    <div class=\"akkordeon-inner-content\">\n      <div class=\"accordion\">\n<div class=\"inner\">\n<div class=\"ce_text block\">\n<p><span class=\"s1\">Fortschritte in der operativen, korrigierenden und der interventionellen Behandlung angeborener Herzfehler haben dazu gef\u00fchrt, dass mittlerweile \u00fcber 90% der Patientinnen und Patienten mit angeborenen Herzfehlern das Erwachsenenalter erreichen.<\/span><\/p>\n<p class=\"p3\">\u00a0<\/p>\n<p class=\"p3\"><span class=\"s1\">Dennoch sind die meisten Patientinnen und Patienten als <strong>chronisch herzkrank<\/strong> einzustufen. Sie ben\u00f6tigen eine lebenslange medizinische Nachsorge, da f\u00fcr jeden Herzfehler spezifische anatomische und funktionelle Rest- und Folgezust\u00e4nde vorliegen.<span class=\"Apple-converted-space\">\u00a0 <\/span>Neben den somatischen bestehen vielfach auch psychische Probleme.<\/span><\/p>\n<p class=\"p3\">\u00a0<\/p>\n<p class=\"p3\"><span class=\"s1\">Besondere Aspekte der Nachsorge angeborener Herzfehler beinhalten die Diagnostik und Therapie der Herzinsuffizienz, Rhythmusst\u00f6rungen, Lungengef\u00e4\u00dferkrankungen, infekti\u00f6sen Endokarditiden, neurologische Komplikationen wie Schlaganf\u00e4lle und zus\u00e4tzlich erworbene Herzerkrankungen. Nicht selten bestehen zus\u00e4tzliche Organmanifestationen wie zum Beispiel Gerinnungsst\u00f6rungen, was ebenfalls eine spezifische Behandlung erfordert. Auch eine Schwangerschaft stellt aufgrund der hohen Kreislaufbelastung eine besondere Herausforderung dar.\u00a0<\/span><\/p>\n<\/div>\n<\/div>\n<\/div>    <\/div>\n  <\/div>\n<\/div><\/div>\n\n<div class=\"lazyblock-akkordeon-1NeAKe wp-block-lazyblock-akkordeon\">\n<input id=\"behandlungsschwerpunkteinderbersicht\" class=\"hide-akkordeon akkordeon-toggle\" type=\"checkbox\" tabindex=\"-1\">\n\n<div class=\"akkordeon-block\">\n  <div class=\"toggler\">\n    <label for=\"behandlungsschwerpunkteinderbersicht\" tabindex=\"0\">Behandlungsschwerpunkte in der \u00dcbersicht<\/label>\n    <div class=\"akkordeon-bar\"><\/div>\n  <\/div>\n\n  <div class=\"akkordeon-content\">\n    <div class=\"akkordeon-inner-content\">\n      <div class=\"accordion\">\n<div class=\"inner\">\n<div class=\"ce_text block\">\n<ul>\n<li>\n<p>Nachsorge aller operierten und nicht-operierten angeborenen Herzfehler<\/p>\n<\/li>\n<li>\n<p>Beratung und Betreuung bei Risiko-Schwangerschaft sowie nicht-kardialen Operationen<\/p>\n<\/li>\n<li>\n<p>Psychokardiologische Ambulanz<\/p>\n<\/li>\n<li>\n<p>Transitionssprechstunde<\/p>\n<\/li>\n<li>\n<p>Beratung zur Schul- und Berufsausbildung, zur Aus\u00fcbung sportlicher Aktivit\u00e4ten, Behinderung, F\u00fchrerscheinerwerb und Flugtauglichkeit<\/p>\n<\/li>\n<\/ul>\n<\/div>\n<\/div>\n<\/div>    <\/div>\n  <\/div>\n<\/div><\/div>\n\n<div class=\"lazyblock-zertifikat-Z23VFGQ wp-block-lazyblock-zertifikat\">\n<input id=\"emahzertifikat\" class=\"hide akkordeon-toggle\" type=\"checkbox\">\n\n<div class=\"akkordeon-block\">\n  <div class=\"toggler\">\n    <label for=\"emahzertifikat\">EMAH Zertifikat <\/label>\n    <div class=\"akkordeon-bar\"><\/div>\n  <\/div>\n\n  <div class=\"akkordeon-content\">\n    <div class=\"akkordeon-inner-content\">\n      <div class=\"wp-block-columns flyer\">\n        <div class=\"wp-block-column\">\n                      <img decoding=\"async\" \n              src=\"https:\/\/mhh-kardiologie.de\/wp-content\/uploads\/2025\/01\/Zertifikat_EMAH-Zentrum.png\" \n              alt=\"Zertifikat_EMAH-Zentrum\">\n                  <\/div>\n\n        <div class=\"wp-block-column\">\n          <p><strong>Titel<\/strong><\/p>\n          <p>\u00dcberregionales EMAH-Zentrum<\/p>\n          <br\/>\n\n                      <p><strong>Zertifizierung durch:<\/strong><\/p>\n                          <p>\n                <a href=\"http:\/\/dgk.org\/\" target=\"_blank\">Deutsche Gesellschaft f\u00fcr Kardiologie<\/a>              <\/p>\n                          <p>\n                <a href=\"http:\/\/www.kinderkardiologie.org\/\" target=\"_blank\">Deutsche Gesellschaft f\u00fcr P\u00e4diatrische Kardiologie<\/a>              <\/p>\n                          <p>\n                <a href=\"http:\/\/dgthg.org\/\" target=\"_blank\">Deutsche Gesellschaft f\u00fcr Thorax-, Herz- und Gef\u00e4\u00dfchirurgie<\/a>              <\/p>\n                        <br\/>\n          \n          <p><strong>Download<\/strong><\/p>\n                                  <p>\n              <a href=\"https:\/\/mhh-kardiologie.de\/wp-content\/uploads\/2025\/08\/Zertifikat_RZ-2_EMAH015_Hannover.pdf\" target=\"_blank\">\n                Zertifikat_RZ-2_EMAH015_Hannover.pdf (177 KB)              <\/a>\n            <\/p>\n                  <\/div>\n      <\/div>\n    <\/div>\n  <\/div>\n<\/div><\/div>\n\n<div class=\"lazyblock-hyberlink-block-Z1U7QRD wp-block-lazyblock-hyberlink-block\"><a href=\"https:\/\/mhh-kardiologie.de\/leistungen\/emah-zentrum\/\" target=\"_blank\" rel=\"noopener noreferrer\" class=\"hyperlink_txt\">EMAH Zentrum<\/a><\/div><\/div>\n\n\n\n<div class=\"wp-block-column is-layout-flow wp-block-column-is-layout-flow\" style=\"flex-basis:33.33%\">\n<p><strong>Bereichsleitung<\/strong><\/p>\n\n\n<div class=\"personal_container\"><div class=\"personal_portrait\" style=\"background-image: url(https:\/\/mhh-kardiologie.de\/wp-content\/uploads\/2024\/11\/MHH_Kardiologie_OA\u0308_Portraits_westhoff-bleck_2024-10-29_web.jpg);\"><\/div><div class=\"personal_infos\"><p class=\"personal_name\"><a href=\"https:\/\/mhh-kardiologie.de\/en\/klinikteam\/direktor-oberaerzte\/pd-dr-mechthild-westhoff-bleck\/\">Prof. Dr. Mechthild Westhoff-Bleck<\/a><\/p><p class=\"personal_mail\"><a href=\"mailto:westhoff-bleck.mechthild@mh-hannover.de\">westhoff-bleck.mechthild@mh-hannover.de<\/a><\/p><\/div><\/div>\n\n\n\n<div style=\"height:30px\" aria-hidden=\"true\" class=\"wp-block-spacer\"><\/div>\n\n\n\n<p><strong>Kontakt und Anmeldung<\/strong><br><span class=\"has-inline-color has-luminous-vivid-orange-color\"><strong>Tanja Antunovic<\/strong><br><strong>Martina Guskau<\/strong><br><strong>Zorica Milanovic<\/strong><\/span><br><strong><mark style=\"background-color:rgba(0, 0, 0, 0)\" class=\"has-inline-color has-orange-color\">Selin Yildirim<\/mark><\/strong><span class=\"has-inline-color has-luminous-vivid-orange-color\"><br>Tel.: 0511 532-2532<br>Fax: 0511 532-9435<br><a href=\"mailto:kardiologie.ambulanz@mh-hannover.de\">kardiologie.ambulanz@mh-hannover.de<\/a><\/span><br>Terminanfragen gerne per E-Mail<\/p>\n<\/div>\n<\/div>\n","protected":false},"excerpt":{"rendered":"<p>Ambulanz f\u00fcr Erwachsene mit angeborenen Herzfehlern (EMAH) Die Medizinische Hochschule Hannover (MHH) wurde als \u00fcberregionales Zentrum f\u00fcr Erwachsene mit angeborenen Herzfehlern (EMAH) zertifiziert. Die MHH ist das erste Kompetenzzentrum dieser Art in Niedersachsen. EMAH-Ambulanz Die ambulante Betreuung Erwachsener mit angeborenen Herzfehlern erfolgt seit vielen Jahren in der Klinik f\u00fcr Kardiologie und Angiologie. Gemeinsam mit den [&hellip;]<\/p>\n","protected":false},"author":1,"featured_media":5481,"parent":105,"menu_order":68,"comment_status":"closed","ping_status":"closed","template":"","meta":{"block":"%5B%5D","footnotes":""},"class_list":["post-161","page","type-page","status-publish","has-post-thumbnail","hentry"],"_links":{"self":[{"href":"https:\/\/mhh-kardiologie.de\/en\/wp-json\/wp\/v2\/pages\/161","targetHints":{"allow":["GET"]}}],"collection":[{"href":"https:\/\/mhh-kardiologie.de\/en\/wp-json\/wp\/v2\/pages"}],"about":[{"href":"https:\/\/mhh-kardiologie.de\/en\/wp-json\/wp\/v2\/types\/page"}],"author":[{"embeddable":true,"href":"https:\/\/mhh-kardiologie.de\/en\/wp-json\/wp\/v2\/users\/1"}],"replies":[{"embeddable":true,"href":"https:\/\/mhh-kardiologie.de\/en\/wp-json\/wp\/v2\/comments?post=161"}],"version-history":[{"count":19,"href":"https:\/\/mhh-kardiologie.de\/en\/wp-json\/wp\/v2\/pages\/161\/revisions"}],"predecessor-version":[{"id":6621,"href":"https:\/\/mhh-kardiologie.de\/en\/wp-json\/wp\/v2\/pages\/161\/revisions\/6621"}],"up":[{"embeddable":true,"href":"https:\/\/mhh-kardiologie.de\/en\/wp-json\/wp\/v2\/pages\/105"}],"wp:featuredmedia":[{"embeddable":true,"href":"https:\/\/mhh-kardiologie.de\/en\/wp-json\/wp\/v2\/media\/5481"}],"wp:attachment":[{"href":"https:\/\/mhh-kardiologie.de\/en\/wp-json\/wp\/v2\/media?parent=161"}],"curies":[{"name":"wp","href":"https:\/\/api.w.org\/{rel}","templated":true}]}}