{"id":167,"date":"2021-09-24T12:01:51","date_gmt":"2021-09-24T10:01:51","guid":{"rendered":"http:\/\/mhh-kardiologie.de.w01d58f8.kasserver.com\/?page_id=167"},"modified":"2026-02-24T12:01:32","modified_gmt":"2026-02-24T11:01:32","slug":"studienambulanz","status":"publish","type":"page","link":"https:\/\/mhh-kardiologie.de\/en\/forschung\/studienambulanz\/","title":{"rendered":"Studienambulanz"},"content":{"rendered":"\n<div class=\"wp-block-columns is-layout-flex wp-container-core-columns-is-layout-9d6595d7 wp-block-columns-is-layout-flex\">\n<div class=\"wp-block-column is-layout-flow wp-block-column-is-layout-flow\" style=\"flex-basis:66.66%\">\n<h2 class=\"wp-block-heading\" id=\"studienambulanz\">Studienambulanz<\/h2>\n\n\n\n<p>In unserer Studienambulanz haben Patientinnen und Patienten die M\u00f6glichkeit an neuen Behandlungsverfahren teilzunehmen, die noch nicht allerorts f\u00fcr die routinem\u00e4\u00dfige Behandlung von Herz- und Gef\u00e4\u00dferkrankungen zugelassen sind. Die Sicherheit der neuen Behandlungsverfahren steht hier f\u00fcr uns an erster Stelle. Daher profitieren Patientinnen und Patienten, die freiwillig an einem Studienprogramm teilnehmen, von einer besonders engmaschigen und umfangreichen \u00e4rztlichen \u00dcberwachung sowie der M\u00f6glichkeit einer regelm\u00e4\u00dfig geplanten Vorstellung in unserer Ambulanz. Insbesondere Patientinnen und Patienten mit weit fortgeschrittener Erkrankung k\u00f6nnen so von der intensiven \u00e4rztlichen Betreuung und den innovativen Behandlungskonzepten profitieren. Wir leisten mit der Studienambulanz somit nicht nur einen wichtigen Beitrag zum medizinischen Fortschritt, sondern auch zur optimalen Behandlung der Patientinnen und Patienten, die unserer nachhaltigen Betreuung am dringendsten bed\u00fcrfen.<\/p>\n\n\n\n<p>Weitere Informationen zu unserer aktuellen Studie DIGIT-HF finden&nbsp;Sie<mark style=\"background-color:rgba(0, 0, 0, 0)\" class=\"has-inline-color has-luminous-vivid-orange-color\"> <a href=\"https:\/\/mhh-kardiologie.de\/forschung\/digit-hf-studie\/\" data-type=\"page\" data-id=\"181\" target=\"_blank\" rel=\"noreferrer noopener\">hier<\/a><\/mark>.<\/p>\n\n\n<div class=\"lazyblock-akkordeon-flyer-Z169AQM wp-block-lazyblock-akkordeon-flyer\"><input id=\"digit-hfherzheutedeutscheherzstiftungjanuar2021\" class=\"hide akkordeon-toggle\" type=\"checkbox\"><div class=\"akkordeon-block\">\n  <div class=\"toggler\"><label for=\"digit-hfherzheutedeutscheherzstiftungjanuar2021\">DIGIT-HF Herz Heute | Deutsche Herzstiftung | Januar 2021 <\/label><div class=\"akkordeon-bar\"><\/div><\/div><div class=\"akkordeon-content\"><div class=\"akkordeon-inner-content\"><div class=\"wp-block-columns flyer\"><div class=\"wp-block-column\"><img decoding=\"async\" src=\"https:\/\/mhh-kardiologie.de\/wp-content\/uploads\/2021\/10\/MHH_Kardiologie_DIGIT-HF-HERZ-heute_Febr._2021_Seite_5-7d0b8155.jpg\" alt=\"MHH_Kardiologie_DIGIT-HF HERZ heute_Febr._2021_Seite_5-7d0b8155\" style=\"margin-right: 20px; display: block;\"><\/div><div class=\"wp-block-column\" style=\"margin-left: 20px;\"><p style=\"margin-bottom: 8px;\"><strong>Titel<\/strong><\/p><p style=\"margin-bottom: 24px;\">DIGIT-HF Herz Heute | Deutsche Herzstiftung | Januar 2021<\/p><p style=\"margin-bottom: 8px;\"><strong>Download<\/strong><\/p><p><a href=\"https:\/\/mhh-kardiologie.de\/wp-content\/uploads\/2021\/10\/MHH_Kardiologie_DIGIT-HF-HERZ-heute_Febr._2021.pdf\" target=\"_blank\">MHH_Kardiologie_DIGIT-HF-HERZ-heute_Febr._2021.pdf (318KB)<\/a><\/p><\/div><\/div><\/div><\/div><\/div><\/div>\n\n<div class=\"lazyblock-akkordeon-flyer-ZxNpS wp-block-lazyblock-akkordeon-flyer\"><input id=\"flyermchtensiehelfenwerdensieteilnehmer-ineinerunsererklinischenstudien\" class=\"hide akkordeon-toggle\" type=\"checkbox\"><div class=\"akkordeon-block\">\n  <div class=\"toggler\"><label for=\"flyermchtensiehelfenwerdensieteilnehmer-ineinerunsererklinischenstudien\">Flyer | M\u00f6chten Sie helfen? Werden Sie Teilnehmer\/-in einer unserer Klinischen Studien<\/label><div class=\"akkordeon-bar\"><\/div><\/div><div class=\"akkordeon-content\"><div class=\"akkordeon-inner-content\"><div class=\"wp-block-columns flyer\"><div class=\"wp-block-column\"><img decoding=\"async\" src=\"https:\/\/mhh-kardiologie.de\/wp-content\/uploads\/2021\/10\/MHH-Kardiologie_Klinische-Studien_web-70d1b85b.jpg\" alt=\"MHH-Kardiologie_Klinische Studien_web-70d1b85b\" style=\"margin-right: 20px; display: block;\"><\/div><div class=\"wp-block-column\" style=\"margin-left: 20px;\"><p style=\"margin-bottom: 8px;\"><strong>Titel<\/strong><\/p><p style=\"margin-bottom: 24px;\">Flyer | M\u00f6chten Sie helfen? Werden Sie Teilnehmer\/-in einer unserer Klinischen Studien<\/p><p style=\"margin-bottom: 8px;\"><strong>Download<\/strong><\/p><p><a href=\"https:\/\/mhh-kardiologie.de\/wp-content\/uploads\/2021\/10\/MHH-Kardiologie_Klinische-Studien_web.pdf\" target=\"_blank\">MHH-Kardiologie_Klinische-Studien_web.pdf (360KB)<\/a><\/p><\/div><\/div><\/div><\/div><\/div><\/div>\n\n<div class=\"lazyblock-akkordeon-1mwET wp-block-lazyblock-akkordeon\">\n<input id=\"ihrwegzuuns\" class=\"hide-akkordeon akkordeon-toggle\" type=\"checkbox\" tabindex=\"-1\">\n\n<div class=\"akkordeon-block\">\n  <div class=\"toggler\">\n    <label for=\"ihrwegzuuns\" tabindex=\"0\">Ihr Weg zu uns<\/label>\n    <div class=\"akkordeon-bar\"><\/div>\n  <\/div>\n\n  <div class=\"akkordeon-content\">\n    <div class=\"akkordeon-inner-content\">\n      <div class=\"accordion\">\n<div class=\"inner\">\n<div class=\"ce_text block\">\n<ul>\n<li><span class=\"s1\">Sie kommen durch den Haupteingang und biegen am Fahrstuhl-Knoten A rechts ab.<\/span><\/li>\n<li>Geradeaus weiter gelangen Sie zum Fahrstuhl-Knoten D.<\/li>\n<li>Hier nehmen Sie den Personenaufzug in die 2. Etage.<\/li>\n<li>Dort angekommen wenden Sie sich nach links und biegen in den Flur links ab.<\/li>\n<li>Hier finden Sie gleich auf der rechten Seite die R\u00e4ume der Studienambulanz (rote T\u00fcren) und<\/li>\n<li>an der zweiten T\u00fcr eine Klingel, \u00fcber die Sie sich bemerkbar machen k\u00f6nnen.<\/li>\n<\/ul>\n<\/div>\n<\/div>\n<\/div>    <\/div>\n  <\/div>\n<\/div><\/div><\/div>\n\n\n\n<div class=\"wp-block-column is-layout-flow wp-block-column-is-layout-flow\" style=\"flex-basis:33.33%\">\n<p><strong>Bereichsleitung<\/strong><\/p>\n\n\n<div class=\"personal_container\"><div class=\"personal_portrait\" style=\"background-image: url(https:\/\/mhh-kardiologie.de\/wp-content\/uploads\/2024\/11\/MHH_Kardiologie_OA\u0308_Portraits_bavendieck_2024-10-29_web.jpg);\"><\/div><div class=\"personal_infos\"><p class=\"personal_name\"><a href=\"https:\/\/mhh-kardiologie.de\/en\/klinikteam\/direktor-oberaerzte\/prof-dr-udo-bavendiek\/\">Prof. Dr. Udo Bavendiek<\/a><\/p><p class=\"personal_mail\"><a href=\"mailto:bavendiek.udo@mh-hannover.de\">bavendiek.udo@mh-hannover.de<\/a><\/p><\/div><\/div>\n\n\n\n<div style=\"height:30px\" aria-hidden=\"true\" class=\"wp-block-spacer\"><\/div>\n\n\n\n<p><strong>Mitarbeiterinnen<\/strong><strong><\/strong><\/p>\n\n\n\n<p><mark style=\"background-color:rgba(0, 0, 0, 0)\" class=\"has-inline-color has-luminous-vivid-orange-color\"><strong><a href=\"mailto:Juergens.Antje@mh-hannover.de\">Antje J\u00fcrgens<\/a><br><\/strong>Tel.: <\/mark><a href=\"tel:0511 53231113\"><mark style=\"background-color:rgba(0, 0, 0, 0)\" class=\"has-inline-color has-luminous-vivid-orange-color\">0511-532-<\/mark>31113<\/a><\/p>\n\n\n\n<p><\/p>\n\n\n\n<p><mark style=\"background-color:rgba(0, 0, 0, 0)\" class=\"has-inline-color has-luminous-vivid-orange-color\"><strong><a href=\"mailto:marquardt.ivonne@mh-hannover.de\">Ivonne Marquardt<\/a><\/strong><br>Tel.: <a href=\"tel:05115322597\">0511-532-2597<\/a><\/mark><\/p>\n\n\n\n<p><\/p>\n\n\n\n<p class=\"has-orange-color has-text-color has-link-color wp-elements-a6671e7ab9df4ee91ee2228dcedef4bc\"><strong><a href=\"mailto: rahe.sabine@mh-hannover.de\">Sabine Rahe<\/a><\/strong><br>Tel.: <a href=\"tel:05115329223\">0511 532-9223<\/a><\/p>\n\n\n\n<p><\/p>\n\n\n\n<p><mark style=\"background-color:rgba(0, 0, 0, 0)\" class=\"has-inline-color has-luminous-vivid-orange-color\"><strong><a href=\"mailto:ritter.benedikta@mh-hannover.de\">Benedikta Ritter<\/a><\/strong><br>Tel.: <mark style=\"background-color:rgba(0, 0, 0, 0)\" class=\"has-inline-color has-luminous-vivid-orange-color\"><a href=\"tel:05115322534\">0511-532-2534<\/a><\/mark><\/mark><\/p>\n\n\n\n<p><\/p>\n\n\n\n<p><mark style=\"background-color:rgba(0, 0, 0, 0)\" class=\"has-inline-color has-luminous-vivid-orange-color\"><a href=\"mailto:schaefer.nicole@mh-hannover.de\"><strong>Nicole Schaefer<br><\/strong><\/a>Tel.: <a href=\"tel:05115326054\">0511-532-6054<\/a><\/mark><\/p>\n<\/div>\n<\/div>\n","protected":false},"excerpt":{"rendered":"<p>Studienambulanz In unserer Studienambulanz haben Patientinnen und Patienten die M\u00f6glichkeit an neuen Behandlungsverfahren teilzunehmen, die noch nicht allerorts f\u00fcr die routinem\u00e4\u00dfige Behandlung von Herz- und Gef\u00e4\u00dferkrankungen zugelassen sind. Die Sicherheit der neuen Behandlungsverfahren steht hier f\u00fcr uns an erster Stelle. Daher profitieren Patientinnen und Patienten, die freiwillig an einem Studienprogramm teilnehmen, von einer besonders engmaschigen [&hellip;]<\/p>\n","protected":false},"author":1,"featured_media":2440,"parent":107,"menu_order":73,"comment_status":"closed","ping_status":"closed","template":"","meta":{"block":"%5B%5D","footnotes":""},"class_list":["post-167","page","type-page","status-publish","has-post-thumbnail","hentry"],"_links":{"self":[{"href":"https:\/\/mhh-kardiologie.de\/en\/wp-json\/wp\/v2\/pages\/167","targetHints":{"allow":["GET"]}}],"collection":[{"href":"https:\/\/mhh-kardiologie.de\/en\/wp-json\/wp\/v2\/pages"}],"about":[{"href":"https:\/\/mhh-kardiologie.de\/en\/wp-json\/wp\/v2\/types\/page"}],"author":[{"embeddable":true,"href":"https:\/\/mhh-kardiologie.de\/en\/wp-json\/wp\/v2\/users\/1"}],"replies":[{"embeddable":true,"href":"https:\/\/mhh-kardiologie.de\/en\/wp-json\/wp\/v2\/comments?post=167"}],"version-history":[{"count":24,"href":"https:\/\/mhh-kardiologie.de\/en\/wp-json\/wp\/v2\/pages\/167\/revisions"}],"predecessor-version":[{"id":6670,"href":"https:\/\/mhh-kardiologie.de\/en\/wp-json\/wp\/v2\/pages\/167\/revisions\/6670"}],"up":[{"embeddable":true,"href":"https:\/\/mhh-kardiologie.de\/en\/wp-json\/wp\/v2\/pages\/107"}],"wp:featuredmedia":[{"embeddable":true,"href":"https:\/\/mhh-kardiologie.de\/en\/wp-json\/wp\/v2\/media\/2440"}],"wp:attachment":[{"href":"https:\/\/mhh-kardiologie.de\/en\/wp-json\/wp\/v2\/media?parent=167"}],"curies":[{"name":"wp","href":"https:\/\/api.w.org\/{rel}","templated":true}]}}