{"id":169,"date":"2021-09-24T12:02:12","date_gmt":"2021-09-24T10:02:12","guid":{"rendered":"http:\/\/mhh-kardiologie.de.w01d58f8.kasserver.com\/?page_id=169"},"modified":"2025-08-18T11:34:30","modified_gmt":"2025-08-18T09:34:30","slug":"labor-i3","status":"publish","type":"page","link":"https:\/\/mhh-kardiologie.de\/en\/forschung\/labor-i3\/","title":{"rendered":"Labor I3"},"content":{"rendered":"\n<div class=\"wp-block-columns is-layout-flex wp-container-core-columns-is-layout-9d6595d7 wp-block-columns-is-layout-flex\">\n<div class=\"wp-block-column is-layout-flow wp-block-column-is-layout-flow\" style=\"flex-basis:66.66%\">\n<h2 class=\"wp-block-heading\">Labor I3<\/h2>\n\n\n\n<p>In den letzten Jahrzehnten hat die Therapie des Herzinfarkts und der m\u00f6glichen nachfolgenden Herzmuskelschw\u00e4che (Herzinsuffizienz) gro\u00dfe Fortschritte gemacht \u2013 nicht zuletzt durch ein besseres Verst\u00e4ndnis der biologischen Prozesse, die bei der Wundheilung und den Umbauprozessen des Herzens eine Rolle spielen. Wir erforschen diese Mechanismen weiter, um noch bessere, an individuelle Krankheitsbilder angepasste, Pr\u00e4ventions- und Therapiem\u00f6glichkeiten zu entwickeln.<\/p>\n\n\n\n<p>Wir besch\u00e4ftigen uns eingehend mit Wirksubstanzen, die bereits in der Klinik bei Patientinnen und Patienten mit Herzschw\u00e4che regelhaft verschrieben werden, wie z.\u2009B. Blutfettsenkern (Statine) und Herzinsuffizienz-Medikamente (ACE-Hemmer, Mineralokortikoid-Rezeptor-Antagonisten). Durch besseres Verst\u00e4ndnis der Wirkmechanismen wird versucht, bereits vorbeugend mit den bestgeeigneten Medikamenten bei gewissen Risikokonstellationen zu behandeln, um ein Voranschreiten und somit eine Verschlimmerung der Erkrankung zu verhindern.<\/p>\n\n\n\n<p>Wichtige Erkenntnisse wurden zu den Mechanismen geliefert, die zum Schutz des Herzgewebes wichtig sind. Die direkte Wirkung medikament\u00f6ser Mineralokortikoid-Rezeptor Blockade auf Herzmuskelzellen nach Herzinfarkt und die Wichtigkeit eines fr\u00fchzeitigen Therapiebeginns wurde eindr\u00fccklich belegt. Diese Erkenntnis wurde direkt in die Klinik \u00fcbernommen, so dass entsprechende Medikamente ohne Verz\u00f6gerung nach Infarktereignis verabreicht werden.<\/p>\n\n\n\n<p>Auf Grund der immensen Bedeutung von Zellen des Immunsystems bei Herzerkrankungen wird aktuell an der diagnostischen und prognostischen Charakterisierung von Immunzellen gearbeitet. Hierbei sollen z.\u2009B. Herzinfarktpatienten mit hohem Risiko, eine Herzschw\u00e4che zu entwickeln, noch w\u00e4hrend des Krankenhausaufenthaltes identifiziert werden und somit einer optimalen, fr\u00fchzeitigen Therapie zugef\u00fchrt werden. Dies ist u.\u2009a. durch die enge Zusammenarbeit mit klinisch t\u00e4tigen \u00c4rztinnen und \u00c4rzten m\u00f6glich, die die klinische Relevanz der Forschung sicherstellen sowie den Zugang zu Material von verschiedenen Patientenkollektiven erm\u00f6glichen. In unserem Labor werden Immunzellen von Patienten nach Herzinfarkt, im Verlauf vor und nach Implantation einer neuen Herzklappe sowie bei Patienten mit angeborenem Herzfehler mit bereits sehr interessanten Ergebnissen charakterisiert.<\/p>\n\n\n\n<p>Neben gro\u00dfer Expertise auf dem Gebiet von Tiermodellen des Herzinfarkts mit nachfolgender Herzinsuffizienz erm\u00f6glicht nicht zuletzt die hervorragende technische Ausstattung unseres Labors (z.\u2009B. Durchflusszytometer, HPLC mit elektrochemischer\/fluoreszenz-Detektion, H\u00e4matologie-Analysator) eine Forschung nach modernsten Standards und auf hohem Niveau. \u00dcber die Kardiologie hinaus bestehen Kooperationen mit Arbeitsgruppen der Pneumologie, Neurologie und Psychiatrie.<\/p>\n\n\n<div class=\"lazyblock-hyberlink-block-Z1xjx3J wp-block-lazyblock-hyberlink-block\"><a href=\"https:\/\/mhh-kardiologie.de\/forschung\/labor-i3\/arbeitsgruppe-prof-bauersachs-dr-fraccarollo-dr-galuppo\/\" target=\"_blank\" rel=\"noopener noreferrer\" class=\"hyperlink_txt\">Arbeitsgruppe Prof. Bauersachs | Dr. Fraccarollo | Dr. Galuppo<\/a><\/div><\/div>\n\n\n\n<div class=\"wp-block-column is-layout-flow wp-block-column-is-layout-flow\" style=\"flex-basis:33.33%\"><div class=\"personal_container\"><div class=\"personal_portrait\" style=\"background-image: url(https:\/\/mhh-kardiologie.de\/wp-content\/uploads\/2024\/11\/MHH_Kardiologie_OA\u0308_Portraits_bauersachs_2024-10-29_web.jpg);\"><\/div><div class=\"personal_infos\"><p class=\"personal_name\"><a href=\"https:\/\/mhh-kardiologie.de\/en\/klinikteam\/direktor-oberaerzte\/prof-dr-johann-bauersachs\/\">Prof. Dr. Johann Bauersachs<\/a><\/p><p class=\"personal_mail\"><a href=\"mailto:gaulke.beate@mh-hannover.de\">gaulke.beate@mh-hannover.de<\/a><\/p><\/div><\/div>\n\n\n<div class=\"personal_container\"><div class=\"personal_portrait\" style=\"background-image: url(https:\/\/mhh-kardiologie.de\/wp-content\/uploads\/2024\/11\/MHH_Kardiologie_OA\u0308_Portraits_bavendieck_2024-10-29_web.jpg);\"><\/div><div class=\"personal_infos\"><p class=\"personal_name\"><a href=\"https:\/\/mhh-kardiologie.de\/en\/klinikteam\/direktor-oberaerzte\/prof-dr-udo-bavendiek\/\">Prof. Dr. Udo Bavendiek<\/a><\/p><p class=\"personal_mail\"><a href=\"mailto:bavendiek.udo@mh-hannover.de\">bavendiek.udo@mh-hannover.de<\/a><\/p><\/div><\/div>\n\n\n<div class=\"personal_container\"><div class=\"personal_portrait\" style=\"background-image: url(https:\/\/mhh-kardiologie.de\/wp-content\/uploads\/2024\/11\/MHH_Kardiologie_OA\u0308_Portraits_scha\u0308fer_2024-10-29_web.jpg);\"><\/div><div class=\"personal_infos\"><p class=\"personal_name\"><a href=\"https:\/\/mhh-kardiologie.de\/en\/klinikteam\/direktor-oberaerzte\/prof-dr-andreas-schaefer\/\">Prof. Dr. Andreas Sch\u00e4fer<\/a><\/p><p class=\"personal_mail\"><a href=\"mailto:schaefer.andreas@mh-hannover.de\">schaefer.andreas@mh-hannover.de<\/a><\/p><\/div><\/div>\n\n\n\n<div style=\"height:30px\" aria-hidden=\"true\" class=\"wp-block-spacer\"><\/div>\n\n\n\n<p><strong>Kontakt und Anmeldung<br><\/strong><span class=\"has-inline-color has-luminous-vivid-orange-color\"><strong>Dr. Daniela Fraccarollo<br><\/strong>Tel.: <a href=\"tel:05115325773\">0511 532-5773<\/a> | <a href=\"tel:05115325772\">0511 532-5772<\/a><br>Fax: 0511 532-8194 <br><a href=\"mailto:fraccarollo.daniela@mh-hannover.de\">fraccarollo.daniela@mh-hannover.de<\/a><\/span><\/p>\n\n\n\n<p><strong>Kardiologisches Forschungslabor<\/strong><br><span class=\"has-inline-color has-luminous-vivid-orange-color\">Geb\u00e4ude I3<br>Ebene SO<br>Raum 2290<\/span><\/p>\n<\/div>\n<\/div>\n","protected":false},"excerpt":{"rendered":"<p>Labor I3 In den letzten Jahrzehnten hat die Therapie des Herzinfarkts und der m\u00f6glichen nachfolgenden Herzmuskelschw\u00e4che (Herzinsuffizienz) gro\u00dfe Fortschritte gemacht \u2013 nicht zuletzt durch ein besseres Verst\u00e4ndnis der biologischen Prozesse, die bei der Wundheilung und den Umbauprozessen des Herzens eine Rolle spielen. Wir erforschen diese Mechanismen weiter, um noch bessere, an individuelle Krankheitsbilder angepasste, Pr\u00e4ventions- [&hellip;]<\/p>\n","protected":false},"author":1,"featured_media":3305,"parent":107,"menu_order":74,"comment_status":"closed","ping_status":"closed","template":"","meta":{"block":"%5B%5D","footnotes":""},"class_list":["post-169","page","type-page","status-publish","has-post-thumbnail","hentry"],"_links":{"self":[{"href":"https:\/\/mhh-kardiologie.de\/en\/wp-json\/wp\/v2\/pages\/169","targetHints":{"allow":["GET"]}}],"collection":[{"href":"https:\/\/mhh-kardiologie.de\/en\/wp-json\/wp\/v2\/pages"}],"about":[{"href":"https:\/\/mhh-kardiologie.de\/en\/wp-json\/wp\/v2\/types\/page"}],"author":[{"embeddable":true,"href":"https:\/\/mhh-kardiologie.de\/en\/wp-json\/wp\/v2\/users\/1"}],"replies":[{"embeddable":true,"href":"https:\/\/mhh-kardiologie.de\/en\/wp-json\/wp\/v2\/comments?post=169"}],"version-history":[{"count":12,"href":"https:\/\/mhh-kardiologie.de\/en\/wp-json\/wp\/v2\/pages\/169\/revisions"}],"predecessor-version":[{"id":6244,"href":"https:\/\/mhh-kardiologie.de\/en\/wp-json\/wp\/v2\/pages\/169\/revisions\/6244"}],"up":[{"embeddable":true,"href":"https:\/\/mhh-kardiologie.de\/en\/wp-json\/wp\/v2\/pages\/107"}],"wp:featuredmedia":[{"embeddable":true,"href":"https:\/\/mhh-kardiologie.de\/en\/wp-json\/wp\/v2\/media\/3305"}],"wp:attachment":[{"href":"https:\/\/mhh-kardiologie.de\/en\/wp-json\/wp\/v2\/media?parent=169"}],"curies":[{"name":"wp","href":"https:\/\/api.w.org\/{rel}","templated":true}]}}