{"id":175,"date":"2021-09-24T12:03:07","date_gmt":"2021-09-24T10:03:07","guid":{"rendered":"http:\/\/mhh-kardiologie.de.w01d58f8.kasserver.com\/?page_id=175"},"modified":"2026-04-07T10:06:29","modified_gmt":"2026-04-07T08:06:29","slug":"arbeitsgruppe-myokardiale-energetik","status":"publish","type":"page","link":"https:\/\/mhh-kardiologie.de\/en\/forschung\/arbeitsgruppe-myokardiale-energetik\/","title":{"rendered":"Arbeitsgruppe Myokardiale Energetik"},"content":{"rendered":"\n<div class=\"wp-block-columns is-layout-flex wp-container-core-columns-is-layout-9d6595d7 wp-block-columns-is-layout-flex\">\n<div class=\"wp-block-column is-layout-flow wp-block-column-is-layout-flow\" style=\"flex-basis:66.66%\">\n<h2 class=\"wp-block-heading\" id=\"arbeitsgruppe-myokardiale-energetik\">Arbeitsgruppe myokardiale Energetik<\/h2>\n\n\n\n<p>Das Herz hat einen hohen Energiebedarf um die kontraktile Funktion aufrecht zu erhalten. Die Energie wird gr\u00f6\u00dftenteils von Mitochondrien innerhalb der Herzmuskelzellen generiert. Das \u00fcbergeordnete Ziel der Arbeitsgruppe \u201eMyokardiale Energetik\u201c ist die Charakterisierung der physiologischen mitochondrialen Funktion in Herzmuskelzellen sowie die Untersuchung der Pathomechanismen, die zur Entwicklung einer Herzinsuffizienz f\u00fchren.<\/p>\n\n\n\n<p><strong>Publikationen<br><\/strong>F\u00fcr die Liste der gesamten&nbsp;Publikationen klicken Sie <a href=\"https:\/\/www.ncbi.nlm.nih.gov\/pubmed\/?term=Christian+Riehle\" target=\"_blank\" rel=\"noreferrer noopener\">hier<\/a><strong>.<\/strong><\/p>\n\n\n<div class=\"lazyblock-hyberlink-block-ZzHB8k wp-block-lazyblock-hyberlink-block\"><a href=\"https:\/\/www.mhh.de\/presse-news\/wie-rhot-proteine-die-energieversorgung-in-herzmuskelzellen-regeln\" target=\"_blank\" rel=\"noopener noreferrer\" class=\"hyperlink_txt\">Wie RHOT-Proteine die Energieversorgung in Herzmuskelzellen regeln<\/a><\/div><\/div>\n\n\n\n<div class=\"wp-block-column is-layout-flow wp-block-column-is-layout-flow\" style=\"flex-basis:33.33%\"><div class=\"personal_container\"><div class=\"personal_portrait\" style=\"background-image: url(https:\/\/mhh-kardiologie.de\/wp-content\/uploads\/2024\/11\/MHH_Kardiologie_OA\u0308_Portraits_riehle_2024-11-06_web.jpg);\"><\/div><div class=\"personal_infos\"><p class=\"personal_name\"><a href=\"https:\/\/mhh-kardiologie.de\/en\/klinikteam\/direktor-oberaerzte\/dr-christian-riehle\/\">PD Dr. Christian Riehle<\/a><\/p><p class=\"personal_mail\"><a href=\"mailto:riehle.christian@mh-hannover.de\">riehle.christian@mh-hannover.de<\/a><\/p><\/div><\/div>\n\n\n\n<div style=\"height:30px\" aria-hidden=\"true\" class=\"wp-block-spacer\"><\/div>\n\n\n\n<p><strong>Wissenschaftliche Mitarbeiterinnen<br><mark style=\"background-color:rgba(0, 0, 0, 0)\" class=\"has-inline-color has-luminous-vivid-orange-color\"><a href=\"mailto:froese.natali@mh-hannover.de\">Dr. Natali Froese<\/a><br><a href=\"mailto:Szaroszyk.Malgorzata@mh-hannover.de\">Malgorzata Szaroszyk<\/a><\/mark><\/strong><\/p>\n\n\n\n<p><strong>Technische Mitarbeiterinnen<\/strong><br><strong><mark style=\"background-color:rgba(0, 0, 0, 0)\" class=\"has-inline-color has-luminous-vivid-orange-color\"><a href=\"mailto:%20Gigina.Anna@mh-hannover.de\">Anna Gigina<\/a><br><a href=\"mailto:Pretzer.Silke@mh-hannover.de%20\">Silke Pretzer<\/a><\/mark><\/strong><\/p>\n\n\n\n<p><strong>Studierende<br><mark style=\"background-color:rgba(0, 0, 0, 0)\" class=\"has-inline-color has-luminous-vivid-orange-color\">Katharina Wihler<\/mark><\/strong><\/p>\n<\/div>\n<\/div>\n\n\n\n<p><\/p>\n","protected":false},"excerpt":{"rendered":"<p>Arbeitsgruppe myokardiale Energetik Das Herz hat einen hohen Energiebedarf um die kontraktile Funktion aufrecht zu erhalten. Die Energie wird gr\u00f6\u00dftenteils von Mitochondrien innerhalb der Herzmuskelzellen generiert. Das \u00fcbergeordnete Ziel der Arbeitsgruppe \u201eMyokardiale Energetik\u201c ist die Charakterisierung der physiologischen mitochondrialen Funktion in Herzmuskelzellen sowie die Untersuchung der Pathomechanismen, die zur Entwicklung einer Herzinsuffizienz f\u00fchren. PublikationenF\u00fcr die [&hellip;]<\/p>\n","protected":false},"author":1,"featured_media":5485,"parent":107,"menu_order":79,"comment_status":"closed","ping_status":"closed","template":"","meta":{"block":"%5B%5D","footnotes":""},"class_list":["post-175","page","type-page","status-publish","has-post-thumbnail","hentry"],"_links":{"self":[{"href":"https:\/\/mhh-kardiologie.de\/en\/wp-json\/wp\/v2\/pages\/175","targetHints":{"allow":["GET"]}}],"collection":[{"href":"https:\/\/mhh-kardiologie.de\/en\/wp-json\/wp\/v2\/pages"}],"about":[{"href":"https:\/\/mhh-kardiologie.de\/en\/wp-json\/wp\/v2\/types\/page"}],"author":[{"embeddable":true,"href":"https:\/\/mhh-kardiologie.de\/en\/wp-json\/wp\/v2\/users\/1"}],"replies":[{"embeddable":true,"href":"https:\/\/mhh-kardiologie.de\/en\/wp-json\/wp\/v2\/comments?post=175"}],"version-history":[{"count":14,"href":"https:\/\/mhh-kardiologie.de\/en\/wp-json\/wp\/v2\/pages\/175\/revisions"}],"predecessor-version":[{"id":6714,"href":"https:\/\/mhh-kardiologie.de\/en\/wp-json\/wp\/v2\/pages\/175\/revisions\/6714"}],"up":[{"embeddable":true,"href":"https:\/\/mhh-kardiologie.de\/en\/wp-json\/wp\/v2\/pages\/107"}],"wp:featuredmedia":[{"embeddable":true,"href":"https:\/\/mhh-kardiologie.de\/en\/wp-json\/wp\/v2\/media\/5485"}],"wp:attachment":[{"href":"https:\/\/mhh-kardiologie.de\/en\/wp-json\/wp\/v2\/media?parent=175"}],"curies":[{"name":"wp","href":"https:\/\/api.w.org\/{rel}","templated":true}]}}