{"id":179,"date":"2021-09-24T12:03:44","date_gmt":"2021-09-24T10:03:44","guid":{"rendered":"http:\/\/mhh-kardiologie.de.w01d58f8.kasserver.com\/?page_id=179"},"modified":"2022-04-27T09:44:50","modified_gmt":"2022-04-27T07:44:50","slug":"exzellenzcluster-rebirth","status":"publish","type":"page","link":"https:\/\/mhh-kardiologie.de\/en\/forschung\/exzellenzcluster-rebirth\/","title":{"rendered":"Exzellenzcluster REBIRTH"},"content":{"rendered":"\n<div class=\"wp-block-columns is-layout-flex wp-container-core-columns-is-layout-9d6595d7 wp-block-columns-is-layout-flex\">\n<div class=\"wp-block-column is-layout-flow wp-block-column-is-layout-flow\" style=\"flex-basis:66.66%\">\n<p><\/p>\n\n\n\n<h2 class=\"wp-block-heading\" id=\"exzellenzcluster-rebirth\">Exzellenzcluster REBIRTH<\/h2>\n\n\n\n<p>Mit der Unterst\u00fctzung von sechs wichtigen Partnerinstitutionen etablierte die Medizinische Hochschule Hannover (MHH) 2006 den Exzellenzcluster \u201eVon Regenerativer Biologie zu Rekonstruktiver Therapie \u2013 \u201eREBIRTH\u201c.<\/p>\n\n\n\n<p>Der Exzellenzcluster wird im Rahmen der Exzellenzinitiative des Bunds und der L\u00e4nder gef\u00f6rdert. Ziel der Exzellenzinitiative ist es, Spitzenforschung in Deutschland zu st\u00e4rken und seine internationale Wettbewerbsf\u00e4higkeit zu verbessern. Herausragende Projekte werden als Exzellenzcluster gef\u00f6rdert, die sich auf das Forschungspotential der universit\u00e4ren Standorte konzentrieren und so die internationale Sichtbarkeit des Wissenschaftsstandortes Deutschland st\u00e4rken.<\/p>\n\n\n\n<p>Sowohl grundlagenwissenschaftliche Institute und Arbeitsgruppen als auch klinische Forscherinnen und Forscher sowie Medizintechniker arbeiten im Exzellenzcluster REBIRTH Hand in Hand zusammen, mit dem Ziel K\u00f6rperfunktionen und Organe \u2013 insbesondere auch das Herz und die Blutgef\u00e4\u00dfe \u2013 bestm\u00f6glich zu erhalten und\/oder wiederherzustellen.<\/p>\n\n\n\n<div style=\"height:30px\" aria-hidden=\"true\" class=\"wp-block-spacer\"><\/div>\n\n\n<div class=\"lazyblock-akkordeon-Z1WfC3V wp-block-lazyblock-akkordeon\">\n<input id=\"beteiligteforscherderkardiologie\" class=\"hide-akkordeon akkordeon-toggle\" type=\"checkbox\" tabindex=\"-1\">\n\n<div class=\"akkordeon-block\">\n  <div class=\"toggler\">\n    <label for=\"beteiligteforscherderkardiologie\" tabindex=\"0\">Beteiligte Forscher der Kardiologie<\/label>\n    <div class=\"akkordeon-bar\"><\/div>\n  <\/div>\n\n  <div class=\"akkordeon-content\">\n    <div class=\"akkordeon-inner-content\">\n      <div class=\"accordion\">\n<div class=\"inner\">\n<div class=\"ce_text block\">\n<p><strong>Aus der Klinik f\u00fcr Kardiologie und Angiologie sind folgende Forscher mit Einzelprojekten am Exzellenzcluster REBIRTH beteiligt:<\/strong><\/p>\n<ul>\n<li><strong><a href=\"https:\/\/mhh-kardiologie.de\/klinikteam\/direktor-oberaerzte\/prof-dr-johann-bauersachs\/\" target=\"_blank\" rel=\"noopener\">Prof. Dr. Johann Bauersachs<\/a><\/strong><\/li>\n<li><strong><a href=\"https:\/\/mhh-kardiologie.de\/klinikteam\/direktor-oberaerzte\/prof-dr-kai-christoph-wollert\/\" target=\"_blank\" rel=\"noopener\">Prof. Dr. Kai Wollert<\/a><\/strong><\/li>\n<\/ul>\n<p>N\u00e4here Informationen \u00fcber die jeweiligen Forschungsgebiete und Projekte k\u00f6nnen Sie unter den Informationsseiten der jeweiligen Arbeitsgruppen finden.<\/p>\n<\/div>\n<\/div>\n<\/div>    <\/div>\n  <\/div>\n<\/div><\/div><\/div>\n\n\n\n<div class=\"wp-block-column is-layout-flow wp-block-column-is-layout-flow\" style=\"flex-basis:33.33%\">\n<p><strong><span class=\"has-inline-color has-luminous-vivid-orange-color\">Weitere Informationen<br><\/span><\/strong><a rel=\"noreferrer noopener\" href=\"http:\/\/www.rebirth-hannover.de\" target=\"_blank\"><span class=\"has-inline-color has-luminous-vivid-orange-color\">www.rebirth-hannover.de<\/span><\/a><\/p>\n<\/div>\n<\/div>\n","protected":false},"excerpt":{"rendered":"<p>Exzellenzcluster REBIRTH Mit der Unterst\u00fctzung von sechs wichtigen Partnerinstitutionen etablierte die Medizinische Hochschule Hannover (MHH) 2006 den Exzellenzcluster \u201eVon Regenerativer Biologie zu Rekonstruktiver Therapie \u2013 \u201eREBIRTH\u201c. Der Exzellenzcluster wird im Rahmen der Exzellenzinitiative des Bunds und der L\u00e4nder gef\u00f6rdert. Ziel der Exzellenzinitiative ist es, Spitzenforschung in Deutschland zu st\u00e4rken und seine internationale Wettbewerbsf\u00e4higkeit zu verbessern. [&hellip;]<\/p>\n","protected":false},"author":1,"featured_media":1170,"parent":107,"menu_order":80,"comment_status":"closed","ping_status":"closed","template":"","meta":{"block":"%5B%5D","footnotes":""},"class_list":["post-179","page","type-page","status-publish","has-post-thumbnail","hentry"],"_links":{"self":[{"href":"https:\/\/mhh-kardiologie.de\/en\/wp-json\/wp\/v2\/pages\/179","targetHints":{"allow":["GET"]}}],"collection":[{"href":"https:\/\/mhh-kardiologie.de\/en\/wp-json\/wp\/v2\/pages"}],"about":[{"href":"https:\/\/mhh-kardiologie.de\/en\/wp-json\/wp\/v2\/types\/page"}],"author":[{"embeddable":true,"href":"https:\/\/mhh-kardiologie.de\/en\/wp-json\/wp\/v2\/users\/1"}],"replies":[{"embeddable":true,"href":"https:\/\/mhh-kardiologie.de\/en\/wp-json\/wp\/v2\/comments?post=179"}],"version-history":[{"count":7,"href":"https:\/\/mhh-kardiologie.de\/en\/wp-json\/wp\/v2\/pages\/179\/revisions"}],"predecessor-version":[{"id":3160,"href":"https:\/\/mhh-kardiologie.de\/en\/wp-json\/wp\/v2\/pages\/179\/revisions\/3160"}],"up":[{"embeddable":true,"href":"https:\/\/mhh-kardiologie.de\/en\/wp-json\/wp\/v2\/pages\/107"}],"wp:featuredmedia":[{"embeddable":true,"href":"https:\/\/mhh-kardiologie.de\/en\/wp-json\/wp\/v2\/media\/1170"}],"wp:attachment":[{"href":"https:\/\/mhh-kardiologie.de\/en\/wp-json\/wp\/v2\/media?parent=179"}],"curies":[{"name":"wp","href":"https:\/\/api.w.org\/{rel}","templated":true}]}}