{"id":181,"date":"2021-09-24T12:04:03","date_gmt":"2021-09-24T10:04:03","guid":{"rendered":"http:\/\/mhh-kardiologie.de.w01d58f8.kasserver.com\/?page_id=181"},"modified":"2025-09-15T14:48:36","modified_gmt":"2025-09-15T12:48:36","slug":"digit-hf-studie","status":"publish","type":"page","link":"https:\/\/mhh-kardiologie.de\/en\/forschung\/digit-hf-studie\/","title":{"rendered":"DIGIT-HF-Studie"},"content":{"rendered":"\n<div class=\"wp-block-columns is-layout-flex wp-container-core-columns-is-layout-9d6595d7 wp-block-columns-is-layout-flex\">\n<div class=\"wp-block-column is-layout-flow wp-block-column-is-layout-flow\" style=\"flex-basis:66.66%\">\n<h2 class=\"wp-block-heading\">STUDIE: KANN DAS LEBEN VON HERZSCHWACHEN VERBESSERT WERDEN?<\/h2>\n\n\n\n<p>In Deutschland leiden etwa drei Millionen Menschen an einer chronischen fortgeschrittenen Herzschw\u00e4che. Die Erkrankung ist eine der h\u00e4ufigsten Ursachen daf\u00fcr, dass Patientinnen oder Patienten ins Krankenhaus eingewiesen werden m\u00fcssen oder an den Folgen sterben. In dieser gro\u00dfen, multizentrischen Untersuchung pr\u00fcfen Wissenschaftlerinnen und Wissenschaftler der Klinik f\u00fcr Kardiologie und Angiologie der Medizinischen Hochschule Hannover (MHH) die Wirksamkeit des Medikamentes Digitoxin.&nbsp;<\/p>\n\n\n\n<p>Das Bundesministerium f\u00fcr Bildung und Forschung (BMBF) hat aufgrund ihrer medizinischen Bedeutung jetzt die Verl\u00e4ngerung der DIGIT-HF-Studie bis Ende 2025 bewilligt. Es stellt f\u00fcr die zweite F\u00f6rderperiode etwa 3,8 Millionen Euro zur Verf\u00fcgung. Mit weiteren 700.000 Euro unterst\u00fctzt die Brauckmann-Wittenberg-Herz-Stiftung das Projekt.&nbsp;<\/p>\n\n\n\n<p>Es wurden \u00fcber 1.200 Patientinnen und Patienten in etwa 50 Zentren in Deutschland, \u00d6sterreich und Serbien in die DIGIT-HF-Studie eingeschlossen. DIGIT-HF ist damit eine der gr\u00f6\u00dften klinischen Studien, die durch das BMBF gef\u00f6rdert wurde. Ende 2024 wurde die Nachverfolgung der Studienpatienten beendet und die finale Auswertung der Studiendaten begonnen. Mit den bisherigen Studiendaten konnten bereits wichtige Erkenntnisse zur Wahl der richtigen Dosisst\u00e4rke bei Patientinnen und Patienten mit Herzinsuffizienz gewonnen werden. Die Hauptergebnisse DIGIT-HF-Studie (verl\u00e4ngert Digitoxin das Leben bei Herzschw\u00e4che und verhindert es Krankenhausaufenthalte?) wurden Ende August 2025 ver\u00f6ffentlicht.<\/p>\n\n\n\n<p><\/p>\n\n\n<div class=\"lazyblock-hyberlink-block-8uPYL wp-block-lazyblock-hyberlink-block\"><a href=\"https:\/\/mhh-kardiologie.de\/presse-mediathek\/presseartikel\/presseartikel-aus-2021\/\" target=\"_blank\" rel=\"noopener noreferrer\" class=\"hyperlink_txt\">Gro\u00dfer Erfolg: 1.000 Patient in DIGIT-HF-Studie eingeschlossen<\/a><\/div>\n\n<div class=\"lazyblock-hyberlink-block-Z28LVh7 wp-block-lazyblock-hyberlink-block\"><a href=\"https:\/\/www.mhh.de\/presse-news\/wirkstoff-aus-rotem-fingerhut-hilft-bei-herzschwaeche\" target=\"_blank\" rel=\"noopener noreferrer\" class=\"hyperlink_txt\">Studienergebnisse: Erstmals wissenschaftlich belegt: Wirkstoff aus rotem Fingerhut hilft bei Herzschw\u00e4che<\/a><\/div>\n\n<div class=\"lazyblock-hyberlink-block-ZSN6Vp wp-block-lazyblock-hyberlink-block\"><a href=\"https:\/\/www.nejm.org\/doi\/full\/10.1056\/NEJMoa2415471?query=featured_home\" target=\"_blank\" rel=\"noopener noreferrer\" class=\"hyperlink_txt\">Originalarbeit: Digitoxin in Patients with Heart Failure and Reduced Ejection Fraction<\/a><\/div><\/div>\n\n\n\n<div class=\"wp-block-column is-layout-flow wp-block-column-is-layout-flow\" style=\"flex-basis:33.33%\">\n<p><strong>Projektleitung<\/strong><\/p>\n\n\n<div class=\"personal_container\"><div class=\"personal_portrait\" style=\"background-image: url(https:\/\/mhh-kardiologie.de\/wp-content\/uploads\/2024\/11\/MHH_Kardiologie_OA\u0308_Portraits_bauersachs_2024-10-29_web.jpg);\"><\/div><div class=\"personal_infos\"><p class=\"personal_name\"><a href=\"https:\/\/mhh-kardiologie.de\/en\/klinikteam\/direktor-oberaerzte\/prof-dr-johann-bauersachs\/\">Prof. Dr. Johann Bauersachs<\/a><\/p><p class=\"personal_mail\"><a href=\"mailto:gaulke.beate@mh-hannover.de\">gaulke.beate@mh-hannover.de<\/a><\/p><\/div><\/div>\n\n\n<div class=\"personal_container\"><div class=\"personal_portrait\" style=\"background-image: url(https:\/\/mhh-kardiologie.de\/wp-content\/uploads\/2024\/11\/MHH_Kardiologie_OA\u0308_Portraits_bavendieck_2024-10-29_web.jpg);\"><\/div><div class=\"personal_infos\"><p class=\"personal_name\"><a href=\"https:\/\/mhh-kardiologie.de\/en\/klinikteam\/direktor-oberaerzte\/prof-dr-udo-bavendiek\/\">Prof. Dr. Udo Bavendiek<\/a><\/p><p class=\"personal_mail\"><a href=\"mailto:bavendiek.udo@mh-hannover.de\">bavendiek.udo@mh-hannover.de<\/a><\/p><\/div><\/div>\n<\/div>\n<\/div>\n\n\n\n<p><\/p>\n","protected":false},"excerpt":{"rendered":"<p>STUDIE: KANN DAS LEBEN VON HERZSCHWACHEN VERBESSERT WERDEN? In Deutschland leiden etwa drei Millionen Menschen an einer chronischen fortgeschrittenen Herzschw\u00e4che. Die Erkrankung ist eine der h\u00e4ufigsten Ursachen daf\u00fcr, dass Patientinnen oder Patienten ins Krankenhaus eingewiesen werden m\u00fcssen oder an den Folgen sterben. In dieser gro\u00dfen, multizentrischen Untersuchung pr\u00fcfen Wissenschaftlerinnen und Wissenschaftler der Klinik f\u00fcr Kardiologie [&hellip;]<\/p>\n","protected":false},"author":1,"featured_media":5749,"parent":107,"menu_order":82,"comment_status":"closed","ping_status":"closed","template":"","meta":{"block":"%5B%5D","footnotes":""},"class_list":["post-181","page","type-page","status-publish","has-post-thumbnail","hentry"],"_links":{"self":[{"href":"https:\/\/mhh-kardiologie.de\/en\/wp-json\/wp\/v2\/pages\/181","targetHints":{"allow":["GET"]}}],"collection":[{"href":"https:\/\/mhh-kardiologie.de\/en\/wp-json\/wp\/v2\/pages"}],"about":[{"href":"https:\/\/mhh-kardiologie.de\/en\/wp-json\/wp\/v2\/types\/page"}],"author":[{"embeddable":true,"href":"https:\/\/mhh-kardiologie.de\/en\/wp-json\/wp\/v2\/users\/1"}],"replies":[{"embeddable":true,"href":"https:\/\/mhh-kardiologie.de\/en\/wp-json\/wp\/v2\/comments?post=181"}],"version-history":[{"count":16,"href":"https:\/\/mhh-kardiologie.de\/en\/wp-json\/wp\/v2\/pages\/181\/revisions"}],"predecessor-version":[{"id":6435,"href":"https:\/\/mhh-kardiologie.de\/en\/wp-json\/wp\/v2\/pages\/181\/revisions\/6435"}],"up":[{"embeddable":true,"href":"https:\/\/mhh-kardiologie.de\/en\/wp-json\/wp\/v2\/pages\/107"}],"wp:featuredmedia":[{"embeddable":true,"href":"https:\/\/mhh-kardiologie.de\/en\/wp-json\/wp\/v2\/media\/5749"}],"wp:attachment":[{"href":"https:\/\/mhh-kardiologie.de\/en\/wp-json\/wp\/v2\/media?parent=181"}],"curies":[{"name":"wp","href":"https:\/\/api.w.org\/{rel}","templated":true}]}}