{"id":185,"date":"2021-09-24T12:07:56","date_gmt":"2021-09-24T10:07:56","guid":{"rendered":"http:\/\/mhh-kardiologie.de.w01d58f8.kasserver.com\/?page_id=185"},"modified":"2026-01-09T16:13:00","modified_gmt":"2026-01-09T15:13:00","slug":"stiftung","status":"publish","type":"page","link":"https:\/\/mhh-kardiologie.de\/en\/stiftung-veranstaltungen\/stiftung\/","title":{"rendered":"Stiftung"},"content":{"rendered":"\n<div class=\"wp-block-columns is-layout-flex wp-container-core-columns-is-layout-9d6595d7 wp-block-columns-is-layout-flex\">\n<div class=\"wp-block-column is-layout-flow wp-block-column-is-layout-flow\" style=\"flex-basis:66.66%\">\n<h2 class=\"wp-block-heading\">Zukunft stiften<\/h2>\n\n\n\n<p><strong>Die \u201eZukunft stiften\u201c der Klinik f\u00fcr Kardiologie und Angiologie hat es sich zum Stiftungszweck gemacht, kardiologische Forschungsprojekte zu unterst\u00fctzen.<\/strong><\/p>\n\n\n\n<figure class=\"wp-block-image size-full\"><img loading=\"lazy\" decoding=\"async\" width=\"300\" height=\"104\" src=\"https:\/\/mhh-kardiologie.de\/wp-content\/uploads\/2021\/10\/MHH_Kardiologie_Zukunft-stiften_Logo_RZ_web.png\" alt=\"\" class=\"wp-image-1191\"\/><\/figure>\n\n\n\n<p>Die Medizinische Hochschule Hannover steht f\u00fcr Spitzenmedizin mit weltweitem Ruf. Wir betreiben Forschung, deren Ergebnisse Meilensteine f\u00fcr die Behandlung von Patientinnen und Patienten mit chronischen oder seltenen Herzerkrankungen bedeuten. Aber noch mehr: Menschen mit akutem Herzinfarkt oder schwerwiegenden Erkrankungen haben bei uns eine h\u00f6here \u00dcberlebenschance, als anderswo. Nur um einige, wenige Beispiele zu benennen.<\/p>\n\n\n\n<p>Im krassen Gegensatz dazu steht der Sparzwang in der Medizin. Forschung, Wissenschaft und Spitzenmedizin funktionieren nicht mit permanenten finanziellen Einschr\u00e4nkungen.<\/p>\n\n\n\n<p>Wir wissen, dass Patientinnen und Patienten mit komplexen Krankheitsverl\u00e4ufen oder seltenen Erkrankungen zu uns kommen, weil ihnen hier das gesamte Spektrum einer Klinik der Supramaximalversorgung zur Verf\u00fcgung steht. Wir wissen auch, dass gerade diese&nbsp;Patientinnen und Patienten kosten- und pflegeintensiv sind. Ihre Krankheitsbilder und Verl\u00e4ufe sind jedoch der Motor,&nbsp;der unsere Forscherinnen und Forscher antreibt, nach innovativen L\u00f6sungen f\u00fcr komplexe medizinische Probleme zu suchen.<\/p>\n\n\n\n<p><strong><span class=\"has-inline-color has-luminous-vivid-orange-color\">Denn ohne Forschung gibt es keinen Fortschritt.<\/span><\/strong><\/p>\n\n\n\n<p>Es ist uns daher eine Herzensangelegenheit, die Spitzenmedizin an unserer Klinik noch besser zu fordern und zu f\u00f6rdern, um Menschen eine Chance auf Heilung zu erm\u00f6glichen.<\/p>\n\n\n<div class=\"lazyblock-akkordeon-flyer-mMxN5 wp-block-lazyblock-akkordeon-flyer\"><input id=\"stiftungsbroschre\" class=\"hide akkordeon-toggle\" type=\"checkbox\"><div class=\"akkordeon-block\">\n  <div class=\"toggler\"><label for=\"stiftungsbroschre\">Stiftungsbrosch\u00fcre<\/label><div class=\"akkordeon-bar\"><\/div><\/div><div class=\"akkordeon-content\"><div class=\"akkordeon-inner-content\"><div class=\"wp-block-columns flyer\"><div class=\"wp-block-column\"><img decoding=\"async\" src=\"https:\/\/mhh-kardiologie.de\/wp-content\/uploads\/2021\/10\/MHH_Kardiologie_Zukunft-stiften_148x148mm_WEB_Deckblatt-fad7f513.jpg\" alt=\"MHH_Kardiologie_Zukunft-stiften_148x148mm_WEB_Deckblatt-fad7f513\" style=\"margin-right: 20px; display: block;\"><\/div><div class=\"wp-block-column\" style=\"margin-left: 20px;\"><p style=\"margin-bottom: 8px;\"><strong>Titel<\/strong><\/p><p style=\"margin-bottom: 24px;\">Stiftungsfolder<\/p><p style=\"margin-bottom: 8px;\"><strong>Download<\/strong><\/p><p><a href=\"https:\/\/mhh-kardiologie.de\/wp-content\/uploads\/2022\/04\/MHH_Kardiologie_Zukunft-stiften_2022.pdf\" target=\"_blank\">MHH_Kardiologie_Zukunft-stiften_2022.pdf (1008KB)<\/a><\/p><\/div><\/div><\/div><\/div><\/div><\/div>\n\n<div class=\"lazyblock-akkordeon-Z1ymLbC wp-block-lazyblock-akkordeon\">\n<input id=\"stiftungsziele\" class=\"hide-akkordeon akkordeon-toggle\" type=\"checkbox\" tabindex=\"-1\">\n\n<div class=\"akkordeon-block\">\n  <div class=\"toggler\">\n    <label for=\"stiftungsziele\" tabindex=\"0\">Stiftungsziele<\/label>\n    <div class=\"akkordeon-bar\"><\/div>\n  <\/div>\n\n  <div class=\"akkordeon-content\">\n    <div class=\"akkordeon-inner-content\">\n      <div class=\"accordion\">\n<div class=\"inner\">\n<div class=\"ce_text block\">\n<p>Die Stiftung soll \u00fcberall da eintreten, wo es an dringend ben\u00f6tigten Mitteln f\u00fcr den professionellen Arbeitseinsatz mangelt. Sie soll die \u00c4rztinnen und \u00c4rzte in ihren Forschungsbereichen unterst\u00fctzen und ganz konkret da t\u00e4tig werden, wo Projekte nicht ausreichend unterst\u00fctzt wurden.<\/p>\n<ul>\n<li>Effizientere Therapien nach Herzstillstand<\/li>\n<li>Noch individueller angepasste Behandlung von Herzrhythmusst\u00f6rungen<\/li>\n<li>Aufkl\u00e4rung der Stoffwechselst\u00f6rungen im Herzmuskel bei Herzschw\u00e4che<\/li>\n<li>Personalisierte Therapieans\u00e4tze bei Schwangerschaftsherz\u00adschw\u00e4che<\/li>\n<li>Entwicklung von innovativen Proteintherapien f\u00fcr Herzinfarkt bzw. Herzschw\u00e4che<\/li>\n<\/ul>\n<\/div>\n<\/div>\n<\/div>    <\/div>\n  <\/div>\n<\/div><\/div>\n\n<div class=\"lazyblock-akkordeon-Z1WC1h4 wp-block-lazyblock-akkordeon\">\n<input id=\"335000eurofrdiestiftung\" class=\"hide-akkordeon akkordeon-toggle\" type=\"checkbox\" tabindex=\"-1\">\n\n<div class=\"akkordeon-block\">\n  <div class=\"toggler\">\n    <label for=\"335000eurofrdiestiftung\" tabindex=\"0\">335.000 Euro f\u00fcr die Stiftung<\/label>\n    <div class=\"akkordeon-bar\"><\/div>\n  <\/div>\n\n  <div class=\"akkordeon-content\">\n    <div class=\"akkordeon-inner-content\">\n      <p>Frau Lieselotte Kunert hinterlie\u00df nach ihrem Tod 2018 der Deutschen Herzstiftung 335.000 EUR, die f\u00fcr die F\u00f6rderung der\u00a0Klinik f\u00fcr Kardiologie und Angiologie an der Medizinischen Hochschule Hannover verwendet werden sollte. Die Testamentsabwicklung dauerte insgesamt zwei Jahre, jetzt aber steht das Geld der Stiftung \u201eZukunft stiften\u201c f\u00fcr einen guten Zweck zur Verf\u00fcgung.\u00a0<\/p>\n<p>Prof. Bauersachs und der Vorsitzende des Kuratoriums der Stiftung der MHH-Kardiologie \u201eZukunft stiften\u201c nahmen die symbolische Scheck\u00fcbergabe gemeinsam entgegen. Eine Zuwendung in dieser Gr\u00f6\u00dfenordnung ist laut Prof. Bauersachs \u201eetwas sehr Besonderes\u201c.\u00a0<\/p>\n<p>Auch die Deutsche Herzstiftung freute sich sehr, dass der Wunsch von Frau Kunert erf\u00fcllt werden konnte und mit der genannten Zuwendung ein konkreter Beitrag zur besseren Versorgung von Herzpatienten in der Klinik f\u00fcr Kardiologie und Angiologie geleistet werden kann. Vorrangig soll der Nachlass f\u00fcr die Forschung von neuen Behandlungsmethoden eingesetzt werden.\u00a0<\/p>\n<p><img loading=\"lazy\" decoding=\"async\" class=\"alignnone size-medium wp-image-330\" src=\"https:\/\/mhh-kardiologie.de\/wp-content\/uploads\/2021\/09\/Nachlass_Zukunft-stiften_335.000EUR-300x200.jpg\" alt=\"\" width=\"300\" height=\"200\" srcset=\"https:\/\/mhh-kardiologie.de\/wp-content\/uploads\/2021\/09\/Nachlass_Zukunft-stiften_335.000EUR-300x200.jpg 300w, https:\/\/mhh-kardiologie.de\/wp-content\/uploads\/2021\/09\/Nachlass_Zukunft-stiften_335.000EUR-1024x683.jpg 1024w, https:\/\/mhh-kardiologie.de\/wp-content\/uploads\/2021\/09\/Nachlass_Zukunft-stiften_335.000EUR-768x512.jpg 768w, https:\/\/mhh-kardiologie.de\/wp-content\/uploads\/2021\/09\/Nachlass_Zukunft-stiften_335.000EUR-1536x1024.jpg 1536w, https:\/\/mhh-kardiologie.de\/wp-content\/uploads\/2021\/09\/Nachlass_Zukunft-stiften_335.000EUR-2048x1365.jpg 2048w\" sizes=\"auto, (max-width: 300px) 100vw, 300px\" \/><\/p>\n<p>Den ganzen Artikel lesen Sie <a href=\"https:\/\/www.mhh.de\/presse-news\/335000-euro-nachlass-fuer-die-mhh-kardiologie\">hier.<\/a><\/p>    <\/div>\n  <\/div>\n<\/div><\/div>\n\n<div class=\"lazyblock-akkordeon-1ggmy3 wp-block-lazyblock-akkordeon\">\n<input id=\"ihrespende\" class=\"hide-akkordeon akkordeon-toggle\" type=\"checkbox\" tabindex=\"-1\">\n\n<div class=\"akkordeon-block\">\n  <div class=\"toggler\">\n    <label for=\"ihrespende\" tabindex=\"0\">Ihre Spende<\/label>\n    <div class=\"akkordeon-bar\"><\/div>\n  <\/div>\n\n  <div class=\"akkordeon-content\">\n    <div class=\"akkordeon-inner-content\">\n      <div class=\"accordion\">\n<div class=\"inner\">\n<div class=\"ce_text block\">\n<p class=\"p1\"><strong>Eine Geld- oder Sachspende ist ein besonderer Vertrauensbeweis und f\u00fcr diesen m\u00f6chten wir uns recht herzlich bedanken.<br \/><br \/><\/strong><span class=\"s1\">Wenn Sie ein konkretes Anliegen haben oder aufgrund einer pers\u00f6nlichen Erfahrung uns in einem speziellen Bereich oder bei einer konkreten Investition unterst\u00fctzen m\u00f6chten, kontaktieren Sie den Vorsitzenden unserer Stiftung, Professor Dr. Johann Bauersachs, jederzeit gerne. Diese Anliegen sind ihm sehr wichtig und er nimmt sich gerne Zeit f\u00fcr Sie!<br \/><br \/><\/span><span class=\"s1\">Gerade \u00e4ltere Patientinnen und Patienten, mit denen wir in der Klinik teilweise einen langen gemeinsamen Weg gegangen sind, m\u00f6chten ihren Nachlass kl\u00e4ren und Dinge geregelt wissen. Das ist in jeder Hinsicht ein guter und wichtiger Schritt. <br \/><br \/><\/span><span class=\"s1\">Hier sind wir sehr gerne mit unserer Treuh\u00e4nderin, der F\u00f6rderstiftung MHH plus, Ihr Ansprechpartner und beraten Sie, falls Sie Ihren Nachlass in Teilen f\u00fcr unsere Stiftung einsetzen m\u00f6chten. <\/span><\/p>\n<\/div>\n<\/div>\n<\/div>    <\/div>\n  <\/div>\n<\/div><\/div>\n\n<div class=\"lazyblock-akkordeon-Z2bzmTK wp-block-lazyblock-akkordeon\">\n<input id=\"bankverbindung\" class=\"hide-akkordeon akkordeon-toggle\" type=\"checkbox\" tabindex=\"-1\">\n\n<div class=\"akkordeon-block\">\n  <div class=\"toggler\">\n    <label for=\"bankverbindung\" tabindex=\"0\">Bankverbindung<\/label>\n    <div class=\"akkordeon-bar\"><\/div>\n  <\/div>\n\n  <div class=\"akkordeon-content\">\n    <div class=\"akkordeon-inner-content\">\n      <div class=\"accordion\">\n<div class=\"inner\">\n<div class=\"ce_text block\">\n<h3>Spenden Sie jetzt Zukunft<\/h3>\n<p>Wenn Sie unsere Forschung mit Ihrer Spende unterst\u00fctzen m\u00f6chten, dann k\u00f6nnen Sie dieses gerne mit einer monatlichen Zahlung oder einer Einmalspende tun. Bitte verwenden Sie f\u00fcr Ihre \u00dcberweisung das angegebene Konto. Wenn Sie eine Spendenbescheinigung w\u00fcnschen, lassen Sie uns bitte im Rahmen Ihrer \u00dcberweisung Ihre Kontaktdaten zukommen.<\/p>\n<p class=\"p1\"><span style=\"color: #ff6600;\"><strong><span class=\"s1\">Zukunft stiften \u2013\u00a0MHH Klinik f\u00fcr Kardiologie und Angiologie<\/span><\/strong><\/span><\/p>\n<p class=\"p1\"><strong><span class=\"s1\">F\u00f6rderstiftung MHH plus<br \/><\/span><\/strong><strong><span class=\"s1\">IBAN DE29 2504 0066 0444 7702 00<br \/><\/span><\/strong><strong><span class=\"s1\">BIC COBADEFFXXX<br \/><\/span><\/strong><strong><span class=\"s1\">Commerzbank Hannover<br \/>Verwendungszweck: Zukunft stiften Kardiologie<br \/><\/span><\/strong><\/p>\n<\/div>\n<\/div>\n<\/div>    <\/div>\n  <\/div>\n<\/div><\/div>\n\n<div class=\"lazyblock-akkordeon-ZTXWfr wp-block-lazyblock-akkordeon\">\n<input id=\"daskuratorium\" class=\"hide-akkordeon akkordeon-toggle\" type=\"checkbox\" tabindex=\"-1\">\n\n<div class=\"akkordeon-block\">\n  <div class=\"toggler\">\n    <label for=\"daskuratorium\" tabindex=\"0\">Das Kuratorium<\/label>\n    <div class=\"akkordeon-bar\"><\/div>\n  <\/div>\n\n  <div class=\"akkordeon-content\">\n    <div class=\"akkordeon-inner-content\">\n      <div class=\"accordion\">\n<div class=\"inner\">\n<div class=\"ce_text block\">\n<ul>\n<li>\n<p>Prof. Dr. Johann Bauersachs, Direktor der Klinik f\u00fcr Kardiologie und Angiologie<\/p>\n<\/li>\n<li>\n<p>Prof. Dr. Andreas Sch\u00e4fer, Stellvertretender Direktor der Klinik f\u00fcr Kardiologie und Angiologie<\/p>\n<\/li>\n<li>\n<p>Prof. Dr. Kai Christoph Wollert, Molekulare und Translationale Kardiologie an der Klinik f\u00fcr <span class=\"s1\">Kardiologie und Angiologie<\/span><\/p>\n<\/li>\n<li>\n<p>Dr. Eckhard Schenke, F\u00f6rderstiftung MHH plus<\/p>\n<\/li>\n<\/ul>\n<\/div>\n<\/div>\n<\/div>    <\/div>\n  <\/div>\n<\/div><\/div><\/div>\n\n\n\n<div class=\"wp-block-column is-layout-flow wp-block-column-is-layout-flow\" style=\"flex-basis:33.33%\"><div class=\"personal_container\"><div class=\"personal_portrait\" style=\"background-image: url(https:\/\/mhh-kardiologie.de\/wp-content\/uploads\/2026\/04\/MHH_Kardiologie_Bauersachs_2026_.jpg);\"><\/div><div class=\"personal_infos\"><p class=\"personal_name\"><a href=\"https:\/\/mhh-kardiologie.de\/en\/klinikteam\/direktor-oberaerzte\/prof-dr-johann-bauersachs\/\">Prof. Dr. Johann Bauersachs<\/a><\/p><p class=\"personal_mail\"><a href=\"mailto:gaulke.beate@mh-hannover.de\">gaulke.beate@mh-hannover.de<\/a><\/p><\/div><\/div>\n\n\n\n<div style=\"height:30px\" aria-hidden=\"true\" class=\"wp-block-spacer\"><\/div>\n\n\n\n<p><strong>Kontakt<br><\/strong><span class=\"has-inline-color has-luminous-vivid-orange-color\"><strong>\u201eZukunft stiften\u201c MHH Kardiologie<\/strong><br>Sekretariat<strong>&nbsp;<\/strong>Prof. Dr. Johann Bauersachs<br>Carl-Neuberg-Str. 1<br>30625 Hannover<br>Tel.: 0511 532-3841<br><a href=\"mailto:kardiologie@mh-hannover.de\">kardiologie@mh-hannover.de<\/a><\/span><\/p>\n<\/div>\n<\/div>\n","protected":false},"excerpt":{"rendered":"<p>Zukunft stiften Die \u201eZukunft stiften\u201c der Klinik f\u00fcr Kardiologie und Angiologie hat es sich zum Stiftungszweck gemacht, kardiologische Forschungsprojekte zu unterst\u00fctzen. Die Medizinische Hochschule Hannover steht f\u00fcr Spitzenmedizin mit weltweitem Ruf. Wir betreiben Forschung, deren Ergebnisse Meilensteine f\u00fcr die Behandlung von Patientinnen und Patienten mit chronischen oder seltenen Herzerkrankungen bedeuten. Aber noch mehr: Menschen mit [&hellip;]<\/p>\n","protected":false},"author":1,"featured_media":1188,"parent":109,"menu_order":94,"comment_status":"closed","ping_status":"closed","template":"","meta":{"block":"%5B%5D","footnotes":""},"class_list":["post-185","page","type-page","status-publish","has-post-thumbnail","hentry"],"_links":{"self":[{"href":"https:\/\/mhh-kardiologie.de\/en\/wp-json\/wp\/v2\/pages\/185","targetHints":{"allow":["GET"]}}],"collection":[{"href":"https:\/\/mhh-kardiologie.de\/en\/wp-json\/wp\/v2\/pages"}],"about":[{"href":"https:\/\/mhh-kardiologie.de\/en\/wp-json\/wp\/v2\/types\/page"}],"author":[{"embeddable":true,"href":"https:\/\/mhh-kardiologie.de\/en\/wp-json\/wp\/v2\/users\/1"}],"replies":[{"embeddable":true,"href":"https:\/\/mhh-kardiologie.de\/en\/wp-json\/wp\/v2\/comments?post=185"}],"version-history":[{"count":16,"href":"https:\/\/mhh-kardiologie.de\/en\/wp-json\/wp\/v2\/pages\/185\/revisions"}],"predecessor-version":[{"id":6571,"href":"https:\/\/mhh-kardiologie.de\/en\/wp-json\/wp\/v2\/pages\/185\/revisions\/6571"}],"up":[{"embeddable":true,"href":"https:\/\/mhh-kardiologie.de\/en\/wp-json\/wp\/v2\/pages\/109"}],"wp:featuredmedia":[{"embeddable":true,"href":"https:\/\/mhh-kardiologie.de\/en\/wp-json\/wp\/v2\/media\/1188"}],"wp:attachment":[{"href":"https:\/\/mhh-kardiologie.de\/en\/wp-json\/wp\/v2\/media?parent=185"}],"curies":[{"name":"wp","href":"https:\/\/api.w.org\/{rel}","templated":true}]}}