{"id":187,"date":"2021-09-24T12:08:20","date_gmt":"2021-09-24T10:08:20","guid":{"rendered":"http:\/\/mhh-kardiologie.de.w01d58f8.kasserver.com\/?page_id=187"},"modified":"2026-01-09T09:50:59","modified_gmt":"2026-01-09T08:50:59","slug":"angiologisches-forum","status":"publish","type":"page","link":"https:\/\/mhh-kardiologie.de\/en\/stiftung-veranstaltungen\/angiologisches-forum\/","title":{"rendered":"Angiologisches Forum"},"content":{"rendered":"\n<div class=\"wp-block-columns is-layout-flex wp-container-core-columns-is-layout-9d6595d7 wp-block-columns-is-layout-flex\">\n<div class=\"wp-block-column is-layout-flow wp-block-column-is-layout-flow\" style=\"flex-basis:66.66%\">\n<h2 class=\"wp-block-heading\">Angiologisches Forum<\/h2>\n\n\n\n<p>Das angiologische Forum ist das j\u00fcngste Format \u00e4rztlicher Fachfortbildung der Klinik f\u00fcr Kardiologie und Angiologie. Die Veranstaltung richtet sich an niedergelassene oder in Kliniken t\u00e4tige Kolleginnen und Kollegen mit Interesse an oder direktem praktischem Bezug zur Gef\u00e4\u00dfmedizin. Anerkannte Expertinnen und Experten referieren einmal j\u00e4hrlich zu modernen Standards, aktuellen Themen und Neuerungen rund um die Gef\u00e4\u00dfmedizin. Der kollegiale Austausch erm\u00f6glicht die Vertiefung der Zusammenarbeit mit dem hiesigen Kollegium.<\/p>\n\n\n\n<p>Save the Date: Das\u00a010. Angiologische Forum findet am<strong> <mark style=\"background-color:rgba(0, 0, 0, 0)\" class=\"has-inline-color has-luminous-vivid-orange-color\">25. November 2026<\/mark>\u00a0<\/strong>statt.<\/p>\n<\/div>\n\n\n\n<div class=\"wp-block-column is-layout-flow wp-block-column-is-layout-flow\" style=\"flex-basis:33.33%\">\n<p><strong>Bereichsleitung<\/strong><\/p>\n\n\n<div class=\"personal_container\"><div class=\"personal_portrait\" style=\"background-image: url(https:\/\/mhh-kardiologie.de\/wp-content\/uploads\/2024\/11\/MHH_Kardiologie_OA\u0308_Portraits_sonnenschein_2024-10-29_web.jpg);\"><\/div><div class=\"personal_infos\"><p class=\"personal_name\"><a href=\"https:\/\/mhh-kardiologie.de\/en\/klinikteam\/direktor-oberaerzte\/dr-kristina-sonnenschein\/\">PD Dr. Kristina Sonnenschein<\/a><\/p><p class=\"personal_mail\"><a href=\"mailto:sonnenschein.kristina@mh-hannover.de\">sonnenschein.kristina@mh-hannover.de<\/a><\/p><\/div><\/div>\n<\/div>\n<\/div>\n\n\n\n<p><\/p>\n","protected":false},"excerpt":{"rendered":"<p>Angiologisches Forum Das angiologische Forum ist das j\u00fcngste Format \u00e4rztlicher Fachfortbildung der Klinik f\u00fcr Kardiologie und Angiologie. Die Veranstaltung richtet sich an niedergelassene oder in Kliniken t\u00e4tige Kolleginnen und Kollegen mit Interesse an oder direktem praktischem Bezug zur Gef\u00e4\u00dfmedizin. Anerkannte Expertinnen und Experten referieren einmal j\u00e4hrlich zu modernen Standards, aktuellen Themen und Neuerungen rund um [&hellip;]<\/p>\n","protected":false},"author":1,"featured_media":275,"parent":109,"menu_order":95,"comment_status":"closed","ping_status":"closed","template":"","meta":{"block":"%5B%5D","footnotes":""},"class_list":["post-187","page","type-page","status-publish","has-post-thumbnail","hentry"],"_links":{"self":[{"href":"https:\/\/mhh-kardiologie.de\/en\/wp-json\/wp\/v2\/pages\/187","targetHints":{"allow":["GET"]}}],"collection":[{"href":"https:\/\/mhh-kardiologie.de\/en\/wp-json\/wp\/v2\/pages"}],"about":[{"href":"https:\/\/mhh-kardiologie.de\/en\/wp-json\/wp\/v2\/types\/page"}],"author":[{"embeddable":true,"href":"https:\/\/mhh-kardiologie.de\/en\/wp-json\/wp\/v2\/users\/1"}],"replies":[{"embeddable":true,"href":"https:\/\/mhh-kardiologie.de\/en\/wp-json\/wp\/v2\/comments?post=187"}],"version-history":[{"count":19,"href":"https:\/\/mhh-kardiologie.de\/en\/wp-json\/wp\/v2\/pages\/187\/revisions"}],"predecessor-version":[{"id":6566,"href":"https:\/\/mhh-kardiologie.de\/en\/wp-json\/wp\/v2\/pages\/187\/revisions\/6566"}],"up":[{"embeddable":true,"href":"https:\/\/mhh-kardiologie.de\/en\/wp-json\/wp\/v2\/pages\/109"}],"wp:featuredmedia":[{"embeddable":true,"href":"https:\/\/mhh-kardiologie.de\/en\/wp-json\/wp\/v2\/media\/275"}],"wp:attachment":[{"href":"https:\/\/mhh-kardiologie.de\/en\/wp-json\/wp\/v2\/media?parent=187"}],"curies":[{"name":"wp","href":"https:\/\/api.w.org\/{rel}","templated":true}]}}