{"id":189,"date":"2021-09-24T12:08:51","date_gmt":"2021-09-24T10:08:51","guid":{"rendered":"http:\/\/mhh-kardiologie.de.w01d58f8.kasserver.com\/?page_id=189"},"modified":"2022-02-14T12:13:31","modified_gmt":"2022-02-14T11:13:31","slug":"bpm-beats-pizza-more","status":"publish","type":"page","link":"https:\/\/mhh-kardiologie.de\/en\/stiftung-veranstaltungen\/bpm-beats-pizza-more\/","title":{"rendered":"bpm &#8211; beats, pizza &#038; more"},"content":{"rendered":"\n<div class=\"wp-block-columns is-layout-flex wp-container-core-columns-is-layout-9d6595d7 wp-block-columns-is-layout-flex\">\n<div class=\"wp-block-column is-layout-flow wp-block-column-is-layout-flow\" style=\"flex-basis:66.66%\">\n<h2 class=\"wp-block-heading\" id=\"bpm-beats-pizza-more\">bpm &#8211; beats, Pizza &#038; more<\/h2>\n\n\n\n<h3 class=\"wp-block-heading\" id=\"rhythmologie-ma-h-l-anders\">RHYTHMOLOGIE MA(H)L ANDERS<\/h3>\n\n\n\n<p>Mit \u201ebpm \u2013 beats, pizza and more\u201c haben wir ein neues und innovatives Fortbildungsformat ins Leben gerufen. Fernab des klassischen Konferenzraumes, in ungezwungener Atmosph\u00e4re und beim Genuss einer guten Pizza, diskutieren wir besondere F\u00e4lle unserer Klinik, EKG und aktuelle Ver\u00f6ffentlichungen in der Rhythmologie. Wir wollen zeigen, dass kollegialer Austausch auch mal anders funktionieren kann und freuen uns \u00fcber den gro\u00dfen Zuspruch dieses neuen Formats!<\/p>\n\n\n\n<p class=\"has-luminous-vivid-orange-color has-text-color\">Informationen zur n\u00e4chsten Fortbildungsveranstaltung folgen zeitnah.&nbsp;<\/p>\n\n\n\n<p><strong>Bitte beachten Sie, dass eine Anmeldung dringlich erforderlich ist, da die Pl\u00e4tze limitiert sind!<\/strong><\/p>\n\n\n\n<p>Anmeldung unter:<br><a href=\"mailto:duncker.david@mh-hannover.de\">duncker.david@mh-hannover.de<\/a><\/p>\n<\/div>\n\n\n\n<div class=\"wp-block-column is-layout-flow wp-block-column-is-layout-flow\" style=\"flex-basis:33.33%\">\n<p><strong>Bereichsleitung Rhythmologie und Elektrophysiologie<\/strong><\/p>\n\n\n<div class=\"personal_container\"><div class=\"personal_portrait\" style=\"background-image: url(https:\/\/mhh-kardiologie.de\/wp-content\/uploads\/2024\/11\/MHH_Kardiologie_OA\u0308_Portraits_Duncker_2024-10-29_web.jpg);\"><\/div><div class=\"personal_infos\"><p class=\"personal_name\"><a href=\"https:\/\/mhh-kardiologie.de\/en\/klinikteam\/direktor-oberaerzte\/pd-dr-david-duncker\/\">Prof. Dr. David Duncker<\/a><\/p><p class=\"personal_mail\"><a href=\"mailto:mueller.xenia@mh-hannover.de\">mueller.xenia@mh-hannover.de<\/a><\/p><\/div><\/div>\n<\/div>\n<\/div>\n","protected":false},"excerpt":{"rendered":"<p>bpm &#8211; beats, Pizza &#038; more RHYTHMOLOGIE MA(H)L ANDERS Mit \u201ebpm \u2013 beats, pizza and more\u201c haben wir ein neues und innovatives Fortbildungsformat ins Leben gerufen. Fernab des klassischen Konferenzraumes, in ungezwungener Atmosph\u00e4re und beim Genuss einer guten Pizza, diskutieren wir besondere F\u00e4lle unserer Klinik, EKG und aktuelle Ver\u00f6ffentlichungen in der Rhythmologie. Wir wollen zeigen, [&hellip;]<\/p>\n","protected":false},"author":1,"featured_media":1207,"parent":109,"menu_order":96,"comment_status":"closed","ping_status":"closed","template":"","meta":{"block":"%5B%5D","footnotes":""},"class_list":["post-189","page","type-page","status-publish","has-post-thumbnail","hentry"],"_links":{"self":[{"href":"https:\/\/mhh-kardiologie.de\/en\/wp-json\/wp\/v2\/pages\/189","targetHints":{"allow":["GET"]}}],"collection":[{"href":"https:\/\/mhh-kardiologie.de\/en\/wp-json\/wp\/v2\/pages"}],"about":[{"href":"https:\/\/mhh-kardiologie.de\/en\/wp-json\/wp\/v2\/types\/page"}],"author":[{"embeddable":true,"href":"https:\/\/mhh-kardiologie.de\/en\/wp-json\/wp\/v2\/users\/1"}],"replies":[{"embeddable":true,"href":"https:\/\/mhh-kardiologie.de\/en\/wp-json\/wp\/v2\/comments?post=189"}],"version-history":[{"count":7,"href":"https:\/\/mhh-kardiologie.de\/en\/wp-json\/wp\/v2\/pages\/189\/revisions"}],"predecessor-version":[{"id":2807,"href":"https:\/\/mhh-kardiologie.de\/en\/wp-json\/wp\/v2\/pages\/189\/revisions\/2807"}],"up":[{"embeddable":true,"href":"https:\/\/mhh-kardiologie.de\/en\/wp-json\/wp\/v2\/pages\/109"}],"wp:featuredmedia":[{"embeddable":true,"href":"https:\/\/mhh-kardiologie.de\/en\/wp-json\/wp\/v2\/media\/1207"}],"wp:attachment":[{"href":"https:\/\/mhh-kardiologie.de\/en\/wp-json\/wp\/v2\/media?parent=189"}],"curies":[{"name":"wp","href":"https:\/\/api.w.org\/{rel}","templated":true}]}}