{"id":193,"date":"2021-09-24T12:10:46","date_gmt":"2021-09-24T10:10:46","guid":{"rendered":"http:\/\/mhh-kardiologie.de.w01d58f8.kasserver.com\/?page_id=193"},"modified":"2026-04-25T13:31:31","modified_gmt":"2026-04-25T11:31:31","slug":"hannover-herz-lungen-messe","status":"publish","type":"page","link":"https:\/\/mhh-kardiologie.de\/en\/stiftung-veranstaltungen\/hannover-herz-lungen-messe\/","title":{"rendered":"Hannover Herz Lungen Messe"},"content":{"rendered":"\n<div class=\"wp-block-columns is-layout-flex wp-container-core-columns-is-layout-9d6595d7 wp-block-columns-is-layout-flex\">\n<div class=\"wp-block-column is-layout-flow wp-block-column-is-layout-flow\" style=\"flex-basis:66.66%\">\n<h2 class=\"wp-block-heading\" id=\"hannover-herz-lungen-messe\">Hannover Herz Lungen Messe<\/h2>\n\n\n\n<p>Die Hannover Herz Lungen Messe (HHM) gibt jedes Fr\u00fchjahr einen aktuellen und spannenden \u00dcberblick \u00fcber die Herz- und Lungenmedizin. Sie wird gemeinsam von der Klinik f\u00fcr Kardiologie und Angiologie, der Klinik f\u00fcr Pneumologie und der Klinik f\u00fcr Herz-, Thorax-, Transplantations- und Gef\u00e4\u00dfchirurgie organisiert.<\/p>\n\n\n\n<p>Die Themen der Hannover Herz Lungen Messe richten sich sowohl an Kliniker als auch an niedergelassene \u00c4rztinnen und \u00c4rzte. Die Vortr\u00e4ge renommierter Expertinnen und Experten behandeln Fragestellungen des weitgef\u00e4cherten Spektrums kardialer und pulmonaler Erkrankungen. Sie bieten einen \u00dcberblick \u00fcber kardiologische sowie chirurgische Therapieoptionen nach aktuellen Leitlinien, wobei insbesondere die individuelle Umsetzung in der Praxis im Mittelpunkt steht. Innovative Entwicklungen in der Translation von der Forschung in die klinische Anwendung werden diskutiert.<\/p>\n\n\n\n<p>Jedes zweite Jahr wird das wissenschaftliche Fortbildungsprogramm durch den Bev\u00f6lkerungs- und Patiententag erg\u00e4nzt, bei dem neben Informationsvortr\u00e4gen zur Pr\u00e4vention und Therapie von Herz- und Lungenerkrankungen patientennahe Gesundheitsdienstleistungen im Vordergrund stehen. Diese werden an verschiedenen Informationsst\u00e4nden facettenreich erl\u00e4utert.<\/p>\n\n\n\n<p>++ Save the Date: Die 15. Hannover Herz Lungen Messe findet vom <strong><mark style=\"background-color:rgba(0, 0, 0, 0)\" class=\"has-inline-color has-luminous-vivid-orange-color\">09.-10. April 2027<\/mark>\u00a0<\/strong>statt. ++\u00a0<br><br>Weitere Informationen erhalten Sie unter: <a href=\"http:\/\/www.hannover-herz-messe.de\/\" target=\"_blank\" rel=\"noreferrer noopener\">hannover-herz-messe.de<\/a><\/p>\n\n\n\n<figure class=\"wp-block-embed is-type-video is-provider-youtube wp-block-embed-youtube wp-embed-aspect-16-9 wp-has-aspect-ratio\"><div class=\"wp-block-embed__wrapper\">\n<div class=\"embed-responsive embed-responsive-16by9\"><iframe title=\"Hannover Herz Lungen Messe 2025\" src=\"https:\/\/www.youtube.com\/embed\/WEHqrW9pgeY?feature=oembed\" frameborder=\"0\" allow=\"accelerometer; autoplay; clipboard-write; encrypted-media; gyroscope; picture-in-picture; web-share\" referrerpolicy=\"strict-origin-when-cross-origin\" allowfullscreen><\/iframe><\/div>\n<\/div><\/figure>\n\n\n<div class=\"lazyblock-akkordeon-1NYpBd wp-block-lazyblock-akkordeon\">\n<input id=\"herzlungenmesse2026\" class=\"hide-akkordeon akkordeon-toggle\" type=\"checkbox\" tabindex=\"-1\">\n\n<div class=\"akkordeon-block\">\n  <div class=\"toggler\">\n    <label for=\"herzlungenmesse2026\" tabindex=\"0\">Herz Lungen Messe 2026<\/label>\n    <div class=\"akkordeon-bar\"><\/div>\n  <\/div>\n\n  <div class=\"akkordeon-content\">\n    <div class=\"akkordeon-inner-content\">\n      <p>Am 24. und 25. April 2026 fand bei uns an der Medizinischen Hochschule Hannover die 14. Hannover Herz Lungen Messe (HHM) statt.<\/p>\n<p><br \/>Die etablierte Veranstaltung bot \u00c4rztinnen und \u00c4rzten sowie medizinischem Fachpersonal eine hochwertige Plattform f\u00fcr Fortbildung und fachlichen Austausch.<br \/>Im Fokus standen aktuelle Entwicklungen in der Herz-, Gef\u00e4\u00df- und Lungenmedizin. Renommierte Expertinnen und Experten aus Deutschland und dar\u00fcber hinaus pr\u00e4sentierten praxisrelevante Themen wie Herzklappenerkrankungen, Myokarditis, kardiologische Fragestellungen in der Schwangerschaft sowie moderne Therapieans\u00e4tze bei Herz- und Nierenerkrankungen.<\/p>\n<p><br \/>Neben den Vortr\u00e4gen gab es am Freitagabend eine Session von und f\u00fcr j\u00fcngere Kolleginnen und Kollegen, bei welcher aktuelle F\u00e4lle in einem lockeren Rahmen vorgestellt wurden.<br \/>Am Samstagnachmittag wurde die HHM mit einem Special Symposium zum Thema \u201eHerzinsuffizienz\u201c abgerundet.<\/p>\n<p>Wir bedanken uns bei allen mitwirkenden Referent*innen, Vorsitzenden, Teilnehmer*innen sowie Sponsoren f\u00fcr das gro\u00dfe Engagement und freuen uns \u00fcber eine erfolgreiche Veranstaltung mit abwechslungsreichen Vortr\u00e4gen, inspirierenden Gespr\u00e4chen, und vielen neuen Erkenntnissen aus der Forschung und Praxis.<\/p>    <\/div>\n  <\/div>\n<\/div><\/div>\n\n<div class=\"lazyblock-akkordeon-Z1rswwY wp-block-lazyblock-akkordeon\">\n<input id=\"herzlungenmesse2025\" class=\"hide-akkordeon akkordeon-toggle\" type=\"checkbox\" tabindex=\"-1\">\n\n<div class=\"akkordeon-block\">\n  <div class=\"toggler\">\n    <label for=\"herzlungenmesse2025\" tabindex=\"0\">Herz Lungen Messe 2025<\/label>\n    <div class=\"akkordeon-bar\"><\/div>\n  <\/div>\n\n  <div class=\"akkordeon-content\">\n    <div class=\"akkordeon-inner-content\">\n      <p>Bei der diesj\u00e4hrigen Hannover Herz Lungen Messe wurden bereits zum dreizehnten Mal aktuelle Themen der Herz-, Gef\u00e4\u00df- und Lungenmedizin in abwechslungsreichen Expertenvortr\u00e4gen vorgestellt.<br \/>Am Freitagmittag wurde die Veranstaltung durch Prof. Bauersachs, Prof. Ruhparwar sowie Prof. Hoeper offiziell er\u00f6ffnet und die zahlreichen Teilnehmerinnen und Teilnehmer begr\u00fc\u00dft. Auch die neue MHH-Pr\u00e4sidentin, Frau Prof. Hilfiker-Kleiner, hie\u00df die Anwesenden willkommen und stellte bei einem Blick zur\u00fcck auf die Entwicklung der HHM klar, welche Reichweite und Ziehkraft die Messe angenommen hat.<br \/>Getreu dem MHH-Leitsatz \u201eGemeinsam f\u00fcr das Leben\u201c erarbeiteten auch in diesem Jahr die Kliniken der Kardiologie und Angiologie, Pneumologie und Infektiologie sowie Herz-, Thorax, Transplantation- und Gef\u00e4\u00dfchirurgie gemeinsam ein abwechslungsreiches Programm mit Referierenden aus ganz Deutschland und dar\u00fcber hinaus.<br \/><br \/>In zahlreichen Fachvortr\u00e4gen und Symposien wurden aktuelle rhythmologische Fragen zu u.a. ethischen und rechtlichen Aspekten bei der Cybersecurity bei Herzimplantaten. Die Therapieoptionen rund um das rechte Herz wurden in einer interdisziplin\u00e4ren Sitzung von verschiedenen Blickwinkeln betrachtet und auch die neuen Leitlinienupdates wurden anhand von anschaulichen Patientenf\u00e4llen vorgestellt.<br \/>Am Freitagabend gab es auch in diesem Jahr eine Young-Session, in der Assistenz\u00e4rztinnen und Assistenz\u00e4rzte der beteiligten Kliniken in kurzen kreativen Slam-Beitr\u00e4gen fachliche Vortr\u00e4ge hielten. Am Ende wurde der am besten gestaltete Beitrag mit einem Preis honoriert.<\/p>\n<p>Als Special Lecture Gast durften wir Herrn Marc Gassert, den Mentalcoach der \u00f6sterreichischen Fu\u00dfballnationalmannschaft, begr\u00fc\u00dfen, welcher zur Inneren St\u00e4rke und Balance f\u00fcr \u00c4rztInnen sowie PatientInnen anschaulich referierte und das Publikum in die Themen Mediation, Mindset und Fokus mit einf\u00fchrte.<br \/>Neben den zahlreichen interessierten Teilnehmerinnen und Teilnehmern vor Ort verfolgten auch Zuschauer aus ganz Deutschland die Vortr\u00e4ge \u00fcber einen Live-Stream im Internet.<\/p>\n<p>Wir bedanken uns bei allen mitwirkenden referierenden Personen, Vorsitzenden, Teilnehmerinnen und Teilnehmern sowie Sponsoren f\u00fcr das gro\u00dfe Engagement und freuen uns \u00fcber eine erfolgreiche Veranstaltung mit abwechslungsreichen Vortr\u00e4gen, inspirierenden Gespr\u00e4chen, und vielen neuen Erkenntnissen aus der Forschung und Praxis.<\/p>    <\/div>\n  <\/div>\n<\/div><\/div>\n\n<div class=\"lazyblock-akkordeon-Z1JEa5d wp-block-lazyblock-akkordeon\">\n<input id=\"herzlungenmesse2024\" class=\"hide-akkordeon akkordeon-toggle\" type=\"checkbox\" tabindex=\"-1\">\n\n<div class=\"akkordeon-block\">\n  <div class=\"toggler\">\n    <label for=\"herzlungenmesse2024\" tabindex=\"0\">Herz Lungen Messe 2024<\/label>\n    <div class=\"akkordeon-bar\"><\/div>\n  <\/div>\n\n  <div class=\"akkordeon-content\">\n    <div class=\"akkordeon-inner-content\">\n      <p>Bei der diesj\u00e4hrigen Hannover Herz Lungen Messe wurden bereits zum zw\u00f6lften Mal aktuelle Themen der Herz-, Gef\u00e4\u00df- und Lungenmedizin in abwechslungsreichen Expertenvortr\u00e4gen vorgestellt.<\/p>\n<p>Am Freitagvormittag startete die HHM mit einem Symposium der Klinischen Forschungsgruppe 311.<br \/>Mittags wurde die Veranstaltung durch Prof. Bauersachs, Prof. Ruhparwar sowie Prof. Lammert offiziell er\u00f6ffnet und die zahlreichen Teilnehmerinnen und Teilnehmer begr\u00fc\u00dft. Aus aktuellem Anlass wurde im Rahmen der Begr\u00fc\u00dfung ein Nachruf auf den k\u00fcrzlich verstorbenen Klinikdirektor Prof. Tobias Welte gehalten und mit einer Schweigeminute an ihn gedacht.<br \/><br \/>In zahlreichen Fachvortr\u00e4gen und Symposien wurden rhythmoligische Fragen im Quiz und in Vortr\u00e4gen gekl\u00e4rt, neueste Therapien bei Kardiomyppathien behandelt, spannende Live in the Box F\u00e4lle anschaulich gezeigt und Leitlinienupdates vorgestellt. Als Special Lecture Gast durften wir Prof. Katus aus Heidelberg begr\u00fc\u00dfen, welcher zur Zukunft der Herzmedizin referierte.<br \/>Neben den zahlreichen interessierten Teilnehmerinnen und Teilnehmern vor Ort verfolgten auch Zuschauer aus ganz Deutschland die Vortr\u00e4ge \u00fcber einen Live-Stream im Internet.<br \/>Erstmalig gab es eine Young-Session, in der Assistenz\u00e4rztinnen und Assistenz\u00e4rzte in kurzen kreativen Slam-Beitr\u00e4gen fachliche Vortr\u00e4ge hielten. Am Ende wurde der am besten gestaltete Beitrag mit einem Preis honoriert.<\/p>\n<p>Parallel zu den Fachvortr\u00e4gen wurde in diesem Jahr erneut ein Patientinnentreffen f\u00fcr betroffene Frauen zum Thema PPCM angeboten, welches durch Vortr\u00e4ge der behandelnden \u00c4rzte sowie Raum zum Austausch gut angenommen wurde.<\/p>\n<p>Wir bedanken uns bei allen mitwirkenden referierenden Personen, Vorsitzenden, Teilnehmerinnen und Teilnehmern sowie Sponsoren f\u00fcr das gro\u00dfe Engagement und freuen uns \u00fcber eine erfolgreiche Veranstaltung mit abwechslungsreichen Vortr\u00e4gen, inspirierenden Gespr\u00e4chen, und vielen neuen Erkenntnissen aus der Forschung und Praxis.<\/p>    <\/div>\n  <\/div>\n<\/div><\/div>\n\n<div class=\"lazyblock-akkordeon-175iJA wp-block-lazyblock-akkordeon\">\n<input id=\"herzlungenmesse2023\" class=\"hide-akkordeon akkordeon-toggle\" type=\"checkbox\" tabindex=\"-1\">\n\n<div class=\"akkordeon-block\">\n  <div class=\"toggler\">\n    <label for=\"herzlungenmesse2023\" tabindex=\"0\">Herz Lungen Messe 2023<\/label>\n    <div class=\"akkordeon-bar\"><\/div>\n  <\/div>\n\n  <div class=\"akkordeon-content\">\n    <div class=\"akkordeon-inner-content\">\n      <p>Bei der 11. Hannover Herz Lungen Messe wurden aktuelle Themen der Herz-, Gef\u00e4\u00df- und Lungenmedizin in abwechslungsreichen Expertenvortr\u00e4gen vorgestellt.<\/p>\n<p>Bereits am Freitagvormittag startete die HHM mit einem Symposium der <a href=\"https:\/\/mhh-kardiologie.de\/forschung\/klinische-forschergruppe-311\/\" target=\"_blank\" rel=\"noopener\">Klinischen Forschungsgruppe 311<\/a>.<br \/>Mittags wurde die Veranstaltung durch Prof. Bauersachs, Prof. Martens sowie Prof. Welte offiziell er\u00f6ffnet und die zahlreichen Teilnehmerinnen und Teilnehmer begr\u00fc\u00dft. <br \/>In zahlreichen Fachvortr\u00e4gen und Symposien wurden neue Diagnosem\u00f6glichkeiten zu Kardiomyopathien und Vorhofflimmern vorgestellt sowie (Leitlinien-)Neuerungen 2023 aus den Bereichen Lipidtherapie und KHK, Klappenerkrankungen und Rhythmusst\u00f6rungen pr\u00e4sentiert. Akute Notf\u00e4lle in Behandlungsituationen wurden ebenso wie rhythmologische Krankheitsbilder dargestellt und diskutiert. Anhand von aktuellen F\u00e4llen aus der Praxis wurden verschiedene Herz-Lungen-Erkrankungen, die Diagnosestellung und die Therapien anschaulich pr\u00e4sentiert.<br \/>Neben den zahlreichen interessierten Teilnehmerinnen und Teilnehmern vor Ort verfolgten auch Zuschauer aus ganz Deutschland die Vortr\u00e4ge \u00fcber einen Live-Stream im Internet.<\/p>\n<p>Am Samstag nahmen Interessierte an einer F\u00fchrung durch das neue Elektrophysiologielabor der Klinik f\u00fcr Kardiologie und Angiologie teil, welches erst seit wenigen Wochen im Einsatz ist.<\/p>\n<p>Parallel zu den Fachvortr\u00e4gen wurde in diesem Jahr ein Patientinnentreffen f\u00fcr betroffene Frauen zum Thema <a href=\"https:\/\/mhh-kardiologie.de\/ambulanzen-sprechstunden\/ambulanz-fuer-peripartale-kardiomyopathie-ppcm\/\" target=\"_blank\" rel=\"noopener\">PPCM<\/a> angeboten, welches durch Vortr\u00e4ge der behandelnden \u00c4rzte sowie Raum zum Austausch gut angekommen wurde.<\/p>\n<p>Wir bedanken uns bei allen mitwirkenden referierenden Personen, Vorsitzenden, Teilnehmerinnen und Teilnehmern sowie Sponsoren f\u00fcr das gro\u00dfe Engagement und freuen uns \u00fcber eine erfolgreiche Veranstaltung mit abwechslungsreichen Vortr\u00e4gen, inspirierenden Gespr\u00e4chen, und vielen neuen Erkenntnissen aus der Forschung und Praxis.<\/p>\n<p><em>Save the Date:<\/em> F\u00fcr das n\u00e4chste Jahr m\u00f6chten wir Sie gerne zur 12. Hannover Herz Lungen Messe vom 15.-16.03.2024 in der Medizinischen Hochschule Hannover einladen.<\/p>    <\/div>\n  <\/div>\n<\/div><\/div>\n\n<div class=\"lazyblock-akkordeon-1KOVzY wp-block-lazyblock-akkordeon\">\n<input id=\"herzlungenmesse2022\" class=\"hide-akkordeon akkordeon-toggle\" type=\"checkbox\" tabindex=\"-1\">\n\n<div class=\"akkordeon-block\">\n  <div class=\"toggler\">\n    <label for=\"herzlungenmesse2022\" tabindex=\"0\">Herz Lungen Messe 2022<\/label>\n    <div class=\"akkordeon-bar\"><\/div>\n  <\/div>\n\n  <div class=\"akkordeon-content\">\n    <div class=\"akkordeon-inner-content\">\n      <p>Die <span style=\"color: #000000;\"><strong>10. Hannover Herz Lungen Messe<\/strong><\/span> pr\u00e4sentierte in hybrider Form wieder spannende Fachvortr\u00e4ge zur aktuellen Herz-, Gef\u00e4\u00df- und Lungenmedizin.<\/p>\n<p>Freitagvormittag startete die HHM mit aktuellen Forschungsergebnissen der <a href=\"https:\/\/mhh-kardiologie.de\/forschung\/klinische-forschergruppe-311\/\" target=\"_blank\" rel=\"noopener\">Klinischen Forschergruppe 311<\/a> zu dem Thema \u201eTranslationale Forschung in der MHH \u2013 aus dem Labor in die Klinik\u201c.<\/p>\n<p>Offiziell er\u00f6ffnet wurde die Veranstaltung von Prof. Bauersachs, Prof. Martens und Prof. Welte. In zahlreichen Vortr\u00e4gen und Symposien wurden aktuelle Themen rund um KHK und Aortenstenose, Herzrhythmusst\u00f6rungen, individualisierte Antikoagulation, neue ESC-Leitlinien und Herzinsuffizienz dargestellt und diskutiert, sowie personalisierte Behandlungskonzepte der Herz- und Thoraxchirurgie vorgestellt. Die Forschungsergebnisse nach zwei Jahren Covid-19-Pandemie wurden von Prof. Welte und Kolleg*innen dargelegt. Sowohl in den H\u00f6rs\u00e4len wie auch \u00fcber den eigenen Bildschirm durch eine Streaming-L\u00f6sung verfolgten zahlreiche Interessierte die anregenden Vortr\u00e4ge.<\/p>\n<p>Wir bedanken uns bei allen mitwirkenden Referent*innen, Vorsitzenden, Teilnehmer*innen sowie Sponsoren f\u00fcr das gro\u00dfe Engagement und freuen uns \u00fcber eine erfolgreiche Veranstaltung mit abwechslungsreichen Vortr\u00e4gen, inspirierenden Gespr\u00e4chen, und vielen neuen Erkenntnissen aus der Forschung und Praxis.<\/p>\n<p><span style=\"color: #ff6600;\"><em>Save the Date:<\/em><\/span> Auch f\u00fcr das n\u00e4chste Jahr m\u00f6chten wir Sie gerne zur <span style=\"color: #ff6600;\"><strong>11. Hannover Herz Lungen Messe <\/strong><\/span>vom<span style=\"color: #ff6600;\"><strong> 17.-18.03.2023<\/strong><\/span> in der Medizinischen Hochschule Hannover einladen.<\/p>    <\/div>\n  <\/div>\n<\/div><\/div>\n\n<div class=\"lazyblock-akkordeon-video-24dBg4 wp-block-lazyblock-akkordeon-video\">\n<input id=\"videozurherzlungenmesse2019\" class=\"hide akkordeon-toggle\" type=\"checkbox\">\n\n<div class=\"akkordeon-block\">\n  <div class=\"toggler\">\n    <label for=\"videozurherzlungenmesse2019\">Video zur Herz Lungen Messe 2019<\/label>\n    <div class=\"akkordeon-bar\"><\/div>\n  <\/div>\n\n  <div class=\"akkordeon-content\">\n    <div class=\"akkordeon-inner-content\">\n              <p>Video konnte nicht geladen werden.<\/p>\n          <\/div>\n  <\/div>\n<\/div><\/div>\n\n<div class=\"lazyblock-akkordeon-ZtlebC wp-block-lazyblock-akkordeon\">\n<input id=\"herzlungenmesse2019\" class=\"hide-akkordeon akkordeon-toggle\" type=\"checkbox\" tabindex=\"-1\">\n\n<div class=\"akkordeon-block\">\n  <div class=\"toggler\">\n    <label for=\"herzlungenmesse2019\" tabindex=\"0\">Herz Lungen Messe 2019<\/label>\n    <div class=\"akkordeon-bar\"><\/div>\n  <\/div>\n\n  <div class=\"akkordeon-content\">\n    <div class=\"akkordeon-inner-content\">\n      <div class=\"accordion\">\n<div class=\"inner\">\n<div class=\"ce_text block\">\n<p>Die <strong>7. Hannover Herz Lungen Messe<\/strong> pr\u00e4sentierte in diesem Jahr wieder Fachvortr\u00e4ge zur aktuellen Herz- Gef\u00e4\u00df- und Lungenmedizin.<\/p>\n<p>\u00a0<\/p>\n<p>Den Startschuss zur Veranstaltung gaben der MHH \u2013 Vizepr\u00e4sident Dr. Andreas Tecklenburg, Prof. Johann Bauersachs, Prof. Axel Haverich, Prof. Tobias Welte und Dr. Geldmacher. Fachvortr\u00e4ge behandelten aktuelle Fragestellungen zu Arteriosklerose, Herzrhythmusst\u00f6rungen, Lunge und Komorbidit\u00e4ten, Antikoagulation bei Vorhofflimmern, KHK und Herzinsuffizienz sowie Notf\u00e4lle. Neue Leitlinien der Europ\u00e4ischen Gesellschaft f\u00fcr Kardiologie wurden anhand von Patientenbeispielen vorgestellt und kritisch diskutiert.<\/p>\n<p>\u00a0<\/p>\n<p>Wir bedanken uns bei allen Referenten, Vorsitzenden, Teilnehmern sowie Sponsoren und freuen uns \u00fcber eine erfolgreiche Veranstaltung mit exzellenten Vortr\u00e4gen, inspirierenden Gespr\u00e4chen, und vielen neuen Erkenntnissen aus der modernen Herz- und Lungenmedizin.<\/p>\n<p>\u00a0<\/p>\n<p>Schon jetzt m\u00f6chten wir Sie auf unsere <strong>8. Hannover Herz Lungen Messe<\/strong> vom <strong>20.-22. M\u00e4rz 2020 <\/strong>(inkl. Familientag) in der Medizinischen Hochschule Hannover aufmerksam machen. <a href=\"https:\/\/mhh-kardiologie.de\/wp-content\/uploads\/2021\/10\/Save-the-Date_HHM-2020.pdf\" target=\"_blank\" rel=\"noopener\">+++ SAVE THE DATE +++<\/a><\/p>\n<\/div>\n<\/div>\n<\/div>    <\/div>\n  <\/div>\n<\/div><\/div>\n\n<div class=\"lazyblock-akkordeon-i0vfk wp-block-lazyblock-akkordeon\">\n<input id=\"herzlungenmesse2018\" class=\"hide-akkordeon akkordeon-toggle\" type=\"checkbox\" tabindex=\"-1\">\n\n<div class=\"akkordeon-block\">\n  <div class=\"toggler\">\n    <label for=\"herzlungenmesse2018\" tabindex=\"0\">Herz Lungen Messe 2018<\/label>\n    <div class=\"akkordeon-bar\"><\/div>\n  <\/div>\n\n  <div class=\"akkordeon-content\">\n    <div class=\"akkordeon-inner-content\">\n      <div class=\"accordion\">\n<div class=\"inner\">\n<div class=\"ce_text block\">\n<p>Ein umfangreiches und fach\u00fcbergreifendes Fortbildungsprogramm moderner Herz-, Gef\u00e4\u00df- und Lungenmedizin erhielten die 300 Teilnehmer der <strong>6. Hannover Herz Lungen Messe<\/strong> <strong>(HHM)<\/strong> vom 23.-25. Februar 2018 von 80 Referenten unter der wissenschaftlichen Leitung der Professoren Bauersachs, Haverich, Welte sowie Dres. Gremmler und Geldmacher.<\/p>\n<p>\u00a0<\/p>\n<p>Zu den Top-Themen der Veranstaltung z\u00e4hlten in diesem Jahr Antikoagulation, Herzinsuffizienz, Asthma und COPD, Herzrhythmusst\u00f6rungen, Reanimation\/Schock sowie Herz-Gef\u00e4\u00df-Notf\u00e4lle.<\/p>\n<p>\u00a0<\/p>\n<p>Freitagvormittag wurde die HHM mit einer von der <strong><a href=\"http:\/\/www.kfo311.de\/\" target=\"_blank\" rel=\"noopener\">Klinischen Forschergruppe 311<\/a><\/strong><i> \u201e(Pr\u00e4-) terminalen Herz- und Lungenversagen\u201c <\/i>organisierten Sitzung zur aktuellen Bildgebung und Therapie er\u00f6ffnet.<\/p>\n<p>\u00a0<\/p>\n<p>Nach Begr\u00fc\u00dfung durch den MHH \u2013 Vizepr\u00e4sidenten Dr. Andreas Tecklenburg ging es weiter mit \u201ePrim\u00e4r- und Sekund\u00e4rpr\u00e4vention\u201c sowie <i>Neue Leitlinien der Europ\u00e4ischen Gesellschaft f\u00fcr Kardiologie<\/i>, <i>Lipidtherapie und Innovationen in der Antikoagulation<\/i>. Simulatorenworkshops und Klappenimplantationskurse rundeten das wissenschaftliche Programm w\u00e4hrend der zweit\u00e4gigen Fortbildungsveranstaltung ab. \u00a0<\/p>\n<p>\u00a0<\/p>\n<p>Am Sonntag wurde f\u00fcr Kinder, Eltern, Patienten und Interessierte ein vielf\u00e4ltiger Familientag zum Thema Gesundheit und Bewegung unter dem Motto \u201eTierisch gesund &#8211; kleine und gro\u00dfe Herzen\u201c ausgerichtet. Tolle Attraktionen wie begehbare Organe Herz und Lunge, Reanimationskurse f\u00fcr Kinder, Tipps zur gesunden Ern\u00e4hrung und spannende Vortr\u00e4ge von Fachexperten zu den Themen \u201eTiere und Gesundheit\u201c sowie \u201eFitness und Ern\u00e4hrung\u201c faszinierten kleine und gro\u00dfe Besucher.<\/p>\n<p>\u00a0<\/p>\n<p>Schon jetzt m\u00f6chten wir Sie auf unsere\u00a0<a href=\"https:\/\/mhh-kardiologie.de\/wp-content\/uploads\/2021\/10\/Save-the-Date_HHM2019_final.pdf\" target=\"_blank\" rel=\"noopener\"><strong>7. Hannover Herz Lungen Messe<\/strong><\/a> vom <strong>29.-30. M\u00e4rz 2019<\/strong> aufmerksam machen. Bitte beachten Sie, dass die Fortbildungsveranstaltung in den H\u00f6rs\u00e4len der Medizinischen Hochschule Hannover stattfinden wird.<\/p>\n<\/div>\n<\/div>\n<\/div>    <\/div>\n  <\/div>\n<\/div><\/div>\n\n<div class=\"lazyblock-akkordeon-Z1yVEnj wp-block-lazyblock-akkordeon\">\n<input id=\"herzlungenmesse2017\" class=\"hide-akkordeon akkordeon-toggle\" type=\"checkbox\" tabindex=\"-1\">\n\n<div class=\"akkordeon-block\">\n  <div class=\"toggler\">\n    <label for=\"herzlungenmesse2017\" tabindex=\"0\">Herz Lungen Messe 2017<\/label>\n    <div class=\"akkordeon-bar\"><\/div>\n  <\/div>\n\n  <div class=\"akkordeon-content\">\n    <div class=\"akkordeon-inner-content\">\n      <p>\u00dcber 300 Teilnehmer der <strong>5. Hannover Herz Lungen Messe<\/strong> (HHM) konnten sich \u00fcber ein abwechslungsreiches, fachwissenschaftliches Programm moderner Herz- und Lungenmedizin freuen: von der Begr\u00fc\u00dfung des Vizepr\u00e4sidenten der Medizinischen Hochschule Hannover Herrn Dr. Andreas Tecklenburg, \u00fcber interessante Vortr\u00e4ge und Diskussionsbeitr\u00e4ge namhafter Referenten und Vorsitzenden bis hin zu einer vielseitigen Industrieausstellung zum gemeinsamen Dialog.<br \/><br \/>Unter der wissenschaftlichen Leitung der Professoren Bauersachs, Haverich, Welte sowie Dres. Gremmler und Geldmacher wurde f\u00fcr niedergelassene Kollegen und Klinik\u00e4rzte eine gemeinsame interdisziplin\u00e4re Fortbildungsveranstaltung mit topaktuellen Themen in komprimiertem Format geschaffen.<br \/><br \/>Zu den Themen der Messe z\u00e4hlten in diesem Jahr Pr\u00e4vention, Herzinsuffizienz, akuter Thoraxschmerz, Lipidtherapie, neue Kardiologische Leitlinien sowie Asthma und COPD. Weitere Expertenvortr\u00e4ge gab es zu spezielleren Gebieten wie Kardiogener Schock, Behandlung von Erwachsenen mit angeborenen Herzfehlern, orale Antikoagulation, periphere AVK sowie Klappen- und Device-Therapie.<br \/><br \/>Gro\u00dfes Interesse und Neugier weckte zudem am Freitagvormittag die Sitzung zur Therapie des Herz- und Lungenversagens mit Fokus auf Unterst\u00fctzungssysteme und neue Ans\u00e4tze zur Diagnostik und Therapie, die von der DFG gef\u00f6rderten <strong>Klinischen Forschergruppe KFO 311<\/strong> \u201e(Pr\u00e4)-terminales Herz- und Lungenversagen: mechanische Entlastung und Reparatur,\u201c organisiert wurde.<br \/><br \/>Die wissenschaftlichen Leiter und ihr Team zogen ein sehr zufriedenes Fazit der beiden intensiven Messetage, die ein sehr vielf\u00e4ltiges Fortbildungsangebot f\u00fcr Kardiologen, Pneumologen, Internisten, Chirurgen und Allgemeinmediziner im Gro\u00dfraum Hannover und \u00fcberregional boten. <br \/><br \/>Auch im n\u00e4chsten Jahr laden wir Sie herzlich zu unserer <strong>6. Hannover Herz Lungen Messe<\/strong> von Freitag-Sonntag, <strong>23.-25. Februar 2018<\/strong> ein. Gerne weisen wir auf unseren kostenfreien Patiententag am Sonntag, 25. Februar 2018 hin. <br \/><br \/>Besonderer Dank gilt den Sponsoren, die unsere Hannover Herz Lungen Messe tatkr\u00e4ftig unterst\u00fctzten, den Referenten und Vorsitzenden f\u00fcr Ihre exzellenten Beitr\u00e4ge, allen Mitarbeiterinnen und Mitarbeitern f\u00fcr ihr gro\u00dfes Engagement und nicht zuletzt den fachlich interessierten Teilnehmerinnen und Teilnehmern.<\/p>    <\/div>\n  <\/div>\n<\/div><\/div><\/div>\n\n\n\n<div class=\"wp-block-column is-layout-flow wp-block-column-is-layout-flow\" style=\"flex-basis:33.33%\"><\/div>\n<\/div>\n","protected":false},"excerpt":{"rendered":"<p>Hannover Herz Lungen Messe Die Hannover Herz Lungen Messe (HHM) gibt jedes Fr\u00fchjahr einen aktuellen und spannenden \u00dcberblick \u00fcber die Herz- und Lungenmedizin. Sie wird gemeinsam von der Klinik f\u00fcr Kardiologie und Angiologie, der Klinik f\u00fcr Pneumologie und der Klinik f\u00fcr Herz-, Thorax-, Transplantations- und Gef\u00e4\u00dfchirurgie organisiert. Die Themen der Hannover Herz Lungen Messe richten [&hellip;]<\/p>\n","protected":false},"author":1,"featured_media":1218,"parent":109,"menu_order":98,"comment_status":"closed","ping_status":"closed","template":"","meta":{"block":"%5B%5D","footnotes":""},"class_list":["post-193","page","type-page","status-publish","has-post-thumbnail","hentry"],"_links":{"self":[{"href":"https:\/\/mhh-kardiologie.de\/en\/wp-json\/wp\/v2\/pages\/193","targetHints":{"allow":["GET"]}}],"collection":[{"href":"https:\/\/mhh-kardiologie.de\/en\/wp-json\/wp\/v2\/pages"}],"about":[{"href":"https:\/\/mhh-kardiologie.de\/en\/wp-json\/wp\/v2\/types\/page"}],"author":[{"embeddable":true,"href":"https:\/\/mhh-kardiologie.de\/en\/wp-json\/wp\/v2\/users\/1"}],"replies":[{"embeddable":true,"href":"https:\/\/mhh-kardiologie.de\/en\/wp-json\/wp\/v2\/comments?post=193"}],"version-history":[{"count":28,"href":"https:\/\/mhh-kardiologie.de\/en\/wp-json\/wp\/v2\/pages\/193\/revisions"}],"predecessor-version":[{"id":6781,"href":"https:\/\/mhh-kardiologie.de\/en\/wp-json\/wp\/v2\/pages\/193\/revisions\/6781"}],"up":[{"embeddable":true,"href":"https:\/\/mhh-kardiologie.de\/en\/wp-json\/wp\/v2\/pages\/109"}],"wp:featuredmedia":[{"embeddable":true,"href":"https:\/\/mhh-kardiologie.de\/en\/wp-json\/wp\/v2\/media\/1218"}],"wp:attachment":[{"href":"https:\/\/mhh-kardiologie.de\/en\/wp-json\/wp\/v2\/media?parent=193"}],"curies":[{"name":"wp","href":"https:\/\/api.w.org\/{rel}","templated":true}]}}