{"id":1934,"date":"2022-01-19T12:46:09","date_gmt":"2022-01-19T11:46:09","guid":{"rendered":"http:\/\/mhh-kardiologie.de.w01d58f8.kasserver.com\/presse-mediathek\/downloads-copy\/"},"modified":"2022-01-19T12:55:42","modified_gmt":"2022-01-19T11:55:42","slug":"downloads-2021","status":"publish","type":"page","link":"https:\/\/mhh-kardiologie.de\/en\/presse-mediathek\/downloads\/downloads-2021\/","title":{"rendered":"Downloads aus 2021"},"content":{"rendered":"\n<div class=\"wp-block-columns is-layout-flex wp-container-core-columns-is-layout-9d6595d7 wp-block-columns-is-layout-flex\">\n<div class=\"wp-block-column is-layout-flow wp-block-column-is-layout-flow\" style=\"flex-basis:66.66%\">\n<h2 class=\"wp-block-heading\">Downloads aus 2021<\/h2>\n\n\n\n<p>Stets gut informiert. Wir m\u00f6chten, dass Sie sich umfassend \u00fcber unsere Arbeiten und unser Leistungsspektrum informieren k\u00f6nnen. In unserem Downloadbereich&nbsp;finden Sie unsere Publikationen und viel Wissenswertes aus dem aktuellen und&nbsp;vergangenen Jahren.<\/p>\n<\/div>\n\n\n\n<div class=\"wp-block-column is-layout-flow wp-block-column-is-layout-flow\" style=\"flex-basis:33.33%\">\n<p><strong>Archiv<\/strong><br><a href=\"https:\/\/mhh-kardiologie.de\/presse-mediathek\/downloads\/downloads-2021\/\" data-type=\"page\" data-id=\"1934\">2021<\/a><br><a href=\"https:\/\/mhh-kardiologie.de\/presse-mediathek\/downloads\/downloads-2020\/\" data-type=\"page\" data-id=\"1942\">2020<\/a><br><a href=\"https:\/\/mhh-kardiologie.de\/presse-mediathek\/downloads\/downloads-2019\/\" data-type=\"page\" data-id=\"1945\">2019<\/a><\/p>\n<\/div>\n<\/div>\n\n\n\n<div class=\"wp-block-group\"><div class=\"wp-block-group__inner-container is-layout-flow wp-block-group-is-layout-flow\"><div class=\"lazyblock-akkordeon-flyer-ZJ3QwE wp-block-lazyblock-akkordeon-flyer\"><input id=\"10hannoverherzlungenmessesavethedate\" class=\"hide akkordeon-toggle\" type=\"checkbox\"><div class=\"akkordeon-block\">\n  <div class=\"toggler\"><label for=\"10hannoverherzlungenmessesavethedate\">10. Hannover Herz Lungen Messe | SAVE THE DATE<\/label><div class=\"akkordeon-bar\"><\/div><\/div><div class=\"akkordeon-content\"><div class=\"akkordeon-inner-content\"><div class=\"wp-block-columns flyer\"><div class=\"wp-block-column\"><img decoding=\"async\" src=\"https:\/\/mhh-kardiologie.de\/wp-content\/uploads\/2021\/10\/Save-the-Date_HHM-2022-e932c79d.jpg\" alt=\"Save-the-Date_HHM-2022-e932c79d\" style=\"margin-right: 20px; display: block;\"><\/div><div class=\"wp-block-column\" style=\"margin-left: 20px;\"><p style=\"margin-bottom: 8px;\"><strong>Titel<\/strong><\/p><p style=\"margin-bottom: 24px;\">10. Hannover Herz Lungen Messe | SAVE THE DATE 18.-19. M\u00e4rz 2022<\/p><p style=\"margin-bottom: 8px;\"><strong>Download<\/strong><\/p><p><a href=\"https:\/\/mhh-kardiologie.de\/wp-content\/uploads\/2021\/10\/Save-the-Date_HHM-2022_09.07.2021.pdf\" target=\"_blank\">Save-the-Date_HHM-2022_09.07.2021.pdf (1.8MB)<\/a><\/p><\/div><\/div><\/div><\/div><\/div><\/div>\n\n<div class=\"lazyblock-akkordeon-flyer-Zo1Ard wp-block-lazyblock-akkordeon-flyer\"><input id=\"kardiologischeseminarejuli-dezember2021\" class=\"hide akkordeon-toggle\" type=\"checkbox\"><div class=\"akkordeon-block\">\n  <div class=\"toggler\"><label for=\"kardiologischeseminarejuli-dezember2021\">Kardiologische Seminare | Juli &#8211; Dezember 2021<\/label><div class=\"akkordeon-bar\"><\/div><\/div><div class=\"akkordeon-content\"><div class=\"akkordeon-inner-content\"><div class=\"wp-block-columns flyer\"><div class=\"wp-block-column\"><img decoding=\"async\" src=\"https:\/\/mhh-kardiologie.de\/wp-content\/uploads\/2021\/10\/MHH-Kardiologisches-Seminar-2021_Juli_Dez-95212419.jpg\" alt=\"MHH-Kardiologisches-Seminar-2021_Juli_Dez-95212419\" style=\"margin-right: 20px; display: block;\"><\/div><div class=\"wp-block-column\" style=\"margin-left: 20px;\"><p style=\"margin-bottom: 8px;\"><strong>Titel<\/strong><\/p><p style=\"margin-bottom: 24px;\">Kardiologische Seminare | Juli &#8211; Dezember 2021<\/p><p style=\"margin-bottom: 8px;\"><strong>Download<\/strong><\/p><p><a href=\"https:\/\/mhh-kardiologie.de\/wp-content\/uploads\/2021\/10\/MHH-Kardiologisches-Seminar-2021_Juli_Dez.pdf\" target=\"_blank\">MHH-Kardiologisches-Seminar-2021_Juli_Dez.pdf (1.5MB)<\/a><\/p><\/div><\/div><\/div><\/div><\/div><\/div>\n\n<div class=\"lazyblock-akkordeon-flyer-1msdgr wp-block-lazyblock-akkordeon-flyer\"><input id=\"ambulanzfrperipartalekardiomyopathieppcminformationsblattfrpatientinnen\" class=\"hide akkordeon-toggle\" type=\"checkbox\"><div class=\"akkordeon-block\">\n  <div class=\"toggler\"><label for=\"ambulanzfrperipartalekardiomyopathieppcminformationsblattfrpatientinnen\">Ambulanz f\u00fcr Peripartale Kardiomyopathie (PPCM) | Informationsblatt f\u00fcr Patientinnen<\/label><div class=\"akkordeon-bar\"><\/div><\/div><div class=\"akkordeon-content\"><div class=\"akkordeon-inner-content\"><div class=\"wp-block-columns flyer\"><div class=\"wp-block-column\"><img decoding=\"async\" src=\"https:\/\/mhh-kardiologie.de\/wp-content\/uploads\/2021\/10\/MHH-Kardiologie_PPCM_Faltblatt_Maerz_2021_Web_Seite_1.jpg\" alt=\"MHH-Kardiologie_PPCM_Faltblatt_Maerz_2021_Web_Seite_1\" style=\"margin-right: 20px; display: block;\"><\/div><div class=\"wp-block-column\" style=\"margin-left: 20px;\"><p style=\"margin-bottom: 8px;\"><strong>Titel<\/strong><\/p><p style=\"margin-bottom: 24px;\">Ambulanz f\u00fcr Peripartale Kardiomyopathie (PPCM)  |  Informationsblatt f\u00fcr Patientinnen<\/p><p style=\"margin-bottom: 8px;\"><strong>Download<\/strong><\/p><p><a href=\"https:\/\/mhh-kardiologie.de\/wp-content\/uploads\/2021\/10\/MHH-Kardiologie_PPCM_Faltblatt_Maerz_2021_Web1.pdf\" target=\"_blank\">MHH-Kardiologie_PPCM_Faltblatt_Maerz_2021_Web1.pdf (458KB)<\/a><\/p><\/div><\/div><\/div><\/div><\/div><\/div>\n\n<div class=\"lazyblock-akkordeon-flyer-1jxggG wp-block-lazyblock-akkordeon-flyer\"><input id=\"digit-hfherzheutedeutscheherzstiftungjanuar2021\" class=\"hide akkordeon-toggle\" type=\"checkbox\"><div class=\"akkordeon-block\">\n  <div class=\"toggler\"><label for=\"digit-hfherzheutedeutscheherzstiftungjanuar2021\">DIGIT-HF Herz Heute | Deutsche Herzstiftung | Januar 2021<\/label><div class=\"akkordeon-bar\"><\/div><\/div><div class=\"akkordeon-content\"><div class=\"akkordeon-inner-content\"><div class=\"wp-block-columns flyer\"><div class=\"wp-block-column\"><img decoding=\"async\" src=\"https:\/\/mhh-kardiologie.de\/wp-content\/uploads\/2021\/10\/MHH_Kardiologie_DIGIT-HF-HERZ-heute_Febr._2021_Seite_5-7d0b8155-1.jpg\" alt=\"MHH_Kardiologie_DIGIT-HF-HERZ-heute_Febr._2021_Seite_5-7d0b8155-1\" style=\"margin-right: 20px; display: block;\"><\/div><div class=\"wp-block-column\" style=\"margin-left: 20px;\"><p style=\"margin-bottom: 8px;\"><strong>Titel<\/strong><\/p><p style=\"margin-bottom: 24px;\">DIGIT-HF Herz Heute | Deutsche Herzstiftung | Januar 2021<\/p><p style=\"margin-bottom: 8px;\"><strong>Download<\/strong><\/p><p><a href=\"https:\/\/mhh-kardiologie.de\/wp-content\/uploads\/2021\/10\/MHH_Kardiologie_DIGIT-HF-HERZ-heute_Febr._20211.pdf\" target=\"_blank\">MHH_Kardiologie_DIGIT-HF-HERZ-heute_Febr._20211.pdf (318KB)<\/a><\/p><\/div><\/div><\/div><\/div><\/div><\/div>\n\n<div class=\"lazyblock-akkordeon-flyer-25OnO5 wp-block-lazyblock-akkordeon-flyer\"><input id=\"kardiologischeseminarejanuar-juni2021\" class=\"hide akkordeon-toggle\" type=\"checkbox\"><div class=\"akkordeon-block\">\n  <div class=\"toggler\"><label for=\"kardiologischeseminarejanuar-juni2021\">Kardiologische Seminare | Januar &#8211; Juni 2021<\/label><div class=\"akkordeon-bar\"><\/div><\/div><div class=\"akkordeon-content\"><div class=\"akkordeon-inner-content\"><div class=\"wp-block-columns flyer\"><div class=\"wp-block-column\"><img decoding=\"async\" src=\"https:\/\/mhh-kardiologie.de\/wp-content\/uploads\/2021\/10\/MHH-Kardiologisches-Seminar-2021_Jan_Jun-6c1781f5.jpg\" alt=\"MHH-Kardiologisches-Seminar-2021_Jan_Jun-6c1781f5\" style=\"margin-right: 20px; display: block;\"><\/div><div class=\"wp-block-column\" style=\"margin-left: 20px;\"><p style=\"margin-bottom: 8px;\"><strong>Titel<\/strong><\/p><p style=\"margin-bottom: 24px;\">Kardiologische Seminare | Januar &#8211; Juni 2021<\/p><p style=\"margin-bottom: 8px;\"><strong>Download<\/strong><\/p><p><a href=\"https:\/\/mhh-kardiologie.de\/wp-content\/uploads\/2021\/10\/MHH-Kardiologisches-Seminar-2021_Jan_Jun.pdf\" target=\"_blank\">MHH-Kardiologisches-Seminar-2021_Jan_Jun.pdf (1.5MB)<\/a><\/p><\/div><\/div><\/div><\/div><\/div><\/div>\n\n<div class=\"lazyblock-akkordeon-flyer-Z1sjB8H wp-block-lazyblock-akkordeon-flyer\"><input id=\"ansprechpartnerimberblickstand2021\" class=\"hide akkordeon-toggle\" type=\"checkbox\"><div class=\"akkordeon-block\">\n  <div class=\"toggler\"><label for=\"ansprechpartnerimberblickstand2021\">Ansprechpartner im \u00dcberblick | Stand 2021<\/label><div class=\"akkordeon-bar\"><\/div><\/div><div class=\"akkordeon-content\"><div class=\"akkordeon-inner-content\"><div class=\"wp-block-columns flyer\"><div class=\"wp-block-column\"><img decoding=\"async\" src=\"https:\/\/mhh-kardiologie.de\/wp-content\/uploads\/2021\/10\/MHH_Kardiologie_Zuweiserkarte_01_2021_Seite_1-730ca187.jpg\" alt=\"MHH_Kardiologie_Zuweiserkarte_01_2021_Seite_1-730ca187\" style=\"margin-right: 20px; display: block;\"><\/div><div class=\"wp-block-column\" style=\"margin-left: 20px;\"><p style=\"margin-bottom: 8px;\"><strong>Titel<\/strong><\/p><p style=\"margin-bottom: 24px;\">Ansprechpartner im \u00dcberblick Stand 2021<\/p><p style=\"margin-bottom: 8px;\"><strong>Download<\/strong><\/p><p><a href=\"https:\/\/mhh-kardiologie.de\/wp-content\/uploads\/2021\/10\/MHH_Kardiologie_Zuweiserkarte_01_20211.pdf\" target=\"_blank\">MHH_Kardiologie_Zuweiserkarte_01_20211.pdf (43KB)<\/a><\/p><\/div><\/div><\/div><\/div><\/div><\/div><\/div><\/div>\n","protected":false},"excerpt":{"rendered":"<p>Downloads aus 2021 Stets gut informiert. Wir m\u00f6chten, dass Sie sich umfassend \u00fcber unsere Arbeiten und unser Leistungsspektrum informieren k\u00f6nnen. In unserem Downloadbereich&nbsp;finden Sie unsere Publikationen und viel Wissenswertes aus dem aktuellen und&nbsp;vergangenen Jahren. Archiv202120202019<\/p>\n","protected":false},"author":1,"featured_media":0,"parent":1299,"menu_order":117,"comment_status":"closed","ping_status":"closed","template":"","meta":{"block":"%5B%5D","footnotes":""},"class_list":["post-1934","page","type-page","status-publish","hentry"],"_links":{"self":[{"href":"https:\/\/mhh-kardiologie.de\/en\/wp-json\/wp\/v2\/pages\/1934","targetHints":{"allow":["GET"]}}],"collection":[{"href":"https:\/\/mhh-kardiologie.de\/en\/wp-json\/wp\/v2\/pages"}],"about":[{"href":"https:\/\/mhh-kardiologie.de\/en\/wp-json\/wp\/v2\/types\/page"}],"author":[{"embeddable":true,"href":"https:\/\/mhh-kardiologie.de\/en\/wp-json\/wp\/v2\/users\/1"}],"replies":[{"embeddable":true,"href":"https:\/\/mhh-kardiologie.de\/en\/wp-json\/wp\/v2\/comments?post=1934"}],"version-history":[{"count":5,"href":"https:\/\/mhh-kardiologie.de\/en\/wp-json\/wp\/v2\/pages\/1934\/revisions"}],"predecessor-version":[{"id":2034,"href":"https:\/\/mhh-kardiologie.de\/en\/wp-json\/wp\/v2\/pages\/1934\/revisions\/2034"}],"up":[{"embeddable":true,"href":"https:\/\/mhh-kardiologie.de\/en\/wp-json\/wp\/v2\/pages\/1299"}],"wp:attachment":[{"href":"https:\/\/mhh-kardiologie.de\/en\/wp-json\/wp\/v2\/media?parent=1934"}],"curies":[{"name":"wp","href":"https:\/\/api.w.org\/{rel}","templated":true}]}}