{"id":1942,"date":"2022-01-19T12:50:43","date_gmt":"2022-01-19T11:50:43","guid":{"rendered":"http:\/\/mhh-kardiologie.de.w01d58f8.kasserver.com\/presse-mediathek\/downloads\/downloads-2021-copy\/"},"modified":"2022-01-19T16:17:55","modified_gmt":"2022-01-19T15:17:55","slug":"downloads-2020","status":"publish","type":"page","link":"https:\/\/mhh-kardiologie.de\/en\/presse-mediathek\/downloads\/downloads-2020\/","title":{"rendered":"Downloads aus 2020"},"content":{"rendered":"\n<div class=\"wp-block-columns is-layout-flex wp-container-core-columns-is-layout-9d6595d7 wp-block-columns-is-layout-flex\">\n<div class=\"wp-block-column is-layout-flow wp-block-column-is-layout-flow\" style=\"flex-basis:66.66%\">\n<h2 class=\"wp-block-heading\">Downloads aus 2020<\/h2>\n\n\n\n<p>Stets gut informiert. Wir m\u00f6chten, dass Sie sich umfassend \u00fcber unsere Arbeiten und unser Leistungsspektrum informieren k\u00f6nnen. In unserem Downloadbereich&nbsp;finden Sie unsere Publikationen und viel Wissenswertes aus dem aktuellen und&nbsp;vergangenen Jahren.<\/p>\n<\/div>\n\n\n\n<div class=\"wp-block-column is-layout-flow wp-block-column-is-layout-flow\" style=\"flex-basis:33.33%\">\n<p><strong>Archiv<\/strong><br><a href=\"https:\/\/mhh-kardiologie.de\/presse-mediathek\/downloads\/downloads-2021\/\" data-type=\"page\" data-id=\"1934\">2021<\/a><br><a href=\"https:\/\/mhh-kardiologie.de\/presse-mediathek\/downloads\/downloads-2020\/\" data-type=\"page\" data-id=\"1942\">2020<\/a><br><a href=\"https:\/\/mhh-kardiologie.de\/presse-mediathek\/downloads\/downloads-2019\/\" data-type=\"page\" data-id=\"1945\">2019<\/a><\/p>\n<\/div>\n<\/div>\n\n\n\n<div class=\"wp-block-group\"><div class=\"wp-block-group__inner-container is-layout-flow wp-block-group-is-layout-flow\"><div class=\"lazyblock-akkordeon-flyer-Z1sjB8H wp-block-lazyblock-akkordeon-flyer\"><input id=\"kardiologischeseminareseptember-dezember2020\" class=\"hide akkordeon-toggle\" type=\"checkbox\"><div class=\"akkordeon-block\">\n  <div class=\"toggler\"><label for=\"kardiologischeseminareseptember-dezember2020\">Kardiologische Seminare | September &#8211; Dezember 2020<\/label><div class=\"akkordeon-bar\"><\/div><\/div><div class=\"akkordeon-content\"><div class=\"akkordeon-inner-content\"><div class=\"wp-block-columns flyer\"><div class=\"wp-block-column\"><img decoding=\"async\" src=\"https:\/\/mhh-kardiologie.de\/wp-content\/uploads\/2022\/01\/MHH_Kardiologisches-Seminar_2020_Sep_Dez_A4-aab94afe-scaled.jpg\" alt=\"MHH_Kardiologisches Seminar_2020_Sep_Dez_A4-aab94afe\" style=\"margin-right: 20px; display: block;\"><\/div><div class=\"wp-block-column\" style=\"margin-left: 20px;\"><p style=\"margin-bottom: 8px;\"><strong>Titel<\/strong><\/p><p style=\"margin-bottom: 24px;\">Kardiologische Seminare | September &#8211; Dezember 2020<\/p><p style=\"margin-bottom: 8px;\"><strong>Download<\/strong><\/p><p><a href=\"https:\/\/mhh-kardiologie.de\/wp-content\/uploads\/2022\/01\/MHH_Kardiologisches-Seminar_2020_Sep_Dez_A4.pdf\" target=\"_blank\">MHH_Kardiologisches-Seminar_2020_Sep_Dez_A4.pdf (1.5MB)<\/a><\/p><\/div><\/div><\/div><\/div><\/div><\/div>\n\n<div class=\"lazyblock-akkordeon-flyer-hlP6e wp-block-lazyblock-akkordeon-flyer\"><input id=\"angiologieinformationsblattfrrzteundpatienten\" class=\"hide akkordeon-toggle\" type=\"checkbox\"><div class=\"akkordeon-block\">\n  <div class=\"toggler\"><label for=\"angiologieinformationsblattfrrzteundpatienten\">Angiologie | Informationsblatt f\u00fcr \u00c4rzte und Patienten<\/label><div class=\"akkordeon-bar\"><\/div><\/div><div class=\"akkordeon-content\"><div class=\"akkordeon-inner-content\"><div class=\"wp-block-columns flyer\"><div class=\"wp-block-column\"><img decoding=\"async\" src=\"https:\/\/mhh-kardiologie.de\/wp-content\/uploads\/2022\/01\/MHH_Angiologie_Flyer_2020.JPEG-f5e70072-scaled.jpg\" alt=\"MHH_Angiologie_Flyer_2020.JPEG-f5e70072\" style=\"margin-right: 20px; display: block;\"><\/div><div class=\"wp-block-column\" style=\"margin-left: 20px;\"><p style=\"margin-bottom: 8px;\"><strong>Titel<\/strong><\/p><p style=\"margin-bottom: 24px;\">Angiologie | Informationsblatt f\u00fcr \u00c4rzte und Patienten<\/p><p style=\"margin-bottom: 8px;\"><strong>Download<\/strong><\/p><p><a href=\"https:\/\/mhh-kardiologie.de\/wp-content\/uploads\/2022\/01\/MHH_Angiologie_Flyer_Informationsblatt_Aerzte_Patienten.pdf\" target=\"_blank\">MHH_Angiologie_Flyer_Informationsblatt_Aerzte_Patienten.pdf (916KB)<\/a><\/p><\/div><\/div><\/div><\/div><\/div><\/div>\n\n<div class=\"lazyblock-akkordeon-flyer-ZCUiER wp-block-lazyblock-akkordeon-flyer\"><input id=\"kardiologischeseminarejanuar-april2020\" class=\"hide akkordeon-toggle\" type=\"checkbox\"><div class=\"akkordeon-block\">\n  <div class=\"toggler\"><label for=\"kardiologischeseminarejanuar-april2020\">Kardiologische Seminare | Januar &#8211; April 2020<\/label><div class=\"akkordeon-bar\"><\/div><\/div><div class=\"akkordeon-content\"><div class=\"akkordeon-inner-content\"><div class=\"wp-block-columns flyer\"><div class=\"wp-block-column\"><img decoding=\"async\" src=\"https:\/\/mhh-kardiologie.de\/wp-content\/uploads\/2022\/01\/MHH_Kardiologisches-Seminar-2020_Jan_Apr_A4-ccb3c295-scaled.jpg\" alt=\"MHH_Kardiologisches Seminar 2020_Jan_Apr_A4-ccb3c295\" style=\"margin-right: 20px; display: block;\"><\/div><div class=\"wp-block-column\" style=\"margin-left: 20px;\"><p style=\"margin-bottom: 8px;\"><strong>Titel<\/strong><\/p><p style=\"margin-bottom: 24px;\">Kardiologische Seminare | Januar &#8211; April 2020<\/p><p style=\"margin-bottom: 8px;\"><strong>Download<\/strong><\/p><p><a href=\"https:\/\/mhh-kardiologie.de\/wp-content\/uploads\/2022\/01\/MHH-_Kardiologisches-Seminar-2020_Jan_Apr_A4.pdf\" target=\"_blank\">MHH-_Kardiologisches-Seminar-2020_Jan_Apr_A4.pdf (1.5MB)<\/a><\/p><\/div><\/div><\/div><\/div><\/div><\/div>\n\n<div class=\"lazyblock-akkordeon-flyer-OL6xB wp-block-lazyblock-akkordeon-flyer\"><input id=\"kardiologischeveranstaltungen20202021\" class=\"hide akkordeon-toggle\" type=\"checkbox\"><div class=\"akkordeon-block\">\n  <div class=\"toggler\"><label for=\"kardiologischeveranstaltungen20202021\">Kardiologische Veranstaltungen | 2020\/2021<\/label><div class=\"akkordeon-bar\"><\/div><\/div><div class=\"akkordeon-content\"><div class=\"akkordeon-inner-content\"><div class=\"wp-block-columns flyer\"><div class=\"wp-block-column\"><img decoding=\"async\" src=\"https:\/\/mhh-kardiologie.de\/wp-content\/uploads\/2022\/01\/MHH-Kardiologische-Veranstaltungen_2020_2021-929bc4fd-scaled.jpg\" alt=\"MHH Kardiologische Veranstaltungen_2020_2021-929bc4fd\" style=\"margin-right: 20px; display: block;\"><\/div><div class=\"wp-block-column\" style=\"margin-left: 20px;\"><p style=\"margin-bottom: 8px;\"><strong>Titel<\/strong><\/p><p style=\"margin-bottom: 24px;\">Kardiologische Veranstaltungen | 2020\/2021<\/p><p style=\"margin-bottom: 8px;\"><strong>Download<\/strong><\/p><p><a href=\"https:\/\/mhh-kardiologie.de\/wp-content\/uploads\/2022\/01\/MHH-Kardiologische-Veranstaltungen_2020_2021.pdf\" target=\"_blank\">MHH-Kardiologische-Veranstaltungen_2020_2021.pdf (48KB)<\/a><\/p><\/div><\/div><\/div><\/div><\/div><\/div>\n\n<div class=\"lazyblock-akkordeon-flyer-UbEUg wp-block-lazyblock-akkordeon-flyer\"><input id=\"kardiologischeseminarenovember2019-januar2020\" class=\"hide akkordeon-toggle\" type=\"checkbox\"><div class=\"akkordeon-block\">\n  <div class=\"toggler\"><label for=\"kardiologischeseminarenovember2019-januar2020\">Kardiologische Seminare | November 2019 &#8211; Januar 2020<\/label><div class=\"akkordeon-bar\"><\/div><\/div><div class=\"akkordeon-content\"><div class=\"akkordeon-inner-content\"><div class=\"wp-block-columns flyer\"><div class=\"wp-block-column\"><img decoding=\"async\" src=\"https:\/\/mhh-kardiologie.de\/wp-content\/uploads\/2022\/01\/MHH-Kardiologisches-Seminar-Nov-2019_Jan-2020_-a2d5e192-scaled.jpg\" alt=\"MHH Kardiologisches Seminar Nov 2019_Jan 2020_-a2d5e192\" style=\"margin-right: 20px; display: block;\"><\/div><div class=\"wp-block-column\" style=\"margin-left: 20px;\"><p style=\"margin-bottom: 8px;\"><strong>Titel<\/strong><\/p><p style=\"margin-bottom: 24px;\">Kardiologische Seminare | November 2019 &#8211; Januar 2020<\/p><p style=\"margin-bottom: 8px;\"><strong>Download<\/strong><\/p><p><a href=\"https:\/\/mhh-kardiologie.de\/wp-content\/uploads\/2022\/01\/MHH-Kardiologisches-Seminar-Nov-2019_Jan-2020_.pdf\" target=\"_blank\">MHH-Kardiologisches-Seminar-Nov-2019_Jan-2020_.pdf (1.5MB)<\/a><\/p><\/div><\/div><\/div><\/div><\/div><\/div>\n\n<div class=\"lazyblock-akkordeon-flyer-p3bK1 wp-block-lazyblock-akkordeon-flyer\"><input id=\"ansprechpartnerimberblick\" class=\"hide akkordeon-toggle\" type=\"checkbox\"><div class=\"akkordeon-block\">\n  <div class=\"toggler\"><label for=\"ansprechpartnerimberblick\">Ansprechpartner im \u00dcberblick<\/label><div class=\"akkordeon-bar\"><\/div><\/div><div class=\"akkordeon-content\"><div class=\"akkordeon-inner-content\"><div class=\"wp-block-columns flyer\"><div class=\"wp-block-column\"><img decoding=\"async\" src=\"https:\/\/mhh-kardiologie.de\/wp-content\/uploads\/2022\/01\/MHH_Kardiologie_Kontaktdaten_Karte_A5_Zuweiser_web-0352d4b2-scaled.jpg\" alt=\"MHH_Kardiologie_Kontaktdaten_Karte_A5_Zuweiser_web-0352d4b2\" style=\"margin-right: 20px; display: block;\"><\/div><div class=\"wp-block-column\" style=\"margin-left: 20px;\"><p style=\"margin-bottom: 8px;\"><strong>Titel<\/strong><\/p><p style=\"margin-bottom: 24px;\">Ansprechpartner im \u00dcberblick<\/p><p style=\"margin-bottom: 8px;\"><strong>Download<\/strong><\/p><p><a href=\"https:\/\/mhh-kardiologie.de\/wp-content\/uploads\/2022\/01\/MHH_Kardiologie_Angiologie_Abteilungen_A\u009cbersicht_Stand_10_2019.pdf\" target=\"_blank\">MHH_Kardiologie_Angiologie_Abteilungen_A\u009cbersicht_Stand_10_2019.pdf (52KB)<\/a><\/p><\/div><\/div><\/div><\/div><\/div><\/div>\n\n<div class=\"lazyblock-akkordeon-flyer-Z2iK457 wp-block-lazyblock-akkordeon-flyer\"><input id=\"veranstaltungen20192020\" class=\"hide akkordeon-toggle\" type=\"checkbox\"><div class=\"akkordeon-block\">\n  <div class=\"toggler\"><label for=\"veranstaltungen20192020\">Veranstaltungen 2019 \/ 2020<\/label><div class=\"akkordeon-bar\"><\/div><\/div><div class=\"akkordeon-content\"><div class=\"akkordeon-inner-content\"><div class=\"wp-block-columns flyer\"><div class=\"wp-block-column\"><img decoding=\"async\" src=\"https:\/\/mhh-kardiologie.de\/wp-content\/uploads\/2022\/01\/MHH-Kardiologische-Veranstaltungen_2019_2020.web-245149b3-scaled.jpg\" alt=\"MHH Kardiologische Veranstaltungen_2019_2020.web-245149b3\" style=\"margin-right: 20px; display: block;\"><\/div><div class=\"wp-block-column\" style=\"margin-left: 20px;\"><p style=\"margin-bottom: 8px;\"><strong>Titel<\/strong><\/p><p style=\"margin-bottom: 24px;\">Veranstaltungen 2019 \/ 2020<\/p><p style=\"margin-bottom: 8px;\"><strong>Download<\/strong><\/p><p><a href=\"https:\/\/mhh-kardiologie.de\/wp-content\/uploads\/2022\/01\/MHH-Kardiologische-Veranstaltungen_2019_2020.web_.pdf\" target=\"_blank\">MHH-Kardiologische-Veranstaltungen_2019_2020.web_.pdf (49KB)<\/a><\/p><\/div><\/div><\/div><\/div><\/div><\/div><\/div><\/div>\n","protected":false},"excerpt":{"rendered":"<p>Downloads aus 2020 Stets gut informiert. Wir m\u00f6chten, dass Sie sich umfassend \u00fcber unsere Arbeiten und unser Leistungsspektrum informieren k\u00f6nnen. In unserem Downloadbereich&nbsp;finden Sie unsere Publikationen und viel Wissenswertes aus dem aktuellen und&nbsp;vergangenen Jahren. Archiv202120202019<\/p>\n","protected":false},"author":1,"featured_media":0,"parent":1299,"menu_order":118,"comment_status":"closed","ping_status":"closed","template":"","meta":{"block":"%5B%5D","footnotes":""},"class_list":["post-1942","page","type-page","status-publish","hentry"],"_links":{"self":[{"href":"https:\/\/mhh-kardiologie.de\/en\/wp-json\/wp\/v2\/pages\/1942","targetHints":{"allow":["GET"]}}],"collection":[{"href":"https:\/\/mhh-kardiologie.de\/en\/wp-json\/wp\/v2\/pages"}],"about":[{"href":"https:\/\/mhh-kardiologie.de\/en\/wp-json\/wp\/v2\/types\/page"}],"author":[{"embeddable":true,"href":"https:\/\/mhh-kardiologie.de\/en\/wp-json\/wp\/v2\/users\/1"}],"replies":[{"embeddable":true,"href":"https:\/\/mhh-kardiologie.de\/en\/wp-json\/wp\/v2\/comments?post=1942"}],"version-history":[{"count":7,"href":"https:\/\/mhh-kardiologie.de\/en\/wp-json\/wp\/v2\/pages\/1942\/revisions"}],"predecessor-version":[{"id":2033,"href":"https:\/\/mhh-kardiologie.de\/en\/wp-json\/wp\/v2\/pages\/1942\/revisions\/2033"}],"up":[{"embeddable":true,"href":"https:\/\/mhh-kardiologie.de\/en\/wp-json\/wp\/v2\/pages\/1299"}],"wp:attachment":[{"href":"https:\/\/mhh-kardiologie.de\/en\/wp-json\/wp\/v2\/media?parent=1942"}],"curies":[{"name":"wp","href":"https:\/\/api.w.org\/{rel}","templated":true}]}}