{"id":1945,"date":"2022-01-19T12:52:00","date_gmt":"2022-01-19T11:52:00","guid":{"rendered":"http:\/\/mhh-kardiologie.de.w01d58f8.kasserver.com\/presse-mediathek\/downloads\/downloads-2020-copy\/"},"modified":"2022-01-19T17:10:53","modified_gmt":"2022-01-19T16:10:53","slug":"downloads-2019","status":"publish","type":"page","link":"https:\/\/mhh-kardiologie.de\/en\/presse-mediathek\/downloads\/downloads-2019\/","title":{"rendered":"Downloads aus 2019"},"content":{"rendered":"\n<div class=\"wp-block-columns is-layout-flex wp-container-core-columns-is-layout-9d6595d7 wp-block-columns-is-layout-flex\">\n<div class=\"wp-block-column is-layout-flow wp-block-column-is-layout-flow\" style=\"flex-basis:66.66%\">\n<h2 class=\"wp-block-heading\">Downloads aus 2019<\/h2>\n\n\n\n<p>Stets gut informiert. Wir m\u00f6chten, dass Sie sich umfassend \u00fcber unsere Arbeiten und unser Leistungsspektrum informieren k\u00f6nnen. In unserem Downloadbereich&nbsp;finden Sie unsere Publikationen und viel Wissenswertes aus dem aktuellen und&nbsp;vergangenen Jahren.<\/p>\n<\/div>\n\n\n\n<div class=\"wp-block-column is-layout-flow wp-block-column-is-layout-flow\" style=\"flex-basis:33.33%\">\n<p><strong>Archiv<\/strong><br><a href=\"https:\/\/mhh-kardiologie.de\/presse-mediathek\/downloads\/downloads-2021\/\" data-type=\"page\" data-id=\"1934\">2021<\/a><br><a href=\"https:\/\/mhh-kardiologie.de\/presse-mediathek\/downloads\/downloads-2020\/\" data-type=\"page\" data-id=\"1942\">2020<\/a><br><a href=\"https:\/\/mhh-kardiologie.de\/presse-mediathek\/downloads\/downloads-2019\/\" data-type=\"page\" data-id=\"1945\">2019<\/a><\/p>\n<\/div>\n<\/div>\n\n\n\n<div class=\"wp-block-group\"><div class=\"wp-block-group__inner-container is-layout-flow wp-block-group-is-layout-flow\"><div class=\"lazyblock-akkordeon-flyer-Z1sjB8H wp-block-lazyblock-akkordeon-flyer\"><input id=\"kardiologischeseminarejuni-oktober2019\" class=\"hide akkordeon-toggle\" type=\"checkbox\"><div class=\"akkordeon-block\">\n  <div class=\"toggler\"><label for=\"kardiologischeseminarejuni-oktober2019\">Kardiologische Seminare | Juni &#8211; Oktober 2019<\/label><div class=\"akkordeon-bar\"><\/div><\/div><div class=\"akkordeon-content\"><div class=\"akkordeon-inner-content\"><div class=\"wp-block-columns flyer\"><div class=\"wp-block-column\"><img decoding=\"async\" src=\"https:\/\/mhh-kardiologie.de\/wp-content\/uploads\/2022\/01\/MHH-Kardiologisches-Seminar-2019_Juni-Okt_-910660d0.jpg\" alt=\"MHH Kardiologisches Seminar 2019_Juni-Okt_-910660d0\" style=\"margin-right: 20px; display: block;\"><\/div><div class=\"wp-block-column\" style=\"margin-left: 20px;\"><p style=\"margin-bottom: 8px;\"><strong>Titel<\/strong><\/p><p style=\"margin-bottom: 24px;\">Kardiologische Seminare | Juni &#8211; Oktober 2019<\/p><p style=\"margin-bottom: 8px;\"><strong>Download<\/strong><\/p><p><a href=\"https:\/\/mhh-kardiologie.de\/wp-content\/uploads\/2022\/01\/MHH-Kardiologisches-Seminar-2019_Juni-Okt_.pdf\" target=\"_blank\">MHH-Kardiologisches-Seminar-2019_Juni-Okt_.pdf (1.5MB)<\/a><\/p><\/div><\/div><\/div><\/div><\/div><\/div>\n\n<div class=\"lazyblock-akkordeon-flyer-16X8Xx wp-block-lazyblock-akkordeon-flyer\"><input id=\"lebenmitherzinsuffizienzinformationsbroschrefrpatientenundzuweiser\" class=\"hide akkordeon-toggle\" type=\"checkbox\"><div class=\"akkordeon-block\">\n  <div class=\"toggler\"><label for=\"lebenmitherzinsuffizienzinformationsbroschrefrpatientenundzuweiser\">Leben mit Herzinsuffizienz | Informationsbrosch\u00fcre f\u00fcr Patienten und Zuweiser<\/label><div class=\"akkordeon-bar\"><\/div><\/div><div class=\"akkordeon-content\"><div class=\"akkordeon-inner-content\"><div class=\"wp-block-columns flyer\"><div class=\"wp-block-column\"><img decoding=\"async\" src=\"https:\/\/mhh-kardiologie.de\/wp-content\/uploads\/2022\/01\/mhh-kardiologie-angiologie-herzinsuffizienz-faltblatt-A5-ef19ab6b.jpg\" alt=\"mhh-kardiologie-angiologie-herzinsuffizienz-faltblatt-A5-ef19ab6b\" style=\"margin-right: 20px; display: block;\"><\/div><div class=\"wp-block-column\" style=\"margin-left: 20px;\"><p style=\"margin-bottom: 8px;\"><strong>Titel<\/strong><\/p><p style=\"margin-bottom: 24px;\">Leben mit Herzinsuffizienz | Informationsbrosch\u00fcre f\u00fcr Patienten und Zuweiser<\/p><p style=\"margin-bottom: 8px;\"><strong>Download<\/strong><\/p><p><a href=\"https:\/\/mhh-kardiologie.de\/wp-content\/uploads\/2022\/01\/mhh-kardiologie-angiologie-herzinsuffizienz-faltblatt-A5.pdf\" target=\"_blank\">mhh-kardiologie-angiologie-herzinsuffizienz-faltblatt-A5.pdf (528KB)<\/a><\/p><\/div><\/div><\/div><\/div><\/div><\/div>\n\n<div class=\"lazyblock-akkordeon-flyer-2vRrSw wp-block-lazyblock-akkordeon-flyer\"><input id=\"intermediatecarestation24achestpainunitundheartfailureunit\" class=\"hide akkordeon-toggle\" type=\"checkbox\"><div class=\"akkordeon-block\">\n  <div class=\"toggler\"><label for=\"intermediatecarestation24achestpainunitundheartfailureunit\">Intermediate Care | Station 24a | Chest Pain Unit und Heart Failure Unit<\/label><div class=\"akkordeon-bar\"><\/div><\/div><div class=\"akkordeon-content\"><div class=\"akkordeon-inner-content\"><div class=\"wp-block-columns flyer\"><div class=\"wp-block-column\"><img decoding=\"async\" src=\"https:\/\/mhh-kardiologie.de\/wp-content\/uploads\/2022\/01\/image.jpeg\" alt=\"image\" style=\"margin-right: 20px; display: block;\"><\/div><div class=\"wp-block-column\" style=\"margin-left: 20px;\"><p style=\"margin-bottom: 8px;\"><strong>Titel<\/strong><\/p><p style=\"margin-bottom: 24px;\">Intermediate Care | Station 24a | Chest Pain Unit und Heart Failure Unit<\/p><p style=\"margin-bottom: 8px;\"><strong>Download<\/strong><\/p><p><a href=\"https:\/\/mhh-kardiologie.de\/wp-content\/uploads\/2022\/01\/MHH-Kardiologie-Station-24a-Flyer-2019.pdf\" target=\"_blank\">MHH-Kardiologie-Station-24a-Flyer-2019.pdf (285KB)<\/a><\/p><\/div><\/div><\/div><\/div><\/div><\/div>\n\n<div class=\"lazyblock-akkordeon-flyer-Z4Aobu wp-block-lazyblock-akkordeon-flyer\"><input id=\"intensivstation24bundcardiacarrestcenter\" class=\"hide akkordeon-toggle\" type=\"checkbox\"><div class=\"akkordeon-block\">\n  <div class=\"toggler\"><label for=\"intensivstation24bundcardiacarrestcenter\">Intensivstation 24b und Cardiac Arrest Center<\/label><div class=\"akkordeon-bar\"><\/div><\/div><div class=\"akkordeon-content\"><div class=\"akkordeon-inner-content\"><div class=\"wp-block-columns flyer\"><div class=\"wp-block-column\"><img decoding=\"async\" src=\"https:\/\/mhh-kardiologie.de\/wp-content\/uploads\/2022\/01\/MHH-Kardiologie-Station-24b-Flyer-2019-98e7b26b.jpg\" alt=\"MHH-Kardiologie-Station-24b-Flyer-2019-98e7b26b\" style=\"margin-right: 20px; display: block;\"><\/div><div class=\"wp-block-column\" style=\"margin-left: 20px;\"><p style=\"margin-bottom: 8px;\"><strong>Titel<\/strong><\/p><p style=\"margin-bottom: 24px;\">Intensivstation 24b und Cardiac Arrest Center<\/p><p style=\"margin-bottom: 8px;\"><strong>Download<\/strong><\/p><p><a href=\"https:\/\/mhh-kardiologie.de\/wp-content\/uploads\/2022\/01\/MHH-Kardiologie-Station-24b-Flyer-2019.pdf\" target=\"_blank\">MHH-Kardiologie-Station-24b-Flyer-2019.pdf (180KB)<\/a><\/p><\/div><\/div><\/div><\/div><\/div><\/div>\n\n<div class=\"lazyblock-akkordeon-flyer-2k8J7d wp-block-lazyblock-akkordeon-flyer\"><input id=\"ambulanzfrperipartalekardiomyopathieppcminformationsblattfrpatientinnen\" class=\"hide akkordeon-toggle\" type=\"checkbox\"><div class=\"akkordeon-block\">\n  <div class=\"toggler\"><label for=\"ambulanzfrperipartalekardiomyopathieppcminformationsblattfrpatientinnen\">Ambulanz f\u00fcr Peripartale Kardiomyopathie (PPCM) | Informationsblatt f\u00fcr Patientinnen<\/label><div class=\"akkordeon-bar\"><\/div><\/div><div class=\"akkordeon-content\"><div class=\"akkordeon-inner-content\"><div class=\"wp-block-columns flyer\"><div class=\"wp-block-column\"><img decoding=\"async\" src=\"https:\/\/mhh-kardiologie.de\/wp-content\/uploads\/2022\/01\/MHH-Kardiologie-PPCM-Flyer-2019-4e61fcae.jpg\" alt=\"MHH-Kardiologie-PPCM-Flyer-2019-4e61fcae\" style=\"margin-right: 20px; display: block;\"><\/div><div class=\"wp-block-column\" style=\"margin-left: 20px;\"><p style=\"margin-bottom: 8px;\"><strong>Titel<\/strong><\/p><p style=\"margin-bottom: 24px;\">Ambulanz f\u00fcr Peripartale Kardiomyopathie (PPCM) | Informationsblatt f\u00fcr Patientinnen<\/p><p style=\"margin-bottom: 8px;\"><strong>Download<\/strong><\/p><p><a href=\"https:\/\/mhh-kardiologie.de\/wp-content\/uploads\/2022\/01\/MHH-Kardiologie-PPCM-Flyer-2019.pdf\" target=\"_blank\">MHH-Kardiologie-PPCM-Flyer-2019.pdf (240KB)<\/a><\/p><\/div><\/div><\/div><\/div><\/div><\/div>\n\n<div class=\"lazyblock-akkordeon-flyer-Q8IHb wp-block-lazyblock-akkordeon-flyer\"><input id=\"interventionelleraortenklappenersatztavieininformationsblattfrpatienten\" class=\"hide akkordeon-toggle\" type=\"checkbox\"><div class=\"akkordeon-block\">\n  <div class=\"toggler\"><label for=\"interventionelleraortenklappenersatztavieininformationsblattfrpatienten\">Interventioneller Aortenklappenersatz (TAVI) | Ein Informationsblatt f\u00fcr Patienten<\/label><div class=\"akkordeon-bar\"><\/div><\/div><div class=\"akkordeon-content\"><div class=\"akkordeon-inner-content\"><div class=\"wp-block-columns flyer\"><div class=\"wp-block-column\"><img decoding=\"async\" src=\"https:\/\/mhh-kardiologie.de\/wp-content\/uploads\/2022\/01\/MHH-Kardiologie-TAVI-Faltblatt-2019-b826cb53.jpg\" alt=\"MHH-Kardiologie-TAVI-Faltblatt-2019-b826cb53\" style=\"margin-right: 20px; display: block;\"><\/div><div class=\"wp-block-column\" style=\"margin-left: 20px;\"><p style=\"margin-bottom: 8px;\"><strong>Titel<\/strong><\/p><p style=\"margin-bottom: 24px;\">Interventioneller Aortenklappenersatz (TAVI) | Ein Informationsblatt f\u00fcr Patienten<\/p><p style=\"margin-bottom: 8px;\"><strong>Download<\/strong><\/p><p><a href=\"https:\/\/mhh-kardiologie.de\/wp-content\/uploads\/2022\/01\/MHH-Kardiologie-TAVI-Faltblatt-2019-1.pdf\" target=\"_blank\">MHH-Kardiologie-TAVI-Faltblatt-2019-1.pdf (467KB)<\/a><\/p><\/div><\/div><\/div><\/div><\/div><\/div>\n\n<div class=\"lazyblock-akkordeon-flyer-2tx7r4 wp-block-lazyblock-akkordeon-flyer\"><input id=\"herzkatheteruntersuchunginformationsblattfrpatienten\" class=\"hide akkordeon-toggle\" type=\"checkbox\"><div class=\"akkordeon-block\">\n  <div class=\"toggler\"><label for=\"herzkatheteruntersuchunginformationsblattfrpatienten\">Herzkatheteruntersuchung | Informationsblatt f\u00fcr Patienten<\/label><div class=\"akkordeon-bar\"><\/div><\/div><div class=\"akkordeon-content\"><div class=\"akkordeon-inner-content\"><div class=\"wp-block-columns flyer\"><div class=\"wp-block-column\"><img decoding=\"async\" src=\"https:\/\/mhh-kardiologie.de\/wp-content\/uploads\/2022\/01\/MHH-Kardiologie-Herzkatheteruntersuchung-Einblick-in-die-Herzkranzgefaesse-4c80c5e4.jpg\" alt=\"MHH-Kardiologie-Herzkatheteruntersuchung-Einblick-in-die-Herzkranzgefaesse-4c80c5e4\" style=\"margin-right: 20px; display: block;\"><\/div><div class=\"wp-block-column\" style=\"margin-left: 20px;\"><p style=\"margin-bottom: 8px;\"><strong>Titel<\/strong><\/p><p style=\"margin-bottom: 24px;\">Herzkatheteruntersuchung | Informationsblatt f\u00fcr Patienten<\/p><p style=\"margin-bottom: 8px;\"><strong>Download<\/strong><\/p><p><a href=\"https:\/\/mhh-kardiologie.de\/wp-content\/uploads\/2022\/01\/MHH-Kardiologie-Herzkatheteruntersuchung-Einblick-in-die-Herzkranzgefaesse-1.pdf\" target=\"_blank\">MHH-Kardiologie-Herzkatheteruntersuchung-Einblick-in-die-Herzkranzgefaesse-1.pdf (829KB)<\/a><\/p><\/div><\/div><\/div><\/div><\/div><\/div>\n\n<div class=\"lazyblock-akkordeon-flyer-Z1F1LWD wp-block-lazyblock-akkordeon-flyer\"><input id=\"interventionelleangiologieinformationsblattfrpatientenundrzte\" class=\"hide akkordeon-toggle\" type=\"checkbox\"><div class=\"akkordeon-block\">\n  <div class=\"toggler\"><label for=\"interventionelleangiologieinformationsblattfrpatientenundrzte\">Interventionelle Angiologie | Informationsblatt f\u00fcr Patienten und \u00c4rzte<\/label><div class=\"akkordeon-bar\"><\/div><\/div><div class=\"akkordeon-content\"><div class=\"akkordeon-inner-content\"><div class=\"wp-block-columns flyer\"><div class=\"wp-block-column\"><img decoding=\"async\" src=\"https:\/\/mhh-kardiologie.de\/wp-content\/uploads\/2022\/01\/MHH-Kardiologie-Interventionelle-Angiologie-Flyer-7e9975bd.jpg\" alt=\"MHH-Kardiologie-Interventionelle-Angiologie-Flyer-7e9975bd\" style=\"margin-right: 20px; display: block;\"><\/div><div class=\"wp-block-column\" style=\"margin-left: 20px;\"><p style=\"margin-bottom: 8px;\"><strong>Titel<\/strong><\/p><p style=\"margin-bottom: 24px;\">Interventionelle Angiologie | Informationsblatt f\u00fcr Patienten und \u00c4rzte<\/p><p style=\"margin-bottom: 8px;\"><strong>Download<\/strong><\/p><p><a href=\"https:\/\/mhh-kardiologie.de\/wp-content\/uploads\/2022\/01\/MHH-Kardiologie-Interventionelle-Angiologie-Flyer.pdf\" target=\"_blank\">MHH-Kardiologie-Interventionelle-Angiologie-Flyer.pdf (768KB)<\/a><\/p><\/div><\/div><\/div><\/div><\/div><\/div>\n\n<div class=\"lazyblock-akkordeon-flyer-EnTP4 wp-block-lazyblock-akkordeon-flyer\"><input id=\"crt-kardialeresynchronisations-therapieinformationsblattfrpatientenundrzte\" class=\"hide akkordeon-toggle\" type=\"checkbox\"><div class=\"akkordeon-block\">\n  <div class=\"toggler\"><label for=\"crt-kardialeresynchronisations-therapieinformationsblattfrpatientenundrzte\">CRT-Kardiale Resynchronisations-Therapie | Informationsblatt f\u00fcr Patienten und \u00c4rzte<\/label><div class=\"akkordeon-bar\"><\/div><\/div><div class=\"akkordeon-content\"><div class=\"akkordeon-inner-content\"><div class=\"wp-block-columns flyer\"><div class=\"wp-block-column\"><img decoding=\"async\" src=\"https:\/\/mhh-kardiologie.de\/wp-content\/uploads\/2022\/01\/MHH-Kardiologie-CRT-Kardiale-Resynchronisations-Therapie-Flyer-bb7c1d6c.jpg\" alt=\"MHH-Kardiologie-CRT-Kardiale Resynchronisations-Therapie-Flyer-bb7c1d6c\" style=\"margin-right: 20px; display: block;\"><\/div><div class=\"wp-block-column\" style=\"margin-left: 20px;\"><p style=\"margin-bottom: 8px;\"><strong>Titel<\/strong><\/p><p style=\"margin-bottom: 24px;\">CRT-Kardiale Resynchronisations-Therapie | Informationsblatt f\u00fcr Patienten und \u00c4rzte<\/p><p style=\"margin-bottom: 8px;\"><strong>Download<\/strong><\/p><p><a href=\"https:\/\/mhh-kardiologie.de\/wp-content\/uploads\/2022\/01\/MHH-Kardiologie-CRT-Kardiale-Resynchronisations-Therapie-Flyer.pdf\" target=\"_blank\">MHH-Kardiologie-CRT-Kardiale-Resynchronisations-Therapie-Flyer.pdf (176KB)<\/a><\/p><\/div><\/div><\/div><\/div><\/div><\/div>\n\n<div class=\"lazyblock-akkordeon-flyer-Z1Thqnh wp-block-lazyblock-akkordeon-flyer\"><input id=\"kardiologischeseminarejanuar-mai2019\" class=\"hide akkordeon-toggle\" type=\"checkbox\"><div class=\"akkordeon-block\">\n  <div class=\"toggler\"><label for=\"kardiologischeseminarejanuar-mai2019\">Kardiologische Seminare | Januar &#8211; Mai 2019<\/label><div class=\"akkordeon-bar\"><\/div><\/div><div class=\"akkordeon-content\"><div class=\"akkordeon-inner-content\"><div class=\"wp-block-columns flyer\"><div class=\"wp-block-column\"><img decoding=\"async\" src=\"https:\/\/mhh-kardiologie.de\/wp-content\/uploads\/2022\/01\/MHH-Kardiologisches-Seminar-2019_Jan_Mai_2019-bc345805.jpg\" alt=\"MHH Kardiologisches Seminar 2019_Jan_Mai_2019-bc345805\" style=\"margin-right: 20px; display: block;\"><\/div><div class=\"wp-block-column\" style=\"margin-left: 20px;\"><p style=\"margin-bottom: 8px;\"><strong>Titel<\/strong><\/p><p style=\"margin-bottom: 24px;\">Kardiologische Seminare | Januar &#8211; Mai 2019<\/p><p style=\"margin-bottom: 8px;\"><strong>Download<\/strong><\/p><p><a href=\"https:\/\/mhh-kardiologie.de\/wp-content\/uploads\/2022\/01\/MHH-Kardiologisches-Seminar-2019_Jan_Mai_2019.pdf\" target=\"_blank\">MHH-Kardiologisches-Seminar-2019_Jan_Mai_2019.pdf (1.5MB)<\/a><\/p><\/div><\/div><\/div><\/div><\/div><\/div>\n\n<div class=\"lazyblock-akkordeon-flyer-tnYO4 wp-block-lazyblock-akkordeon-flyer\"><input id=\"veranstaltungen20182019\" class=\"hide akkordeon-toggle\" type=\"checkbox\"><div class=\"akkordeon-block\">\n  <div class=\"toggler\"><label for=\"veranstaltungen20182019\">Veranstaltungen 2018 \/ 2019<\/label><div class=\"akkordeon-bar\"><\/div><\/div><div class=\"akkordeon-content\"><div class=\"akkordeon-inner-content\"><div class=\"wp-block-columns flyer\"><div class=\"wp-block-column\"><img decoding=\"async\" src=\"https:\/\/mhh-kardiologie.de\/wp-content\/uploads\/2022\/01\/MHH_Kardiologische-Veranstaltungen_2018_2019-d33444d6.jpg\" alt=\"MHH_Kardiologische-Veranstaltungen_2018_2019-d33444d6\" style=\"margin-right: 20px; display: block;\"><\/div><div class=\"wp-block-column\" style=\"margin-left: 20px;\"><p style=\"margin-bottom: 8px;\"><strong>Titel<\/strong><\/p><p style=\"margin-bottom: 24px;\">Veranstaltungen 2018 \/ 2019<\/p><p style=\"margin-bottom: 8px;\"><strong>Download<\/strong><\/p><p><a href=\"https:\/\/mhh-kardiologie.de\/wp-content\/uploads\/2022\/01\/MHH_Kardiologische-Veranstaltungen_2018_2019.pdf\" target=\"_blank\">MHH_Kardiologische-Veranstaltungen_2018_2019.pdf (1.5MB)<\/a><\/p><\/div><\/div><\/div><\/div><\/div><\/div>\n\n<div class=\"lazyblock-akkordeon-flyer-Z2aASEu wp-block-lazyblock-akkordeon-flyer\"><input id=\"ansprechpartnerimberblick\" class=\"hide akkordeon-toggle\" type=\"checkbox\"><div class=\"akkordeon-block\">\n  <div class=\"toggler\"><label for=\"ansprechpartnerimberblick\">Ansprechpartner im \u00dcberblick<\/label><div class=\"akkordeon-bar\"><\/div><\/div><div class=\"akkordeon-content\"><div class=\"akkordeon-inner-content\"><div class=\"wp-block-columns flyer\"><div class=\"wp-block-column\"><img decoding=\"async\" src=\"https:\/\/mhh-kardiologie.de\/wp-content\/uploads\/2022\/01\/MHH-Kardiologie_Kontaktdaten_Karte_A5_Zuweiser_web-83a647f6.jpg\" alt=\"MHH-Kardiologie_Kontaktdaten_Karte_A5_Zuweiser_web-83a647f6\" style=\"margin-right: 20px; display: block;\"><\/div><div class=\"wp-block-column\" style=\"margin-left: 20px;\"><p style=\"margin-bottom: 8px;\"><strong>Titel<\/strong><\/p><p style=\"margin-bottom: 24px;\">Ansprechpartner im \u00dcberblick<\/p><p style=\"margin-bottom: 8px;\"><strong>Download<\/strong><\/p><p><a href=\"https:\/\/mhh-kardiologie.de\/wp-content\/uploads\/2022\/01\/MHH_Kardiologie_Angiologie_Abteilungen_Uebersicht.pdf\" target=\"_blank\">MHH_Kardiologie_Angiologie_Abteilungen_Uebersicht.pdf (50KB)<\/a><\/p><\/div><\/div><\/div><\/div><\/div><\/div><\/div><\/div>\n","protected":false},"excerpt":{"rendered":"<p>Downloads aus 2019 Stets gut informiert. Wir m\u00f6chten, dass Sie sich umfassend \u00fcber unsere Arbeiten und unser Leistungsspektrum informieren k\u00f6nnen. In unserem Downloadbereich&nbsp;finden Sie unsere Publikationen und viel Wissenswertes aus dem aktuellen und&nbsp;vergangenen Jahren. Archiv202120202019<\/p>\n","protected":false},"author":1,"featured_media":0,"parent":1299,"menu_order":119,"comment_status":"closed","ping_status":"closed","template":"","meta":{"block":"%5B%5D","footnotes":""},"class_list":["post-1945","page","type-page","status-publish","hentry"],"_links":{"self":[{"href":"https:\/\/mhh-kardiologie.de\/en\/wp-json\/wp\/v2\/pages\/1945","targetHints":{"allow":["GET"]}}],"collection":[{"href":"https:\/\/mhh-kardiologie.de\/en\/wp-json\/wp\/v2\/pages"}],"about":[{"href":"https:\/\/mhh-kardiologie.de\/en\/wp-json\/wp\/v2\/types\/page"}],"author":[{"embeddable":true,"href":"https:\/\/mhh-kardiologie.de\/en\/wp-json\/wp\/v2\/users\/1"}],"replies":[{"embeddable":true,"href":"https:\/\/mhh-kardiologie.de\/en\/wp-json\/wp\/v2\/comments?post=1945"}],"version-history":[{"count":8,"href":"https:\/\/mhh-kardiologie.de\/en\/wp-json\/wp\/v2\/pages\/1945\/revisions"}],"predecessor-version":[{"id":2098,"href":"https:\/\/mhh-kardiologie.de\/en\/wp-json\/wp\/v2\/pages\/1945\/revisions\/2098"}],"up":[{"embeddable":true,"href":"https:\/\/mhh-kardiologie.de\/en\/wp-json\/wp\/v2\/pages\/1299"}],"wp:attachment":[{"href":"https:\/\/mhh-kardiologie.de\/en\/wp-json\/wp\/v2\/media?parent=1945"}],"curies":[{"name":"wp","href":"https:\/\/api.w.org\/{rel}","templated":true}]}}