{"id":195,"date":"2021-09-24T12:11:05","date_gmt":"2021-09-24T10:11:05","guid":{"rendered":"http:\/\/mhh-kardiologie.de.w01d58f8.kasserver.com\/?page_id=195"},"modified":"2026-01-09T09:53:59","modified_gmt":"2026-01-09T08:53:59","slug":"herzforum","status":"publish","type":"page","link":"https:\/\/mhh-kardiologie.de\/en\/stiftung-veranstaltungen\/herzforum\/","title":{"rendered":"Herzforum"},"content":{"rendered":"\n<div class=\"wp-block-cover is-light\"><span aria-hidden=\"true\" class=\"wp-block-cover__background has-white-background-color has-background-dim-100 has-background-dim\"><\/span><div class=\"wp-block-cover__inner-container is-layout-flow wp-block-cover-is-layout-flow\"><div class=\"lazyblock-icon-14Yj28 wp-block-lazyblock-icon\"><div class=\"big_icon\">\n  <span class=\"icon-Projekte\"><\/span><\/div><\/div>\n\n\n<div class=\"wp-block-columns is-layout-flex wp-container-core-columns-is-layout-9d6595d7 wp-block-columns-is-layout-flex\">\n<div class=\"wp-block-column is-layout-flow wp-block-column-is-layout-flow\" style=\"flex-basis:66.66%\">\n<h2 class=\"wp-block-heading\" id=\"herzforum\">Herzforum<\/h2>\n\n\n\n<p>Das Herzforum ist eine seit \u00fcber&nbsp;20 Jahren durchgef\u00fchrte Fortbildungsveranstaltung, bei der zwei \u00dcbersichtsvortr\u00e4ge und mehrere interessante F\u00e4lle aus der Klinik pr\u00e4sentiert und diskutiert werden. Das Zielpublikum sind interessierte niedergelassene Allgemeinmediziner, Internisten und Kardiologen sowie Kolleginnen und Kollegen aus benachbarten Kliniken. Hierbei geben wir \u00dcbersichten \u00fcber die aktuellen Behandlungsstandards bei bestimmten Krankheitsbildern und stellen innovative Therapiekonzepte vor, die h\u00e4ufig an der MHH regional zuerst angeboten werden. Der abschlie\u00dfende kollegiale Austausch mit den Referierenden und Klinik\u00e4rztinnen und -\u00e4rzten vertieft hierbei die direkte Zusammenarbeit mit den&nbsp;Zuweisern.<\/p>\n\n\n\n<p>Save the Date: Das n\u00e4chstes <mark style=\"background-color:rgba(0, 0, 0, 0)\" class=\"has-inline-color has-luminous-vivid-orange-color\"><strong>Herzforum<\/strong>\u00a0<\/mark>findet am\u00a0<strong><mark style=\"background-color:rgba(0, 0, 0, 0)\" class=\"has-inline-color has-luminous-vivid-orange-color\">28. Oktober 2026<\/mark><\/strong> statt.<\/p>\n\n\n\n<p><\/p>\n\n\n\n<figure class=\"wp-block-image size-full\"><img loading=\"lazy\" decoding=\"async\" width=\"1024\" height=\"820\" src=\"https:\/\/mhh-kardiologie.de\/wp-content\/uploads\/2021\/10\/MHHas_Rhythm_Flyer-d69b3b75.jpg\" alt=\"\" class=\"wp-image-1225\" srcset=\"https:\/\/mhh-kardiologie.de\/wp-content\/uploads\/2021\/10\/MHHas_Rhythm_Flyer-d69b3b75.jpg 1024w, https:\/\/mhh-kardiologie.de\/wp-content\/uploads\/2021\/10\/MHHas_Rhythm_Flyer-d69b3b75-300x240.jpg 300w, https:\/\/mhh-kardiologie.de\/wp-content\/uploads\/2021\/10\/MHHas_Rhythm_Flyer-d69b3b75-768x615.jpg 768w\" sizes=\"auto, (max-width: 1024px) 100vw, 1024px\" \/><\/figure>\n<\/div>\n\n\n\n<div class=\"wp-block-column is-layout-flow wp-block-column-is-layout-flow\" style=\"flex-basis:33.33%\">\n<p><strong>Projekleitung<\/strong><\/p>\n\n\n<div class=\"personal_container\"><div class=\"personal_portrait\" style=\"background-image: url(https:\/\/mhh-kardiologie.de\/wp-content\/uploads\/2026\/04\/MHH_Kardiologie_Bauersachs_2026_.jpg);\"><\/div><div class=\"personal_infos\"><p class=\"personal_name\"><a href=\"https:\/\/mhh-kardiologie.de\/en\/klinikteam\/direktor-oberaerzte\/prof-dr-johann-bauersachs\/\">Prof. Dr. Johann Bauersachs<\/a><\/p><p class=\"personal_mail\"><a href=\"mailto:gaulke.beate@mh-hannover.de\">gaulke.beate@mh-hannover.de<\/a><\/p><\/div><\/div>\n<\/div>\n<\/div>\n<\/div><\/div>\n","protected":false},"excerpt":{"rendered":"","protected":false},"author":1,"featured_media":275,"parent":109,"menu_order":99,"comment_status":"closed","ping_status":"closed","template":"","meta":{"block":"%5B%5D","footnotes":""},"class_list":["post-195","page","type-page","status-publish","has-post-thumbnail","hentry"],"_links":{"self":[{"href":"https:\/\/mhh-kardiologie.de\/en\/wp-json\/wp\/v2\/pages\/195","targetHints":{"allow":["GET"]}}],"collection":[{"href":"https:\/\/mhh-kardiologie.de\/en\/wp-json\/wp\/v2\/pages"}],"about":[{"href":"https:\/\/mhh-kardiologie.de\/en\/wp-json\/wp\/v2\/types\/page"}],"author":[{"embeddable":true,"href":"https:\/\/mhh-kardiologie.de\/en\/wp-json\/wp\/v2\/users\/1"}],"replies":[{"embeddable":true,"href":"https:\/\/mhh-kardiologie.de\/en\/wp-json\/wp\/v2\/comments?post=195"}],"version-history":[{"count":27,"href":"https:\/\/mhh-kardiologie.de\/en\/wp-json\/wp\/v2\/pages\/195\/revisions"}],"predecessor-version":[{"id":6569,"href":"https:\/\/mhh-kardiologie.de\/en\/wp-json\/wp\/v2\/pages\/195\/revisions\/6569"}],"up":[{"embeddable":true,"href":"https:\/\/mhh-kardiologie.de\/en\/wp-json\/wp\/v2\/pages\/109"}],"wp:featuredmedia":[{"embeddable":true,"href":"https:\/\/mhh-kardiologie.de\/en\/wp-json\/wp\/v2\/media\/275"}],"wp:attachment":[{"href":"https:\/\/mhh-kardiologie.de\/en\/wp-json\/wp\/v2\/media?parent=195"}],"curies":[{"name":"wp","href":"https:\/\/api.w.org\/{rel}","templated":true}]}}