{"id":1958,"date":"2022-01-19T13:01:48","date_gmt":"2022-01-19T12:01:48","guid":{"rendered":"http:\/\/mhh-kardiologie.de.w01d58f8.kasserver.com\/presse-mediathek\/videos-copy\/"},"modified":"2022-02-25T12:45:30","modified_gmt":"2022-02-25T11:45:30","slug":"videos-2021","status":"publish","type":"page","link":"https:\/\/mhh-kardiologie.de\/en\/presse-mediathek\/videos\/videos-2021\/","title":{"rendered":"Videos aus 2021"},"content":{"rendered":"\n<div class=\"wp-block-columns is-layout-flex wp-container-core-columns-is-layout-9d6595d7 wp-block-columns-is-layout-flex\">\n<div class=\"wp-block-column is-layout-flow wp-block-column-is-layout-flow\" style=\"flex-basis:66.66%\">\n<h2 class=\"wp-block-heading\">Videos aus 2021<\/h2>\n\n\n\n<p>Auf dieser Seite&nbsp;finden Sie aktuelle, spannende und informative Video-Beitr\u00e4ge aus den letzten Jahren mit den \u00c4rzten der Klinik f\u00fcr Kardiologie und Angiologie rund um das Thema Herz.<\/p>\n\n\n\n<div style=\"height:50px\" aria-hidden=\"true\" class=\"wp-block-spacer\"><\/div>\n\n\n\n<figure class=\"wp-block-embed is-type-video is-provider-youtube wp-block-embed-youtube wp-embed-aspect-16-9 wp-has-aspect-ratio\"><div class=\"wp-block-embed__wrapper\">\n<div class=\"embed-responsive embed-responsive-16by9\"><iframe title=\"Herz unter Druck\" src=\"https:\/\/www.youtube.com\/embed\/sDIpkTumtp8?feature=oembed\" frameborder=\"0\" allow=\"accelerometer; autoplay; clipboard-write; encrypted-media; gyroscope; picture-in-picture; web-share\" referrerpolicy=\"strict-origin-when-cross-origin\" allowfullscreen><\/iframe><\/div>\n<\/div><\/figure>\n\n\n\n<h3 class=\"wp-block-heading\">Herz unter Druck<\/h3>\n\n\n\n<p>Gesundheitsbildung f\u00fcr ALLE<br>Patientenuniversit\u00e4t der Medizinischen Hochschule Hannover<br>Online-Expertenvortrag<\/p>\n\n\n\n<div style=\"height:50px\" aria-hidden=\"true\" class=\"wp-block-spacer\"><\/div>\n\n\n\n<figure class=\"wp-block-embed is-type-video is-provider-youtube wp-block-embed-youtube wp-embed-aspect-16-9 wp-has-aspect-ratio\"><div class=\"wp-block-embed__wrapper\">\n<div class=\"embed-responsive embed-responsive-16by9\"><iframe title=\"HiGHmed: Herzschw\u00e4che besser behandeln \u2013 Betroffene als Forschungspartner\" src=\"https:\/\/www.youtube.com\/embed\/K5wjq28kGXU?feature=oembed\" frameborder=\"0\" allow=\"accelerometer; autoplay; clipboard-write; encrypted-media; gyroscope; picture-in-picture; web-share\" referrerpolicy=\"strict-origin-when-cross-origin\" allowfullscreen><\/iframe><\/div>\n<\/div><\/figure>\n\n\n\n<h3 class=\"wp-block-heading\">HiGHmed: Herzschw\u00e4che besser behandeln \u2013 Betroffene als Forschungspartner<\/h3>\n\n\n\n<p>Mit innovativen IT-L\u00f6sungen die Forschung st\u00e4rken und die Menschen in Zukunft besser versorgen \u2013 das sind die Ziele der Medizininformatik-Initiative. Wie das gelingen kann, zeigt dieser Film am Beispiel der Herzinsuffizienz.<\/p>\n\n\n\n<div style=\"height:50px\" aria-hidden=\"true\" class=\"wp-block-spacer\"><\/div>\n\n\n\n<figure class=\"wp-block-embed is-type-video is-provider-youtube wp-block-embed-youtube wp-embed-aspect-16-9 wp-has-aspect-ratio\"><div class=\"wp-block-embed__wrapper\">\n<div class=\"embed-responsive embed-responsive-16by9\"><iframe title=\"NDR Visite 12.01.2021\" src=\"https:\/\/www.youtube.com\/embed\/oWwBv9k3qYo?feature=oembed\" frameborder=\"0\" allow=\"accelerometer; autoplay; clipboard-write; encrypted-media; gyroscope; picture-in-picture; web-share\" referrerpolicy=\"strict-origin-when-cross-origin\" allowfullscreen><\/iframe><\/div>\n<\/div><\/figure>\n\n\n\n<h3 class=\"wp-block-heading\">NDR Visite | 12. Januar 2021<\/h3>\n\n\n\n<p>Themen: Corona, Stoffmaske bis FFP, Schlaganfall, Immuntherapie bei Krebs, Kalorien, Natur-Docs<\/p>\n<\/div>\n\n\n\n<div class=\"wp-block-column is-layout-flow wp-block-column-is-layout-flow\" style=\"flex-basis:33.33%\">\n<p><meta charset=\"utf-8\"><strong>Archiv<\/strong><a href=\"https:\/\/mhh-kardiologie.de\/presse-mediathek\/videos\/videos-2022\/\"><br><\/a><a data-type=\"page\" data-id=\"1958\" href=\"https:\/\/mhh-kardiologie.de\/presse-mediathek\/videos\/videos-2021\/\">Videos aus 2021<br><\/a><a data-type=\"page\" data-id=\"1961\" href=\"https:\/\/mhh-kardiologie.de\/presse-mediathek\/videos\/videos-2020\/\">Videos aus 2020<br><\/a><a data-type=\"page\" data-id=\"1964\" href=\"https:\/\/mhh-kardiologie.de\/presse-mediathek\/videos\/videos-2019\/\">Videos aus 2019<\/a><\/p>\n<\/div>\n<\/div>\n","protected":false},"excerpt":{"rendered":"<p>Videos aus 2021 Auf dieser Seite&nbsp;finden Sie aktuelle, spannende und informative Video-Beitr\u00e4ge aus den letzten Jahren mit den \u00c4rzten der Klinik f\u00fcr Kardiologie und Angiologie rund um das Thema Herz. Herz unter Druck Gesundheitsbildung f\u00fcr ALLEPatientenuniversit\u00e4t der Medizinischen Hochschule HannoverOnline-Expertenvortrag HiGHmed: Herzschw\u00e4che besser behandeln \u2013 Betroffene als Forschungspartner Mit innovativen IT-L\u00f6sungen die Forschung st\u00e4rken und [&hellip;]<\/p>\n","protected":false},"author":1,"featured_media":0,"parent":1301,"menu_order":123,"comment_status":"closed","ping_status":"closed","template":"","meta":{"block":"%5B%5D","footnotes":""},"class_list":["post-1958","page","type-page","status-publish","hentry"],"_links":{"self":[{"href":"https:\/\/mhh-kardiologie.de\/en\/wp-json\/wp\/v2\/pages\/1958","targetHints":{"allow":["GET"]}}],"collection":[{"href":"https:\/\/mhh-kardiologie.de\/en\/wp-json\/wp\/v2\/pages"}],"about":[{"href":"https:\/\/mhh-kardiologie.de\/en\/wp-json\/wp\/v2\/types\/page"}],"author":[{"embeddable":true,"href":"https:\/\/mhh-kardiologie.de\/en\/wp-json\/wp\/v2\/users\/1"}],"replies":[{"embeddable":true,"href":"https:\/\/mhh-kardiologie.de\/en\/wp-json\/wp\/v2\/comments?post=1958"}],"version-history":[{"count":7,"href":"https:\/\/mhh-kardiologie.de\/en\/wp-json\/wp\/v2\/pages\/1958\/revisions"}],"predecessor-version":[{"id":2914,"href":"https:\/\/mhh-kardiologie.de\/en\/wp-json\/wp\/v2\/pages\/1958\/revisions\/2914"}],"up":[{"embeddable":true,"href":"https:\/\/mhh-kardiologie.de\/en\/wp-json\/wp\/v2\/pages\/1301"}],"wp:attachment":[{"href":"https:\/\/mhh-kardiologie.de\/en\/wp-json\/wp\/v2\/media?parent=1958"}],"curies":[{"name":"wp","href":"https:\/\/api.w.org\/{rel}","templated":true}]}}