{"id":1961,"date":"2022-01-19T13:03:39","date_gmt":"2022-01-19T12:03:39","guid":{"rendered":"http:\/\/mhh-kardiologie.de.w01d58f8.kasserver.com\/presse-mediathek\/videos\/videos-2021-copy\/"},"modified":"2022-02-25T12:45:42","modified_gmt":"2022-02-25T11:45:42","slug":"videos-2020","status":"publish","type":"page","link":"https:\/\/mhh-kardiologie.de\/en\/presse-mediathek\/videos\/videos-2020\/","title":{"rendered":"Videos aus 2020"},"content":{"rendered":"\n<div class=\"wp-block-columns is-layout-flex wp-container-core-columns-is-layout-9d6595d7 wp-block-columns-is-layout-flex\">\n<div class=\"wp-block-column is-layout-flow wp-block-column-is-layout-flow\" style=\"flex-basis:66.66%\">\n<h2 class=\"wp-block-heading\">Videos aus 2020<\/h2>\n\n\n\n<p>Auf dieser Seite&nbsp;finden Sie aktuelle, spannende und informative Video-Beitr\u00e4ge aus den letzten Jahren mit den \u00c4rzten der Klinik f\u00fcr Kardiologie und Angiologie rund um das Thema Herz<\/p>\n\n\n\n<div style=\"height:50px\" aria-hidden=\"true\" class=\"wp-block-spacer\"><\/div>\n\n\n\n<figure class=\"wp-block-embed is-type-video is-provider-youtube wp-block-embed-youtube wp-embed-aspect-16-9 wp-has-aspect-ratio\"><div class=\"wp-block-embed__wrapper\">\n<div class=\"embed-responsive embed-responsive-16by9\"><iframe title=\"Das Herzkreislaufsystem\" src=\"https:\/\/www.youtube.com\/embed\/YoOaK-upetI?feature=oembed\" frameborder=\"0\" allow=\"accelerometer; autoplay; clipboard-write; encrypted-media; gyroscope; picture-in-picture; web-share\" referrerpolicy=\"strict-origin-when-cross-origin\" allowfullscreen><\/iframe><\/div>\n<\/div><\/figure>\n\n\n\n<h3 class=\"wp-block-heading\">Das Herzkreislaufsystem&nbsp;| MHH Webredaktion | 22.&nbsp;Juli 2020<\/h3>\n\n\n\n<p>Prof. Bauersachs erkl\u00e4rt das Herzkreislaufsystem und was bei einem Herzinfarkt im K\u00f6rper passiert.<br>Eine Produktion der Medizinischen Hochschule Hannover f\u00fcr die Initiative Wissenschaft Hannover.<\/p>\n\n\n\n<div style=\"height:50px\" aria-hidden=\"true\" class=\"wp-block-spacer\"><\/div>\n\n\n\n<figure class=\"wp-block-embed is-type-video is-provider-youtube wp-block-embed-youtube wp-embed-aspect-16-9 wp-has-aspect-ratio\"><div class=\"wp-block-embed__wrapper\">\n<div class=\"embed-responsive embed-responsive-16by9\"><iframe title=\"Telemedizin an der MHH\" src=\"https:\/\/www.youtube.com\/embed\/aFJQF0hrdwM?feature=oembed\" frameborder=\"0\" allow=\"accelerometer; autoplay; clipboard-write; encrypted-media; gyroscope; picture-in-picture; web-share\" referrerpolicy=\"strict-origin-when-cross-origin\" allowfullscreen><\/iframe><\/div>\n<\/div><\/figure>\n\n\n\n<h3 class=\"wp-block-heading\">Telemedizin an der MHH | MHH Webredaktion | 15.&nbsp;Juli 2020<\/h3>\n\n\n\n<p>An der MHH gibt es die Videosprechstunde immer h\u00e4ufiger. Prof. Bauersachs und PD Dr. Duncker sprechen \u00fcber den Einsatz der Telemedizin in der Klinik f\u00fcr Kardiologie und Angiologie.&nbsp;<\/p>\n\n\n\n<div style=\"height:50px\" aria-hidden=\"true\" class=\"wp-block-spacer\"><\/div>\n\n\n\n<figure class=\"wp-block-embed is-type-video is-provider-youtube wp-block-embed-youtube wp-embed-aspect-16-9 wp-has-aspect-ratio\"><div class=\"wp-block-embed__wrapper\">\n<div class=\"embed-responsive embed-responsive-16by9\"><iframe title=\"Corona-Update Herzerkrankungen und Corona\" src=\"https:\/\/www.youtube.com\/embed\/aepXOvTG-QU?feature=oembed\" frameborder=\"0\" allow=\"accelerometer; autoplay; clipboard-write; encrypted-media; gyroscope; picture-in-picture; web-share\" referrerpolicy=\"strict-origin-when-cross-origin\" allowfullscreen><\/iframe><\/div>\n<\/div><\/figure>\n\n\n\n<h3 class=\"wp-block-heading\">Corona-Update mit Prof. Bauersachs&nbsp;|&nbsp;MHH Webredaktion&nbsp;| 20. April 2020<\/h3>\n\n\n\n<p>Prof. Bauersachs spricht \u00fcber den Zusammenhang von Corona und Herzerkrankungen.<\/p>\n<\/div>\n\n\n\n<div class=\"wp-block-column is-layout-flow wp-block-column-is-layout-flow\" style=\"flex-basis:33.33%\">\n<p><strong>Archiv<\/strong><a href=\"https:\/\/mhh-kardiologie.de\/presse-mediathek\/videos\/videos-2022\/\"><br><\/a><a data-type=\"page\" data-id=\"1958\" href=\"https:\/\/mhh-kardiologie.de\/presse-mediathek\/videos\/videos-2021\/\">Videos aus 2021<br><\/a><a data-type=\"page\" data-id=\"1961\" href=\"https:\/\/mhh-kardiologie.de\/presse-mediathek\/videos\/videos-2020\/\">Videos aus 2020<br><\/a><a data-type=\"page\" data-id=\"1964\" href=\"https:\/\/mhh-kardiologie.de\/presse-mediathek\/videos\/videos-2019\/\">Videos aus 2019<\/a><\/p>\n<\/div>\n<\/div>\n","protected":false},"excerpt":{"rendered":"<p>Videos aus 2020 Auf dieser Seite&nbsp;finden Sie aktuelle, spannende und informative Video-Beitr\u00e4ge aus den letzten Jahren mit den \u00c4rzten der Klinik f\u00fcr Kardiologie und Angiologie rund um das Thema Herz Das Herzkreislaufsystem&nbsp;| MHH Webredaktion | 22.&nbsp;Juli 2020 Prof. Bauersachs erkl\u00e4rt das Herzkreislaufsystem und was bei einem Herzinfarkt im K\u00f6rper passiert.Eine Produktion der Medizinischen Hochschule Hannover [&hellip;]<\/p>\n","protected":false},"author":1,"featured_media":0,"parent":1301,"menu_order":124,"comment_status":"closed","ping_status":"closed","template":"","meta":{"block":"%5B%5D","footnotes":""},"class_list":["post-1961","page","type-page","status-publish","hentry"],"_links":{"self":[{"href":"https:\/\/mhh-kardiologie.de\/en\/wp-json\/wp\/v2\/pages\/1961","targetHints":{"allow":["GET"]}}],"collection":[{"href":"https:\/\/mhh-kardiologie.de\/en\/wp-json\/wp\/v2\/pages"}],"about":[{"href":"https:\/\/mhh-kardiologie.de\/en\/wp-json\/wp\/v2\/types\/page"}],"author":[{"embeddable":true,"href":"https:\/\/mhh-kardiologie.de\/en\/wp-json\/wp\/v2\/users\/1"}],"replies":[{"embeddable":true,"href":"https:\/\/mhh-kardiologie.de\/en\/wp-json\/wp\/v2\/comments?post=1961"}],"version-history":[{"count":8,"href":"https:\/\/mhh-kardiologie.de\/en\/wp-json\/wp\/v2\/pages\/1961\/revisions"}],"predecessor-version":[{"id":2915,"href":"https:\/\/mhh-kardiologie.de\/en\/wp-json\/wp\/v2\/pages\/1961\/revisions\/2915"}],"up":[{"embeddable":true,"href":"https:\/\/mhh-kardiologie.de\/en\/wp-json\/wp\/v2\/pages\/1301"}],"wp:attachment":[{"href":"https:\/\/mhh-kardiologie.de\/en\/wp-json\/wp\/v2\/media?parent=1961"}],"curies":[{"name":"wp","href":"https:\/\/api.w.org\/{rel}","templated":true}]}}