{"id":199,"date":"2021-09-24T12:12:03","date_gmt":"2021-09-24T10:12:03","guid":{"rendered":"http:\/\/mhh-kardiologie.de.w01d58f8.kasserver.com\/?page_id=199"},"modified":"2026-02-26T12:46:16","modified_gmt":"2026-02-26T11:46:16","slug":"online-kurs-spezialisierte-herzinsuffizienz-assistenz","status":"publish","type":"page","link":"https:\/\/mhh-kardiologie.de\/en\/stiftung-veranstaltungen\/online-kurs-spezialisierte-herzinsuffizienz-assistenz\/","title":{"rendered":"Fortbildungskurs: Spezialisierte Herzinsuffizienz-Assistenz"},"content":{"rendered":"\n<div class=\"wp-block-columns is-layout-flex wp-container-core-columns-is-layout-9d6595d7 wp-block-columns-is-layout-flex\">\n<div class=\"wp-block-column is-layout-flow wp-block-column-is-layout-flow\" style=\"flex-basis:66.66%\">\n<h2 class=\"wp-block-heading\" id=\"online-kurs-spezialisierte-herzinsuffizienz-assistenz\">Fortbildungskurs: Spezialisierte Herzinsuffizienz-Assistenz<\/h2>\n\n\n\n<p>Die Anzahl der Patientinnen und Patienten, die unter einer akuten oder chronischen Herzinsuffizienz leiden, steigt stetig an. F\u00fcr eine optimale Versorgung dieses Patientenklientels bedarf es strukturierter Versorgungsprogramme in&nbsp;<a href=\"http:\/\/www.herz-niedersachsen.de\/\" target=\"_blank\" rel=\"noreferrer noopener\">Herzinsuffizenz-Netzwerken<\/a>. Eine ganz wesentliche Rolle in der Betreuung von herzinsuffizienten Patientinnen und Patienten kommt den&nbsp;<strong>Medizinischen Fachangestellten (MFAs)<\/strong>&nbsp;und&nbsp;<strong>Pflegefachkr\u00e4ften<\/strong>&nbsp;zu. Sie bilden eine wichtige Schnittstelle in der transsektoralen Versorgung und sind zentral in der Schulung und Nachsorge dieser Patientinnen und Patienten eingebunden.&nbsp;<\/p>\n\n\n\n<p>Der Kurs richtet sich an MFAs oder Personen mit einer vergleichbaren Berufsausbildung in einem anderen medizinischen Fachberuf, z. B. Pflegekr\u00e4fte, die im kardiologisch-fach\u00e4rtzlichen Bereich arbeiten.<\/p>\n\n\n\n<p>Dieser&nbsp;<strong>Kurs&nbsp;<\/strong>vermittelt Ihnen nach neuesten wissenschaftlichen Erkenntnissen einen breiten Einblick in das Krankheitsbild der Herzinsuffizienz. Neben den Grundlagen der Erkrankung, Begleiterkrankungen sowie Therapiem\u00f6glichkeiten legt unser Kurs ein besonderes Augenmerk auf die Themenfelder&nbsp;<strong>Beratung, Monitoring, Kommunikation, Organisation und Dokumentation.<\/strong>&nbsp;Neben den interaktiven Vorlesungen m\u00f6chten wir Sie praxisnah anhand von Fallbeispielen und praktischen \u00dcbungen darin schulen, Herzinsuffizienzpatienten individuell, empathisch und professionell zu betreuen.<\/p>\n\n\n\n<p>Der Kurs ist auf vier Tage aufgeteilt (zwei Tage online, zwei Tage in Pr\u00e4senz) und umfasst insgesamt 32 Unterrichtseinheiten, die in f\u00fcnf Module gegliedert sind. <\/p>\n\n\n\n<p><strong>Der n\u00e4chste Kurs findet voraussichtlich im Fr\u00fchjahr 2027 statt. Die Termine werden demn\u00e4chst hier bekannt gegeben.<\/strong><br><\/p>\n<\/div>\n\n\n\n<div class=\"wp-block-column is-layout-flow wp-block-column-is-layout-flow\" style=\"flex-basis:33.33%\">\n<p><strong><strong>Kursleitung<\/strong><\/strong><\/p>\n\n\n<div class=\"personal_container\"><div class=\"personal_portrait\" style=\"background-image: url(https:\/\/mhh-kardiologie.de\/wp-content\/uploads\/2024\/11\/MHH_Kardiologie_OA\u0308_Portraits_berliner_2024-10-29_web.jpg);\"><\/div><div class=\"personal_infos\"><p class=\"personal_name\"><a href=\"https:\/\/mhh-kardiologie.de\/en\/klinikteam\/direktor-oberaerzte\/dr-dominik-berliner\/\">Dr. Dominik Berliner<\/a><\/p><p class=\"personal_mail\"><a href=\"mailto:berliner.dominik@mh-hannover.de\">berliner.dominik@mh-hannover.de<\/a><\/p><\/div><\/div>\n\n\n\n<div style=\"height:40px\" aria-hidden=\"true\" class=\"wp-block-spacer\"><\/div>\n\n\n\n<p><strong><strong><strong>Organisatorin<\/strong><\/strong><\/strong><\/p>\n\n\n<div class=\"personal_container\"><div class=\"personal_portrait\" style=\"background-image: url(https:\/\/mhh-kardiologie.de\/wp-content\/uploads\/2022\/03\/olivia-kirsch_web.jpg);\"><\/div><div class=\"personal_infos\"><p class=\"personal_name\">Olivia Kirsch, M. Sc.<\/p><p class=\"personal_mail\"><a href=\"mailto:kirsch.olivia@mh-hannover.de\">kirsch.olivia@mh-hannover.de<\/a><\/p><\/div><\/div>\n<\/div>\n<\/div>\n\n\n<div class=\"lazyblock-akkordeon-flyer-Z5pTUo wp-block-lazyblock-akkordeon-flyer\"><input id=\"spezialistenfrherzinsuffizienzmhhinfomai2022\" class=\"hide akkordeon-toggle\" type=\"checkbox\"><div class=\"akkordeon-block\">\n  <div class=\"toggler\"><label for=\"spezialistenfrherzinsuffizienzmhhinfomai2022\">Spezialisten f\u00fcr Herzinsuffizienz | MHHInfo | Mai 2022<\/label><div class=\"akkordeon-bar\"><\/div><\/div><div class=\"akkordeon-content\"><div class=\"akkordeon-inner-content\"><div class=\"wp-block-columns flyer\"><div class=\"wp-block-column\"><img decoding=\"async\" src=\"https:\/\/mhh-kardiologie.de\/wp-content\/uploads\/2022\/05\/Artikel-MHHInfo.jpg\" alt=\"Artikel-MHHInfo\" style=\"margin-right: 20px; display: block;\"><\/div><div class=\"wp-block-column\" style=\"margin-left: 20px;\"><p style=\"margin-bottom: 8px;\"><strong>Titel<\/strong><\/p><p style=\"margin-bottom: 24px;\">Spezialisten f\u00fcr Herzinsuffizienz | MHHInfo | Mai 2022<\/p><p style=\"margin-bottom: 8px;\"><strong>Download<\/strong><\/p><p><a href=\"https:\/\/mhh-kardiologie.de\/wp-content\/uploads\/2022\/05\/Heft_2_April_2022_HI-Assistenz.pdf\" target=\"_blank\">Heft_2_April_2022_HI-Assistenz.pdf (2.6MB)<\/a><\/p><\/div><\/div><\/div><\/div><\/div><\/div>","protected":false},"excerpt":{"rendered":"<p>Fortbildungskurs: Spezialisierte Herzinsuffizienz-Assistenz Die Anzahl der Patientinnen und Patienten, die unter einer akuten oder chronischen Herzinsuffizienz leiden, steigt stetig an. F\u00fcr eine optimale Versorgung dieses Patientenklientels bedarf es strukturierter Versorgungsprogramme in&nbsp;Herzinsuffizenz-Netzwerken. Eine ganz wesentliche Rolle in der Betreuung von herzinsuffizienten Patientinnen und Patienten kommt den&nbsp;Medizinischen Fachangestellten (MFAs)&nbsp;und&nbsp;Pflegefachkr\u00e4ften&nbsp;zu. Sie bilden eine wichtige Schnittstelle in der transsektoralen [&hellip;]<\/p>\n","protected":false},"author":1,"featured_media":1235,"parent":109,"menu_order":102,"comment_status":"closed","ping_status":"closed","template":"","meta":{"block":"%5B%5D","footnotes":""},"class_list":["post-199","page","type-page","status-publish","has-post-thumbnail","hentry"],"_links":{"self":[{"href":"https:\/\/mhh-kardiologie.de\/en\/wp-json\/wp\/v2\/pages\/199","targetHints":{"allow":["GET"]}}],"collection":[{"href":"https:\/\/mhh-kardiologie.de\/en\/wp-json\/wp\/v2\/pages"}],"about":[{"href":"https:\/\/mhh-kardiologie.de\/en\/wp-json\/wp\/v2\/types\/page"}],"author":[{"embeddable":true,"href":"https:\/\/mhh-kardiologie.de\/en\/wp-json\/wp\/v2\/users\/1"}],"replies":[{"embeddable":true,"href":"https:\/\/mhh-kardiologie.de\/en\/wp-json\/wp\/v2\/comments?post=199"}],"version-history":[{"count":51,"href":"https:\/\/mhh-kardiologie.de\/en\/wp-json\/wp\/v2\/pages\/199\/revisions"}],"predecessor-version":[{"id":6673,"href":"https:\/\/mhh-kardiologie.de\/en\/wp-json\/wp\/v2\/pages\/199\/revisions\/6673"}],"up":[{"embeddable":true,"href":"https:\/\/mhh-kardiologie.de\/en\/wp-json\/wp\/v2\/pages\/109"}],"wp:featuredmedia":[{"embeddable":true,"href":"https:\/\/mhh-kardiologie.de\/en\/wp-json\/wp\/v2\/media\/1235"}],"wp:attachment":[{"href":"https:\/\/mhh-kardiologie.de\/en\/wp-json\/wp\/v2\/media?parent=199"}],"curies":[{"name":"wp","href":"https:\/\/api.w.org\/{rel}","templated":true}]}}