{"id":201,"date":"2021-09-24T12:14:28","date_gmt":"2021-09-24T10:14:28","guid":{"rendered":"http:\/\/mhh-kardiologie.de.w01d58f8.kasserver.com\/?page_id=201"},"modified":"2025-12-29T13:36:54","modified_gmt":"2025-12-29T12:36:54","slug":"facharzt-weiterbildung","status":"publish","type":"page","link":"https:\/\/mhh-kardiologie.de\/en\/lehre-stellenangebote\/facharzt-weiterbildung\/","title":{"rendered":"Facharzt-Weiterbildung"},"content":{"rendered":"\n<div class=\"wp-block-columns is-layout-flex wp-container-core-columns-is-layout-9d6595d7 wp-block-columns-is-layout-flex\">\n<div class=\"wp-block-column is-layout-flow wp-block-column-is-layout-flow\" style=\"flex-basis:66.66%\">\n<h2 class=\"wp-block-heading\" id=\"strukturierte-kardiologische-und-angiologische-weiterbildung\">Strukturierte kardiologische und angiologische Weiterbildung<\/h2>\n\n\n\n<h3 class=\"wp-block-heading\" id=\"fur-exzellente-kardiologen-angiologen-von-morgen\">F\u00fcr exzellente Kardiologinnen und Kardiologen\/Angiologinnen und Angiologen von morgen<\/h3>\n\n\n\n<p>F\u00fcr \u00c4rztinnen und \u00c4rzte in der Weiterbildung bietet die Klinik f\u00fcr Kardiologie und Angiologie die Weiterbildung zum Facharzt f\u00fcr Innere Medizin und Kardiologie sowie zum Facharzt f\u00fcr Innere Medizin und Angiologie an. Dar\u00fcber hinaus besteht die M\u00f6glichkeit die Zusatzbezeichnung \u201eInternistische Intensivmedizin\u201c zu erwerben. Aufgrund der breiten Expertise innerhalb der Klinik k\u00f6nnen zudem mehrere Zusatzqualifikationen der Deutschen Gesellschaft f\u00fcr Kardiologie erworben werden.<\/p>\n\n\n\n<p>Alle neuen Assistenz\u00e4rztinnen und Assistenz\u00e4rzte durchlaufen in den ersten Wochen ihrer T\u00e4tigkeit eine strukturierte Einarbeitungsphase, um die gesamte Klinik und ihre Vernetzung kennenzulernen. Zur strukturierten&nbsp;<br>Weiterbildung geh\u00f6rt auch ein Mentorenprogramm, bei dem jede und jeder neue Assistenz\u00e4rztin oder Assistenzarzt eine Ober\u00e4rztin oder Oberarzt als Mentor zugeordnet wird. Dies erleichtert den Einstieg in den Klinikalltag und hilft bei den ersten kleinen und gro\u00dfen Entscheidungen am Beginn der Arztt\u00e4tigkeit. Zudem gibt es zwei Vertrauens-Ober\u00e4rzte und zwei Assistentensprecher, an die sich die Assistenz\u00e4rztinnen und -\u00e4rzte mit ihren Anliegen wenden k\u00f6nnen.<\/p>\n\n\n\n<p>F\u00fcr die Facharztweiterbildung besteht ein detailliertes Weiterbildungscurriculum, welches auf sechsmonatigen Rotationen basiert. Der Rotationsplan wird durch die Assistentensprecher auf Basis der W\u00fcnsche\/Interessen der Assistenz\u00e4rztinnen und -\u00e4rzte erstellt.<\/p>\n\n\n\n<p>Die \u00e4rztliche Weiterbildung in der Klinik f\u00fcr Kardiologie und Angiologie der MHH zeichnet sich durch die engmaschige Ausbildung durch den Klinikdirektor und Ober\u00e4rzte aus. Dies wird durch regelm\u00e4\u00dfige Chefarzt- und Oberarztvisiten sowie t\u00e4gliche Herzkatheterkonferenzen und interdisziplin\u00e4re Fallbesprechungen sichergestellt. Assistenz-\u00e4rztinnen und -\u00e4rzte durchlaufen die verschiedenen kardiologischen Funktionsbereiche unter enger Anleitung durch erfahrene Ober\u00e4rzte und erlernen so das kardiologische Handwerk, das einen \u201eechten Kardiologen\u201c ausmacht, bis hin zu den spezialisierten interventionellen Techniken der modernen Hochleistungskardiologie. Dies gew\u00e4hrleistet neben einer exzellenten und breiten Weiterbildung eine Patientenversorgung auf h\u00f6chstem Niveau.<\/p>\n\n\n\n<p>In regelm\u00e4\u00dfigen Einzelgespr\u00e4chen gibt der Klinikdirektor Professor Bauersachs pers\u00f6nliche R\u00fcckmeldungen und Hilfestellungen. In der Assistentenkonferenz haben die Assistenz\u00e4rzte au\u00dferdem zweimal j\u00e4hrlich die Gelegenheit, ihre Anliegen direkt mit dem Klinikdirektor anzusprechen.<\/p>\n\n\n\n<p>Neben der klinischen Ausbildung existieren verschiedene M\u00f6glichkeiten, abh\u00e4ngig von den pers\u00f6nlichen Zielen und dem Stadium der Weiterbildung, sich in Forschung und Lehre zu engagieren. Insbesondere die Verbindung von klinischer und wissenschaftlicher T\u00e4tigkeit als sogenannter \u201eClinician Scientist\u201c wird durch Freistellungen von klinischer T\u00e4tigkeit im Rahmen verschiedener Stipendien und Ausbildungsprogramme gef\u00f6rdert (z.\u2009B. Junge Akademie der MHH, Gerok-Stellen).<\/p>\n\n\n\n<p><strong><span class=\"has-inline-color has-luminous-vivid-orange-color\">Facharztweiterbildung:<\/span><\/strong><\/p>\n\n\n\n<ul class=\"wp-block-list\">\n<li>Fach\u00e4rztin\/Facharzt f\u00fcr Innere Medizin und Kardiologie<\/li>\n\n\n\n<li>Fach\u00e4rztin\/Facharzt f\u00fcr Innere Medizin und Angiologie<\/li>\n<\/ul>\n\n\n\n<p><strong><span class=\"has-inline-color has-luminous-vivid-orange-color\">Zusatzbezeichnung:<\/span><\/strong><\/p>\n\n\n\n<ul class=\"wp-block-list\">\n<li>Internistische Intensivmedizin<\/li>\n\n\n\n<li>Notfallmedizin<\/li>\n<\/ul>\n\n\n\n<p><strong><span class=\"has-inline-color has-luminous-vivid-orange-color\">DGK Zusatzqualifikationen:<\/span><\/strong><\/p>\n\n\n\n<ul class=\"wp-block-list\">\n<li>\u201eInterventionelle Kardiologie\u201c<\/li>\n\n\n\n<li>\u201eSpezielle Rhythmologie (Invasive Elektrophysiologie und Aktive Herzrhythmusimplantate)&#8221;<\/li>\n\n\n\n<li>\u201eHerzinsuffizienz\u201c<\/li>\n\n\n\n<li>\u201eErwachsene mit angeborenen Herzfehlern\u201c (in Kooperation mit der p\u00e4diatrischen Kardiologie)<\/li>\n<\/ul>\n\n\n<div class=\"lazyblock-akkordeon-flyer-ZTxs1u wp-block-lazyblock-akkordeon-flyer\"><input id=\"ausbildungskurrikulumkardiologie\" class=\"hide akkordeon-toggle\" type=\"checkbox\"><div class=\"akkordeon-block\">\n  <div class=\"toggler\"><label for=\"ausbildungskurrikulumkardiologie\">Ausbildungskurrikulum Kardiologie<\/label><div class=\"akkordeon-bar\"><\/div><\/div><div class=\"akkordeon-content\"><div class=\"akkordeon-inner-content\"><div class=\"wp-block-columns flyer\"><div class=\"wp-block-column\"><img decoding=\"async\" src=\"https:\/\/mhh-kardiologie.de\/wp-content\/uploads\/2021\/10\/MHH_Ausbildungskurrikulum_Angiologie-11d94561.jpg\" alt=\"MHH_Ausbildungskurrikulum_Angiologie-11d94561\" style=\"margin-right: 20px; display: block;\"><\/div><div class=\"wp-block-column\" style=\"margin-left: 20px;\"><p style=\"margin-bottom: 8px;\"><strong>Titel<\/strong><\/p><p style=\"margin-bottom: 24px;\">Ausbildungskurrikulum Kardiologie<\/p><p style=\"margin-bottom: 8px;\"><strong>Download<\/strong><\/p><p><a href=\"https:\/\/mhh-kardiologie.de\/wp-content\/uploads\/2023\/10\/MHH_Ausbildungskurrikulum_Kardiologie.pdf\" target=\"_blank\">MHH_Ausbildungskurrikulum_Kardiologie.pdf (328KB)<\/a><\/p><\/div><\/div><\/div><\/div><\/div><\/div>\n\n<div class=\"lazyblock-akkordeon-flyer-Z1W7PiT wp-block-lazyblock-akkordeon-flyer\"><input id=\"ausbildungskurrikulumangiologie\" class=\"hide akkordeon-toggle\" type=\"checkbox\"><div class=\"akkordeon-block\">\n  <div class=\"toggler\"><label for=\"ausbildungskurrikulumangiologie\">Ausbildungskurrikulum Angiologie<\/label><div class=\"akkordeon-bar\"><\/div><\/div><div class=\"akkordeon-content\"><div class=\"akkordeon-inner-content\"><div class=\"wp-block-columns flyer\"><div class=\"wp-block-column\"><img decoding=\"async\" src=\"https:\/\/mhh-kardiologie.de\/wp-content\/uploads\/2021\/10\/MHH_Ausbildungskurrikulum_Angiologie-11d94561.jpg\" alt=\"MHH_Ausbildungskurrikulum_Angiologie-11d94561\" style=\"margin-right: 20px; display: block;\"><\/div><div class=\"wp-block-column\" style=\"margin-left: 20px;\"><p style=\"margin-bottom: 8px;\"><strong>Titel<\/strong><\/p><p style=\"margin-bottom: 24px;\">Ausbildungskurrikulum Angiologie<\/p><p style=\"margin-bottom: 8px;\"><strong>Download<\/strong><\/p><p><a href=\"https:\/\/mhh-kardiologie.de\/wp-content\/uploads\/2024\/01\/MHH_Ausbildungskurrikulum_Angiologie-2024.pdf\" target=\"_blank\">MHH_Ausbildungskurrikulum_Angiologie-2024.pdf (390KB)<\/a><\/p><\/div><\/div><\/div><\/div><\/div><\/div>\n\n\n<div style=\"height:15px\" aria-hidden=\"true\" class=\"wp-block-spacer\"><\/div>\n\n\n\n<div class=\"wp-block-columns is-layout-flex wp-container-core-columns-is-layout-9d6595d7 wp-block-columns-is-layout-flex\">\n<div class=\"wp-block-column is-layout-flow wp-block-column-is-layout-flow\">\n<figure class=\"wp-block-image size-full\"><img loading=\"lazy\" decoding=\"async\" width=\"324\" height=\"324\" src=\"https:\/\/mhh-kardiologie.de\/wp-content\/uploads\/2024\/07\/2020_Logo_YoungDGK_Fortbildungsnetzwerk_web-klein.png\" alt=\"\" class=\"wp-image-5063\" srcset=\"https:\/\/mhh-kardiologie.de\/wp-content\/uploads\/2024\/07\/2020_Logo_YoungDGK_Fortbildungsnetzwerk_web-klein.png 324w, https:\/\/mhh-kardiologie.de\/wp-content\/uploads\/2024\/07\/2020_Logo_YoungDGK_Fortbildungsnetzwerk_web-klein-300x300.png 300w, https:\/\/mhh-kardiologie.de\/wp-content\/uploads\/2024\/07\/2020_Logo_YoungDGK_Fortbildungsnetzwerk_web-klein-150x150.png 150w\" sizes=\"auto, (max-width: 324px) 100vw, 324px\" \/><\/figure>\n<\/div>\n\n\n\n<div class=\"wp-block-column is-layout-flow wp-block-column-is-layout-flow\">\n<figure class=\"wp-block-image size-full\"><img loading=\"lazy\" decoding=\"async\" width=\"512\" height=\"512\" src=\"https:\/\/mhh-kardiologie.de\/wp-content\/uploads\/2021\/10\/Logo_YoungDGK_FoBiNetzwerk-2021-print-218beab9.jpg\" alt=\"\" class=\"wp-image-1248\" srcset=\"https:\/\/mhh-kardiologie.de\/wp-content\/uploads\/2021\/10\/Logo_YoungDGK_FoBiNetzwerk-2021-print-218beab9.jpg 512w, https:\/\/mhh-kardiologie.de\/wp-content\/uploads\/2021\/10\/Logo_YoungDGK_FoBiNetzwerk-2021-print-218beab9-300x300.jpg 300w, https:\/\/mhh-kardiologie.de\/wp-content\/uploads\/2021\/10\/Logo_YoungDGK_FoBiNetzwerk-2021-print-218beab9-150x150.jpg 150w\" sizes=\"auto, (max-width: 512px) 100vw, 512px\" \/><\/figure>\n<\/div>\n\n\n\n<div class=\"wp-block-column is-layout-flow wp-block-column-is-layout-flow\">\n<figure class=\"wp-block-image size-full\"><img loading=\"lazy\" decoding=\"async\" width=\"800\" height=\"800\" src=\"https:\/\/mhh-kardiologie.de\/wp-content\/uploads\/2024\/03\/2022-guetesiegel_ydgk-fobi-standort-web.png\" alt=\"\" class=\"wp-image-4746\" srcset=\"https:\/\/mhh-kardiologie.de\/wp-content\/uploads\/2024\/03\/2022-guetesiegel_ydgk-fobi-standort-web.png 800w, https:\/\/mhh-kardiologie.de\/wp-content\/uploads\/2024\/03\/2022-guetesiegel_ydgk-fobi-standort-web-300x300.png 300w, https:\/\/mhh-kardiologie.de\/wp-content\/uploads\/2024\/03\/2022-guetesiegel_ydgk-fobi-standort-web-150x150.png 150w, https:\/\/mhh-kardiologie.de\/wp-content\/uploads\/2024\/03\/2022-guetesiegel_ydgk-fobi-standort-web-768x768.png 768w\" sizes=\"auto, (max-width: 800px) 100vw, 800px\" \/><\/figure>\n<\/div>\n\n\n\n<div class=\"wp-block-column is-layout-flow wp-block-column-is-layout-flow\">\n<figure class=\"wp-block-image size-full\"><img loading=\"lazy\" decoding=\"async\" width=\"800\" height=\"800\" src=\"https:\/\/mhh-kardiologie.de\/wp-content\/uploads\/2022\/11\/2023_Emblem_YDGK-Fortbildungsstandort.png\" alt=\"\" class=\"wp-image-3845\" srcset=\"https:\/\/mhh-kardiologie.de\/wp-content\/uploads\/2022\/11\/2023_Emblem_YDGK-Fortbildungsstandort.png 800w, https:\/\/mhh-kardiologie.de\/wp-content\/uploads\/2022\/11\/2023_Emblem_YDGK-Fortbildungsstandort-300x300.png 300w, https:\/\/mhh-kardiologie.de\/wp-content\/uploads\/2022\/11\/2023_Emblem_YDGK-Fortbildungsstandort-150x150.png 150w, https:\/\/mhh-kardiologie.de\/wp-content\/uploads\/2022\/11\/2023_Emblem_YDGK-Fortbildungsstandort-768x768.png 768w\" sizes=\"auto, (max-width: 800px) 100vw, 800px\" \/><\/figure>\n<\/div>\n\n\n\n<div class=\"wp-block-column is-layout-flow wp-block-column-is-layout-flow\">\n<figure class=\"wp-block-image size-full is-resized\"><img loading=\"lazy\" decoding=\"async\" width=\"773\" height=\"852\" src=\"https:\/\/mhh-kardiologie.de\/wp-content\/uploads\/2024\/01\/Fortbildungsstandort-2024_Young_DGK.jpg\" alt=\"\" class=\"wp-image-4643\" style=\"width:95px;height:105px\" srcset=\"https:\/\/mhh-kardiologie.de\/wp-content\/uploads\/2024\/01\/Fortbildungsstandort-2024_Young_DGK.jpg 773w, https:\/\/mhh-kardiologie.de\/wp-content\/uploads\/2024\/01\/Fortbildungsstandort-2024_Young_DGK-272x300.jpg 272w, https:\/\/mhh-kardiologie.de\/wp-content\/uploads\/2024\/01\/Fortbildungsstandort-2024_Young_DGK-768x846.jpg 768w\" sizes=\"auto, (max-width: 773px) 100vw, 773px\" \/><\/figure>\n<\/div>\n<\/div>\n\n\n\n<div class=\"wp-block-columns is-layout-flex wp-container-core-columns-is-layout-9d6595d7 wp-block-columns-is-layout-flex\">\n<div class=\"wp-block-column is-layout-flow wp-block-column-is-layout-flow\">\n<figure class=\"wp-block-image size-full\"><img loading=\"lazy\" decoding=\"async\" width=\"774\" height=\"852\" src=\"https:\/\/mhh-kardiologie.de\/wp-content\/uploads\/2025\/01\/Logo_Fortbildungsstandort-2025.jpg\" alt=\"\" class=\"wp-image-5580\" srcset=\"https:\/\/mhh-kardiologie.de\/wp-content\/uploads\/2025\/01\/Logo_Fortbildungsstandort-2025.jpg 774w, https:\/\/mhh-kardiologie.de\/wp-content\/uploads\/2025\/01\/Logo_Fortbildungsstandort-2025-273x300.jpg 273w, https:\/\/mhh-kardiologie.de\/wp-content\/uploads\/2025\/01\/Logo_Fortbildungsstandort-2025-768x845.jpg 768w\" sizes=\"auto, (max-width: 774px) 100vw, 774px\" \/><\/figure>\n<\/div>\n\n\n\n<div class=\"wp-block-column is-layout-flow wp-block-column-is-layout-flow\">\n<figure class=\"wp-block-image size-full\"><img loading=\"lazy\" decoding=\"async\" width=\"773\" height=\"852\" src=\"https:\/\/mhh-kardiologie.de\/wp-content\/uploads\/2025\/12\/Logo_Fortbildungsstandort-2026.jpg\" alt=\"\" class=\"wp-image-6552\" srcset=\"https:\/\/mhh-kardiologie.de\/wp-content\/uploads\/2025\/12\/Logo_Fortbildungsstandort-2026.jpg 773w, https:\/\/mhh-kardiologie.de\/wp-content\/uploads\/2025\/12\/Logo_Fortbildungsstandort-2026-272x300.jpg 272w, https:\/\/mhh-kardiologie.de\/wp-content\/uploads\/2025\/12\/Logo_Fortbildungsstandort-2026-768x846.jpg 768w\" sizes=\"auto, (max-width: 773px) 100vw, 773px\" \/><\/figure>\n<\/div>\n\n\n\n<div class=\"wp-block-column is-layout-flow wp-block-column-is-layout-flow\"><\/div>\n\n\n\n<div class=\"wp-block-column is-layout-flow wp-block-column-is-layout-flow\"><\/div>\n\n\n\n<div class=\"wp-block-column is-layout-flow wp-block-column-is-layout-flow\"><\/div>\n<\/div>\n\n\n\n<p>An der Klinik f\u00fcr Kardiologie und Angiologie wird besonderer Wert auf die Weiterbildung der KardiologInnen von morgen gelegt. Klinikdirektor Prof. Bauersachs hat ein strukturiertes Weiterbildungskonzept f\u00fcr Assistenz\u00e4rztinnen und -\u00e4rzte mit Mentorenprogramm, Vertrauensober\u00e4rztinnen und -ober\u00e4rzten, Weiterbildungscurriculum und enger Anleitung durch erfahrene Ober\u00e4rztinnen und Ober\u00e4rzte etabliert. Ziel ist eine zeitgem\u00e4\u00dfe, faire, fundierte wie hochspezialisierte Weiterbildung f\u00fcr eine bestm\u00f6gliche Patientenversorgung.<\/p>\n\n\n\n<p>Dieses Engagement f\u00fcr die Nachwuchsf\u00f6rderung und Weiterbildung wurde 2020 von der Deutschen Gesellschaft f\u00fcr Kardiologie (DGK) anerkannt. Als erste Klinik in Deutschland wurde die Klinik f\u00fcr Kardiologie und Angiologie seither kontinuierlich als &#8220;Fortbildungsstandort Junge Kardiologie der Young DGK&#8221; ausgezeichnet.<\/p>\n\n\n\n<figure class=\"wp-block-image size-full\"><a href=\"https:\/\/mhh-kardiologie.de\/wp-content\/uploads\/2025\/12\/YoungDGK_Factsheet_Fortbildungsstandort-08-Hannover.pdf\"><img loading=\"lazy\" decoding=\"async\" width=\"602\" height=\"604\" src=\"https:\/\/mhh-kardiologie.de\/wp-content\/uploads\/2025\/12\/YoungDGK_Factsheet_Fortbildungsstandort-08-Hannover.png\" alt=\"\" class=\"wp-image-6547\" srcset=\"https:\/\/mhh-kardiologie.de\/wp-content\/uploads\/2025\/12\/YoungDGK_Factsheet_Fortbildungsstandort-08-Hannover.png 602w, https:\/\/mhh-kardiologie.de\/wp-content\/uploads\/2025\/12\/YoungDGK_Factsheet_Fortbildungsstandort-08-Hannover-300x300.png 300w, https:\/\/mhh-kardiologie.de\/wp-content\/uploads\/2025\/12\/YoungDGK_Factsheet_Fortbildungsstandort-08-Hannover-150x150.png 150w\" sizes=\"auto, (max-width: 602px) 100vw, 602px\" \/><\/a><\/figure>\n<\/div>\n\n\n\n<div class=\"wp-block-column is-layout-flow wp-block-column-is-layout-flow\" style=\"flex-basis:33.33%\"><\/div>\n<\/div>\n","protected":false},"excerpt":{"rendered":"<p>Strukturierte kardiologische und angiologische Weiterbildung F\u00fcr exzellente Kardiologinnen und Kardiologen\/Angiologinnen und Angiologen von morgen F\u00fcr \u00c4rztinnen und \u00c4rzte in der Weiterbildung bietet die Klinik f\u00fcr Kardiologie und Angiologie die Weiterbildung zum Facharzt f\u00fcr Innere Medizin und Kardiologie sowie zum Facharzt f\u00fcr Innere Medizin und Angiologie an. Dar\u00fcber hinaus besteht die M\u00f6glichkeit die Zusatzbezeichnung \u201eInternistische Intensivmedizin\u201c [&hellip;]<\/p>\n","protected":false},"author":1,"featured_media":3302,"parent":111,"menu_order":104,"comment_status":"closed","ping_status":"closed","template":"","meta":{"block":"%5B%5D","footnotes":""},"class_list":["post-201","page","type-page","status-publish","has-post-thumbnail","hentry"],"_links":{"self":[{"href":"https:\/\/mhh-kardiologie.de\/en\/wp-json\/wp\/v2\/pages\/201","targetHints":{"allow":["GET"]}}],"collection":[{"href":"https:\/\/mhh-kardiologie.de\/en\/wp-json\/wp\/v2\/pages"}],"about":[{"href":"https:\/\/mhh-kardiologie.de\/en\/wp-json\/wp\/v2\/types\/page"}],"author":[{"embeddable":true,"href":"https:\/\/mhh-kardiologie.de\/en\/wp-json\/wp\/v2\/users\/1"}],"replies":[{"embeddable":true,"href":"https:\/\/mhh-kardiologie.de\/en\/wp-json\/wp\/v2\/comments?post=201"}],"version-history":[{"count":25,"href":"https:\/\/mhh-kardiologie.de\/en\/wp-json\/wp\/v2\/pages\/201\/revisions"}],"predecessor-version":[{"id":6553,"href":"https:\/\/mhh-kardiologie.de\/en\/wp-json\/wp\/v2\/pages\/201\/revisions\/6553"}],"up":[{"embeddable":true,"href":"https:\/\/mhh-kardiologie.de\/en\/wp-json\/wp\/v2\/pages\/111"}],"wp:featuredmedia":[{"embeddable":true,"href":"https:\/\/mhh-kardiologie.de\/en\/wp-json\/wp\/v2\/media\/3302"}],"wp:attachment":[{"href":"https:\/\/mhh-kardiologie.de\/en\/wp-json\/wp\/v2\/media?parent=201"}],"curies":[{"name":"wp","href":"https:\/\/api.w.org\/{rel}","templated":true}]}}