{"id":203,"date":"2021-09-24T12:14:48","date_gmt":"2021-09-24T10:14:48","guid":{"rendered":"http:\/\/mhh-kardiologie.de.w01d58f8.kasserver.com\/?page_id=203"},"modified":"2025-12-22T13:04:37","modified_gmt":"2025-12-22T12:04:37","slug":"studentische-lehre","status":"publish","type":"page","link":"https:\/\/mhh-kardiologie.de\/en\/lehre-stellenangebote\/studentische-lehre\/","title":{"rendered":"Studentische Lehre"},"content":{"rendered":"\n<div class=\"wp-block-columns is-layout-flex wp-container-core-columns-is-layout-9d6595d7 wp-block-columns-is-layout-flex\">\n<div class=\"wp-block-column is-layout-flow wp-block-column-is-layout-flow\" style=\"flex-basis:66.66%\">\n<h2 class=\"wp-block-heading\">Praxis- und forschungsorientierte Studieng\u00e4nge<\/h2>\n\n\n\n<p>Die Klinik f\u00fcr Kardiologie und Angiologie ist sehr intensiv in die Lehre der Medizinischen Hochschule involviert und unsere Lehrenden unterrichten in zahlreichen Studieng\u00e4ngen, wie beispielsweise Humanmedizin, Zahnmedizin, Biomedizin, Biochemie und Public Health. Insbesondere im Modellstudiengang der Humanmedizin (HannibaL) der Medizinischen Hochschule haben sich in den letzten Jahren neue Konzepte und Ziele herausgebildet. Dieser Modellstudiengang ist der Idee verpflichtet, das bestehende Medizinstudium zu modernisieren, um eine bessere, berufsvorbereitende medizinische Ausbildung zu gew\u00e4hrleisten. Genau wie unsere klinische Medizin ist unsere Lehre zwei wesentlichen Grunds\u00e4tzen verpflichtet:&nbsp;<\/p>\n\n\n\n<p><strong>Patientenorientiert und praxisnah:<\/strong> die Studierenden sollen bereits w\u00e4hrend des Studiums zu kompetenten \u00c4rztinnen und \u00c4rzten ausgebildet werden, die f\u00e4hig sind mit kranken Menschen umzugehen.<\/p>\n\n\n\n<p><strong>Wissenschaftlich und forschungsorientiert:<\/strong> die Studierenden sollen, basierend auf den naturwissenschaftlichen Grundlagen, die Pathophysiologie und -biochemie der Krankheiten verstehen, moderne Forschungsans\u00e4tze werden in die Lehre eingebracht, und das Verst\u00e4ndnis f\u00fcr die evidenzbasierte Medizin vermittelt.<\/p>\n\n\n\n<p>Die Lehre der Klinik f\u00fcr Kardiologie und Angiologie ist dabei innerhalb der Studienjahre in unterschiedliche Module aufgegliedert, die Krankheitsbilder in jeweils neuen Kontexten und zunehmender Komplexit\u00e4t darstellen. Unsere Hauptvorlesungen finden im 4. Studienjahr statt, hier werden die wichtigsten Themen der Kardiologie und Angiologie vermittelt, begleitet von einem Bedside-Teaching in Kleingruppen auf den kardiologischen Normal- und Intensivstationen. Besonders erw\u00e4hnenswert ist, dass die EKG-Lehre in 2013 bedeutend ausgebaut wurde. So beginnt bereits im 2. Studienjahr eine Serie von sehr beliebten EKG-Vorlesungen, die in ihrer Thematik aufeinander aufbauen und in Kombination mit dem EKG-Wahlfach und dem studentischen EKG-Tutorial im Skills Lab eine gute Kentnis der EKG-Diagnostik vermitteln.<\/p>\n\n\n\n<p>F\u00fcr Famulanten und <strong><a href=\"https:\/\/mhh-kardiologie.de\/lehre-stellenangebote\/praktisches-jahr-pj\/\" data-type=\"page\" data-id=\"205\">PJ-Studenten<\/a><\/strong> bieten die zahlreichen Stationen und Funktionsbereiche ein breit gef\u00e4chertes Angebot an Ausbildungsm\u00f6glichkeiten und erm\u00f6glichen es uns, f\u00fcr jeden Studierenden ein individuelles Curriculum entsprechend der Interessen und beruflichen Ziele zu erstellen. Wir achten besonders darauf, dass jeder Studierende erfahrene Assistenz- und Fach\u00e4rzte zugeordnet bekommt, die als Ansprechpartner und klinische Lehrer fungieren.<\/p>\n\n\n<div class=\"lazyblock-akkordeon-24Dyh4 wp-block-lazyblock-akkordeon\">\n<input id=\"vertiefendeveranstaltungen\" class=\"hide-akkordeon akkordeon-toggle\" type=\"checkbox\" tabindex=\"-1\">\n\n<div class=\"akkordeon-block\">\n  <div class=\"toggler\">\n    <label for=\"vertiefendeveranstaltungen\" tabindex=\"0\">Vertiefende Veranstaltungen<\/label>\n    <div class=\"akkordeon-bar\"><\/div>\n  <\/div>\n\n  <div class=\"akkordeon-content\">\n    <div class=\"akkordeon-inner-content\">\n      <div class=\"accordion\">\n<div class=\"inner\">\n<div class=\"ce_text block\">\n<h3>Wahlpflichtfach Kardiologie \/ Angiologie (2. klinisches Jahr)<\/h3>\n<p>Die teilnehmenden StudentInnen werden auf den Stationen 22a \/ b, 24a \/ b, sowie in Funktionsbereichen wie Herzkatheterlaboren und Echokardiographielabor unterrichtet. Die Termine f\u00fcr den n\u00e4chsten Block erfahren Sie rechtzeitig an dieser Stelle sowie im Studiendekanat. Eintragungen sind dann \u00fcber das Dekanat m\u00f6glich.<br \/>\u00a0<br \/>Semester\u00fcbergreifend bieten wir im Rahmen des Wahlpflichtfaches Kardiologie\/Angiologie einen 8-st\u00fcndigen <strong>EKG-Kurs<\/strong> mit Abschlusspr\u00fcfung an. Anmeldung \u00fcber das Studentensekretariat.<\/p>\n<p>Teilnahme an einer Lehrvisite (Anmeldung jederzeit im Sekretariat Prof. Bauersachs, Tel.: 0511 532-3841; begrenzte Teilnehmerzahl)<\/p>\n<\/div>\n<\/div>\n<\/div>    <\/div>\n  <\/div>\n<\/div><\/div>\n\n<div class=\"lazyblock-akkordeon-1qlu9R wp-block-lazyblock-akkordeon\">\n<input id=\"regelmigeklinischekonferenzen\" class=\"hide-akkordeon akkordeon-toggle\" type=\"checkbox\" tabindex=\"-1\">\n\n<div class=\"akkordeon-block\">\n  <div class=\"toggler\">\n    <label for=\"regelmigeklinischekonferenzen\" tabindex=\"0\">Regelm\u00e4\u00dfige klinische Konferenzen<\/label>\n    <div class=\"akkordeon-bar\"><\/div>\n  <\/div>\n\n  <div class=\"akkordeon-content\">\n    <div class=\"akkordeon-inner-content\">\n      <div class=\"accordion\">\n<div class=\"inner\">\n<div class=\"ce_text block\">\n<h3>Katheterkonferenz<\/h3>\n<p>Demonstration der aktuellen Herzkatheterfilme<br \/>montags bis donnerstags von 15.30 \u2013 16.00 Uhr, freitags: 14:00 \u2013 15:00<br \/>Seminarraum S30<\/p>\n<h3><br \/>Kardiologisch-kardiochirurgische Konferenz<\/h3>\n<p>mittwochs 16:00 \u2013 17:00 Uhr<br \/>Seminarraum S30<\/p>\n<\/div>\n<\/div>\n<\/div>    <\/div>\n  <\/div>\n<\/div><\/div>\n\n<div class=\"lazyblock-akkordeon-Z1Bbe8U wp-block-lazyblock-akkordeon\">\n<input id=\"regelmigefortbildungsveranstaltungen\" class=\"hide-akkordeon akkordeon-toggle\" type=\"checkbox\" tabindex=\"-1\">\n\n<div class=\"akkordeon-block\">\n  <div class=\"toggler\">\n    <label for=\"regelmigefortbildungsveranstaltungen\" tabindex=\"0\">Regelm\u00e4\u00dfige Fortbildungsveranstaltungen <\/label>\n    <div class=\"akkordeon-bar\"><\/div>\n  <\/div>\n\n  <div class=\"akkordeon-content\">\n    <div class=\"akkordeon-inner-content\">\n      <div class=\"accordion\">\n<div class=\"inner\">\n<div class=\"ce_text block\">\n<h3>Kardiologisches Seminar<\/h3>\n<p>Vortr\u00e4ge aus allen Bereichen der Kardiologie und Angiologie<br \/>nach Programm <br \/>Montags 17:00-18:00 Uhr<\/p>\n<p>\u00a0<\/p>\n<h3>Kardiologische Fr\u00fchfortbildung (Journal Club)<\/h3>\n<p>nach Programm <br \/>Donnerstags 08:00-08:10 Uhr<\/p>\n<\/div>\n<\/div>\n<\/div>    <\/div>\n  <\/div>\n<\/div><\/div><\/div>\n\n\n\n<div class=\"wp-block-column is-layout-flow wp-block-column-is-layout-flow\" style=\"flex-basis:33.33%\">\n<p><strong>Lehrbeauftragte<\/strong><\/p>\n\n\n<div class=\"personal_container\"><div class=\"personal_portrait\" style=\"background-image: url(https:\/\/mhh-kardiologie.de\/wp-content\/uploads\/2024\/11\/MHH_Kardiologie_OA\u0308_Portraits_mueller-leisse_2024-10-29_web.jpg);\"><\/div><div class=\"personal_infos\"><p class=\"personal_name\"><a href=\"https:\/\/mhh-kardiologie.de\/en\/klinikteam\/direktor-oberaerzte\/dr-johanna-mueller-leisse\/\">Dr. Johanna M\u00fcller-Leisse, M.Sc.<\/a><\/p><p class=\"personal_mail\"><a href=\"mailto:mueller-leisse.johanna@mh-hannover.de\">mueller-leisse.johanna@mh-hannover.de<\/a><\/p><\/div><\/div>\n<\/div>\n<\/div>\n","protected":false},"excerpt":{"rendered":"<p>Praxis- und forschungsorientierte Studieng\u00e4nge Die Klinik f\u00fcr Kardiologie und Angiologie ist sehr intensiv in die Lehre der Medizinischen Hochschule involviert und unsere Lehrenden unterrichten in zahlreichen Studieng\u00e4ngen, wie beispielsweise Humanmedizin, Zahnmedizin, Biomedizin, Biochemie und Public Health. Insbesondere im Modellstudiengang der Humanmedizin (HannibaL) der Medizinischen Hochschule haben sich in den letzten Jahren neue Konzepte und Ziele [&hellip;]<\/p>\n","protected":false},"author":1,"featured_media":1253,"parent":111,"menu_order":105,"comment_status":"closed","ping_status":"closed","template":"","meta":{"block":"%5B%5D","footnotes":""},"class_list":["post-203","page","type-page","status-publish","has-post-thumbnail","hentry"],"_links":{"self":[{"href":"https:\/\/mhh-kardiologie.de\/en\/wp-json\/wp\/v2\/pages\/203","targetHints":{"allow":["GET"]}}],"collection":[{"href":"https:\/\/mhh-kardiologie.de\/en\/wp-json\/wp\/v2\/pages"}],"about":[{"href":"https:\/\/mhh-kardiologie.de\/en\/wp-json\/wp\/v2\/types\/page"}],"author":[{"embeddable":true,"href":"https:\/\/mhh-kardiologie.de\/en\/wp-json\/wp\/v2\/users\/1"}],"replies":[{"embeddable":true,"href":"https:\/\/mhh-kardiologie.de\/en\/wp-json\/wp\/v2\/comments?post=203"}],"version-history":[{"count":8,"href":"https:\/\/mhh-kardiologie.de\/en\/wp-json\/wp\/v2\/pages\/203\/revisions"}],"predecessor-version":[{"id":6510,"href":"https:\/\/mhh-kardiologie.de\/en\/wp-json\/wp\/v2\/pages\/203\/revisions\/6510"}],"up":[{"embeddable":true,"href":"https:\/\/mhh-kardiologie.de\/en\/wp-json\/wp\/v2\/pages\/111"}],"wp:featuredmedia":[{"embeddable":true,"href":"https:\/\/mhh-kardiologie.de\/en\/wp-json\/wp\/v2\/media\/1253"}],"wp:attachment":[{"href":"https:\/\/mhh-kardiologie.de\/en\/wp-json\/wp\/v2\/media?parent=203"}],"curies":[{"name":"wp","href":"https:\/\/api.w.org\/{rel}","templated":true}]}}