{"id":205,"date":"2021-09-24T12:15:12","date_gmt":"2021-09-24T10:15:12","guid":{"rendered":"http:\/\/mhh-kardiologie.de.w01d58f8.kasserver.com\/?page_id=205"},"modified":"2025-11-20T15:44:04","modified_gmt":"2025-11-20T14:44:04","slug":"praktisches-jahr-pj","status":"publish","type":"page","link":"https:\/\/mhh-kardiologie.de\/en\/lehre-stellenangebote\/praktisches-jahr-pj\/","title":{"rendered":"Praktisches Jahr \u2013 PJ"},"content":{"rendered":"\n<div class=\"wp-block-columns is-layout-flex wp-container-core-columns-is-layout-9d6595d7 wp-block-columns-is-layout-flex\">\n<div class=\"wp-block-column is-layout-flow wp-block-column-is-layout-flow\" style=\"flex-basis:66.66%\">\n<h3 class=\"wp-block-heading\" id=\"bewirb-dich-fur-dein-praktisches-jahr-in-der-klinik-fur-kardiologie-und-angiologie\">Bewirb dich f\u00fcr dein Praktisches Jahr in der Klinik f\u00fcr Kardiologie und Angiologie<\/h3>\n\n\n\n<h2 class=\"wp-block-heading\" id=\"werde-teil-des-herzteams-mit-teamherz\">Werde Teil des Herzteams mit Teamherz<\/h2>\n\n\n\n<p><strong>Du willst\u2026<\/strong><\/p>\n\n\n\n<ul class=\"wp-block-list\">\n<li>\u2026 ein internistisches PJ-Tertial, das neben der station\u00e4ren Patientenversorgung umfangreiche Einblicke in die kardiologisch-angiologische Funktionsdiagnostik wie Echokardiographie und invasive Koronardiagnostik erlaubt?<\/li>\n\n\n\n<li>\u2026 Grundlagen der EKG-Diagnostik auffrischen oder deine Kenntnisse vertiefen?<\/li>\n\n\n\n<li>\u2026 einen Einblick in die weiterf\u00fchrende elektrophysiologische Diagnostik und Therapie komplexer Herzrhythmusst\u00f6rungen?<\/li>\n\n\n\n<li>\u2026 mitbekommen, wie interdisziplin\u00e4r gemeinsam mit Herzchirurgen, An\u00e4sthesisten und Radiologen \u00fcber schwierige F\u00e4lle beraten wird, um optimale Therapiestrategien f\u00fcr unsere Patienten zu entwickeln?<\/li>\n\n\n\n<li>\u2026 innovative Koronar- und Klappeninterventionen kennenlernen?<\/li>\n\n\n\n<li>\u2026 lernen, wie der Verschluss\u00a0einer Beinarterie diagnostiziert und Katheter-gest\u00fctzt behandelt wird?<\/li>\n<\/ul>\n\n\n\n<ul class=\"wp-block-list\">\n<li>\u2026 Teil des klinischen Teams sein, das reanimierte Patienten in der Notaufnahme vom Notarzt \u00fcbernimmt und schlie\u00dflich auf unserer kardiologischen Intensivstation versorgt?<\/li>\n\n\n\n<li>\u2026 nach deinem PJ nicht nur fit f\u00fcr deine m\u00fcndliche Examenspr\u00fcfung, sondern auch in der eigenst\u00e4ndigen Aufnahme und Betreuung von internistischen Patienten sein?<\/li>\n<\/ul>\n\n\n<div class=\"lazyblock-akkordeon-flyer-QGm75 wp-block-lazyblock-akkordeon-flyer\"><input id=\"klickallesaufeinenblick\" class=\"hide akkordeon-toggle\" type=\"checkbox\"><div class=\"akkordeon-block\">\n  <div class=\"toggler\"><label for=\"klickallesaufeinenblick\">Klick: Alles auf einen Blick!<\/label><div class=\"akkordeon-bar\"><\/div><\/div><div class=\"akkordeon-content\"><div class=\"akkordeon-inner-content\"><div class=\"wp-block-columns flyer\"><div class=\"wp-block-column\"><img decoding=\"async\" src=\"https:\/\/mhh-kardiologie.de\/wp-content\/uploads\/2021\/10\/MHH-Praktisches-Jahr-Broschuere-Web-77a63a63.jpg\" alt=\"MHH-Praktisches-Jahr-Broschuere-Web-77a63a63\" style=\"margin-right: 20px; display: block;\"><\/div><div class=\"wp-block-column\" style=\"margin-left: 20px;\"><p style=\"margin-bottom: 8px;\"><strong>Titel<\/strong><\/p><p style=\"margin-bottom: 24px;\">Informationsbrosch\u00fcre<\/p><p style=\"margin-bottom: 8px;\"><strong>Download<\/strong><\/p><p><a href=\"https:\/\/mhh-kardiologie.de\/wp-content\/uploads\/2021\/10\/MHH-Praktisches-Jahr-Broschuere-Web.pdf\" target=\"_blank\">MHH-Praktisches-Jahr-Broschuere-Web.pdf (217KB)<\/a><\/p><\/div><\/div><\/div><\/div><\/div><\/div>\n\n\n<figure class=\"wp-block-image size-full\"><img loading=\"lazy\" decoding=\"async\" width=\"1024\" height=\"186\" src=\"https:\/\/mhh-kardiologie.de\/wp-content\/uploads\/2021\/10\/Kardiologie_MidHeader_PJler_2.jpg\" alt=\"\" class=\"wp-image-1262\" srcset=\"https:\/\/mhh-kardiologie.de\/wp-content\/uploads\/2021\/10\/Kardiologie_MidHeader_PJler_2.jpg 1024w, https:\/\/mhh-kardiologie.de\/wp-content\/uploads\/2021\/10\/Kardiologie_MidHeader_PJler_2-300x54.jpg 300w, https:\/\/mhh-kardiologie.de\/wp-content\/uploads\/2021\/10\/Kardiologie_MidHeader_PJler_2-768x140.jpg 768w\" sizes=\"auto, (max-width: 1024px) 100vw, 1024px\" \/><\/figure>\n\n\n\n<h3 class=\"wp-block-heading\" id=\"wenn-dir-herzen-am-herz-liegen-kennenlernen-der-kardiologie-und-angiologie\">Wenn dir Herzen am Herz liegen \u2013 Kennenlernen der Kardiologie und Angiologie<\/h3>\n\n\n\n<p>Wir bieten dir eine strukturierte Rotation durch unsere Klinik, sodass du die komplette Bandbreite der Kardiologie und \u2013 wenn gew\u00fcnscht \u2013 Angiologie kennen lernen kannst. In einem Vortreffen mit unserem PJ-Beauftragten kannst du deine pers\u00f6nliche Rotationen in unserer Klinik planen. Alles unter Ber\u00fccksichtigung deiner individuellen W\u00fcnsche. In deinem PJ bei uns, wirst du unter (ober-)\u00e4rztlicher Anleitung selbstst\u00e4ndig Patienten betreuen und so einen umfangreichen Einblicke in die Diagnostik und Therapie \u201eallt\u00e4glicher\u201c ebenso wie komplexer Krankheitsbilder erlangen.<\/p>\n\n\n\n<p>Um fit f\u00fcr deine ersten Schritte als Assistenz\u00e4rztin oder Assistenzarzt zu werden und die Angst vor akuten Notf\u00e4llen zu verlieren, sind au\u00dferdem Teilnahmen an Nachtdiensten auf unserer Intensivstation oder an Eins\u00e4tzen des Reanimationsteams m\u00f6glich.<\/p>\n\n\n\n<p>Bei Fragen oder zur \u00dcbermittlung deiner Bewerbung kannst du uns auch gerne per Mail an <a href=\"mailto:pj-kardiologie@mh-hannover.de\">pj-kardiologie@mh-hannover.de<\/a> kontaktieren.&nbsp;<strong>Wir freuen uns auf Dich!<\/strong><\/p>\n\n\n\n<figure class=\"wp-block-image size-full\"><img loading=\"lazy\" decoding=\"async\" width=\"1024\" height=\"186\" src=\"https:\/\/mhh-kardiologie.de\/wp-content\/uploads\/2021\/10\/Kardiologie_MidHeader_PJler_2.jpg\" alt=\"\" class=\"wp-image-1262\" srcset=\"https:\/\/mhh-kardiologie.de\/wp-content\/uploads\/2021\/10\/Kardiologie_MidHeader_PJler_2.jpg 1024w, https:\/\/mhh-kardiologie.de\/wp-content\/uploads\/2021\/10\/Kardiologie_MidHeader_PJler_2-300x54.jpg 300w, https:\/\/mhh-kardiologie.de\/wp-content\/uploads\/2021\/10\/Kardiologie_MidHeader_PJler_2-768x140.jpg 768w\" sizes=\"auto, (max-width: 1024px) 100vw, 1024px\" \/><\/figure>\n\n\n\n<h3 class=\"wp-block-heading\" id=\"spass-bei-der-arbeit-wo-gibt-s-denn-sowas\">Spa\u00df bei der Arbeit &#8211; Wo gibt&#8217;s denn sowas?<\/h3>\n\n\n\n<p>\u201eLehrjahre sind keine Herrenjahre\u201c, der Ausspruch hat ganze Generationen gepr\u00e4gt. Doch in der Klinik f\u00fcr Kardiologie und Angiologie ist man da anderer Ansicht. \u201eUnsere PJ-lerinnen und PJ-ler sollen gerne und motiviert in die Klinik kommen\u201c, sagt der Klinikdirektor Prof. Johann Bauersachs. Aus diesem Grund hat er vor gut einem Jahr ein neues PJ-Programm ins Leben gerufen \u2013 mit sichtbarem Erfolg. Die Bewerberzahlen sind deutlich gestiegen, insbesondere von besonders interessierten und engagierten Studierenden.<\/p>\n\n\n\n<p>Grund daf\u00fcr k\u00f6nnten die neuen Angebote f\u00fcr PJ-ler sein. Neben pers\u00f6nlichen Ansprechpartnern k\u00f6nnen die PJ-ler ihre eigenen Rotationspl\u00e4ne individuell und nach ihren W\u00fcnschen zusammenstellen und werden nicht in vorgefertigte Abl\u00e4ufe gezw\u00e4ngt.<\/p>\n\n\n\n<figure class=\"wp-block-image size-full\"><img loading=\"lazy\" decoding=\"async\" width=\"1024\" height=\"685\" src=\"https:\/\/mhh-kardiologie.de\/wp-content\/uploads\/2021\/10\/praktisches-jahr-in-der-mhh-kardiologie-und-angiologie-teambild-88a8b755.jpg\" alt=\"\" class=\"wp-image-1264\" srcset=\"https:\/\/mhh-kardiologie.de\/wp-content\/uploads\/2021\/10\/praktisches-jahr-in-der-mhh-kardiologie-und-angiologie-teambild-88a8b755.jpg 1024w, https:\/\/mhh-kardiologie.de\/wp-content\/uploads\/2021\/10\/praktisches-jahr-in-der-mhh-kardiologie-und-angiologie-teambild-88a8b755-300x201.jpg 300w, https:\/\/mhh-kardiologie.de\/wp-content\/uploads\/2021\/10\/praktisches-jahr-in-der-mhh-kardiologie-und-angiologie-teambild-88a8b755-768x514.jpg 768w\" sizes=\"auto, (max-width: 1024px) 100vw, 1024px\" \/><\/figure>\n\n\n<div class=\"lazyblock-akkordeon-4uCJG wp-block-lazyblock-akkordeon\">\n<input id=\"lernzieledeinespj-tertialsinunsererklinik\" class=\"hide-akkordeon akkordeon-toggle\" type=\"checkbox\" tabindex=\"-1\">\n\n<div class=\"akkordeon-block\">\n  <div class=\"toggler\">\n    <label for=\"lernzieledeinespj-tertialsinunsererklinik\" tabindex=\"0\">Lernziele deines PJ-Tertials in unserer Klinik<\/label>\n    <div class=\"akkordeon-bar\"><\/div>\n  <\/div>\n\n  <div class=\"akkordeon-content\">\n    <div class=\"akkordeon-inner-content\">\n      <div class=\"accordion\">\n<div class=\"inner\">\n<div class=\"ce_text block\">\n<ul>\n<li>Kennenlernen pathophysiologischer Grundlagen und leitliniengerechter Therapien g\u00e4ngiger kardiologischer und angiologischer Krankheitsbilder<\/li>\n<li>F\u00e4higkeit zur eigenverantwortlichen Betreuung von Patienten incl. der Erarbeitung von Therapiepl\u00e4nen\u00a0 unter (ober-) \u00e4rztlicher Anleitung<\/li>\n<li>F\u00e4higkeit zur einf\u00fchlsamen und klaren F\u00fchrung von Patienten- und Angeh\u00f6rigengespr\u00e4chen sowie zur rechtssicheren Gestaltung von Aufkl\u00e4rungsgespr\u00e4chen\u00a0<\/li>\n<li>Strukturierte Arztbriefschreibung u. a. zur Vergegenw\u00e4rtigung von Behandlungsverl\u00e4ufen<\/li>\n<\/ul>\n<\/div>\n<\/div>\n<\/div>    <\/div>\n  <\/div>\n<\/div><\/div>\n\n<div class=\"lazyblock-akkordeon-1gno48 wp-block-lazyblock-akkordeon\">\n<input id=\"lernzielekardiologie\" class=\"hide-akkordeon akkordeon-toggle\" type=\"checkbox\" tabindex=\"-1\">\n\n<div class=\"akkordeon-block\">\n  <div class=\"toggler\">\n    <label for=\"lernzielekardiologie\" tabindex=\"0\">Lernziele Kardiologie <\/label>\n    <div class=\"akkordeon-bar\"><\/div>\n  <\/div>\n\n  <div class=\"akkordeon-content\">\n    <div class=\"akkordeon-inner-content\">\n      <ul>\n<li>Grundlagen der EKG-Beurteilung (auch Belastungs- und Langzeit-EKG)<\/li>\n<li>Grundlagen der Echokardiographie<\/li>\n<li>Grundlegendes Verst\u00e4ndnis in der Beurteilung von radiologischen und laborchemischen Befunden\u00a0<\/li>\n<li>Teilnahme\u00a0an Herzteam-Besprechungen mit Kollegen der Herzchirurgie, An\u00e4sthesie und Nuklearmedizin<\/li>\n<li>Teilnahme\u00a0an\u00a0Koronarinterventionen, katheterinterventionellen Klappentherapien (z.B. TAVI, MitraClip) und elektrophysiologischen Untersuchungen<\/li>\n<\/ul>    <\/div>\n  <\/div>\n<\/div><\/div>\n\n<div class=\"lazyblock-akkordeon-lfNh0 wp-block-lazyblock-akkordeon\">\n<input id=\"lernzieleangiologie\" class=\"hide-akkordeon akkordeon-toggle\" type=\"checkbox\" tabindex=\"-1\">\n\n<div class=\"akkordeon-block\">\n  <div class=\"toggler\">\n    <label for=\"lernzieleangiologie\" tabindex=\"0\">Lernziele Angiologie <\/label>\n    <div class=\"akkordeon-bar\"><\/div>\n  <\/div>\n\n  <div class=\"akkordeon-content\">\n    <div class=\"akkordeon-inner-content\">\n      <ul>\n<li>selbstst\u00e4ndiges Durchf\u00fchren eines pAVK-Screening (ABI-Messung)<\/li>\n<li>Durchf\u00fchrung und Interpretation von Laufbanduntersuchungen<\/li>\n<li>Grundlagen der duplexsonographischen Gef\u00e4\u00dfdiagnostik\u00a0<\/li>\n<li>Teilnahme am Gef\u00e4\u00dfkolloquium mit Kollegen der Radiologie und der Gef\u00e4\u00dfchirurgie<\/li>\n<li>Teilnahme an\u00a0Gef\u00e4\u00dfinterventionen<\/li>\n<\/ul>    <\/div>\n  <\/div>\n<\/div><\/div>\n\n<div class=\"lazyblock-akkordeon-Z10mnsO wp-block-lazyblock-akkordeon\">\n<input id=\"rotationsplanderkardiologiebzwangiologiezumdownload\" class=\"hide-akkordeon akkordeon-toggle\" type=\"checkbox\" tabindex=\"-1\">\n\n<div class=\"akkordeon-block\">\n  <div class=\"toggler\">\n    <label for=\"rotationsplanderkardiologiebzwangiologiezumdownload\" tabindex=\"0\">Rotationsplan der Kardiologie bzw. Angiologie zum Download <\/label>\n    <div class=\"akkordeon-bar\"><\/div>\n  <\/div>\n\n  <div class=\"akkordeon-content\">\n    <div class=\"akkordeon-inner-content\">\n      <p><span style=\"color: #ff6600;\"><img loading=\"lazy\" decoding=\"async\" class=\"wp-image-1265 alignnone\" src=\"https:\/\/mhh-kardiologie.de\/wp-content\/uploads\/2021\/10\/MHH-Kardiologie-Rotationsplan-Praktisches-Jahr-9c5c71dc-300x300.jpg\" alt=\"\" width=\"380\" height=\"380\" srcset=\"https:\/\/mhh-kardiologie.de\/wp-content\/uploads\/2021\/10\/MHH-Kardiologie-Rotationsplan-Praktisches-Jahr-9c5c71dc-300x300.jpg 300w, https:\/\/mhh-kardiologie.de\/wp-content\/uploads\/2021\/10\/MHH-Kardiologie-Rotationsplan-Praktisches-Jahr-9c5c71dc-150x150.jpg 150w, https:\/\/mhh-kardiologie.de\/wp-content\/uploads\/2021\/10\/MHH-Kardiologie-Rotationsplan-Praktisches-Jahr-9c5c71dc.jpg 512w\" sizes=\"auto, (max-width: 380px) 100vw, 380px\" \/><\/span><\/p>\n<div class=\"ce_blockStart w1-3 right\">\n<div class=\"ce_text block\">\n<p><span style=\"color: #ff6600;\">Rotationsplan f\u00fcr das Praktische Jahr<\/span><\/p>\n<\/div>\n<div class=\"ce_downloads block\"><span style=\"color: #ff6600;\"><strong>Download<\/strong><\/span>\n<p><a href=\"https:\/\/mhh-kardiologie.de\/wp-content\/uploads\/2021\/10\/MHH-Kardiologie-Rotationsplan-Praktisches-Jahr.pdf\" target=\"_blank\" rel=\"noopener\"><span style=\"color: #ff6600;\">MHH Kardiologie Rotationsplan Praktisches Jahr <span class=\"size\">(30,9 KiB)<\/span><\/span><\/a><\/p>\n<\/div>\n<\/div>    <\/div>\n  <\/div>\n<\/div><\/div>\n\n<div class=\"lazyblock-akkordeon-flyer-Z8lxyI wp-block-lazyblock-akkordeon-flyer\"><input id=\"pj-studierendenachhaltigfrdern\" class=\"hide akkordeon-toggle\" type=\"checkbox\"><div class=\"akkordeon-block\">\n  <div class=\"toggler\"><label for=\"pj-studierendenachhaltigfrdern\">PJ &#8211; Studierende nachhaltig f\u00f6rdern <\/label><div class=\"akkordeon-bar\"><\/div><\/div><div class=\"akkordeon-content\"><div class=\"akkordeon-inner-content\"><div class=\"wp-block-columns flyer\"><div class=\"wp-block-column\"><img decoding=\"async\" src=\"https:\/\/mhh-kardiologie.de\/wp-content\/uploads\/2021\/10\/MHH_Kardiologie_PJ_Studierende-nachhaltig-foerdern-Dsch-Arzteb.-2020_Seite_1-296790a9.jpg\" alt=\"MHH_Kardiologie_PJ_Studierende-nachhaltig-f\u00f6rdern-Dsch-Arzteb.-2020_Seite_1-296790a9\" style=\"margin-right: 20px; display: block;\"><\/div><div class=\"wp-block-column\" style=\"margin-left: 20px;\"><p style=\"margin-bottom: 8px;\"><strong>Titel<\/strong><\/p><p style=\"margin-bottom: 24px;\">Praktisches Jahr \u00a0|\u00a0 Studierende nachhaltig f\u00f6rdern<\/p><p style=\"margin-bottom: 8px;\"><strong>Download<\/strong><\/p><p><a href=\"https:\/\/mhh-kardiologie.de\/wp-content\/uploads\/2021\/10\/MHH_Kardiologie_PJ_Studierende-nachhaltig-foerdern-Dsch-Arzteb.-2020.pdf\" target=\"_blank\">MHH_Kardiologie_PJ_Studierende-nachhaltig-foerdern-Dsch-Arzteb.-2020.pdf (399KB)<\/a><\/p><\/div><\/div><\/div><\/div><\/div><\/div>\n\n<div class=\"lazyblock-akkordeon-2az1DS wp-block-lazyblock-akkordeon\">\n<input id=\"lom-kvpreisfrpjkampagne\" class=\"hide-akkordeon akkordeon-toggle\" type=\"checkbox\" tabindex=\"-1\">\n\n<div class=\"akkordeon-block\">\n  <div class=\"toggler\">\n    <label for=\"lom-kvpreisfrpjkampagne\" tabindex=\"0\">LOM-KV Preis f\u00fcr PJ \u2013 Kampagne<\/label>\n    <div class=\"akkordeon-bar\"><\/div>\n  <\/div>\n\n  <div class=\"akkordeon-content\">\n    <div class=\"akkordeon-inner-content\">\n      <p>Jedes Jahr werden <strong>leistungsorientierte Mittel (LOM)<\/strong> f\u00fcr den Bereich Krankenversorgung in der MHH vergeben. F\u00fcr besonders gelungene Projekte in den drei Kategorien \u201e\u00d6konomie und Prozesse\u201c, \u201eSpezielle Angebote\u201c und \u201eFreie Themen\u201c werden pro Kategorie 10 Projekte besonders hervorgehoben.<\/p>\n<p>\u00a0<\/p>\n<p>Unsesr <strong>PJ-Beauftragter Dr. Jonas Neuser<\/strong> bewarb sich in diesem Jahr mit unserer innovativen <strong>PJ-Kampagne<\/strong> in der Kategorie \u201eFreie Themen\u201c und gewann den <strong>4. Platz<\/strong>, der mit 2.750 EUR dotiert ist.<\/p>\n<p><img loading=\"lazy\" decoding=\"async\" class=\"alignnone  wp-image-436\" role=\"img\" src=\"https:\/\/mhh-kardiologie.de\/wp-content\/uploads\/2021\/10\/Lehre.svg\" alt=\"\" width=\"70\" height=\"70\" \/><\/p>    <\/div>\n  <\/div>\n<\/div><\/div>\n\n\n<div style=\"height:30px\" aria-hidden=\"true\" class=\"wp-block-spacer\"><\/div>\n\n\n\n<figure class=\"wp-block-image size-full\"><img loading=\"lazy\" decoding=\"async\" width=\"1024\" height=\"186\" src=\"https:\/\/mhh-kardiologie.de\/wp-content\/uploads\/2021\/10\/Kardiologie_MidHeader_PJler.jpg\" alt=\"\" class=\"wp-image-1274\" srcset=\"https:\/\/mhh-kardiologie.de\/wp-content\/uploads\/2021\/10\/Kardiologie_MidHeader_PJler.jpg 1024w, https:\/\/mhh-kardiologie.de\/wp-content\/uploads\/2021\/10\/Kardiologie_MidHeader_PJler-300x54.jpg 300w, https:\/\/mhh-kardiologie.de\/wp-content\/uploads\/2021\/10\/Kardiologie_MidHeader_PJler-768x140.jpg 768w\" sizes=\"auto, (max-width: 1024px) 100vw, 1024px\" \/><\/figure>\n\n\n\n<div style=\"height:30px\" aria-hidden=\"true\" class=\"wp-block-spacer\"><\/div>\n\n\n\n<p>Das Gr\u00f6\u00dfte f\u00fcr dich sind die kleinen Einblicke in unsere Arbeit? Die Klinik f\u00fcr Kardiologie und Angiologie hat dazu mit ehemaligen PJ-Studenten ein Curriculum entwickelt, das dir die bestm\u00f6glichste \u00dcbersicht bietet und dich in alle Bereich hinein schnuppern l\u00e4sst. Durch deinen individuellen Rotationsplan, lernst du jede Station mit ihren Schwerpunkten kennen \u2013 um deine Interessen zu f\u00f6rdern. Wir ebnen dir den Weg zum eigenverantwortlichen Arbeiten, damit du dich voll und ganz auf dein Ziel und deinen sp\u00e4teren Beruf als \u00c4rztin oder Arzt fokussieren kannst.<\/p>\n\n\n\n<div style=\"height:30px\" aria-hidden=\"true\" class=\"wp-block-spacer\"><\/div>\n\n\n\n<div class=\"wp-block-columns is-layout-flex wp-container-core-columns-is-layout-9d6595d7 wp-block-columns-is-layout-flex\">\n<div class=\"wp-block-column is-layout-flow wp-block-column-is-layout-flow\">\n<figure class=\"wp-block-image size-full is-resized\"><img loading=\"lazy\" decoding=\"async\" width=\"512\" height=\"512\" src=\"https:\/\/mhh-kardiologie.de\/wp-content\/uploads\/2021\/10\/Logo_YoungDGK_FoBiNetzwerk-2021-print-218beab9.jpg\" alt=\"\" class=\"wp-image-1248\" style=\"width:201px;height:auto\" srcset=\"https:\/\/mhh-kardiologie.de\/wp-content\/uploads\/2021\/10\/Logo_YoungDGK_FoBiNetzwerk-2021-print-218beab9.jpg 512w, https:\/\/mhh-kardiologie.de\/wp-content\/uploads\/2021\/10\/Logo_YoungDGK_FoBiNetzwerk-2021-print-218beab9-300x300.jpg 300w, https:\/\/mhh-kardiologie.de\/wp-content\/uploads\/2021\/10\/Logo_YoungDGK_FoBiNetzwerk-2021-print-218beab9-150x150.jpg 150w\" sizes=\"auto, (max-width: 512px) 100vw, 512px\" \/><\/figure>\n<\/div>\n\n\n\n<div class=\"wp-block-column is-layout-flow wp-block-column-is-layout-flow\">\n<figure class=\"wp-block-image size-full is-resized\"><img loading=\"lazy\" decoding=\"async\" width=\"774\" height=\"852\" src=\"https:\/\/mhh-kardiologie.de\/wp-content\/uploads\/2025\/01\/Logo_Fortbildungsstandort-2025.jpg\" alt=\"\" class=\"wp-image-5580\" style=\"width:174px;height:auto\" srcset=\"https:\/\/mhh-kardiologie.de\/wp-content\/uploads\/2025\/01\/Logo_Fortbildungsstandort-2025.jpg 774w, https:\/\/mhh-kardiologie.de\/wp-content\/uploads\/2025\/01\/Logo_Fortbildungsstandort-2025-273x300.jpg 273w, https:\/\/mhh-kardiologie.de\/wp-content\/uploads\/2025\/01\/Logo_Fortbildungsstandort-2025-768x845.jpg 768w\" sizes=\"auto, (max-width: 774px) 100vw, 774px\" \/><\/figure>\n<\/div>\n\n\n\n<div class=\"wp-block-column is-layout-flow wp-block-column-is-layout-flow\"><\/div>\n<\/div>\n\n\n\n<div style=\"height:30px\" aria-hidden=\"true\" class=\"wp-block-spacer\"><\/div>\n\n\n\n<p>An der Klinik f\u00fcr Kardiologie und Angiologie wird besonderer Wert auf die Weiterbildung der KardiologInnen von morgen gelegt. Klinikdirektor Prof. Bauersachs hat ein strukturiertes Weiterbildungskonzept f\u00fcr Assistenz\u00e4rztinnen und -\u00e4rzte mit Mentorenprogramm, Vertrauensober\u00e4rztinnen und -ober\u00e4rzten, Weiterbildungscurriculum und enger Anleitung durch erfahrene Ober\u00e4rztinnen und Ober\u00e4rzte etabliert. Ziel ist eine zeitgem\u00e4\u00dfe, faire, fundierte wie hochspezialisierte Weiterbildung f\u00fcr eine bestm\u00f6gliche Patientenversorgung.<\/p>\n\n\n\n<p>Dieses Engagement f\u00fcr die Nachwuchsf\u00f6rderung und Weiterbildung wurde nun von der Deutschen Gesellschaft f\u00fcr Kardiologie (DGK) anerkannt. Als erste Klinik in Deutschland wurde die Klinik f\u00fcr Kardiologie und Angiologie im \u201eWeiter- und Fortbildungsnetzwerk der Young DGK\u201c ausgezeichnet.<\/p>\n<\/div>\n\n\n\n<div class=\"wp-block-column is-layout-flow wp-block-column-is-layout-flow\" style=\"flex-basis:33.33%\">\n<figure class=\"wp-block-image size-full is-resized\"><img decoding=\"async\" src=\"https:\/\/mhh-kardiologie.de\/wp-content\/uploads\/2021\/10\/MHH-Kardiologie-und-Angiologie-Praktisches-Jahr-Logo-ed5e2f21.svg\" alt=\"\" class=\"wp-image-1281\" style=\"width:160px;height:160px\"\/><\/figure>\n\n\n\n<p><strong>Bereichsleitung<\/strong><\/p>\n\n\n<div class=\"personal_container\"><div class=\"personal_portrait\" style=\"background-image: url(https:\/\/mhh-kardiologie.de\/wp-content\/uploads\/2024\/11\/MHH_Kardiologie_OA\u0308_Portraits_bauersachs_2024-10-29_web.jpg);\"><\/div><div class=\"personal_infos\"><p class=\"personal_name\"><a href=\"https:\/\/mhh-kardiologie.de\/en\/klinikteam\/direktor-oberaerzte\/prof-dr-johann-bauersachs\/\">Prof. Dr. Johann Bauersachs<\/a><\/p><p class=\"personal_mail\"><a href=\"mailto:gaulke.beate@mh-hannover.de\">gaulke.beate@mh-hannover.de<\/a><\/p><\/div><\/div>\n\n\n<div class=\"personal_container\"><div class=\"personal_portrait\" style=\"background-image: url(https:\/\/mhh-kardiologie.de\/wp-content\/uploads\/2024\/11\/MHH_Kardiologie_OA\u0308_Portraits_wollert_2024-10-29_web.jpg);\"><\/div><div class=\"personal_infos\"><p class=\"personal_name\"><a href=\"https:\/\/mhh-kardiologie.de\/en\/klinikteam\/direktor-oberaerzte\/prof-dr-kai-christoph-wollert\/\">Prof. Dr. Kai C. Wollert<\/a><\/p><p class=\"personal_mail\"><a href=\"mailto:wollert.kai@mh-hannover.de\">wollert.kai@mh-hannover.de<\/a><\/p><\/div><\/div>\n\n\n\n<div style=\"height:30px\" aria-hidden=\"true\" class=\"wp-block-spacer\"><\/div>\n\n\n\n<p><strong>PJ-Beauftragte<\/strong><\/p>\n\n\n<div class=\"personal_container\"><div class=\"personal_portrait\" style=\"background-image: url(https:\/\/mhh-kardiologie.de\/wp-content\/uploads\/2024\/11\/MHH_Kardiologie_OA\u0308_Portraits_berliner_2024-10-29_web.jpg);\"><\/div><div class=\"personal_infos\"><p class=\"personal_name\"><a href=\"https:\/\/mhh-kardiologie.de\/en\/klinikteam\/direktor-oberaerzte\/dr-dominik-berliner\/\">Dr. Dominik Berliner<\/a><\/p><p class=\"personal_mail\"><a href=\"mailto:berliner.dominik@mh-hannover.de\">berliner.dominik@mh-hannover.de<\/a><\/p><\/div><\/div>\n<\/div>\n<\/div>\n","protected":false},"excerpt":{"rendered":"<p>Bewirb dich f\u00fcr dein Praktisches Jahr in der Klinik f\u00fcr Kardiologie und Angiologie Werde Teil des Herzteams mit Teamherz Du willst\u2026 Wenn dir Herzen am Herz liegen \u2013 Kennenlernen der Kardiologie und Angiologie Wir bieten dir eine strukturierte Rotation durch unsere Klinik, sodass du die komplette Bandbreite der Kardiologie und \u2013 wenn gew\u00fcnscht \u2013 Angiologie [&hellip;]<\/p>\n","protected":false},"author":1,"featured_media":1257,"parent":111,"menu_order":106,"comment_status":"closed","ping_status":"closed","template":"","meta":{"block":"%5B%5D","footnotes":""},"class_list":["post-205","page","type-page","status-publish","has-post-thumbnail","hentry"],"_links":{"self":[{"href":"https:\/\/mhh-kardiologie.de\/en\/wp-json\/wp\/v2\/pages\/205","targetHints":{"allow":["GET"]}}],"collection":[{"href":"https:\/\/mhh-kardiologie.de\/en\/wp-json\/wp\/v2\/pages"}],"about":[{"href":"https:\/\/mhh-kardiologie.de\/en\/wp-json\/wp\/v2\/types\/page"}],"author":[{"embeddable":true,"href":"https:\/\/mhh-kardiologie.de\/en\/wp-json\/wp\/v2\/users\/1"}],"replies":[{"embeddable":true,"href":"https:\/\/mhh-kardiologie.de\/en\/wp-json\/wp\/v2\/comments?post=205"}],"version-history":[{"count":16,"href":"https:\/\/mhh-kardiologie.de\/en\/wp-json\/wp\/v2\/pages\/205\/revisions"}],"predecessor-version":[{"id":6444,"href":"https:\/\/mhh-kardiologie.de\/en\/wp-json\/wp\/v2\/pages\/205\/revisions\/6444"}],"up":[{"embeddable":true,"href":"https:\/\/mhh-kardiologie.de\/en\/wp-json\/wp\/v2\/pages\/111"}],"wp:featuredmedia":[{"embeddable":true,"href":"https:\/\/mhh-kardiologie.de\/en\/wp-json\/wp\/v2\/media\/1257"}],"wp:attachment":[{"href":"https:\/\/mhh-kardiologie.de\/en\/wp-json\/wp\/v2\/media?parent=205"}],"curies":[{"name":"wp","href":"https:\/\/api.w.org\/{rel}","templated":true}]}}