{"id":2259,"date":"2022-01-24T17:24:28","date_gmt":"2022-01-24T16:24:28","guid":{"rendered":"http:\/\/mhh-kardiologie.de.w01d58f8.kasserver.com\/klinikteam\/direktor-oberaerzte\/dr-carolin-zwadlo-copy\/"},"modified":"2026-01-29T09:33:11","modified_gmt":"2026-01-29T08:33:11","slug":"dr-carolin-zwadlo","status":"publish","type":"page","link":"https:\/\/mhh-kardiologie.de\/en\/klinikteam\/direktor-oberaerzte\/dr-carolin-zwadlo\/","title":{"rendered":"Dr. Carolin Zwadlo"},"content":{"rendered":"\n<div class=\"wp-block-columns is-layout-flex wp-container-core-columns-is-layout-9d6595d7 wp-block-columns-is-layout-flex\">\n<div class=\"wp-block-column is-layout-flow wp-block-column-is-layout-flow\" style=\"flex-basis:66.66%\">\n<h2 class=\"wp-block-heading\" id=\"dr-carolin-zwadlo\">Dr. Carolin Zwadlo<\/h2>\n\n\n\n<h3 class=\"wp-block-heading\" id=\"funktionsoberarztin\">Funktionsober\u00e4rztin<\/h3>\n\n\n<div class=\"lazyblock-akkordeon-1fKYRf wp-block-lazyblock-akkordeon\">\n<input id=\"curriculumvitae\" class=\"hide-akkordeon akkordeon-toggle\" type=\"checkbox\" tabindex=\"-1\">\n\n<div class=\"akkordeon-block\">\n  <div class=\"toggler\">\n    <label for=\"curriculumvitae\" tabindex=\"0\">Curriculum Vitae <\/label>\n    <div class=\"akkordeon-bar\"><\/div>\n  <\/div>\n\n  <div class=\"akkordeon-content\">\n    <div class=\"akkordeon-inner-content\">\n      <ul>\n<li><strong>1996-2004<br \/><\/strong>Medizinstudium an der Medizinischen Hochschule Hannover mit gef\u00f6rderten Auslandsaufenthalten an der University of Wales College of Medicine, Cardiff, Gro\u00dfbritannien und dem Universit\u00e4tsspital Z\u00fcrich, Schweiz<\/li>\n<li><strong>2004<\/strong><br \/>Approbation als \u00c4rztin<\/li>\n<li><strong>2006<br \/><\/strong>Promotion summa cum laude am Fraunhofer-Institut f\u00fcr Toxologie und Experimentelle Medizin (ITEM)<\/li>\n<li><strong>seit 2004<br \/><\/strong>Assistenz\u00e4rztin und wissenschaftliche Mitarbeiterin Klinik f\u00fcr Kardiologie und Angiologie der Medizinischen Hochschule Hannover<\/li>\n<li><strong>2011<br \/><\/strong>Fach\u00e4rztin f\u00fcr Innere Medizin mit Schwerpunkt Kardiologie<\/li>\n<li><strong>seit 2014<br \/><\/strong>Bereichsleitung Kardiale Magnetresonanztomographie Klinik f\u00fcr Kardiologie und Angiologie<\/li>\n<li><strong>seit 2018<\/strong><br \/>Funktionsober\u00e4rztin<\/li>\n<li><strong>2019<\/strong><br \/>Anerkennung Zusatzbezeichnung &#8220;Herzinsuffizienz&#8221;, DGK<\/li>\n<li><strong>2020<\/strong><br \/>Anerkennung Level 3 Kardiale Magnetresonanztomographie, ESC<\/li>\n<li><strong>2023<\/strong><br \/>Erwerb der Zusatz-Weiterbildung Magnetresonanztomographie der \u00c4rztekammer Niedersachsen<\/li>\n<\/ul>    <\/div>\n  <\/div>\n<\/div><\/div><\/div>\n\n\n\n<div class=\"wp-block-column is-layout-flow wp-block-column-is-layout-flow\" style=\"flex-basis:33.33%\"><div class=\"personal_container\"><div class=\"personal_portrait\" style=\"background-image: url(https:\/\/mhh-kardiologie.de\/wp-content\/uploads\/2024\/11\/MHH_Kardiologie_OA\u0308_Portraits_zwaldo_2024-10-29_web.jpg);\"><\/div><div class=\"personal_infos\"><p class=\"personal_name\"><a href=\"https:\/\/mhh-kardiologie.de\/en\/klinikteam\/direktor-oberaerzte\/dr-carolin-zwadlo\/\">Dr. Carolin Zwadlo<\/a><\/p><p class=\"personal_mail\"><a href=\"mailto:zwadlo.carolin@mh-hannover.de\">zwadlo.carolin@mh-hannover.de<\/a><\/p><\/div><\/div>\n<\/div>\n<\/div>\n","protected":false},"excerpt":{"rendered":"<p>Dr. Carolin Zwadlo Funktionsober\u00e4rztin<\/p>\n","protected":false},"author":1,"featured_media":6580,"parent":129,"menu_order":51,"comment_status":"closed","ping_status":"closed","template":"","meta":{"block":"%5B%5D","footnotes":""},"class_list":["post-2259","page","type-page","status-publish","has-post-thumbnail","hentry"],"_links":{"self":[{"href":"https:\/\/mhh-kardiologie.de\/en\/wp-json\/wp\/v2\/pages\/2259","targetHints":{"allow":["GET"]}}],"collection":[{"href":"https:\/\/mhh-kardiologie.de\/en\/wp-json\/wp\/v2\/pages"}],"about":[{"href":"https:\/\/mhh-kardiologie.de\/en\/wp-json\/wp\/v2\/types\/page"}],"author":[{"embeddable":true,"href":"https:\/\/mhh-kardiologie.de\/en\/wp-json\/wp\/v2\/users\/1"}],"replies":[{"embeddable":true,"href":"https:\/\/mhh-kardiologie.de\/en\/wp-json\/wp\/v2\/comments?post=2259"}],"version-history":[{"count":7,"href":"https:\/\/mhh-kardiologie.de\/en\/wp-json\/wp\/v2\/pages\/2259\/revisions"}],"predecessor-version":[{"id":6598,"href":"https:\/\/mhh-kardiologie.de\/en\/wp-json\/wp\/v2\/pages\/2259\/revisions\/6598"}],"up":[{"embeddable":true,"href":"https:\/\/mhh-kardiologie.de\/en\/wp-json\/wp\/v2\/pages\/129"}],"wp:featuredmedia":[{"embeddable":true,"href":"https:\/\/mhh-kardiologie.de\/en\/wp-json\/wp\/v2\/media\/6580"}],"wp:attachment":[{"href":"https:\/\/mhh-kardiologie.de\/en\/wp-json\/wp\/v2\/media?parent=2259"}],"curies":[{"name":"wp","href":"https:\/\/api.w.org\/{rel}","templated":true}]}}