{"id":2308,"date":"2022-01-26T11:11:34","date_gmt":"2022-01-26T10:11:34","guid":{"rendered":"http:\/\/mhh-kardiologie.de.w01d58f8.kasserver.com\/klinikteam\/direktor-oberaerzte\/dr-dominik-berliner-copy\/"},"modified":"2026-01-29T09:29:31","modified_gmt":"2026-01-29T08:29:31","slug":"dr-dominik-berliner","status":"publish","type":"page","link":"https:\/\/mhh-kardiologie.de\/en\/klinikteam\/direktor-oberaerzte\/dr-dominik-berliner\/","title":{"rendered":"Dr. Dominik Berliner"},"content":{"rendered":"\n<div class=\"wp-block-columns is-layout-flex wp-container-core-columns-is-layout-9d6595d7 wp-block-columns-is-layout-flex\">\n<div class=\"wp-block-column is-layout-flow wp-block-column-is-layout-flow\" style=\"flex-basis:66.66%\">\n<h2 class=\"wp-block-heading\" id=\"dr-dominik-berliner\">Dr. Dominik Berliner<\/h2>\n\n\n\n<h3 class=\"wp-block-heading\" id=\"oberarzt\">Leitender Oberarzt<\/h3>\n\n\n<div class=\"lazyblock-akkordeon-1ha1vK wp-block-lazyblock-akkordeon\">\n<input id=\"curriculumvitae\" class=\"hide-akkordeon akkordeon-toggle\" type=\"checkbox\" tabindex=\"-1\">\n\n<div class=\"akkordeon-block\">\n  <div class=\"toggler\">\n    <label for=\"curriculumvitae\" tabindex=\"0\">Curriculum Vitae<\/label>\n    <div class=\"akkordeon-bar\"><\/div>\n  <\/div>\n\n  <div class=\"akkordeon-content\">\n    <div class=\"akkordeon-inner-content\">\n      <div class=\"accordion\">\n<div class=\"inner\">\n<div class=\"ce_text block\">\n<ul>\n<li><strong>1999-2005<br \/><\/strong>Studium der Humanmedizin an der Justus-Liebig-Universit\u00e4t, Gie\u00dfen<\/li>\n<li><strong>2005<br \/><\/strong>Approbation als Arzt<\/li>\n<li><strong>2005-2007<\/strong><i><br \/><\/i>Wissenschaftlicher Mitarbeiter, Institut f\u00fcr Klinische Chemie und Pathobiochemie, Klinikum der Justus-Liebig-Universit\u00e4t Gie\u00dfen<\/li>\n<li><strong>2007-2011<\/strong><br \/>Assistenzarzt\/wissenschaftlicher Mitarbeiter, Medizinische Klinik I, Klinikum der Bayerischen Julius-Maximilians-Universit\u00e4t W\u00fcrzburg<\/li>\n<li><strong>2008<\/strong><br \/>Anerkennung nach GCP als Investigator in klinischen Studien<strong><i><br \/><\/i><\/strong><i><\/i><\/li>\n<li><strong><i>2009<br \/><\/i><\/strong>Promotion, Medizinische Klinik und Poliklinik 3, Klinikum der Justus-Liebig-Universit\u00e4t Gie\u00dfen (Prof. Dr. R.G. Bretzel)<\/li>\n<li><strong><i>2011-2017<br \/><\/i><\/strong>Assistenzarzt und Facharzt an der Klinik f\u00fcr Kardiologie und Angiologie, Medizinische Hochschule Hannover<\/li>\n<li><strong><i>2015<br \/><\/i><\/strong>Facharzt f\u00fcr Innere Medizin und Kardiologie<br \/>Qualifikation zur Studienleitung<\/li>\n<li><strong>seit 2017<i> <br \/><\/i><\/strong>Oberarzt, Klinik f\u00fcr Kardiologie und Angiologie, Medizinische Hochschule Hannover<\/li>\n<\/ul>\n<\/div>\n<\/div>\n<\/div>    <\/div>\n  <\/div>\n<\/div><\/div><\/div>\n\n\n\n<div class=\"wp-block-column is-layout-flow wp-block-column-is-layout-flow\" style=\"flex-basis:33.33%\"><div class=\"personal_container\"><div class=\"personal_portrait\" style=\"background-image: url(https:\/\/mhh-kardiologie.de\/wp-content\/uploads\/2024\/11\/MHH_Kardiologie_OA\u0308_Portraits_berliner_2024-10-29_web.jpg);\"><\/div><div class=\"personal_infos\"><p class=\"personal_name\"><a href=\"https:\/\/mhh-kardiologie.de\/en\/klinikteam\/direktor-oberaerzte\/dr-dominik-berliner\/\">Dr. Dominik Berliner<\/a><\/p><p class=\"personal_mail\"><a href=\"mailto:berliner.dominik@mh-hannover.de\">berliner.dominik@mh-hannover.de<\/a><\/p><\/div><\/div>\n<\/div>\n<\/div>\n","protected":false},"excerpt":{"rendered":"<p>Dr. Dominik Berliner Leitender Oberarzt<\/p>\n","protected":false},"author":1,"featured_media":6580,"parent":129,"menu_order":36,"comment_status":"closed","ping_status":"closed","template":"","meta":{"block":"%5B%5D","footnotes":""},"class_list":["post-2308","page","type-page","status-publish","has-post-thumbnail","hentry"],"_links":{"self":[{"href":"https:\/\/mhh-kardiologie.de\/en\/wp-json\/wp\/v2\/pages\/2308","targetHints":{"allow":["GET"]}}],"collection":[{"href":"https:\/\/mhh-kardiologie.de\/en\/wp-json\/wp\/v2\/pages"}],"about":[{"href":"https:\/\/mhh-kardiologie.de\/en\/wp-json\/wp\/v2\/types\/page"}],"author":[{"embeddable":true,"href":"https:\/\/mhh-kardiologie.de\/en\/wp-json\/wp\/v2\/users\/1"}],"replies":[{"embeddable":true,"href":"https:\/\/mhh-kardiologie.de\/en\/wp-json\/wp\/v2\/comments?post=2308"}],"version-history":[{"count":5,"href":"https:\/\/mhh-kardiologie.de\/en\/wp-json\/wp\/v2\/pages\/2308\/revisions"}],"predecessor-version":[{"id":6247,"href":"https:\/\/mhh-kardiologie.de\/en\/wp-json\/wp\/v2\/pages\/2308\/revisions\/6247"}],"up":[{"embeddable":true,"href":"https:\/\/mhh-kardiologie.de\/en\/wp-json\/wp\/v2\/pages\/129"}],"wp:featuredmedia":[{"embeddable":true,"href":"https:\/\/mhh-kardiologie.de\/en\/wp-json\/wp\/v2\/media\/6580"}],"wp:attachment":[{"href":"https:\/\/mhh-kardiologie.de\/en\/wp-json\/wp\/v2\/media?parent=2308"}],"curies":[{"name":"wp","href":"https:\/\/api.w.org\/{rel}","templated":true}]}}