{"id":267,"date":"2021-09-29T12:46:48","date_gmt":"2021-09-29T10:46:48","guid":{"rendered":"http:\/\/mhh-kardiologie.de.w01d58f8.kasserver.com\/?page_id=267"},"modified":"2024-09-10T10:58:12","modified_gmt":"2024-09-10T08:58:12","slug":"station-22-und-32-normalstation","status":"publish","type":"page","link":"https:\/\/mhh-kardiologie.de\/en\/leistungen\/stationen\/station-22-und-32-normalstation\/","title":{"rendered":"Station 22 und 32 | Normalstation"},"content":{"rendered":"\n<div class=\"wp-block-columns is-layout-flex wp-container-core-columns-is-layout-9d6595d7 wp-block-columns-is-layout-flex\">\n<div class=\"wp-block-column is-layout-flow wp-block-column-is-layout-flow\" style=\"flex-basis:66.66%\">\n<h2 class=\"wp-block-heading\" id=\"kardiologische-station-22-32normalstation\">Kardiologische Station 22 | 32<br>Normalstation<\/h2>\n\n\n\n<p>Auf unseren Stationen 22 und 32&nbsp;behandeln wir Patientinnen und Patienten mit akuten und chronischen Erkrankungen des kardiologischen, angiologischen und internistischen Spektrums. Die kontinuierliche Gabe von Medikamenten und Infusionsl\u00f6sungen sowie die M\u00f6glichkeit der durchgehenden drahtlosen \u00dcberwachung (Telemetrie) erm\u00f6glicht auch die Behandlung schwerkranker Patientinnen und Patienten. In der Kardiologie und Inneren Medizin h\u00e4ufig notwendige Untersuchungen sind in r\u00e4umlicher N\u00e4he zur Station gelegen. Die Mitarbeitenden der Krankenpflege sind sehr erfahren, insbesondere in der Versorgung und Behandlung kardiovaskul\u00e4rer Patientinnen und Patienten. Im Sinne unserer Patientinnen und Patienten leben wir eine enge und vertrauensvolle Zusammenarbeit von \u00c4rztinnen, \u00c4rzten und Pflege sowie die Kooperation mit erg\u00e4nzenden MHH-Einrichtungen, um eine moderne und individualisierte Behandlung jeder einzelnen Patientin und jedes einzelnen Patienten zu erreichen. Die elektronische Patientenakte erm\u00f6glicht den Informationsfluss zwischen \u00c4rztinnen, \u00c4rzten, Pflege und diagnostischen Abteilungen\/Bereichen.<\/p>\n\n\n\n<p>Zur besseren Patientenorientierung ist die Station in 22A und 22B unterteilt.<\/p>\n\n\n\n<p>Die Zimmer auf den Stationen 22A, 22B und 32 sind mit einer Klimaanlage und mit Jalousien an den Fenstern ausgestattet. Die Betten sind per Knopfdruck elektrisch h\u00f6henverstellbar.<\/p>\n\n\n\n<p>Telefon- und Fernsehfernbedienung finden Sie an jedem Bett. Die Anleitung daf\u00fcr steht in der Patienteninformation, die die PatientInnen bei der Aufnahme erhalten. Die Nutzung von Mobiltelefonen ist gestattet.<\/p>\n\n\n\n<p>Telefon und Fernsehen sind geb\u00fchrenpflichtig, diese werden automatisch von der Telefonkarte abgebucht. Diese bekommen Sie an einem Automaten gegen\u00fcber der Sparkasse im Erdgeschoss. Sollte das Guthaben auf der Karte nicht mehr ausreichen, sperrt die Karte die Benutzung von Fernsehen und Telefon. Sollten Sie bei der Entlassung noch ein Guthaben auf der Karte haben, erhalten Sie dieses bei der Kartenr\u00fcckgabe am Automaten ausgezahlt.<\/p>\n\n\n<div class=\"lazyblock-akkordeon-Z15YD74 wp-block-lazyblock-akkordeon\">\n<input id=\"ihrwegzuuns\" class=\"hide-akkordeon akkordeon-toggle\" type=\"checkbox\" tabindex=\"-1\">\n\n<div class=\"akkordeon-block\">\n  <div class=\"toggler\">\n    <label for=\"ihrwegzuuns\" tabindex=\"0\">Ihr Weg zu uns<\/label>\n    <div class=\"akkordeon-bar\"><\/div>\n  <\/div>\n\n  <div class=\"akkordeon-content\">\n    <div class=\"akkordeon-inner-content\">\n      <div class=\"accordion\">\n<div class=\"inner\">\n<div class=\"ce_text block\">\n<p class=\"p1\"><span class=\"s1\">22A und 22B: Vom Haupteingang aus gehen Sie bitte am Blumenladen (links) und am Aufnahmebereich (rechts) vorbei. Wenn Sie allerdings zur station\u00e4ren Aufnahme kommen, melden Sie sich bitte erst in der Aufnahme an. Sonst gehen sie am Pf\u00f6rtner, an der Sparkasse und an den gegen\u00fcberliegenden Telefonzellen, am Zeitschriftenl\u00e4dchen und den Telefon- und Fernsehkartenautomaten vorbei. Sie gelangen zum Knotenpunkt A. Hier fahren sie mit einem der Personenaufz\u00fcge in den 2. Stock, wenden sich nach halblinks und laufen direkt auf die Station 22 zu.<\/span><\/p>\n<p>32: Vom Haupteingang aus, biegen Sie hinter dem Friseur rechts in den B-Knoten. Hier fahren Sie mit dem Fahrstuhl in die 2. Etage. Wenn Sie aus dem Fahrstuhl steigen, gehen Sie geradeaus auf die Station 32.<\/p>\n<\/div>\n<\/div>\n<\/div>    <\/div>\n  <\/div>\n<\/div><\/div>\n\n<div class=\"lazyblock-akkordeon-TQVWT wp-block-lazyblock-akkordeon\">\n<input id=\"tagesablaufzeiten\" class=\"hide-akkordeon akkordeon-toggle\" type=\"checkbox\" tabindex=\"-1\">\n\n<div class=\"akkordeon-block\">\n  <div class=\"toggler\">\n    <label for=\"tagesablaufzeiten\" tabindex=\"0\">Tagesablauf | Zeiten<\/label>\n    <div class=\"akkordeon-bar\"><\/div>\n  <\/div>\n\n  <div class=\"akkordeon-content\">\n    <div class=\"akkordeon-inner-content\">\n      <div class=\"accordion\">\n<div class=\"inner\">\n<div class=\"ce_text block\">\n<p class=\"p1\"><span class=\"s1\">Die Besuchszeiten sind t\u00e4glich von 10:00 Uhr bis 21:00 Uhr. Mit Einverst\u00e4ndnis der MitpatientInnen sind auch Ausnahmen m\u00f6glich.<\/span><\/p>\n<p class=\"p1\"><span class=\"s1\"><strong>Schichtzeiten<br \/><\/strong><\/span><span class=\"s1\">Fr\u00fchschicht 06:00 \u2013 14:12 Uhr<br \/><\/span><span class=\"s1\">Sp\u00e4tschicht 12:48 &#8211; 21:00 Uhr<br \/><\/span><span class=\"s1\">Nachtschicht 20:30 \u2013 06.30 Uhr<\/span><\/p>\n<p class=\"p1\"><span class=\"s1\">\u00dcbergabezeiten: 6:00-6:30 Uhr, 13:00-14:00 Uhr, 20:30-21:00 Uhr.<\/span><\/p>\n<p class=\"p1\"><span class=\"s1\">Wir bitten Sie, in dieser Zeit nach M\u00f6glichkeit nicht zu st\u00f6ren oder anzurufen, da hier die n\u00e4chste Schicht erfahren muss, wie es ihren PatientInnen geht, um geplant arbeiten zu k\u00f6nnen.<\/span><\/p>\n<p class=\"p1\"><span class=\"s1\"><strong>Tagesablauf f\u00fcr Patientinnen und Patienten<br \/><\/strong><\/span><span class=\"s1\">Geweckt wird in der Regel ab 7 Uhr. Sollte jemand den Wunsch haben, wegen einer Operation o.\u00e4 eher geweckt zu werden, versuchen wir gerne, diesem Wunsch zu entsprechen. Nachtruhe ist ab 22 Uhr.<\/span><\/p>\n<p class=\"p1\"><span class=\"s1\">Fr\u00fchst\u00fcck ca. 8:30 Uhr<br \/><\/span><span class=\"s1\">Mittagessen ca.12:30 Uhr<br \/><\/span><span class=\"s1\">Kaffee ca. 14:30 Uhr<br \/><\/span><span class=\"s1\">Abendbrot ca.17:30 Uhr<\/span><\/p>\n<p class=\"p1\"><span class=\"s1\">Bei der Aufnahme auf unserer Station erhalten Sie unseren w\u00f6chentlichen Men\u00fcplan. Hier k\u00f6nnen Sie Ihre W\u00fcnsche zusammenstellen. Selbstverst\u00e4ndlich nehmen wir R\u00fccksicht auf Allergien oder Unvertr\u00e4glichkeiten. Bitte lassen Sie uns dies wissen.<\/span><\/p>\n<p class=\"p1\"><span class=\"s1\">Auf unserem Flur finden Sie einen Getr\u00e4nkewagen. Dieser beinhaltet zwei Wassersorten sowie eine Auswahl an Hei\u00dfgetr\u00e4nken. Bitte haben Sie Verst\u00e4ndnis daf\u00fcr, dass die Getr\u00e4nke ausschlie\u00dflich f\u00fcr unsere Patientinnen und Patienten bestimmt sind.<\/span><\/p>\n<\/div>\n<\/div>\n<\/div>    <\/div>\n  <\/div>\n<\/div><\/div>\n\n<div class=\"lazyblock-akkordeon-2iEkhw wp-block-lazyblock-akkordeon\">\n<input id=\"wissenswertesberdiestation22undstation32\" class=\"hide-akkordeon akkordeon-toggle\" type=\"checkbox\" tabindex=\"-1\">\n\n<div class=\"akkordeon-block\">\n  <div class=\"toggler\">\n    <label for=\"wissenswertesberdiestation22undstation32\" tabindex=\"0\">Wissenswertes \u00fcber die Station 22 und Station 32<\/label>\n    <div class=\"akkordeon-bar\"><\/div>\n  <\/div>\n\n  <div class=\"akkordeon-content\">\n    <div class=\"akkordeon-inner-content\">\n      <div class=\"accordion\">\n<div class=\"inner\">\n<div class=\"ce_text block\">\n<p class=\"p1\"><span class=\"s1\">Aus rechtlichen Gr\u00fcnden d\u00fcrfen wir am Telefon keine Auskunft geben. Bitte haben Sie Verst\u00e4ndnis daf\u00fcr, dass wir uns auf allgemeine Ausk\u00fcnfte beschr\u00e4nken.<\/span><\/p>\n<p class=\"p1\"><span class=\"s1\">Sollten Patientinnen oder Patienten die Station verlassen wollen, m\u00f6chten wir sie bitten, sich vorher abzumelden, damit wir wissen wo sie sind. Oftmals stehen noch Untersuchungen an, die mit den Funktionsbereichen nicht exakt terminiert werden k\u00f6nnen.<\/span><\/p>\n<p class=\"p1\"><span class=\"s1\">Zur \u00dcberwachung der Patientinnen und Patienten stehen uns acht tragbare Telemetrie- Ger\u00e4te, die den Herzrhythmus aufzeichnen und f\u00fcnf Bettmonitore zur Blutdruck-, Sauerstoffs\u00e4ttigung- und Herzfrequenz\u00fcberwachung zur Verf\u00fcgung.<\/span><\/p>\n<p class=\"p1\"><span class=\"s1\">Wir hoffen, dass wir Ihre Fragen beantworten konnten. Sollten Sie Anregungen oder Fragen zur Vorstellung haben, k\u00f6nnen Sie uns gerne unter den unten angegebenen Telefonnummern kontaktieren.<\/span><\/p>\n<\/div>\n<\/div>\n<\/div>    <\/div>\n  <\/div>\n<\/div><\/div><\/div>\n\n\n\n<div class=\"wp-block-column is-layout-flow wp-block-column-is-layout-flow\" style=\"flex-basis:33.33%\">\n<div class=\"wp-block-group\"><div class=\"wp-block-group__inner-container is-layout-flow wp-block-group-is-layout-flow\">\n<p><strong>Station 22a \/ b |&nbsp;Bereichsleitung<\/strong><\/p>\n\n\n<p class=\"warning\">Personal wurde nicht gefunden.<\/p>\n\n\n<div class=\"personal_container\"><div class=\"personal_portrait\" style=\"background-image: url(https:\/\/mhh-kardiologie.de\/wp-content\/uploads\/2024\/11\/MHH_Kardiologie_OA\u0308_Portraits_schallhorn_2024-10-29_web.jpg);\"><\/div><div class=\"personal_infos\"><p class=\"personal_name\"><a href=\"https:\/\/mhh-kardiologie.de\/en\/klinikteam\/direktor-oberaerzte\/dr-sven-schallhorn\/\">Dr. Sven Schallhorn<\/a><\/p><p class=\"personal_mail\"><a href=\"mailto:schallhorn.sven@mh-hannover.de\">schallhorn.sven@mh-hannover.de<\/a><\/p><\/div><\/div>\n\n\n<div class=\"personal_container\"><div class=\"personal_portrait\" style=\"background-image: url(https:\/\/mhh-kardiologie.de\/wp-content\/uploads\/2024\/11\/MHH_Kardiologie_OA\u0308_Portraits_ko\u0308nig_2024-10-29_web.jpg);\"><\/div><div class=\"personal_infos\"><p class=\"personal_name\"><a href=\"https:\/\/mhh-kardiologie.de\/en\/klinikteam\/direktor-oberaerzte\/dr-tobias-koenig\/\">Dr. Tobias K\u00f6nig<\/a><\/p><p class=\"personal_mail\"><a href=\"mailto:koenig.tobias@mh-hannover.de\">koenig.tobias@mh-hannover.de<\/a><\/p><\/div><\/div>\n\n\n<div class=\"personal_container\"><div class=\"personal_portrait\" style=\"background-image: url(https:\/\/mhh-kardiologie.de\/wp-content\/uploads\/2024\/11\/MHH_Kardiologie_OA\u0308_Portraits_berliner_2024-10-29_web.jpg);\"><\/div><div class=\"personal_infos\"><p class=\"personal_name\"><a href=\"https:\/\/mhh-kardiologie.de\/en\/klinikteam\/direktor-oberaerzte\/dr-dominik-berliner\/\">Dr. Dominik Berliner<\/a><\/p><p class=\"personal_mail\"><a href=\"mailto:berliner.dominik@mh-hannover.de\">berliner.dominik@mh-hannover.de<\/a><\/p><\/div><\/div>\n\n\n\n<p><strong>Station&nbsp;32 <\/strong><strong>|&nbsp;Bereichsleitung<\/strong><\/p>\n\n\n<div class=\"personal_container\"><div class=\"personal_portrait\" style=\"background-image: url(https:\/\/mhh-kardiologie.de\/wp-content\/uploads\/2024\/11\/MHH_Kardiologie_OA\u0308_Portraits_pfeffer_2024-10-29_web.jpg);\"><\/div><div class=\"personal_infos\"><p class=\"personal_name\"><a href=\"https:\/\/mhh-kardiologie.de\/en\/klinikteam\/direktor-oberaerzte\/dr-tobias-jonathan-pfeffer\/\">PD Dr. Tobias Jonathan Pfeffer<\/a><\/p><p class=\"personal_mail\"><a href=\"mailto:pfeffer.tobias.j@mh-hannover.de\">pfeffer.tobias.j@mh-hannover.de<\/a><\/p><\/div><\/div>\n\n\n\n<p><strong>Stationszimmer<\/strong><br><mark style=\"background-color:rgba(0, 0, 0, 0)\" class=\"has-inline-color has-luminous-vivid-orange-color\"><strong>Station 22 |<\/strong>\u00a0Tel.: 0511 532-2221 | 0511 532-2222<br><strong>Station 32 |\u00a0<\/strong>Tel.: 0511 532-2321 |\u00a00511 532-2322<\/mark><br><mark style=\"background-color:rgba(0, 0, 0, 0)\" class=\"has-inline-color has-luminous-vivid-orange-color\"><strong>Station 22 |<\/strong>\u00a0Fax: 0511 532-8223<br><strong>Station 32 | <\/strong>Fax: 0511 532-8327<\/mark><\/p>\n\n\n\n<p><strong>Stationsarzt<\/strong><br><mark style=\"background-color:rgba(0, 0, 0, 0)\" class=\"has-inline-color has-luminous-vivid-orange-color\"><strong>Station 22 | <\/strong>Tel.: 0511 532-2225<br><strong>Station 22 | <\/strong>Fax: 0511 532-8224<br><strong>Station 32 | <\/strong>Tel.: 0511 532-2370<br><strong>Station 32 | <\/strong>Fax: 0511 532-8224<\/mark><\/p>\n\n\n\n<p><strong>Pflegeleitung Station 22<\/strong><br><strong><a href=\"mailto:meinert.dorota@mh-hannover.de\"><mark style=\"background-color:rgba(0, 0, 0, 0)\" class=\"has-inline-color has-luminous-vivid-orange-color\">Dorota Meinert<\/mark><\/a><br><a href=\"mailto:Stebner.Irina@mh-hannover.de\"><mark style=\"background-color:rgba(0, 0, 0, 0)\" class=\"has-inline-color has-luminous-vivid-orange-color\">Irina Stebner<\/mark><\/a><\/strong><\/p>\n\n\n\n<p><strong>Pflegeleitung Station 32<\/strong><br><strong><a href=\"mailto:frese.michael@mh-hannover.de\"><mark style=\"background-color:rgba(0, 0, 0, 0)\" class=\"has-inline-color has-luminous-vivid-orange-color\">Michael Frese<\/mark><\/a><\/strong><\/p>\n<\/div><\/div>\n<\/div>\n<\/div>\n","protected":false},"excerpt":{"rendered":"<p>Kardiologische Station 22 | 32Normalstation Auf unseren Stationen 22 und 32&nbsp;behandeln wir Patientinnen und Patienten mit akuten und chronischen Erkrankungen des kardiologischen, angiologischen und internistischen Spektrums. Die kontinuierliche Gabe von Medikamenten und Infusionsl\u00f6sungen sowie die M\u00f6glichkeit der durchgehenden drahtlosen \u00dcberwachung (Telemetrie) erm\u00f6glicht auch die Behandlung schwerkranker Patientinnen und Patienten. In der Kardiologie und Inneren Medizin [&hellip;]<\/p>\n","protected":false},"author":1,"featured_media":3335,"parent":125,"menu_order":19,"comment_status":"closed","ping_status":"closed","template":"","meta":{"block":"%5B%5D","footnotes":""},"class_list":["post-267","page","type-page","status-publish","has-post-thumbnail","hentry"],"_links":{"self":[{"href":"https:\/\/mhh-kardiologie.de\/en\/wp-json\/wp\/v2\/pages\/267","targetHints":{"allow":["GET"]}}],"collection":[{"href":"https:\/\/mhh-kardiologie.de\/en\/wp-json\/wp\/v2\/pages"}],"about":[{"href":"https:\/\/mhh-kardiologie.de\/en\/wp-json\/wp\/v2\/types\/page"}],"author":[{"embeddable":true,"href":"https:\/\/mhh-kardiologie.de\/en\/wp-json\/wp\/v2\/users\/1"}],"replies":[{"embeddable":true,"href":"https:\/\/mhh-kardiologie.de\/en\/wp-json\/wp\/v2\/comments?post=267"}],"version-history":[{"count":16,"href":"https:\/\/mhh-kardiologie.de\/en\/wp-json\/wp\/v2\/pages\/267\/revisions"}],"predecessor-version":[{"id":5218,"href":"https:\/\/mhh-kardiologie.de\/en\/wp-json\/wp\/v2\/pages\/267\/revisions\/5218"}],"up":[{"embeddable":true,"href":"https:\/\/mhh-kardiologie.de\/en\/wp-json\/wp\/v2\/pages\/125"}],"wp:featuredmedia":[{"embeddable":true,"href":"https:\/\/mhh-kardiologie.de\/en\/wp-json\/wp\/v2\/media\/3335"}],"wp:attachment":[{"href":"https:\/\/mhh-kardiologie.de\/en\/wp-json\/wp\/v2\/media?parent=267"}],"curies":[{"name":"wp","href":"https:\/\/api.w.org\/{rel}","templated":true}]}}