{"id":270,"date":"2021-09-29T12:51:00","date_gmt":"2021-09-29T10:51:00","guid":{"rendered":"http:\/\/mhh-kardiologie.de.w01d58f8.kasserver.com\/?page_id=270"},"modified":"2025-02-06T15:33:27","modified_gmt":"2025-02-06T14:33:27","slug":"station-24a-hfu-intermediate-care-unit","status":"publish","type":"page","link":"https:\/\/mhh-kardiologie.de\/en\/leistungen\/stationen\/station-24a-hfu-intermediate-care-unit\/","title":{"rendered":"Station 24a | HFU | Intermediate Care Unit"},"content":{"rendered":"\n<div class=\"wp-block-columns is-layout-flex wp-container-core-columns-is-layout-9d6595d7 wp-block-columns-is-layout-flex\">\n<div class=\"wp-block-column is-layout-flow wp-block-column-is-layout-flow\" style=\"flex-basis:66.66%\">\n<h2 class=\"wp-block-heading\">Station 24a |&nbsp;INTERMEDIATE CARE |&nbsp;CHEST PAIN UNIT | HEART FAILURE UNIT<\/h2>\n\n\n\n<p>In Deutschland leiden \u00fcber zwei Millionen Menschen an einer Herzinsuffizienz (englisch Heart Failure), die Erkrankung ist die h\u00e4ufigste Ursache f\u00fcr Krankenhausaufnahmen. Der Verlauf der chronischen Herzinsuffizienz ist durch rezidivierende Dekompensationen gepr\u00e4gt, die mit einem hohen Sterblichkeitsrisiko und l\u00e4ngeren Krankenhausaufenthalten verbunden sind. Eine rasche und optimale Behandlung der Erkrankung und ihrer Ursachen im Krankenhaus hilft eine lebensbedrohliche Phase zu \u00fcberwinden und kann langfristig die Prognose verbessern.<\/p>\n\n\n\n<p>In unserer Klinik wurde eine Station speziell f\u00fcr Patientinnen und Patienten mit schwerer Herzinsuffizienz als \u00fcberregionale Heart Failure Unit (HFU) zertifiziert. Die Heart Failure Unit der MHH ist die erste zertifizierte Spezialstation dieser Art in Niedersachsen. Sie wird von der Klinik f\u00fcr Kardiologie und Angiologie und der Klinik f\u00fcr Herz-, Thorax-, Transplantations- und Gef\u00e4\u00dfchirurgie (HTTG) gemeinsam betrieben, die Leiter sind Dr. Dominik Berliner (Kardiologe) und Prof. Dr. Jan Schmitto (Herzchirurg). Die Zertifizierung nahmen die Deutschen Gesellschaften f\u00fcr Kardiologie und Thorax-, Herz- und Gef\u00e4\u00dfchirurgie gemeinsam vor. Besonders lobten sie unsere au\u00dfergew\u00f6hnlich gute interdisziplin\u00e4re Zusammenarbeit zwischen Kardiologen und Herzchirurgen und das h\u00f6chstm\u00f6gliche Therapieniveau bei der Behandlung der schweren Herzinsuffizienz.<\/p>\n\n\n\n<p>Unsere \u00fcberregionale Heart Failure Unit verf\u00fcgt \u00fcber acht Betten (davon vier auf unserer Station 24a) und ist mit modernsten \u00dcberwachungs- und Behandlungssystemen ausgestattet. Die engmaschige und interdisziplin\u00e4re Betreuung erm\u00f6glicht es rasch die Behandlung einzuleiten, die f\u00fcr die Patientinnen und Patienten zu dem jeweiligen Zeitpunkt optimal ist. Daf\u00fcr k\u00f6nnen wir auf s\u00e4mtliche medikament\u00f6se, interventionelle und operative Therapieverfahren, wie Herzkatheter, Klappenersatz\/-reparatur und Kreislaufunterst\u00fctzungssysteme zur\u00fcckgreifen. Durch die rasche interdisziplin\u00e4re Behandlung k\u00f6nnen schwere Folgeerscheinungen wie ein Multi-Organversagen verhindert und die Genesung beschleunigt werden. Die Patientinnen und Patienten profitieren von unserer kardiologischen und herzchirurgischen Expertise, notwendige Therapien werden gemeinsam mit gro\u00dfer Erfahrung besprochen und ohne Zeitverzug eingeleitet.<\/p>\n\n\n\n<p>Speziell f\u00fcr die Behandlung der Herzschw\u00e4che ausgebildetes Pflegepersonal, sogenannte \u201eHeart Failure Nurses\u201c, k\u00fcmmern sich w\u00e4hrend des station\u00e4ren Aufenhalts intensiv mit um die Betroffenen und organisieren auch die nachstation\u00e4re Behandlung.<\/p>\n\n\n\n<p>Unsere Heart Failure Unit verbessert die Versorgung schwer herzkranker Patientinnen und Patienten an der MHH und in Kooperation mit vielen Kliniken und niedergelassenen \u00c4rztinnen und \u00c4rzten weit \u00fcber die Grenzen von Hannover und Niedersachsen hinaus.<\/p>\n\n\n\n<div style=\"height:30px\" aria-hidden=\"true\" class=\"wp-block-spacer\"><\/div>\n\n\n\n<figure class=\"wp-block-image size-full is-resized\"><img loading=\"lazy\" decoding=\"async\" src=\"https:\/\/mhh-kardiologie.de\/wp-content\/uploads\/2021\/10\/Ueberregionales-HFU-Zentrum-Zertifiziert-973897a9.png\" alt=\"\" class=\"wp-image-683\" width=\"200\" height=\"200\" srcset=\"https:\/\/mhh-kardiologie.de\/wp-content\/uploads\/2021\/10\/Ueberregionales-HFU-Zentrum-Zertifiziert-973897a9.png 512w, https:\/\/mhh-kardiologie.de\/wp-content\/uploads\/2021\/10\/Ueberregionales-HFU-Zentrum-Zertifiziert-973897a9-300x300.png 300w, https:\/\/mhh-kardiologie.de\/wp-content\/uploads\/2021\/10\/Ueberregionales-HFU-Zentrum-Zertifiziert-973897a9-150x150.png 150w\" sizes=\"auto, (max-width: 200px) 100vw, 200px\" \/><\/figure>\n\n\n\n<div style=\"height:30px\" aria-hidden=\"true\" class=\"wp-block-spacer\"><\/div>\n\n\n<div class=\"lazyblock-akkordeon-Z1L8Y5y wp-block-lazyblock-akkordeon\">\n<input id=\"besucherinformationen\" class=\"hide-akkordeon akkordeon-toggle\" type=\"checkbox\" tabindex=\"-1\">\n\n<div class=\"akkordeon-block\">\n  <div class=\"toggler\">\n    <label for=\"besucherinformationen\" tabindex=\"0\">Besucherinformationen <\/label>\n    <div class=\"akkordeon-bar\"><\/div>\n  <\/div>\n\n  <div class=\"akkordeon-content\">\n    <div class=\"akkordeon-inner-content\">\n      <div class=\"accordion\">\n<div class=\"inner\">\n<div class=\"ce_text block\">\n<h3>Sehr geehrte Besucherin, sehr geehrter Besucher,<\/h3>\n<p class=\"bodytext\">Ihre Angeh\u00f6rige oder Ihr Angeh\u00f6riger ist akut oder chronisch erkrankt und wird auf unserer Station 24a behandelt, einer Spezialstation fu\u0308r akute Brustschmerzen und Herzschw\u00e4che (Chest Pain Unit und Heart Failure Unit). Auf dieser Station gelten zum Wohle der Patientinnen und Patienten bestimmte Regelungen, die wir Ihnen in diesem Flyer zusammengestellt haben.<\/p>\n<h3>Auskunftszeiten<\/h3>\n<p class=\"bodytext\">Es hat sich als sinnvoll erwiesen, vormittags in der Zeit von 9.30 bis 12.00 Uhr anzurufen. Unsere Stations\u00e4rztinnen und -\u00e4rzte stehen Ihnen gerne als Ansprechpartner zur Verfu\u0308gung, sofern sie nicht in die Versorgung akuter Notf\u00e4lle eingebunden sind.<\/p>\n<p class=\"bodytext\">Bei Patientinnen und Patienten, die als Notfall aufgenommen werden, k\u00f6nnen Sie auch nachts und am Wochenende eine Auskunft u\u0308ber den Zustand Ihres Angeh\u00f6rigen erfragen, denn die Station ist im Rahmen eines \u00e4rztlichen Schichtdienstes rund um die Uhr mit einer \u00c4rztin oder einem Arzt unserer Klinik besetzt. Falls sich der Zustand Ihres Angeh\u00f6rigen akut verschlechtert, werden wir Sie so rasch wie m\u00f6glich anrufen. Deshalb bitten wir Sie um eine Telefonnummer, unter der wir Sie jederzeit erreichen k\u00f6nnen. Haben Sie bitte Verst\u00e4ndnis, wenn eine sofortige Kontaktaufnahme nicht m\u00f6glich ist, da die Patientenversorgung im Akutfall immer Vorrang hat.<\/p>\n<h3>Besuchszeiten<\/h3>\n<p class=\"bodytext\">Die regul\u00e4ren Besuchszeiten auf der Station sind t\u00e4glich von 14.00 bis 19.00 Uhr. Sie k\u00f6nnen Ihren Angeh\u00f6rigen jedoch in Ausnahmef\u00e4llen und nach Ru\u0308cksprache mit uns zu anderen Zeiten besuchen. Haben Sie bitte Verst\u00e4ndnis dafu\u0308r, dass wir in der Regel versuchen, vor der Besuchszeit s\u00e4mtliche planbaren Ma\u00dfnahmen durchzufu\u0308hren und es daher zu Unterbrechungen Ihres Besuchs kommen kann.<\/p>\n<h3>Besuchserlaubnis<\/h3>\n<p class=\"bodytext\">In der Regel ist der Besuch durch die n\u00e4chsten Angeh\u00f6rigen erwu\u0308nscht. Im Interesse Ihres Angeh\u00f6rigen und anderer Patientinnen und Patienten bitten wir Sie, innerhalb der Familie Absprachen so zu treffen, dass nicht mehr als zwei Angeh\u00f6rige zur gleichen Zeit zu Besuch kommen.<\/p>\n<p class=\"bodytext\">Der Besuch von Kindern und Jugendlichen sollte gut u\u0308berlegt werden. Kleinkinder und S\u00e4uglinge du\u0308rfen nur in Ausnahmef\u00e4llen und nach vorheriger Ru\u0308cksprache mit auf die Station genommen werden.<\/p>\n<h3>Auskunftserlaubnis<\/h3>\n<p class=\"bodytext\">Wir bitten um Verst\u00e4ndnis, dass wir aus Datenschutzgru\u0308nden nur den n\u00e4chsten Angeh\u00f6rigen Auskunft geben du\u0308rfen. Sprechen Sie sich darum bitte in der Familie so ab, dass nur eine Person anruft und die Auskunft an die Angeh\u00f6rigen weitergibt. Wenn Sie uns noch nicht pers\u00f6nlich bekannt sind, k\u00f6nnen wir telefonisch nur begrenzt Auskunft geben.<\/p>\n<h3>Krankenbesuch<\/h3>\n<p class=\"bodytext\">Melden Sie sich bitte u\u0308ber die Sprechanlage vor dem Stationseingang am Knoten A auf unserer Station an. Die betreuende Pflegekraft wird Sie so schnell wie m\u00f6glich hereinbitten, treten Sie dann bitte zum Empfangstresen vor.<\/p>\n<h3>Pers\u00f6nliche Gegenst\u00e4nde<\/h3>\n<p class=\"bodytext\">Wir bitten Sie, Ihrem Angeh\u00f6rigen Wechselkleidung, eine Kulturtasche und evtl. einen Rasierapparat mitzubringen; weitere pers\u00f6nliche Dinge und Lebensmittel nur nach Ru\u0308cksprache mit dem Pflegepersonal.<\/p>\n<h3>Hinweis<\/h3>\n<p>Blumen und Pflanzen sind aus hygienischen Gru\u0308nden auf dieser Station nicht erlaubt.<\/p>\n<\/div>\n<\/div>\n<\/div>    <\/div>\n  <\/div>\n<\/div><\/div>\n\n<div class=\"lazyblock-akkordeon-flyer-QDT4G wp-block-lazyblock-akkordeon-flyer\"><input id=\"informationsblattfrbesuchende\" class=\"hide akkordeon-toggle\" type=\"checkbox\"><div class=\"akkordeon-block\">\n  <div class=\"toggler\"><label for=\"informationsblattfrbesuchende\">Informationsblatt f\u00fcr Besuchende<\/label><div class=\"akkordeon-bar\"><\/div><\/div><div class=\"akkordeon-content\"><div class=\"akkordeon-inner-content\"><div class=\"wp-block-columns flyer\"><div class=\"wp-block-column\"><img decoding=\"async\" src=\"https:\/\/mhh-kardiologie.de\/wp-content\/uploads\/2021\/10\/MHH-Kardiologie-Station-24a-Flyer-2019-c240d749.jpg\" alt=\"MHH-Kardiologie-Station-24a-Flyer-2019-c240d749\" style=\"margin-right: 20px; display: block;\"><\/div><div class=\"wp-block-column\" style=\"margin-left: 20px;\"><p style=\"margin-bottom: 8px;\"><strong>Titel<\/strong><\/p><p style=\"margin-bottom: 24px;\">Ein Informationsblatt f\u00fcr Besuchende<\/p><p style=\"margin-bottom: 8px;\"><strong>Download<\/strong><\/p><p><a href=\"https:\/\/mhh-kardiologie.de\/wp-content\/uploads\/2021\/10\/MHH-Kardiologie-Station-24a-Flyer-2019.pdf\" target=\"_blank\">MHH-Kardiologie-Station-24a-Flyer-2019.pdf (285KB)<\/a><\/p><\/div><\/div><\/div><\/div><\/div><\/div><\/div>\n\n\n\n<div class=\"wp-block-column is-layout-flow wp-block-column-is-layout-flow\" style=\"flex-basis:33.33%\">\n<div class=\"wp-block-group\"><div class=\"wp-block-group__inner-container is-layout-flow wp-block-group-is-layout-flow\">\n<p><strong>Bereichsleitung<\/strong><\/p>\n\n\n<div class=\"personal_container\"><div class=\"personal_portrait\" style=\"background-image: url(https:\/\/mhh-kardiologie.de\/wp-content\/uploads\/2024\/11\/MHH_Kardiologie_OA\u0308_Portraits_berliner_2024-10-29_web.jpg);\"><\/div><div class=\"personal_infos\"><p class=\"personal_name\"><a href=\"https:\/\/mhh-kardiologie.de\/en\/klinikteam\/direktor-oberaerzte\/dr-dominik-berliner\/\">Dr. Dominik Berliner<\/a><\/p><p class=\"personal_mail\"><a href=\"mailto:berliner.dominik@mh-hannover.de\">berliner.dominik@mh-hannover.de<\/a><\/p><\/div><\/div>\n\n\n\n<p><strong>Pflegeleitung<\/strong><\/p>\n\n\n<div class=\"personal_container\"><div class=\"personal_portrait\" style=\"background-image: url(https:\/\/mhh-kardiologie.de\/wp-content\/uploads\/2021\/10\/Uwe_Kuester_Leiter_Station_24b-02c8f4d6.jpg);\"><\/div><div class=\"personal_infos\"><p class=\"personal_name\">Uwe K\u00fcster<\/p><p class=\"personal_mail\"><a href=\"mailto:kuester.uwe@mh-hannover.de\">kuester.uwe@mh-hannover.de<\/a><\/p><\/div><\/div>\n\n\n<div class=\"personal_container\"><div class=\"personal_portrait\" style=\"background-image: url(https:\/\/mhh-kardiologie.de\/wp-content\/uploads\/2021\/10\/Kampe_Juergen_Stell_Leiter_Station_24b-57e919e7.jpg);\"><\/div><div class=\"personal_infos\"><p class=\"personal_name\">J\u00fcrgen Kampe<\/p><p class=\"personal_mail\"><a href=\"mailto:kampe.juergen@mh-hannover.de\">kampe.juergen@mh-hannover.de<\/a><\/p><\/div><\/div>\n\n\n\n<p><mark style=\"background-color:rgba(0, 0, 0, 0)\" class=\"has-inline-color has-luminous-vivid-orange-color\"><strong>Heart Failure Unit<\/strong><br>Tel.: 0511 532-2249<\/mark><\/p>\n<\/div><\/div>\n<\/div>\n<\/div>\n","protected":false},"excerpt":{"rendered":"<p>Station 24a |&nbsp;INTERMEDIATE CARE |&nbsp;CHEST PAIN UNIT | HEART FAILURE UNIT In Deutschland leiden \u00fcber zwei Millionen Menschen an einer Herzinsuffizienz (englisch Heart Failure), die Erkrankung ist die h\u00e4ufigste Ursache f\u00fcr Krankenhausaufnahmen. Der Verlauf der chronischen Herzinsuffizienz ist durch rezidivierende Dekompensationen gepr\u00e4gt, die mit einem hohen Sterblichkeitsrisiko und l\u00e4ngeren Krankenhausaufenthalten verbunden sind. Eine rasche und [&hellip;]<\/p>\n","protected":false},"author":1,"featured_media":0,"parent":125,"menu_order":20,"comment_status":"closed","ping_status":"closed","template":"","meta":{"block":"%5B%5D","footnotes":""},"class_list":["post-270","page","type-page","status-publish","hentry"],"_links":{"self":[{"href":"https:\/\/mhh-kardiologie.de\/en\/wp-json\/wp\/v2\/pages\/270","targetHints":{"allow":["GET"]}}],"collection":[{"href":"https:\/\/mhh-kardiologie.de\/en\/wp-json\/wp\/v2\/pages"}],"about":[{"href":"https:\/\/mhh-kardiologie.de\/en\/wp-json\/wp\/v2\/types\/page"}],"author":[{"embeddable":true,"href":"https:\/\/mhh-kardiologie.de\/en\/wp-json\/wp\/v2\/users\/1"}],"replies":[{"embeddable":true,"href":"https:\/\/mhh-kardiologie.de\/en\/wp-json\/wp\/v2\/comments?post=270"}],"version-history":[{"count":13,"href":"https:\/\/mhh-kardiologie.de\/en\/wp-json\/wp\/v2\/pages\/270\/revisions"}],"predecessor-version":[{"id":6505,"href":"https:\/\/mhh-kardiologie.de\/en\/wp-json\/wp\/v2\/pages\/270\/revisions\/6505"}],"up":[{"embeddable":true,"href":"https:\/\/mhh-kardiologie.de\/en\/wp-json\/wp\/v2\/pages\/125"}],"wp:attachment":[{"href":"https:\/\/mhh-kardiologie.de\/en\/wp-json\/wp\/v2\/media?parent=270"}],"curies":[{"name":"wp","href":"https:\/\/api.w.org\/{rel}","templated":true}]}}