{"id":272,"date":"2021-09-29T12:51:37","date_gmt":"2021-09-29T10:51:37","guid":{"rendered":"http:\/\/mhh-kardiologie.de.w01d58f8.kasserver.com\/?page_id=272"},"modified":"2024-09-09T14:46:57","modified_gmt":"2024-09-09T12:46:57","slug":"station-38-privatstation","status":"publish","type":"page","link":"https:\/\/mhh-kardiologie.de\/en\/leistungen\/stationen\/station-38-privatstation\/","title":{"rendered":"Station 38 | Privatstation"},"content":{"rendered":"\n<div class=\"wp-block-columns is-layout-flex wp-container-core-columns-is-layout-9d6595d7 wp-block-columns-is-layout-flex\">\n<div class=\"wp-block-column is-layout-flow wp-block-column-is-layout-flow\" style=\"flex-basis:66.66%\">\n<h2 class=\"wp-block-heading\" id=\"kardiologische-privatstation-38\">Kardiologische Privatstation 38<\/h2>\n\n\n\n<h3 class=\"wp-block-heading\" id=\"hinweis-aufgrund-von-renovierungsarbeiten-befindet-sich-die-station-38-derzeit-auf-der-station-11-knoten-a-1-etage\">Hinweis: Aufgrund von Renovierungsarbeiten befindet sich die Station 38 derzeit auf der Station 11 (Knoten A, 1. Etage)<\/h3>\n\n\n\n<p>Die kardiologische Privatstation verf\u00fcgt \u00fcber sieben Betten in f\u00fcnf k\u00fcrzlich renovierten Patientenzimmern. Wir behandeln hier Patientinnen und Patienten mit Erkrankungen aus dem gesamten kardiovaskul\u00e4ren Spektrum auf dem Niveau modernster kardiologisch-internistischer Universit\u00e4tsmedizin. Alle Bettpl\u00e4tze bieten neben fest installierten Monitoren die M\u00f6glichkeit einer durchgehenden, drahtlosen \u00dcberwachung (Telemetrie) wie auf einer \u00dcberwachungsstation, so dass die Patientinnen und Patienten nach Eingriffen\/Operationen nicht auf die gewohnte Umgebung zu verzichten brauchen; diese Option stellt ein besonderes Komfort-Merkmal bei hoher Patientensicherheit dar. Zweimal t\u00e4glich finden Visiten durch den Direktor der Klinik respektive seine Vertreter statt.<\/p>\n\n\n\n<p>Neben der hochwertigen medizinischen Versorgung wird unseren Patientinnen und Patienten das volle Angebot der an der MHH zur Verf\u00fcgung stehenden Wahlleistungen zuteil. Dar\u00fcber hinaus bieten der mobile Aufnahmeservice sowie der Raumservice weiteren Komfort auf unserer Privatstation. Durch die enge Kooperation der behandelnden \u00c4rztinnen und \u00c4rzte und des Krankenpflege-Teams mit den Fachkr\u00e4ften des Patientenservicemanagements, der Rehabilitation, der Ergotherapie, des Sozialdienstes, des Entlassungsmanagements und anderen an der MHH etablierten Einrichtungen l\u00e4sst sich unser Ziel einer modernen, optimierten und individualisierten Medizin erreichen.<\/p>\n\n\n<div class=\"lazyblock-akkordeon-Z8zbdH wp-block-lazyblock-akkordeon\">\n<input id=\"behandlungsschwerpunkteinderbersicht\" class=\"hide-akkordeon akkordeon-toggle\" type=\"checkbox\" tabindex=\"-1\">\n\n<div class=\"akkordeon-block\">\n  <div class=\"toggler\">\n    <label for=\"behandlungsschwerpunkteinderbersicht\" tabindex=\"0\">Behandlungsschwerpunkte in der \u00dcbersicht<\/label>\n    <div class=\"akkordeon-bar\"><\/div>\n  <\/div>\n\n  <div class=\"akkordeon-content\">\n    <div class=\"akkordeon-inner-content\">\n      <div class=\"accordion\">\n<div class=\"inner\">\n<div class=\"ce_text block\">\n<ul>\n<li>akute und chronische Herzschw\u00e4che<\/li>\n<li>koronare Herzkrankheit, Herzinfarkt<\/li>\n<li>angeborene und erworbene Herzklappenfehler<\/li>\n<li>Herzrhythmusst\u00f6rungen<\/li>\n<li>periphere arterielle Verschlusskrankheit<\/li>\n<\/ul>\n<\/div>\n<\/div>\n<\/div>    <\/div>\n  <\/div>\n<\/div><\/div>\n\n<div class=\"lazyblock-akkordeon-ZgWDbp wp-block-lazyblock-akkordeon\">\n<input id=\"allgemeineinformationenfrpatientinnenundpatienten\" class=\"hide-akkordeon akkordeon-toggle\" type=\"checkbox\" tabindex=\"-1\">\n\n<div class=\"akkordeon-block\">\n  <div class=\"toggler\">\n    <label for=\"allgemeineinformationenfrpatientinnenundpatienten\" tabindex=\"0\">Allgemeine Informationen f\u00fcr Patientinnen und Patienten<\/label>\n    <div class=\"akkordeon-bar\"><\/div>\n  <\/div>\n\n  <div class=\"akkordeon-content\">\n    <div class=\"akkordeon-inner-content\">\n      <div class=\"accordion\">\n<div class=\"inner\">\n<div class=\"ce_text block\">\n<h3><span class=\"s1\">Wo finden Sie uns?<\/span><\/h3>\n<p class=\"p2\"><span class=\"s1\">Sie kommen durch den Haupteingang, biegen hinter dem Friseur rechts in den B- Knoten. Hier fahren Sie mit dem Fahrstuhl in die 8. Etage. Wenn Sie aus dem Fahrstuhl steigen, gehen Sie geradeaus auf die Station 38. Dort melden Sie sich im Stationszimmer in der Mitte des Flures an.<\/span><\/p>\n<h3><span class=\"s1\">Was ist mitzubringen?<\/span><\/h3>\n<p class=\"p2\"><span class=\"s1\">Um einen reibungslosen Ablauf zu gew\u00e4hren, bringen Sie bitte ihre aktuelle Medikamentenliste mit. Au\u00dferdem w\u00e4re es hilfreich wenn Sie ihre eigenen Medikamente f\u00fcr die ersten Tage des Aufenthalts mitbringen, da wir nicht immer alle Medikamente auf den Stationen vorr\u00e4tig haben und die Beschaffung dieser unter Umst\u00e4nden 48 Stunden betragen kann.<\/span><\/p>\n<h3><span class=\"s1\">Zimmerausstattung<\/span><\/h3>\n<p class=\"p2\"><span class=\"s1\">Die Ausstattung beinhaltet ein Bad, teilweise inklusive Badewanne, Telefon, Safe und Fernseher. Die Nutzung des Fernsehers ist kostenlos. Die Benutzung Ihres Handys ist auf der Station erlaubt. Die Station verf\u00fcgt au\u00dferdem \u00fcber einen Aufenthaltsraum mit bequemen Sitzm\u00f6glichkeiten und Internetzugang. Ausschlie\u00dflich f\u00fcr Selbstzahler\/Wahlleistungspatienten besteht aber auch die M\u00f6glichkeit einen Aufenthaltsraum au\u00dferhalb der Station zu nutzen, in der sogenannten\u00a0<a href=\"https:\/\/www.mh-hannover.de\/17476.html\"><span class=\"s2\">MHH-Lounge<\/span><\/a>.<\/span><\/p>\n<h3><span class=\"s1\">Essensw\u00fcnsche<\/span><\/h3>\n<p class=\"p2\"><span class=\"s1\">Wenn aus gesundheitlichen Gr\u00fcnden keine spezielle Ern\u00e4hrung erforderlich ist, steht der selbstst\u00e4ndigen Auswahl von Speisen nichts entgegen. Auf einem w\u00f6chentlichen Speiseplan k\u00f6nnen Sie zwischen drei Men\u00fcs w\u00e4hlen. Die Speisepl\u00e4ne werden vom Service-Personal ausgeh\u00e4ndigt.<\/span><\/p>\n<h3><span class=\"s1\">Welchen Service bieten wir?<\/span><\/h3>\n<p class=\"p2\"><span class=\"s1\">Von der MHH erhalten Sie ein \u201eKomfortpaket\u201c. Es enth\u00e4lt Handt\u00fccher, Duschvorleger, Seiflappen und einen Bademantel als Leihgabe. Ferner eine kleine Kulturtasche und ein Schreibset f\u00fcr Sie pers\u00f6nlich. T\u00e4glich wechselnde frische Obstsorten halten wir f\u00fcr Sie zur Auswahl bereit. Werktags erhalten Sie die Hannoversche Allgemeine Zeitung (HAZ). Am Sonntag d\u00fcrfen Sie zwischen der Frankfurter Allgemeine Zeitung (FAZ) und der Welt am Sonntag (WamS) w\u00e4hlen. Dieser Service wird von unseren\u00a0<a href=\"https:\/\/www.mh-hannover.de\/17475.html\"><span class=\"s2\">Service- Assistenten<\/span><\/a>\u00a0gew\u00e4hrleistet. Bitte sprechen Sie uns an!<\/span><\/p>\n<p class=\"p2\"><span class=\"s1\">\u00a0<\/span><span class=\"s1\">Ausschlie\u00dflich f\u00fcr Selbstzahler und Wahlleistungspatienten besteht die M\u00f6glichkeit einen Aufenthaltsraum au\u00dferhalb der Station zu nutzen, die\u00a0<a href=\"https:\/\/www.mh-hannover.de\/17476.html\"><span class=\"s2\">MHH-Lounge<\/span><\/a>. N\u00e4here Informationen und den Lounge-Flyer, der zugleich als Zugangsberechtigung gilt, erhalten Sie von unseren Service-Assistenten. Unser auf Serviceleistungen spezialisiertes Personal freut sich auf Ihren Besuch!<\/span><\/p>\n<h3><span class=\"s1\">Sonstige Serviceleistungen in der MHH<\/span><\/h3>\n<p class=\"p4\"><span class=\"s3\">Weitere Servicelestungen der MHH finden sie auf der \u00dcbersichtsseite:\u00a0<a href=\"https:\/\/www.mh-hannover.de\/ueberblick_service.html\" target=\"_blank\" rel=\"noopener\">Service der MHH<\/a><\/span><\/p>\n<\/div>\n<\/div>\n<\/div>    <\/div>\n  <\/div>\n<\/div><\/div>\n\n<div class=\"lazyblock-akkordeon-296sQr wp-block-lazyblock-akkordeon\">\n<input id=\"allgemeineinformationenfrangehrige\" class=\"hide-akkordeon akkordeon-toggle\" type=\"checkbox\" tabindex=\"-1\">\n\n<div class=\"akkordeon-block\">\n  <div class=\"toggler\">\n    <label for=\"allgemeineinformationenfrangehrige\" tabindex=\"0\">Allgemeine Informationen f\u00fcr Angeh\u00f6rige<\/label>\n    <div class=\"akkordeon-bar\"><\/div>\n  <\/div>\n\n  <div class=\"akkordeon-content\">\n    <div class=\"akkordeon-inner-content\">\n      <div class=\"accordion\">\n<div class=\"inner\">\n<div class=\"ce_text block\">\n<h3><span class=\"s1\">Wo kann ich mich melden?<\/span><\/h3>\n<p class=\"p1\"><span class=\"s1\">Sie k\u00f6nnen sich an jede Pflegeperson auf der Station wenden, um sich nach Ihrem Angeh\u00f6rigen zu erkundigen. Sie erhalten dann Auskunft \u00fcber den Aufenthalt Ihres Angeh\u00f6rigen. M\u00f6chten Sie mit dem zust\u00e4ndigen Stationsarzt sprechen, wenden Sie sich bitte an das Pflegepersonal. Ihnen wird jederzeit gern weitergeholfen. Haben Sie bitte Verst\u00e4ndnis daf\u00fcr, dass wir am Telefon nur begrenzt Auskunft geben d\u00fcrfen. Sprechen Sie sich bitte in der Familie ab, wer anruft, denn h\u00e4ufige Telefonate bedeuten auch mehr Zeitaufwand f\u00fcr das Pflegepersonal.<\/span><\/p>\n<h3><span class=\"s1\">Besuchszeiten<\/span><\/h3>\n<p class=\"p1\"><span class=\"s1\">Die regul\u00e4ren Besuchszeiten in der MHH sind von 10.00 Uhr bis 21.00 Uhr. Besuch ist wichtig, aber manchmal auch anstrengend. Kurze, aber daf\u00fcr regelm\u00e4\u00dfige Besuche sind schonender. Machen Sie Ihren ersten Besuch fr\u00fchestens am Tag nach der Operation. Es sollten sich in der Regel nicht mehr als zwei Besucher am Bett des Patienten aufhalten. Bei pflegerischen Ma\u00dfnahmen bitten wir Sie unter Umst\u00e4nden kurz das Zimmer zu verlassen. Bringen Sie bitte nicht zu viele Blumen und keinesfalls Topfpflanzen mit. Der Besuch von kleinen Kindern auf einer herzchirurgischen Station sollte gut \u00fcberlegt sein. Bitte desinfizieren Sie sich regelm\u00e4\u00dfig die H\u00e4nde. Die Desinfektionsmittelspender finden sie vor jeder Patientenzimmert\u00fcr. Bitte wenden Sie sich bei Fragen an das Pflegepersonal. Wir werden Sie unterst\u00fctzen sich situationsgerecht zu verhalten.<\/span><\/p>\n<h3><span class=\"s1\">Handynutzung<\/span><\/h3>\n<p class=\"p1\"><i><span class=\"s1\">Die Benutzung Ihres Handys ist erlaubt.<\/span><\/i><\/p>\n<h3><span class=\"s1\">Unterkunft<\/span><\/h3>\n<p class=\"p3\"><span class=\"s1\"><a href=\"https:\/\/www.mh-hannover.de\/hostel.html\" target=\"_blank\" rel=\"noopener\">Hotels\/Unterk\u00fcnfte<\/a>\u00a0<\/span><span class=\"s2\">f\u00fcr Angeh\u00f6rige\u00a0<\/span><\/p>\n<\/div>\n<\/div>\n<\/div>    <\/div>\n  <\/div>\n<\/div><\/div><\/div>\n\n\n\n<div class=\"wp-block-column is-layout-flow wp-block-column-is-layout-flow\" style=\"flex-basis:33.33%\">\n<div class=\"wp-block-group\"><div class=\"wp-block-group__inner-container is-layout-flow wp-block-group-is-layout-flow\">\n<p><strong>Bereichsleitung<\/strong><\/p>\n\n\n<div class=\"personal_container\"><div class=\"personal_portrait\" style=\"background-image: url(https:\/\/mhh-kardiologie.de\/wp-content\/uploads\/2024\/11\/MHH_Kardiologie_OA\u0308_Portraits_bauersachs_2024-10-29_web.jpg);\"><\/div><div class=\"personal_infos\"><p class=\"personal_name\"><a href=\"https:\/\/mhh-kardiologie.de\/en\/klinikteam\/direktor-oberaerzte\/prof-dr-johann-bauersachs\/\">Prof. Dr. Johann Bauersachs<\/a><\/p><p class=\"personal_mail\"><a href=\"mailto:gaulke.beate@mh-hannover.de\">gaulke.beate@mh-hannover.de<\/a><\/p><\/div><\/div>\n\n\n<p class=\"warning\">Personal wurde nicht gefunden.<\/p>\n\n\n\n<p><strong>Pflegeteam<\/strong><\/p>\n\n\n\n<p><mark style=\"background-color:rgba(0, 0, 0, 0)\" class=\"has-inline-color has-luminous-vivid-orange-color\"><strong>Irina Stebner<\/strong><br>Tel.: 0511 532-8381<\/mark><br><a href=\"mailto:stebner.irina@mh-hannover.de\"><mark style=\"background-color:rgba(0, 0, 0, 0)\" class=\"has-inline-color has-luminous-vivid-orange-color\">stebner.irina@mh-hannover.de<\/mark><\/a><\/p>\n\n\n\n<p><mark style=\"background-color:rgba(0, 0, 0, 0)\" class=\"has-inline-color has-luminous-vivid-orange-color\"><strong>Heyke G\u00f6bel<\/strong><br>Tel.: 0511 532-2230 |\u00a00511 532-2231<\/mark><br><a href=\"mailto:goebel.heyke@mh-hannover.de\"><mark style=\"background-color:rgba(0, 0, 0, 0)\" class=\"has-inline-color has-luminous-vivid-orange-color\">goebel.heyke@mh-hannover.de<\/mark><\/a><\/p>\n\n\n\n<p><strong>Pflegest\u00fctzpunkt<\/strong><span class=\"has-inline-color has-luminous-vivid-orange-color\"><br>Tel.: 0511 532-2381&nbsp;|\u20090511 532-2493<\/span><\/p>\n<\/div><\/div>\n<\/div>\n<\/div>\n","protected":false},"excerpt":{"rendered":"<p>Kardiologische Privatstation 38 Hinweis: Aufgrund von Renovierungsarbeiten befindet sich die Station 38 derzeit auf der Station 11 (Knoten A, 1. Etage) Die kardiologische Privatstation verf\u00fcgt \u00fcber sieben Betten in f\u00fcnf k\u00fcrzlich renovierten Patientenzimmern. Wir behandeln hier Patientinnen und Patienten mit Erkrankungen aus dem gesamten kardiovaskul\u00e4ren Spektrum auf dem Niveau modernster kardiologisch-internistischer Universit\u00e4tsmedizin. Alle Bettpl\u00e4tze bieten [&hellip;]<\/p>\n","protected":false},"author":1,"featured_media":2369,"parent":125,"menu_order":22,"comment_status":"closed","ping_status":"closed","template":"","meta":{"block":"%5B%5D","footnotes":""},"class_list":["post-272","page","type-page","status-publish","has-post-thumbnail","hentry"],"_links":{"self":[{"href":"https:\/\/mhh-kardiologie.de\/en\/wp-json\/wp\/v2\/pages\/272","targetHints":{"allow":["GET"]}}],"collection":[{"href":"https:\/\/mhh-kardiologie.de\/en\/wp-json\/wp\/v2\/pages"}],"about":[{"href":"https:\/\/mhh-kardiologie.de\/en\/wp-json\/wp\/v2\/types\/page"}],"author":[{"embeddable":true,"href":"https:\/\/mhh-kardiologie.de\/en\/wp-json\/wp\/v2\/users\/1"}],"replies":[{"embeddable":true,"href":"https:\/\/mhh-kardiologie.de\/en\/wp-json\/wp\/v2\/comments?post=272"}],"version-history":[{"count":12,"href":"https:\/\/mhh-kardiologie.de\/en\/wp-json\/wp\/v2\/pages\/272\/revisions"}],"predecessor-version":[{"id":5206,"href":"https:\/\/mhh-kardiologie.de\/en\/wp-json\/wp\/v2\/pages\/272\/revisions\/5206"}],"up":[{"embeddable":true,"href":"https:\/\/mhh-kardiologie.de\/en\/wp-json\/wp\/v2\/pages\/125"}],"wp:featuredmedia":[{"embeddable":true,"href":"https:\/\/mhh-kardiologie.de\/en\/wp-json\/wp\/v2\/media\/2369"}],"wp:attachment":[{"href":"https:\/\/mhh-kardiologie.de\/en\/wp-json\/wp\/v2\/media?parent=272"}],"curies":[{"name":"wp","href":"https:\/\/api.w.org\/{rel}","templated":true}]}}