{"id":2906,"date":"2022-02-25T08:55:25","date_gmt":"2022-02-25T07:55:25","guid":{"rendered":"http:\/\/mhh-kardiologie.de.w01d58f8.kasserver.com\/presse-mediathek\/videos\/videos-2021-copy\/"},"modified":"2023-02-24T11:23:05","modified_gmt":"2023-02-24T10:23:05","slug":"videos-2022","status":"publish","type":"page","link":"https:\/\/mhh-kardiologie.de\/en\/presse-mediathek\/videos\/videos-2022\/","title":{"rendered":"Videos aus 2022"},"content":{"rendered":"\n<div class=\"wp-block-columns is-layout-flex wp-container-core-columns-is-layout-9d6595d7 wp-block-columns-is-layout-flex\">\n<div class=\"wp-block-column is-layout-flow wp-block-column-is-layout-flow\" style=\"flex-basis:66.66%\">\n<h2 class=\"wp-block-heading\">Videos aus 2022<\/h2>\n\n\n\n<p>Auf dieser Seite&nbsp;finden Sie aktuelle, spannende und informative Video-Beitr\u00e4ge aus den letzten Jahren mit den \u00c4rzten der Klinik f\u00fcr Kardiologie und Angiologie rund um das Thema Herz.<\/p>\n\n\n\n<div style=\"height:50px\" aria-hidden=\"true\" class=\"wp-block-spacer\"><\/div>\n\n\n<div class=\"lazyblock-akkordeon-video-Z2i8jVM wp-block-lazyblock-akkordeon-video\">\n<input id=\"ndrvisiteinterviewherzschwche\" class=\"hide akkordeon-toggle\" type=\"checkbox\">\n\n<div class=\"akkordeon-block\">\n  <div class=\"toggler\">\n    <label for=\"ndrvisiteinterviewherzschwche\">NDR Visite \u2013 Interview Herzschw\u00e4che<\/label>\n    <div class=\"akkordeon-bar\"><\/div>\n  <\/div>\n\n  <div class=\"akkordeon-content\">\n    <div class=\"akkordeon-inner-content\">\n              <p>Video konnte nicht geladen werden.<\/p>\n          <\/div>\n  <\/div>\n<\/div><\/div>\n\n<div class=\"lazyblock-akkordeon-video-YRz8a wp-block-lazyblock-akkordeon-video\">\n<input id=\"eintagimhannoverherzrhythmuscentrum-wenndasherzandersschlgt\" class=\"hide akkordeon-toggle\" type=\"checkbox\">\n\n<div class=\"akkordeon-block\">\n  <div class=\"toggler\">\n    <label for=\"eintagimhannoverherzrhythmuscentrum-wenndasherzandersschlgt\">Ein Tag im Hannover Herzrhythmus Centrum &#8211; Wenn das Herz anders schl\u00e4gt<\/label>\n    <div class=\"akkordeon-bar\"><\/div>\n  <\/div>\n\n  <div class=\"akkordeon-content\">\n    <div class=\"akkordeon-inner-content\">\n              <p>Video konnte nicht geladen werden.<\/p>\n          <\/div>\n  <\/div>\n<\/div><\/div>\n\n<div class=\"lazyblock-akkordeon-video-6BJ2w wp-block-lazyblock-akkordeon-video\">\n<input id=\"paperofthemannsdrmarcreboll\" class=\"hide akkordeon-toggle\" type=\"checkbox\">\n\n<div class=\"akkordeon-block\">\n  <div class=\"toggler\">\n    <label for=\"paperofthemannsdrmarcreboll\">Paper of the Manns: Dr. Marc Reboll <\/label>\n    <div class=\"akkordeon-bar\"><\/div>\n  <\/div>\n\n  <div class=\"akkordeon-content\">\n    <div class=\"akkordeon-inner-content\">\n              <p>Video konnte nicht geladen werden.<\/p>\n          <\/div>\n  <\/div>\n<\/div><\/div>\n\n<div class=\"lazyblock-akkordeon-video-2ibYct wp-block-lazyblock-akkordeon-video\">\n<input id=\"berraschunggeglckt-mhhadventskalender2022\" class=\"hide akkordeon-toggle\" type=\"checkbox\">\n\n<div class=\"akkordeon-block\">\n  <div class=\"toggler\">\n    <label for=\"berraschunggeglckt-mhhadventskalender2022\">\u00dcberraschung gegl\u00fcckt! &#8211; MHH Adventskalender 2022<\/label>\n    <div class=\"akkordeon-bar\"><\/div>\n  <\/div>\n\n  <div class=\"akkordeon-content\">\n    <div class=\"akkordeon-inner-content\">\n              <p>Video konnte nicht geladen werden.<\/p>\n          <\/div>\n  <\/div>\n<\/div><\/div>\n\n\n<div style=\"height:50px\" aria-hidden=\"true\" class=\"wp-block-spacer\"><\/div>\n<\/div>\n\n\n\n<div class=\"wp-block-column is-layout-flow wp-block-column-is-layout-flow\" style=\"flex-basis:33.33%\">\n<p><strong>Archiv<\/strong><br><a href=\"https:\/\/mhh-kardiologie.de\/presse-mediathek\/videos\/videos-2022\/\">Videos aus 2022<br><\/a><a data-type=\"page\" data-id=\"1958\" href=\"https:\/\/mhh-kardiologie.de\/presse-mediathek\/videos\/videos-2021\/\">Videos aus 2021<br><\/a><a data-type=\"page\" data-id=\"1961\" href=\"https:\/\/mhh-kardiologie.de\/presse-mediathek\/videos\/videos-2020\/\">Videos aus 2020<br><\/a><a data-type=\"page\" data-id=\"1964\" href=\"https:\/\/mhh-kardiologie.de\/presse-mediathek\/videos\/videos-2019\/\">Videos aus 2019<\/a><\/p>\n<\/div>\n<\/div>\n","protected":false},"excerpt":{"rendered":"<p>Videos aus 2022 Auf dieser Seite&nbsp;finden Sie aktuelle, spannende und informative Video-Beitr\u00e4ge aus den letzten Jahren mit den \u00c4rzten der Klinik f\u00fcr Kardiologie und Angiologie rund um das Thema Herz. ArchivVideos aus 2022Videos aus 2021Videos aus 2020Videos aus 2019<\/p>\n","protected":false},"author":1,"featured_media":0,"parent":1301,"menu_order":122,"comment_status":"closed","ping_status":"closed","template":"","meta":{"block":"%5B%5D","footnotes":""},"class_list":["post-2906","page","type-page","status-publish","hentry"],"_links":{"self":[{"href":"https:\/\/mhh-kardiologie.de\/en\/wp-json\/wp\/v2\/pages\/2906","targetHints":{"allow":["GET"]}}],"collection":[{"href":"https:\/\/mhh-kardiologie.de\/en\/wp-json\/wp\/v2\/pages"}],"about":[{"href":"https:\/\/mhh-kardiologie.de\/en\/wp-json\/wp\/v2\/types\/page"}],"author":[{"embeddable":true,"href":"https:\/\/mhh-kardiologie.de\/en\/wp-json\/wp\/v2\/users\/1"}],"replies":[{"embeddable":true,"href":"https:\/\/mhh-kardiologie.de\/en\/wp-json\/wp\/v2\/comments?post=2906"}],"version-history":[{"count":5,"href":"https:\/\/mhh-kardiologie.de\/en\/wp-json\/wp\/v2\/pages\/2906\/revisions"}],"predecessor-version":[{"id":4065,"href":"https:\/\/mhh-kardiologie.de\/en\/wp-json\/wp\/v2\/pages\/2906\/revisions\/4065"}],"up":[{"embeddable":true,"href":"https:\/\/mhh-kardiologie.de\/en\/wp-json\/wp\/v2\/pages\/1301"}],"wp:attachment":[{"href":"https:\/\/mhh-kardiologie.de\/en\/wp-json\/wp\/v2\/media?parent=2906"}],"curies":[{"name":"wp","href":"https:\/\/api.w.org\/{rel}","templated":true}]}}