{"id":3108,"date":"2022-04-20T14:13:18","date_gmt":"2022-04-20T12:13:18","guid":{"rendered":"http:\/\/mhh-kardiologie.de.w01d58f8.kasserver.com\/?page_id=3108"},"modified":"2026-01-02T11:49:44","modified_gmt":"2026-01-02T10:49:44","slug":"w2-professur-rhythmologie-und-elektrophysiologie","status":"publish","type":"page","link":"https:\/\/mhh-kardiologie.de\/en\/forschung\/w2-professur-rhythmologie-und-elektrophysiologie\/","title":{"rendered":"W2-Professur Rhythmologie und Elektrophysiologie"},"content":{"rendered":"\n<div class=\"wp-block-columns is-layout-flex wp-container-core-columns-is-layout-9d6595d7 wp-block-columns-is-layout-flex\">\n<div class=\"wp-block-column is-layout-flow wp-block-column-is-layout-flow\" style=\"flex-basis:66.66%\">\n<h2 class=\"wp-block-heading\">W2-Professur Rhythmologie und Elektrophysiologie<\/h2>\n\n\n\n<p>Herzrhythmusst\u00f6rungen geh\u00f6ren zu den f\u00fcnf wichtigsten Gr\u00fcnden f\u00fcr Krankenhauseinweisungen in Deutschland, das Spektrum reicht von symptomatischem Herzstolpern bis hin zum pl\u00f6tzlichen Herztod. Prof. Dr. David Duncker ist Inhaber der W2-Professur f\u00fcr Rhythmologie und Elektrophysiologie an der MHH mit den Forschungsschwerpunkten pl\u00f6tzlicher Herztod und Arrhythmien bei Herzinsuffizienz sowie Digitalisierung in der Rhythmologie.&nbsp;<br>Neben der Behandlung von Patientinnen und Patienten mit allen Formen von Herzrhythmusst\u00f6rungen im Hannover Herzrhythmus Centrum ist die Rhythmologie und Elektrophysiologie ein national und international renommiertes universit\u00e4res Zentrum der Forschung und Lehre.<\/p>\n\n\n\n<p>Die Forschungsprojekte umfassen unter anderem:<\/p>\n\n\n\n<ul class=\"wp-block-list\">\n<li>Pl\u00f6tzlicher Herztod und Defibrillatortherapie<\/li>\n\n\n\n<li>Digitale Kardiologie und Wearables<\/li>\n\n\n\n<li>Vorhofflimmertherapie und kardiale Biomarker<\/li>\n\n\n\n<li>Telemedizin und neue Herzinsuffizienzparameter<\/li>\n\n\n\n<li>Seltene Arrhythmiesyndrome und Arrhythmien bei peripartaler Kardiomyopathie<\/li>\n\n\n\n<li>Kardiale Bestrahlung von Arrhythmien<\/li>\n\n\n\n<li>Neuromodulation mittels Baroreflexaktivierungstherapie<\/li>\n\n\n\n<li>Einfluss von Digitalispr\u00e4paraten auf Rhythmusst\u00f6rungen im Rahmen der DIGIT-HF Studie<\/li>\n\n\n\n<li>Spezielle Populationen mit Arrhythmien, wie Kinder, Erwachsene mit angeborenen Herzfehlern oder Patientinnen und Patienten mit Kunstherz<\/li>\n<\/ul>\n\n\n\n<p>Es bestehen zahlreiche nationale und internationale wissenschaftliche Kooperationen, u.a. mit dem Deutschen Primatenzentrum in G\u00f6ttingen, dem Karolinska Institut in Stockholm, der Universit\u00e4t Maastricht, dem Universit\u00e4tsklinikum Graz sowie der Clinique Pasteur in Toulouse.<\/p>\n\n\n\n<p>Die Arbeitsgruppe zeigt hiermit eine hohe und wachsende Publikationsleistung mit \u00fcber 20 Publikationen pro Jahr in den letzten 4 Jahren. Prof. Dr. David Duncker war hierbei auch Mitautor von Positionspapieren der Deutschen Gesellschaft f\u00fcr Kardiologie, der European Society of Cardiology sowie der European Heart Rhythm Association und war Mitautor des aktuellen Curriculums Kardiologie der Deutschen Gesellschaft f\u00fcr Kardiologie.<\/p>\n\n\n\n<p>Prof. Dr. David Duncker ist zudem Mitglied des redaktionellen Beirats verschiedener wissenschaftlicher Zeitschriften. Er ist Mitherausgeber von \u201c<a href=\"https:\/\/link.springer.com\/journal\/399\">Herzschrittmachertherapie und Elektrophysiologie<\/a>\u201c, der einzigen deutschsprachigen Zeitschrift f\u00fcr Rhythmologie sowie Executive Editor f\u00fcr <a href=\"https:\/\/academic.oup.com\/ehjcr\" target=\"_blank\" rel=\"noreferrer noopener\">&#8220;European Heart Journal Case Reports&#8221;<\/a> und Associate Editor f\u00fcr <a href=\"https:\/\/academic.oup.com\/europace?login=true\" target=\"_blank\" rel=\"noreferrer noopener\">&#8220;Europace<\/a>&#8220;, <a href=\"https:\/\/academic.oup.com\/ehjdh\">&#8220;European Heart Journal Digital Health&#8221;<\/a> und  <a href=\"https:\/\/onlinelibrary.wiley.com\/journal\/20555822\" target=\"_blank\" rel=\"noreferrer noopener\">&#8220;ESC Heart Failure&#8221;<\/a>. Zudem ist er im wissenschaftlichen Beirat f\u00fcr \u201c<a href=\"https:\/\/academic.oup.com\/ehjdh\" target=\"_blank\" rel=\"noreferrer noopener\">European Heart Journal Digital Health<\/a>\u201d, \u201c<a href=\"https:\/\/www.heartrhythmopen.com\/\" target=\"_blank\" rel=\"noreferrer noopener\">Heart Rhythm O2<\/a>\u201d, <a href=\"https:\/\/www.frontiersin.org\/journals\/cardiovascular-medicine\" target=\"_blank\" rel=\"noreferrer noopener\">&#8220;Frontiers in Cardiovascular Medicine&#8221;<\/a>, <a href=\"https:\/\/arrhythmiaacademy.com\/\" target=\"_blank\" rel=\"noreferrer noopener\">&#8220;Arrhythmia Academy&#8221;<\/a>, <a href=\"https:\/\/tkd.org.tr\/en\/\" target=\"_blank\" rel=\"noreferrer noopener\">&#8220;Archives of the Turkish Society of Cardiology&#8221;<\/a>, <a href=\"https:\/\/www.frontiersin.org\/journals\/physiology\/sections\/cardiac-electrophysiology\" target=\"_blank\" rel=\"noreferrer noopener\">&#8220;Frontiers in Physiology, Section Cardiac Electrophysiology&#8221;<\/a>.<\/p>\n<\/div>\n\n\n\n<div class=\"wp-block-column is-layout-flow wp-block-column-is-layout-flow\" style=\"flex-basis:33.33%\"><div class=\"personal_container\"><div class=\"personal_portrait\" style=\"background-image: url(https:\/\/mhh-kardiologie.de\/wp-content\/uploads\/2024\/11\/MHH_Kardiologie_OA\u0308_Portraits_Duncker_2024-10-29_web.jpg);\"><\/div><div class=\"personal_infos\"><p class=\"personal_name\"><a href=\"https:\/\/mhh-kardiologie.de\/en\/klinikteam\/direktor-oberaerzte\/pd-dr-david-duncker\/\">Prof. Dr. David Duncker<\/a><\/p><p class=\"personal_mail\"><a href=\"mailto:mueller.xenia@mh-hannover.de\">mueller.xenia@mh-hannover.de<\/a><\/p><\/div><\/div>\n\n\n\n<div style=\"height:47px\" aria-hidden=\"true\" class=\"wp-block-spacer\"><\/div>\n\n\n\n<p><strong>Wissenschaftlich Mitarbeitende<\/strong><\/p>\n\n\n\n<p><a href=\"mailto: Karfoul.Nizar@mh-hannover.de\">Nizar Karfoul<\/a><br><a href=\"mailto: albert.karolin@mh-hannover.de\">Dr. Karolin Albert<\/a><br><a href=\"mailto: Hillmann.Henrike@mh-hannover.de\">Dr. Henrike Hillmann<\/a><br><a href=\"mailto: Mueller-Leisse.Johanna@mh-hannover.de\">Dr. Johanna Laura M\u00fcller-Leisse<\/a><br><a href=\"mailto: wang.dong@mh-hannover.de\">Dr. Dr. Dong Wang<\/a><\/p>\n\n\n\n<p><strong>Study Nurses<\/strong><\/p>\n\n\n\n<p><a href=\"mailto: Juergens.Antje@mh-hannover.de\">Antje J\u00fcrgens<\/a><br><a href=\"mailto: Schaefer.Nicole@mh-hannover.de\">Nicole Schaefer<\/a><\/p>\n<\/div>\n<\/div>\n\n\n<div class=\"lazyblock-akkordeon-1XlxTH wp-block-lazyblock-akkordeon\">\n<input id=\"publikationen\" class=\"hide-akkordeon akkordeon-toggle\" type=\"checkbox\" tabindex=\"-1\">\n\n<div class=\"akkordeon-block\">\n  <div class=\"toggler\">\n    <label for=\"publikationen\" tabindex=\"0\">Publikationen<\/label>\n    <div class=\"akkordeon-bar\"><\/div>\n  <\/div>\n\n  <div class=\"akkordeon-content\">\n    <div class=\"akkordeon-inner-content\">\n      <ul>\n<li><a href=\"https:\/\/pubmed.ncbi.nlm.nih.gov\/?term=david+duncker&amp;sort=date\" target=\"_blank\" rel=\"noopener\"><strong>Publikationen | Prof. Dr. David Duncker<\/strong><\/a><\/li>\n<li><a href=\"https:\/\/pubmed-1ncbi-1nlm-1nih-1gov-1v67xgbnk0059.mhh.hh-han.com\/39168897\/\" target=\"_blank\" rel=\"noopener\"><strong>Publikationen | Dr. Karolin Albert<\/strong><\/a><\/li>\n<li><a href=\"https:\/\/pubmed-1ncbi-1nlm-1nih-1gov-1v67xgbnk0059.mhh.hh-han.com\/?term=eiringhaus%2C+j%C3%B6rg+hannover\" target=\"_blank\" rel=\"noopener\"><strong>Publikationen | Dr. J\u00f6rg Eiringhaus<\/strong><\/a><\/li>\n<li><strong><a href=\"https:\/\/pubmed.ncbi.nlm.nih.gov\/?term=henrike+hillmann&amp;sort=pubdate\" target=\"_blank\" rel=\"noopener\">Publikationen | Dr. Henrike Hillmann<\/a><\/strong><\/li>\n<li><a href=\"https:\/\/pubmed-1ncbi-1nlm-1nih-1gov-1v67xgbnk0059.mhh.hh-han.com\/?term=karfoul%2C+nizar\" target=\"_blank\" rel=\"noopener\"><strong>Publikationen | Nizar Karfoul<\/strong><\/a><\/li>\n<li><strong><a href=\"https:\/\/pubmed.ncbi.nlm.nih.gov\/?term=johanna++m%C3%BCller-leisse&amp;sort=pubdate\" target=\"_blank\" rel=\"noopener\">Publikationen | Dr. Johanna Laura M\u00fcller-Leisse<\/a><\/strong><\/li>\n<\/ul>    <\/div>\n  <\/div>\n<\/div><\/div>","protected":false},"excerpt":{"rendered":"<p>W2-Professur Rhythmologie und Elektrophysiologie Herzrhythmusst\u00f6rungen geh\u00f6ren zu den f\u00fcnf wichtigsten Gr\u00fcnden f\u00fcr Krankenhauseinweisungen in Deutschland, das Spektrum reicht von symptomatischem Herzstolpern bis hin zum pl\u00f6tzlichen Herztod. Prof. Dr. David Duncker ist Inhaber der W2-Professur f\u00fcr Rhythmologie und Elektrophysiologie an der MHH mit den Forschungsschwerpunkten pl\u00f6tzlicher Herztod und Arrhythmien bei Herzinsuffizienz sowie Digitalisierung in der Rhythmologie.&nbsp;Neben [&hellip;]<\/p>\n","protected":false},"author":3,"featured_media":5486,"parent":107,"menu_order":84,"comment_status":"closed","ping_status":"closed","template":"","meta":{"block":"%5B%5D","footnotes":""},"class_list":["post-3108","page","type-page","status-publish","has-post-thumbnail","hentry"],"_links":{"self":[{"href":"https:\/\/mhh-kardiologie.de\/en\/wp-json\/wp\/v2\/pages\/3108","targetHints":{"allow":["GET"]}}],"collection":[{"href":"https:\/\/mhh-kardiologie.de\/en\/wp-json\/wp\/v2\/pages"}],"about":[{"href":"https:\/\/mhh-kardiologie.de\/en\/wp-json\/wp\/v2\/types\/page"}],"author":[{"embeddable":true,"href":"https:\/\/mhh-kardiologie.de\/en\/wp-json\/wp\/v2\/users\/3"}],"replies":[{"embeddable":true,"href":"https:\/\/mhh-kardiologie.de\/en\/wp-json\/wp\/v2\/comments?post=3108"}],"version-history":[{"count":40,"href":"https:\/\/mhh-kardiologie.de\/en\/wp-json\/wp\/v2\/pages\/3108\/revisions"}],"predecessor-version":[{"id":6557,"href":"https:\/\/mhh-kardiologie.de\/en\/wp-json\/wp\/v2\/pages\/3108\/revisions\/6557"}],"up":[{"embeddable":true,"href":"https:\/\/mhh-kardiologie.de\/en\/wp-json\/wp\/v2\/pages\/107"}],"wp:featuredmedia":[{"embeddable":true,"href":"https:\/\/mhh-kardiologie.de\/en\/wp-json\/wp\/v2\/media\/5486"}],"wp:attachment":[{"href":"https:\/\/mhh-kardiologie.de\/en\/wp-json\/wp\/v2\/media?parent=3108"}],"curies":[{"name":"wp","href":"https:\/\/api.w.org\/{rel}","templated":true}]}}