{"id":3343,"date":"2022-05-11T15:59:35","date_gmt":"2022-05-11T13:59:35","guid":{"rendered":"http:\/\/mhh-kardiologie.de.w01d58f8.kasserver.com\/lehre-stellenangebote\/praktisches-jahr-pj-copy\/"},"modified":"2025-11-26T15:41:42","modified_gmt":"2025-11-26T14:41:42","slug":"freiwilligendienst","status":"publish","type":"page","link":"https:\/\/mhh-kardiologie.de\/en\/lehre-stellenangebote\/freiwilligendienst\/","title":{"rendered":"Freiwilligendienst"},"content":{"rendered":"\n<div class=\"wp-block-columns is-layout-flex wp-container-core-columns-is-layout-9d6595d7 wp-block-columns-is-layout-flex\">\n<div class=\"wp-block-column is-layout-flow wp-block-column-is-layout-flow\" style=\"flex-basis:66.66%\">\n<h2 class=\"wp-block-heading\" id=\"bewirb-dich-fur-dein-praktisches-jahr-in-der-klinik-fur-kardiologie-und-angiologie\">Bewirb dich f\u00fcr einen freiwilligen Dienst in der Klinik f\u00fcr Kardiologie und Angiologie<\/h2>\n\n\n\n<h3 class=\"has-text-align-center wp-block-heading\" id=\"werde-teil-des-herzteams-mit-teamherz\">Werde Teil des Herzteams<\/h3>\n\n\n\n<p>Als Freiwillige oder Freiwilliger sammeln junge Erwachsene im Rahmen eines Bundesfreiwilligen oder Freiwilligen sozialen Jahr bei uns spannende Einblicke in patientenbezogene T\u00e4tigkeiten, diagnostische Untersuchungsmethoden und den Ablauf von wissenschaftlichen Studien. So unterst\u00fctzen sie bei Belastungs-EKGs, Gehtests, Blutdruckmessen sowie der Durchf\u00fchrung von wissenschaftlichen Studien. Sie k\u00f6nnen Ihre praktischen sowie sozialen Kompetenzen ausbauen, was ihnen einen guten Start in das eigene Berufs- oder Ausbildungsleben erm\u00f6glicht. \u201eDer Kontakt mit Patientinnen und Patienten, aber auch einem gro\u00dfen Kollegium hat mir die Angst vor neuen Situationen genommen und dadurch konnte ich in gewisser Hinsicht mein Selbstbewusstsein st\u00e4rken. Durch die Kontakte mit verschiedenen Patientinnen und Patienten und deren Krankheitsbildern lerne ich aber auch schon viel f\u00fcr mein Studium und habe mich nicht nur pers\u00f6nlich weiterentwickeln k\u00f6nnen\u201c erz\u00e4hlt Julia \u00fcber ihre Zeit in der Kardiologie.<\/p>\n\n\n\n<figure class=\"wp-block-image size-large\"><img loading=\"lazy\" decoding=\"async\" width=\"1024\" height=\"682\" src=\"https:\/\/mhh-kardiologie.de\/wp-content\/uploads\/2022\/05\/MHH_0322_Bufdis-2706-1024x682.jpg\" alt=\"\" class=\"wp-image-3337\" srcset=\"https:\/\/mhh-kardiologie.de\/wp-content\/uploads\/2022\/05\/MHH_0322_Bufdis-2706-1024x682.jpg 1024w, https:\/\/mhh-kardiologie.de\/wp-content\/uploads\/2022\/05\/MHH_0322_Bufdis-2706-300x200.jpg 300w, https:\/\/mhh-kardiologie.de\/wp-content\/uploads\/2022\/05\/MHH_0322_Bufdis-2706-768x512.jpg 768w, https:\/\/mhh-kardiologie.de\/wp-content\/uploads\/2022\/05\/MHH_0322_Bufdis-2706-1536x1024.jpg 1536w, https:\/\/mhh-kardiologie.de\/wp-content\/uploads\/2022\/05\/MHH_0322_Bufdis-2706.jpg 2000w\" sizes=\"auto, (max-width: 1024px) 100vw, 1024px\" \/><\/figure>\n\n\n\n<p><\/p>\n\n\n\n<p>&nbsp;\u201eIch konnte mir einen Einblick in jede Abteilung der Kardiologe verschaffen\u201c verr\u00e4t Lorina. \u201eHier habe ich den herk\u00f6mmlichen Krankenhausalltag und die allt\u00e4glichen H\u00fcrden in diesem Beruf kennengelernt [\u2026] Au\u00dferdem ist mein medizinisch fachliches Wissen sehr stark erweitert worden.\u201c<\/p>\n\n\n\n<p>Jedes Jahr werden mehrere Freiwillige in verschiedenen Bereichen unserer Klinik eingesetzt. Die Gr\u00fcnde f\u00fcr einen freiwilligen Dienst sind dabei sehr unterschiedlich. \u201eMir war es wichtig nach dem Abitur praktische Erfahrung zu sammeln, um mir in meinem Studiumswunsch sicherer zu werden. Im Nachhinein betrachtet w\u00fcrde ich diese Entscheidung wieder treffen, weil ich mich nicht nur pers\u00f6nlich weiterentwickelt habe, sondern auch viel Wissen hinzugewinnen konnte\u201c sagt Julia. Dass die Freiwilligen einen wichtigen Beitrag in der MHH leisten, da sind sich alle einig.<\/p>\n\n\n\n<p>Bewerbungen von interessierten Personen nehmen wir ganzj\u00e4hrlich an und freuen uns engagierte Freiwillige bei uns im Team begr\u00fc\u00dfen zu k\u00f6nnen.<\/p>\n\n\n<div class=\"lazyblock-akkordeon-qtclb wp-block-lazyblock-akkordeon\">\n<input id=\"freiwilligendienstinderklinikfrkardiologieundangiologie-daserwartetdich\" class=\"hide-akkordeon akkordeon-toggle\" type=\"checkbox\" tabindex=\"-1\">\n\n<div class=\"akkordeon-block\">\n  <div class=\"toggler\">\n    <label for=\"freiwilligendienstinderklinikfrkardiologieundangiologie-daserwartetdich\" tabindex=\"0\">Freiwilligendienst in der Klinik f\u00fcr Kardiologie und Angiologie &#8211; Das erwartet Dich:<\/label>\n    <div class=\"akkordeon-bar\"><\/div>\n  <\/div>\n\n  <div class=\"akkordeon-content\">\n    <div class=\"akkordeon-inner-content\">\n      <p><!-- wp:paragraph --><\/p>\n<p>Absolviere deinen <strong>Bundesfreiwilligendienst (BFD)<\/strong> oder dein <strong>Freiwilliges soziales Jahr (FSJ)<\/strong> in der Klinik f\u00fcr Kardiologie und Angiologie der Medizinischen Hochschule Hannover.\u00a0<\/p>\n<p><!-- \/wp:paragraph --> <!-- wp:paragraph --><\/p>\n<p>Wir bieten:<\/p>\n<p><!-- \/wp:paragraph --> <!-- wp:list --><\/p>\n<ul>\n<li>Ersten Patientenkontakt mit vielen patientenbezogenen T\u00e4tigkeiten (z.B. Mithilfe bei therapeutischen T\u00e4tigkeiten oder diagnostischen Untersuchungen, wie beispielsweise EKGs und Belastungs-EKGs, der Durchf\u00fchrung von 6-Minuten Gehtests und vielem mehr)<\/li>\n<li>Einblicke in \u00e4rztliche und pflegerische T\u00e4tigkeiten<\/li>\n<li>Reinschnuppern in die verschiedenen Bereiche der Klinik f\u00fcr Kardiologie und Angiologie<\/li>\n<li>Einblicke in die Organisationsstruktur einer Universit\u00e4tsklinik<\/li>\n<li>Erste Schritte bei wissenschaftlichem Arbeiten sowie Studien<\/li>\n<li>Umgang mit Datenbank- und Textverarbeitungsprogrammen, ideal als Grundstein f\u00fcr deinen sp\u00e4teren Berufsweg<\/li>\n<li>Mithilfe bei organisatorischen Prozessen (z.B. Veranstaltungen und Events oder Prozessoptimierung)\u00a0<\/li>\n<\/ul>\n<p><!-- \/wp:list --> <!-- wp:paragraph --><\/p>\n<p>Wir suchen:<\/p>\n<p><!-- \/wp:paragraph --> <!-- wp:list --><\/p>\n<ul>\n<li>Engagierte junge Leute<\/li>\n<li>Teamplayer<\/li>\n<li>Lust auf Patientenkontakt<\/li>\n<li>Lust auf wissenschaftliches Arbeiten<\/li>\n<li>Deutschkenntnisse mind. C1<\/li>\n<\/ul>\n<p><!-- \/wp:list --><\/p>    <\/div>\n  <\/div>\n<\/div><\/div>\n\n<div class=\"lazyblock-akkordeon-2tboDz wp-block-lazyblock-akkordeon\">\n<input id=\"dassagenunserebufdis\" class=\"hide-akkordeon akkordeon-toggle\" type=\"checkbox\" tabindex=\"-1\">\n\n<div class=\"akkordeon-block\">\n  <div class=\"toggler\">\n    <label for=\"dassagenunserebufdis\" tabindex=\"0\">Das sagen unsere Bufdis:<\/label>\n    <div class=\"akkordeon-bar\"><\/div>\n  <\/div>\n\n  <div class=\"akkordeon-content\">\n    <div class=\"akkordeon-inner-content\">\n      <p><img loading=\"lazy\" decoding=\"async\" class=\"size-medium wp-image-3392 alignleft\" src=\"https:\/\/mhh-kardiologie.de\/wp-content\/uploads\/2022\/05\/MHH_0322_Bufdis-2751-300x200.jpg\" alt=\"\" width=\"300\" height=\"200\" srcset=\"https:\/\/mhh-kardiologie.de\/wp-content\/uploads\/2022\/05\/MHH_0322_Bufdis-2751-300x200.jpg 300w, https:\/\/mhh-kardiologie.de\/wp-content\/uploads\/2022\/05\/MHH_0322_Bufdis-2751-1024x682.jpg 1024w, https:\/\/mhh-kardiologie.de\/wp-content\/uploads\/2022\/05\/MHH_0322_Bufdis-2751-768x512.jpg 768w, https:\/\/mhh-kardiologie.de\/wp-content\/uploads\/2022\/05\/MHH_0322_Bufdis-2751-1536x1024.jpg 1536w, https:\/\/mhh-kardiologie.de\/wp-content\/uploads\/2022\/05\/MHH_0322_Bufdis-2751.jpg 2000w\" sizes=\"auto, (max-width: 300px) 100vw, 300px\" \/><\/p>\n<p>\u00a0<\/p>\n<p>Cornelius: <em>\u201eAuf eine positiv, engagierte Einstellung reagieren die meisten Patienten mit Dankbarkeit und Zuversicht, was das Gef\u00fchl gibt, etwas Gutes getan zu haben.<\/em><em>\u201c<\/em><\/p>\n<p><em> <img loading=\"lazy\" decoding=\"async\" class=\"size-medium wp-image-3393 alignright\" src=\"https:\/\/mhh-kardiologie.de\/wp-content\/uploads\/2022\/05\/MHH_0322_Bufdis-2801-300x200.jpg\" alt=\"\" width=\"300\" height=\"200\" srcset=\"https:\/\/mhh-kardiologie.de\/wp-content\/uploads\/2022\/05\/MHH_0322_Bufdis-2801-300x200.jpg 300w, https:\/\/mhh-kardiologie.de\/wp-content\/uploads\/2022\/05\/MHH_0322_Bufdis-2801-1024x682.jpg 1024w, https:\/\/mhh-kardiologie.de\/wp-content\/uploads\/2022\/05\/MHH_0322_Bufdis-2801-768x512.jpg 768w, https:\/\/mhh-kardiologie.de\/wp-content\/uploads\/2022\/05\/MHH_0322_Bufdis-2801-1536x1024.jpg 1536w, https:\/\/mhh-kardiologie.de\/wp-content\/uploads\/2022\/05\/MHH_0322_Bufdis-2801.jpg 2000w\" sizes=\"auto, (max-width: 300px) 100vw, 300px\" \/><\/em><\/p>\n<p>\u00a0<\/p>\n<p>\u00a0<\/p>\n<p>\u00a0<\/p>\n<p><em>Julia: \u201eEs herrscht eine sehr famili\u00e4re Atmosph\u00e4re und man f\u00fchlt sich als vollwertiges Mitglied im Team.\u201c\u00a0<\/em><\/p>\n<p><img loading=\"lazy\" decoding=\"async\" class=\"size-medium wp-image-3394 alignleft\" src=\"https:\/\/mhh-kardiologie.de\/wp-content\/uploads\/2022\/05\/MHH_0322_Bufdis-2874-300x200.jpg\" alt=\"\" width=\"300\" height=\"200\" srcset=\"https:\/\/mhh-kardiologie.de\/wp-content\/uploads\/2022\/05\/MHH_0322_Bufdis-2874-300x200.jpg 300w, https:\/\/mhh-kardiologie.de\/wp-content\/uploads\/2022\/05\/MHH_0322_Bufdis-2874-1024x682.jpg 1024w, https:\/\/mhh-kardiologie.de\/wp-content\/uploads\/2022\/05\/MHH_0322_Bufdis-2874-768x512.jpg 768w, https:\/\/mhh-kardiologie.de\/wp-content\/uploads\/2022\/05\/MHH_0322_Bufdis-2874-1536x1024.jpg 1536w, https:\/\/mhh-kardiologie.de\/wp-content\/uploads\/2022\/05\/MHH_0322_Bufdis-2874.jpg 2000w\" sizes=\"auto, (max-width: 300px) 100vw, 300px\" \/><\/p>\n<p>\u00a0<\/p>\n<p>\u00a0<\/p>\n<p>\u00a0<\/p>\n<p>Luca: <em>\u201eDie aufschlussreiche Arbeit und die vielseitigen Einblicke in Klinik, Labor, und Wissenschaft sorgen f\u00fcr viel Abwechslung und Erfahrungswerte.<\/em><em>\u201c<\/em><\/p>    <\/div>\n  <\/div>\n<\/div><\/div>\n\n<div class=\"lazyblock-hyberlink-block-Z1kIfQy wp-block-lazyblock-hyberlink-block\"><a href=\"https:\/\/www.mhh.de\/gb-i\/freiwilligendienste\" target=\"_blank\" rel=\"noopener noreferrer\" class=\"hyperlink_txt\">Weitere Informationen zum Freiwilligendienst und zur Bewerbung<\/a><\/div><\/div>\n\n\n\n<div class=\"wp-block-column is-layout-flow wp-block-column-is-layout-flow\" style=\"flex-basis:33.33%\"><div class=\"personal_container\"><div class=\"personal_portrait\" style=\"background-image: url(https:\/\/mhh-kardiologie.de\/wp-content\/uploads\/2024\/11\/MHH_Kardiologie_OA\u0308_Portraits_bavendieck_2024-10-29_web.jpg);\"><\/div><div class=\"personal_infos\"><p class=\"personal_name\"><a href=\"https:\/\/mhh-kardiologie.de\/en\/klinikteam\/direktor-oberaerzte\/prof-dr-udo-bavendiek\/\">Prof. Dr. Udo Bavendiek<\/a><\/p><p class=\"personal_mail\"><a href=\"mailto:bavendiek.udo@mh-hannover.de\">bavendiek.udo@mh-hannover.de<\/a><\/p><\/div><\/div>\n\n\n\n<div style=\"height:263px\" aria-hidden=\"true\" class=\"wp-block-spacer\"><\/div>\n\n\n<div class=\"lazyblock-icon-Z2sfT18 wp-block-lazyblock-icon\"><div class=\"big_icon\">\n  <span class=\"icon-Team\"><\/span><\/div><\/div>\n\n\n<div style=\"height:30px\" aria-hidden=\"true\" class=\"wp-block-spacer\"><\/div>\n\n\n\n<p><\/p>\n<\/div>\n<\/div>\n\n\n\n<p><\/p>\n","protected":false},"excerpt":{"rendered":"<p>Bewirb dich f\u00fcr einen freiwilligen Dienst in der Klinik f\u00fcr Kardiologie und Angiologie Werde Teil des Herzteams Als Freiwillige oder Freiwilliger sammeln junge Erwachsene im Rahmen eines Bundesfreiwilligen oder Freiwilligen sozialen Jahr bei uns spannende Einblicke in patientenbezogene T\u00e4tigkeiten, diagnostische Untersuchungsmethoden und den Ablauf von wissenschaftlichen Studien. So unterst\u00fctzen sie bei Belastungs-EKGs, Gehtests, Blutdruckmessen sowie [&hellip;]<\/p>\n","protected":false},"author":3,"featured_media":0,"parent":111,"menu_order":108,"comment_status":"closed","ping_status":"closed","template":"","meta":{"block":"%5B%5D","footnotes":""},"class_list":["post-3343","page","type-page","status-publish","hentry"],"_links":{"self":[{"href":"https:\/\/mhh-kardiologie.de\/en\/wp-json\/wp\/v2\/pages\/3343","targetHints":{"allow":["GET"]}}],"collection":[{"href":"https:\/\/mhh-kardiologie.de\/en\/wp-json\/wp\/v2\/pages"}],"about":[{"href":"https:\/\/mhh-kardiologie.de\/en\/wp-json\/wp\/v2\/types\/page"}],"author":[{"embeddable":true,"href":"https:\/\/mhh-kardiologie.de\/en\/wp-json\/wp\/v2\/users\/3"}],"replies":[{"embeddable":true,"href":"https:\/\/mhh-kardiologie.de\/en\/wp-json\/wp\/v2\/comments?post=3343"}],"version-history":[{"count":31,"href":"https:\/\/mhh-kardiologie.de\/en\/wp-json\/wp\/v2\/pages\/3343\/revisions"}],"predecessor-version":[{"id":3405,"href":"https:\/\/mhh-kardiologie.de\/en\/wp-json\/wp\/v2\/pages\/3343\/revisions\/3405"}],"up":[{"embeddable":true,"href":"https:\/\/mhh-kardiologie.de\/en\/wp-json\/wp\/v2\/pages\/111"}],"wp:attachment":[{"href":"https:\/\/mhh-kardiologie.de\/en\/wp-json\/wp\/v2\/media?parent=3343"}],"curies":[{"name":"wp","href":"https:\/\/api.w.org\/{rel}","templated":true}]}}