{"id":3690,"date":"2022-10-10T09:36:58","date_gmt":"2022-10-10T07:36:58","guid":{"rendered":"http:\/\/mhh-kardiologie.de.w01d58f8.kasserver.com\/forschung\/studienambulanz-copy\/"},"modified":"2026-03-13T14:48:38","modified_gmt":"2026-03-13T13:48:38","slug":"arbeitsgruppe-medizinische-informatik-in-der-kardiologie","status":"publish","type":"page","link":"https:\/\/mhh-kardiologie.de\/en\/forschung\/arbeitsgruppe-medizinische-informatik-in-der-kardiologie\/","title":{"rendered":"Arbeitsgruppe Medizinische Informatik in der Kardiologie"},"content":{"rendered":"\n<div class=\"wp-block-columns is-layout-flex wp-container-core-columns-is-layout-9d6595d7 wp-block-columns-is-layout-flex\">\n<div class=\"wp-block-column is-layout-flow wp-block-column-is-layout-flow\" style=\"flex-basis:66.66%\">\n<h2 class=\"wp-block-heading\" id=\"studienambulanz\">Kardiologie und Medizininformatik-Initiative<\/h2>\n\n\n\n<p>Die Projekte HiGHmed, CAEHR und ACRIBiS sind eingebettet in das nationale F\u00f6rderprogramm \u201eMedizininformatik-Initiative (MII)\u201c, das 2015 vom Bundesministerium f\u00fcr Bildung und Forschung (BMBF) ausgeschrieben wurde. Das F\u00f6rderprogramm zielt darauf ab, die Digitalisierung in der Medizin voranzutreiben, indem der Austausch und die gemeinsame Nutzung von Daten zwischen Forschungseinrichtungen und Gesundheitsdienstleistern durch innovative IT-L\u00f6sungen erleichtert werden.<\/p>\n\n\n\n<p>Im Vordergrund steht die Vernetzung von Forschung und Versorgung \u00fcber Standortgrenzen hinweg. Eine zentrale Rolle nehmen dabei Datenintegrationszentren ein, die an den beteiligten Universit\u00e4tskliniken im Rahmen der Initiative aufgebaut und miteinander vernetzt werden. In den Datenintegrationszentren werden Daten aus der Krankenversorgung strukturiert, standardisiert zusammengef\u00fchrt und aufbereitet. In Zusammenarbeit mit weiteren Partnern aus Krankenversorgung, Wissenschaft und Industrie werden medizininformatische L\u00f6sungen entwickelt, die eine standort\u00fcbergreifende Nutzung dieser Daten erm\u00f6glichen.<\/p>\n\n\n\n<p>Innerhalb der Medizinischen Hochschule Hannover werden die genannten Projekte in enger Zusammenarbeit zwischen dem Peter L. Reichertz Institut f\u00fcr Medizinische Informatik (PLRI), dem Medizinischen Datenintegrationszentrum (MeDIC) und der Klinik f\u00fcr Kardiologie und Angiologie durchgef\u00fchrt.<\/p>\n\n\n\n<p>Laufende Projekte:<\/p>\n\n\n\n<ul class=\"wp-block-list\">\n<li><strong><u>HiGHmed<\/u><\/strong> (2018 \u2013 2023; seit 2023 Ausbau- und Erweiterungsphase) \u2013 Medical Informatics<\/li>\n\n\n\n<li><strong><u>CAEHR<\/u><\/strong> (2021 \u2013 2025) \u2013 Herzkreislauferkrankungen \u2013 Verbesserung der Gesundheitsversorgung durch sektoren\u00fcbergreifende Integration von Routinedaten<\/li>\n\n\n\n<li><strong>CAEHR_02<\/strong> &#8211; 2. F\u00f6rderperiode (2025 &#8211; 2029) &#8211; Herzkreislauferkrankungen &#8211; Verbesserung der Gesundheitsversorgung durch sektoren\u00fcbergreifende Integration von Routinedaten<\/li>\n\n\n\n<li><strong><u>ACRIBiS<\/u><\/strong> (2023 \u2013 2027) \u2013 Verbesserung der kardiovaskul\u00e4ren Risikoidentifizierung durch die Synthese strukturierter klinischer Dokumentation und aus Biosignalen abgeleiteten Ph\u00e4notypen<\/li>\n<\/ul>\n\n\n<div class=\"unterseiten_wrapper\"><div class=\"unterseiten_container\"><div class=\"space_hight\"><\/div><div class=\"unterseiten_container_content\" style=\"background-color: #88CCC4;\"><a href=\"https:\/\/mhh-kardiologie.de\/en\/forschung\/arbeitsgruppe-medizinische-informatik-in-der-kardiologie\/highmed\/\"><h3><\/h3><\/a><div class=\"unterseiten_bar\"><\/div><\/div><\/div><div class=\"unterseiten_container\"><div class=\"space_hight\"><\/div><div class=\"unterseiten_container_content\" style=\"background-color: #88CCC4;\"><a href=\"https:\/\/mhh-kardiologie.de\/en\/forschung\/arbeitsgruppe-medizinische-informatik-in-der-kardiologie\/caehr\/\"><h3><\/h3><\/a><div class=\"unterseiten_bar\"><\/div><\/div><\/div><div class=\"unterseiten_container\"><div class=\"space_hight\"><\/div><div class=\"unterseiten_container_content\" style=\"background-color: #88CCC4;\"><a href=\"https:\/\/mhh-kardiologie.de\/en\/forschung\/arbeitsgruppe-medizinische-informatik-in-der-kardiologie\/acribis\/\"><h3><\/h3><\/a><div class=\"unterseiten_bar\"><\/div><\/div><\/div><\/div>\n\n\n<div class=\"lazyblock-hyberlink-block-2s6mqJ wp-block-lazyblock-hyberlink-block\"><a href=\"https:\/\/www.mhh.de\/forschungseinrichtungen\/medic\" target=\"_blank\" rel=\"noopener noreferrer\" class=\"hyperlink_txt\">MeDIC Hannover | MHH<\/a><\/div>\n\n<div class=\"lazyblock-hyberlink-block-wfU9E wp-block-lazyblock-hyberlink-block\"><a href=\"https:\/\/www.mhh.de\/plri-institut-fuer-medizinische-informatik\" target=\"_blank\" rel=\"noopener noreferrer\" class=\"hyperlink_txt\">Peter L. Reichertz Institut f\u00fcr Medizinische Informatik (PLRI)<\/a><\/div>\n\n<div class=\"lazyblock-hyberlink-block-VkfKb wp-block-lazyblock-hyberlink-block\"><a href=\"https:\/\/www.medizininformatik-initiative.de\/de\/start\" target=\"_blank\" rel=\"noopener noreferrer\" class=\"hyperlink_txt\">Medizininformatik-Initiative<\/a><\/div>\n\n<div class=\"lazyblock-hyberlink-block-1SNlMw wp-block-lazyblock-hyberlink-block\"><a href=\"https:\/\/www.gesundheitsforschung-bmbf.de\/de\/medizininformatik-dossier.php\" target=\"_blank\" rel=\"noopener noreferrer\" class=\"hyperlink_txt\">Medizininformatik | BMFTR<\/a><\/div>\n\n<div class=\"lazyblock-hyberlink-block-U4asA wp-block-lazyblock-hyberlink-block\"><a href=\"https:\/\/www.bmbf.de\/bmbf\/de\/home\/home_node.html\" target=\"_blank\" rel=\"noopener noreferrer\" class=\"hyperlink_txt\">Bundesministerium f\u00fcr Forschung, Technologie und Raumfahrt &#8211; BMFTR<\/a><\/div>\n\n\n<div style=\"height:21px\" aria-hidden=\"true\" class=\"wp-block-spacer\"><\/div>\n\n\n\n<figure class=\"wp-block-image size-full is-resized\"><img loading=\"lazy\" decoding=\"async\" width=\"850\" height=\"567\" src=\"https:\/\/mhh-kardiologie.de\/wp-content\/uploads\/2026\/03\/BMFTR_de_Web_RGB_gef_durch.jpg\" alt=\"\" class=\"wp-image-6689\" style=\"width:210px;height:162px\" srcset=\"https:\/\/mhh-kardiologie.de\/wp-content\/uploads\/2026\/03\/BMFTR_de_Web_RGB_gef_durch.jpg 850w, https:\/\/mhh-kardiologie.de\/wp-content\/uploads\/2026\/03\/BMFTR_de_Web_RGB_gef_durch-300x200.jpg 300w, https:\/\/mhh-kardiologie.de\/wp-content\/uploads\/2026\/03\/BMFTR_de_Web_RGB_gef_durch-768x512.jpg 768w\" sizes=\"auto, (max-width: 850px) 100vw, 850px\" \/><\/figure>\n<\/div>\n\n\n\n<div class=\"wp-block-column is-layout-flow wp-block-column-is-layout-flow\" style=\"flex-basis:33.33%\">\n<p><strong>Leitung<\/strong><\/p>\n\n\n<div class=\"personal_container\"><div class=\"personal_portrait\" style=\"background-image: url(https:\/\/mhh-kardiologie.de\/wp-content\/uploads\/2024\/11\/MHH_Kardiologie_OA\u0308_Portraits_bavendieck_2024-10-29_web.jpg);\"><\/div><div class=\"personal_infos\"><p class=\"personal_name\"><a href=\"https:\/\/mhh-kardiologie.de\/en\/klinikteam\/direktor-oberaerzte\/prof-dr-udo-bavendiek\/\">Prof. Dr. Udo Bavendiek<\/a><\/p><p class=\"personal_mail\"><a href=\"mailto:bavendiek.udo@mh-hannover.de\">bavendiek.udo@mh-hannover.de<\/a><\/p><\/div><\/div>\n\n\n\n<p><strong>\u00c4rztliches Studienpersonal<\/strong><br>Dr. Katrin Pfeiffer-Koch<br><a href=\"mailto:geller.welf-axel@mh-hannover.de\">pfeiffer-koch.katrin@mh-hannover.de<\/a><\/p>\n\n\n\n<p><strong>Wissenschaftliche Mitarbeiterinnen<\/strong><br>Dr. Alexandra Cieslak<br><a href=\"mailto:cieslak.alexandra@mh-hannover.de\">cieslak.alexandra@mh-hannover.de<\/a><\/p>\n\n\n\n<p>Tanja Zeppernick<br><a href=\"mailto:Zeppernick.tanja@mh-hannover.de\">zeppernick.tanja@mh-hannover.de<\/a>   <\/p>\n<\/div>\n<\/div>\n","protected":false},"excerpt":{"rendered":"<p>Kardiologie und Medizininformatik-Initiative Die Projekte HiGHmed, CAEHR und ACRIBiS sind eingebettet in das nationale F\u00f6rderprogramm \u201eMedizininformatik-Initiative (MII)\u201c, das 2015 vom Bundesministerium f\u00fcr Bildung und Forschung (BMBF) ausgeschrieben wurde. Das F\u00f6rderprogramm zielt darauf ab, die Digitalisierung in der Medizin voranzutreiben, indem der Austausch und die gemeinsame Nutzung von Daten zwischen Forschungseinrichtungen und Gesundheitsdienstleistern durch innovative IT-L\u00f6sungen [&hellip;]<\/p>\n","protected":false},"author":3,"featured_media":4933,"parent":107,"menu_order":86,"comment_status":"closed","ping_status":"closed","template":"","meta":{"block":"%5B%5D","footnotes":""},"class_list":["post-3690","page","type-page","status-publish","has-post-thumbnail","hentry"],"_links":{"self":[{"href":"https:\/\/mhh-kardiologie.de\/en\/wp-json\/wp\/v2\/pages\/3690","targetHints":{"allow":["GET"]}}],"collection":[{"href":"https:\/\/mhh-kardiologie.de\/en\/wp-json\/wp\/v2\/pages"}],"about":[{"href":"https:\/\/mhh-kardiologie.de\/en\/wp-json\/wp\/v2\/types\/page"}],"author":[{"embeddable":true,"href":"https:\/\/mhh-kardiologie.de\/en\/wp-json\/wp\/v2\/users\/3"}],"replies":[{"embeddable":true,"href":"https:\/\/mhh-kardiologie.de\/en\/wp-json\/wp\/v2\/comments?post=3690"}],"version-history":[{"count":38,"href":"https:\/\/mhh-kardiologie.de\/en\/wp-json\/wp\/v2\/pages\/3690\/revisions"}],"predecessor-version":[{"id":6694,"href":"https:\/\/mhh-kardiologie.de\/en\/wp-json\/wp\/v2\/pages\/3690\/revisions\/6694"}],"up":[{"embeddable":true,"href":"https:\/\/mhh-kardiologie.de\/en\/wp-json\/wp\/v2\/pages\/107"}],"wp:featuredmedia":[{"embeddable":true,"href":"https:\/\/mhh-kardiologie.de\/en\/wp-json\/wp\/v2\/media\/4933"}],"wp:attachment":[{"href":"https:\/\/mhh-kardiologie.de\/en\/wp-json\/wp\/v2\/media?parent=3690"}],"curies":[{"name":"wp","href":"https:\/\/api.w.org\/{rel}","templated":true}]}}