{"id":383,"date":"2021-10-04T17:21:25","date_gmt":"2021-10-04T15:21:25","guid":{"rendered":"http:\/\/mhh-kardiologie.de.w01d58f8.kasserver.com\/?page_id=383"},"modified":"2022-01-12T17:00:46","modified_gmt":"2022-01-12T16:00:46","slug":"presse-mediathek","status":"publish","type":"page","link":"https:\/\/mhh-kardiologie.de\/en\/presse-mediathek\/","title":{"rendered":"Presse. Mediathek"},"content":{"rendered":"\n<div class=\"wp-block-group\"><div class=\"wp-block-group__inner-container is-layout-flow wp-block-group-is-layout-flow\">\n<h2 class=\"wp-block-heading\">Presse . Mediathek<\/h2>\n\n\n\n<p>In unserem Infobereich PRESSE . MEDIATHEK haben wir zahlreiche Informationen f\u00fcr Sie geb\u00fcndelt zusammengestellt. Hier finden Sie zum Beispiel n\u00fctzliche Downloads f\u00fcr unsere Themen- und Veranstaltungsflyer, ein Archiv mit gesammelten (Fach-)Artikeln der letzten Jahre und unsere Mediathek. Diese beinhaltet eine Reihe von Beitr\u00e4ge zu wichtigen kardiologischen Themenfeldern.<\/p>\n\n\n<div class=\"unterseiten_wrapper\"><\/div>\n<\/div><\/div>\n","protected":false},"excerpt":{"rendered":"<p>Presse . Mediathek In unserem Infobereich PRESSE . MEDIATHEK haben wir zahlreiche Informationen f\u00fcr Sie geb\u00fcndelt zusammengestellt. Hier finden Sie zum Beispiel n\u00fctzliche Downloads f\u00fcr unsere Themen- und Veranstaltungsflyer, ein Archiv mit gesammelten (Fach-)Artikeln der letzten Jahre und unsere Mediathek. Diese beinhaltet eine Reihe von Beitr\u00e4ge zu wichtigen kardiologischen Themenfeldern.<\/p>\n","protected":false},"author":1,"featured_media":0,"parent":0,"menu_order":109,"comment_status":"closed","ping_status":"closed","template":"","meta":{"block":"%5B%5D","footnotes":""},"class_list":["post-383","page","type-page","status-publish","hentry"],"_links":{"self":[{"href":"https:\/\/mhh-kardiologie.de\/en\/wp-json\/wp\/v2\/pages\/383","targetHints":{"allow":["GET"]}}],"collection":[{"href":"https:\/\/mhh-kardiologie.de\/en\/wp-json\/wp\/v2\/pages"}],"about":[{"href":"https:\/\/mhh-kardiologie.de\/en\/wp-json\/wp\/v2\/types\/page"}],"author":[{"embeddable":true,"href":"https:\/\/mhh-kardiologie.de\/en\/wp-json\/wp\/v2\/users\/1"}],"replies":[{"embeddable":true,"href":"https:\/\/mhh-kardiologie.de\/en\/wp-json\/wp\/v2\/comments?post=383"}],"version-history":[{"count":4,"href":"https:\/\/mhh-kardiologie.de\/en\/wp-json\/wp\/v2\/pages\/383\/revisions"}],"predecessor-version":[{"id":3636,"href":"https:\/\/mhh-kardiologie.de\/en\/wp-json\/wp\/v2\/pages\/383\/revisions\/3636"}],"wp:attachment":[{"href":"https:\/\/mhh-kardiologie.de\/en\/wp-json\/wp\/v2\/media?parent=383"}],"curies":[{"name":"wp","href":"https:\/\/api.w.org\/{rel}","templated":true}]}}