{"id":3996,"date":"2023-02-07T09:49:23","date_gmt":"2023-02-07T08:49:23","guid":{"rendered":"https:\/\/mhh-kardiologie.de\/presse-mediathek\/videos\/videos-2022-copy\/"},"modified":"2023-02-09T08:03:10","modified_gmt":"2023-02-09T07:03:10","slug":"videos-2023","status":"publish","type":"page","link":"https:\/\/mhh-kardiologie.de\/en\/presse-mediathek\/videos\/videos-2023\/","title":{"rendered":"Videos aus 2023"},"content":{"rendered":"\n<div class=\"wp-block-columns is-layout-flex wp-container-core-columns-is-layout-9d6595d7 wp-block-columns-is-layout-flex\">\n<div class=\"wp-block-column is-layout-flow wp-block-column-is-layout-flow\" style=\"flex-basis:66.66%\">\n<h2 class=\"wp-block-heading\">Videos aus 2023<\/h2>\n\n\n\n<p>Auf dieser Seite&nbsp;finden Sie aktuelle, spannende und informative Video-Beitr\u00e4ge aus den letzten Jahren mit den \u00c4rzten der Klinik f\u00fcr Kardiologie und Angiologie rund um das Thema Herz.<\/p>\n\n\n\n<div style=\"height:50px\" aria-hidden=\"true\" class=\"wp-block-spacer\"><\/div>\n\n\n<div class=\"lazyblock-akkordeon-Z1bgLzr wp-block-lazyblock-akkordeon\">\n<input id=\"ndrvisite07022023muskelntrainingproduziertheilsamemyokine\" class=\"hide-akkordeon akkordeon-toggle\" type=\"checkbox\" tabindex=\"-1\">\n\n<div class=\"akkordeon-block\">\n  <div class=\"toggler\">\n    <label for=\"ndrvisite07022023muskelntrainingproduziertheilsamemyokine\" tabindex=\"0\">NDR Visite 07.02.2023 | Muskeln: Training produziert heilsame Myokine<\/label>\n    <div class=\"akkordeon-bar\"><\/div>\n  <\/div>\n\n  <div class=\"akkordeon-content\">\n    <div class=\"akkordeon-inner-content\">\n      <p>Dass Sport gesund ist und sich immer lohnt, wissen wir. Doch aktivierte Muskeln wirken wie ein Medizinschrank im K\u00f6rper: Sie schicken bei jedem Training sofort und gratis hilfreiche Muskelheilstoffe, sogenannte Myokine.<br \/>Prof. Bauersachs spricht in NDR Visite \u00fcber die positiven Auswirkungen aktiver Muskelbewegung bei Herzschw\u00e4chepatientinnen und Patienten auf das Herz.<\/p>\n<p>Den Beitrag k\u00f6nnen Sie <a href=\"https:\/\/www.ndr.de\/fernsehen\/sendungen\/visite\/Muskeln-Training-produziert-heilsame-Myokine,visite22616.html\" target=\"_blank\" rel=\"noopener\"><strong>hier<\/strong><\/a> ansehen.<\/p>\n<p>Bei praktisch jeder Erkrankung setzt man in den Rehakliniken heute auf Sport. Und das zu Recht: Denn Muskeln setzen unter Training ganz besondere Heilkr\u00e4fte im K\u00f6rper frei. Sie produzieren dann Botenstoffe, die \u00fcber die Blutbahnen im K\u00f6rper verteilt werden. Diese Botenstoffe, Myokine, k\u00f6nnen im akuten Krankheitsstadium helfen, wirken aber auch vorbeugend gegen Krebs, Herz-Kreislauf-Erkrankungen,\u00a0<a title=\"Zum Artikel: Diabetes Typ 2: Symptome, Ursachen und Behandlung\" href=\"https:\/\/www.ndr.de\/ratgeber\/gesundheit\/Diabetes-Typ-2-Symptome-Ursachen-und-Behandlung,diabetes196.html\">Diabetes<\/a>\u00a0oder\u00a0<a title=\"Zum Artikel: Osteoporose: Symptome fr\u00fch erkennen und behandeln\" href=\"https:\/\/www.ndr.de\/ratgeber\/gesundheit\/Osteoporose-Symptome-frueh-erkennen-und-behandeln,osteoporose198.html\">Osteoporose<\/a>.<\/p>\n<p>Die d\u00e4nische Forscherin Bente Pedersen machte 2007 bei einer\u00a0<a title=\"Link: Studie Die Rolle von Myokinen bei Bewegung und Stoffwechsel\" href=\"https:\/\/journals.physiology.org\/doi\/abs\/10.1152\/japplphysiol.00080.2007\" target=\"_blank\" rel=\"noopener\">Studie<\/a>\u00a0eine bahnbrechende Entdeckung. Um zu untersuchen, welchen Einfluss Sport auf das\u00a0<a title=\"Zum Artikel: Wie funktioniert das Immunsystem?\" href=\"https:\/\/www.ndr.de\/ratgeber\/gesundheit\/Immunsystem-Wie-funktionieren-Abwehr-und-Immunitaet,immunsystem114.html\">Immunsystem<\/a>\u00a0hat, nahm sie Probanden nach Trainingseinheiten Blut ab. Darin fand sie erh\u00f6hte Mengen einer Substanz namens Interleukin-6. Interleukine selbst kennt man in der Medizin schon lange. Sie helfen bei Entz\u00fcndungsreaktionen im K\u00f6rper und werden normalerweise von den Immunzellen produziert.<\/p>\n<p>Beim Interleukin-6 aber war etwas anders: Pedersen und ihr Team fanden heraus, dass Muskelzellen den Stoff herstellen und dann im K\u00f6rper verteilen. Pedersen gab diesen Stoffen den Namen &#8220;Myokine&#8221; &#8211; abgeleitet von den griechischen W\u00f6rtern f\u00fcr &#8220;Muskel&#8221; und &#8220;Bewegung&#8221;. Seit damals haben Forscher viele solcher Myokine aus Muskeln entdeckt und man sch\u00e4tzt heute, dass insgesamt wahrscheinlich rund 600 solcher Stoffe existieren.<\/p>\n<p>Ganz neu ist die\u00a0<a title=\"Link: Studie lebensrettendes Myokin bei Herzschw\u00e4che\" href=\"https:\/\/www.nature.com\/articles\/s41467-021-27634-5\" target=\"_blank\" rel=\"noopener\">Entdeckung von Forschern aus Mannheim, Heidelberg und Hannover<\/a>: Sie entdeckten ein Myokin, das bei einer\u00a0<a title=\"Zum Artikel: Herzschw\u00e4che fr\u00fch erkennen und wirkungsvoll behandeln\" href=\"https:\/\/www.ndr.de\/ratgeber\/gesundheit\/Herzschwaeche-frueh-erkennen-und-wirkungsvoll-behandeln,herzschwaeche113.html\">Herzschw\u00e4che<\/a>\u00a0offenbar lebensrettend sein kann. Die chronische Herzschw\u00e4che ist eine der h\u00e4ufigsten Todesursachen in Deutschland. Besonders gef\u00e4hrdet sind die etwa 20 Prozent der Patienten, die im Zuge der Erkrankung einen signifikanten Abbau von Muskelgewebe erleiden. Die Forscher haben bei ihren Studien den hormon\u00e4hnlichen Botenstoff Musclin entdeckt, der nicht im Herzmuskel selbst gebildet wird, sondern in den anderen Muskeln des K\u00f6rpers, den sogenannten Skelettmuskeln. Von dort wird das Musclin \u00fcber den Blutstrom ans Herz transportiert.<\/p>\n<p>Myokin st\u00e4rkt die Herzmuskelzellen und verhindert die Ablagerung von Bindegewebe im Herzgewebe. Durch zu viel abgelagertes Bindegewebe im Herz kann es zu einer Fibrose kommen, also einer Verh\u00e4rtung des Gewebes oder des ganzen Organs. Das Musclin wirkt also doppelt: Bindet es an Herzmuskelzellen, so st\u00e4rkt es deren Muskelkraft. Bindet es an Bindegewebszellen, so unterbindet es dort eine Fibrose. Da der Botenstoff Musclin beim Sport vermehrt gebildet wird, nimmt man an, dass sportlich trainierte Skelettmuskeln effektiv zur Herzgesundheit beitragen k\u00f6nnen.<\/p>    <\/div>\n  <\/div>\n<\/div><\/div>\n\n<div class=\"lazyblock-akkordeon-1wBUId wp-block-lazyblock-akkordeon\">\n<input id=\"gendermedizinaktionstaggoredforwomenzurherzgesundheitbeifrauen\" class=\"hide-akkordeon akkordeon-toggle\" type=\"checkbox\" tabindex=\"-1\">\n\n<div class=\"akkordeon-block\">\n  <div class=\"toggler\">\n    <label for=\"gendermedizinaktionstaggoredforwomenzurherzgesundheitbeifrauen\" tabindex=\"0\">Gendermedizin: Aktionstag \u201eGo Red for Women\u201c zur Herzgesundheit bei Frauen<\/label>\n    <div class=\"akkordeon-bar\"><\/div>\n  <\/div>\n\n  <div class=\"akkordeon-content\">\n    <div class=\"akkordeon-inner-content\">\n      <p>Inspiriert vom \u201eNational Wear Red Day\u201c in den USA wird am 3. Februar in Deutschland ein rotes Zeichen gesetzt. Am Aktionstag unter dem Titel \u201e#GoRed \u2013 Frauenherzen schlagen anders\u201c sollen Frauen deutschlandweit rot tragen, um auf das Thema Herzgesundheit bei Frauen und Geschlechtsunterschiede in der Medizin aufmerksam zu machen. Denn auch bei Frauen sind Herz-Kreislauf-Erkrankungen die Todesursache Nummer eins, Mediziner:innen erkennen die Symptome eines Herzinfarkts bei Frauen jedoch seltener als bei M\u00e4nnern. Das muss sich dringend \u00e4ndern, sagt die Forschung. Innerhalb der kommenden sieben Jahre soll deshalb das Erkennen von Herz-Kreislauf-Problemen und die Pr\u00e4vention bei Frauen ma\u00dfgeblich verbessert werden.<\/p>\n<p>SAT.1 REGIONAL hat dazu mit dem Kardiologen Prof. Johann Bauersachs von der Medizinischen Hochschule Hannover (Niedersachsen) gesprochen.<\/p>\n<p>Den Beitrag k\u00f6nnen Sie <strong><a href=\"https:\/\/www.sat1regional.de\/gendermedizin-aktionstag-go-red-for-women-zur-herzgesundheit-bei-frauen\/\" target=\"_blank\" rel=\"noopener\">hier<\/a><\/strong> ansehen.<\/p>    <\/div>\n  <\/div>\n<\/div><\/div>\n\n\n<div style=\"height:50px\" aria-hidden=\"true\" class=\"wp-block-spacer\"><\/div>\n<\/div>\n\n\n\n<div class=\"wp-block-column is-layout-flow wp-block-column-is-layout-flow\" style=\"flex-basis:33.33%\">\n<p><strong>Archiv<\/strong><br><a href=\"https:\/\/mhh-kardiologie.de\/presse-mediathek\/videos\/videos-2022\/\">Videos aus 2022<br><\/a><a data-type=\"page\" data-id=\"1958\" href=\"https:\/\/mhh-kardiologie.de\/presse-mediathek\/videos\/videos-2021\/\">Videos aus 2021<br><\/a><a data-type=\"page\" data-id=\"1961\" href=\"https:\/\/mhh-kardiologie.de\/presse-mediathek\/videos\/videos-2020\/\">Videos aus 2020<br><\/a><a data-type=\"page\" data-id=\"1964\" href=\"https:\/\/mhh-kardiologie.de\/presse-mediathek\/videos\/videos-2019\/\">Videos aus 2019<\/a><\/p>\n<\/div>\n<\/div>\n","protected":false},"excerpt":{"rendered":"<p>Videos aus 2023 Auf dieser Seite&nbsp;finden Sie aktuelle, spannende und informative Video-Beitr\u00e4ge aus den letzten Jahren mit den \u00c4rzten der Klinik f\u00fcr Kardiologie und Angiologie rund um das Thema Herz. ArchivVideos aus 2022Videos aus 2021Videos aus 2020Videos aus 2019<\/p>\n","protected":false},"author":3,"featured_media":0,"parent":1301,"menu_order":121,"comment_status":"closed","ping_status":"closed","template":"","meta":{"block":"%5B%5D","footnotes":""},"class_list":["post-3996","page","type-page","status-publish","hentry"],"_links":{"self":[{"href":"https:\/\/mhh-kardiologie.de\/en\/wp-json\/wp\/v2\/pages\/3996","targetHints":{"allow":["GET"]}}],"collection":[{"href":"https:\/\/mhh-kardiologie.de\/en\/wp-json\/wp\/v2\/pages"}],"about":[{"href":"https:\/\/mhh-kardiologie.de\/en\/wp-json\/wp\/v2\/types\/page"}],"author":[{"embeddable":true,"href":"https:\/\/mhh-kardiologie.de\/en\/wp-json\/wp\/v2\/users\/3"}],"replies":[{"embeddable":true,"href":"https:\/\/mhh-kardiologie.de\/en\/wp-json\/wp\/v2\/comments?post=3996"}],"version-history":[{"count":5,"href":"https:\/\/mhh-kardiologie.de\/en\/wp-json\/wp\/v2\/pages\/3996\/revisions"}],"predecessor-version":[{"id":4003,"href":"https:\/\/mhh-kardiologie.de\/en\/wp-json\/wp\/v2\/pages\/3996\/revisions\/4003"}],"up":[{"embeddable":true,"href":"https:\/\/mhh-kardiologie.de\/en\/wp-json\/wp\/v2\/pages\/1301"}],"wp:attachment":[{"href":"https:\/\/mhh-kardiologie.de\/en\/wp-json\/wp\/v2\/media?parent=3996"}],"curies":[{"name":"wp","href":"https:\/\/api.w.org\/{rel}","templated":true}]}}