{"id":4758,"date":"2024-03-12T13:42:52","date_gmt":"2024-03-12T12:42:52","guid":{"rendered":"https:\/\/mhh-kardiologie.de\/ambulanzen-sprechstunden\/takotsubo-sprechstunde-copy\/"},"modified":"2024-12-13T14:42:45","modified_gmt":"2024-12-13T13:42:45","slug":"psychokardiologische-ambulanz","status":"publish","type":"page","link":"https:\/\/mhh-kardiologie.de\/en\/ambulanzen-sprechstunden\/psychokardiologische-ambulanz\/","title":{"rendered":"Psychokardiologische Ambulanz"},"content":{"rendered":"\n<div class=\"wp-block-columns is-layout-flex wp-container-core-columns-is-layout-9d6595d7 wp-block-columns-is-layout-flex\">\n<div class=\"wp-block-column is-layout-flow wp-block-column-is-layout-flow\" style=\"flex-basis:66.66%\">\n<h2 class=\"wp-block-heading\">Psychokardiologische Ambulanz<\/h2>\n\n\n\n<p>Die Diagnose einer Herzerkrankung ist nicht nur f\u00fcr den K\u00f6rper, sondern auch f\u00fcr den Kopf oftmals eine emotionale Achterbahn. Es sind tiefgreifende Ver\u00e4nderungen, die nicht nur das physische Wohlbefinden beeinflussen, sondern auch Partnerschaft, Familie, Beruf, Freizeit und das allt\u00e4gliche Leben erheblich beeintr\u00e4chtigen k\u00f6nnen.<br>In diesen Momenten ist es normal, von \u00c4ngsten und depressiven Verstimmungen \u00fcbermannt zu werden. Wir m\u00f6chten Sie darin unterst\u00fctzen, nicht nur k\u00f6rperlich, sondern auch emotional gest\u00e4rkt aus dieser Situation hervorzugehen.<\/p>\n\n\n\n<p>In der psychokardiologischen Ambulanz m\u00f6chten wir Ihnen Raum bieten, um \u00fcber psychosoziale Schwierigkeiten und Belastungen im Alltag zu sprechen. Dabei geht es nicht nur um die Krankheitsbew\u00e4ltigung, sondern auch um effektive Strategien im Stressmanagement. Gemeinsam definieren wir einen Weg, diese Herausforderungen zu bew\u00e4ltigen.<\/p>\n\n\n\n<p>Die Klinik f\u00fcr Kardiologie und Angiologie hat deshalb in Kooperation mit der Klinik f\u00fcr Psychiatrie, Sozialpsychiatrie und Psychotherapie diese Ambulanz ins Leben gerufen, um Ihnen eine umfassende Unterst\u00fctzung bieten zu k\u00f6nnen.<\/p>\n\n\n\n<p><strong>Das Angebot richtet sich an Patientinnen und Patienten, die sich bereits in Behandlung der kardiologischen Ambulanz befinden!<\/strong><\/p>\n\n\n<div class=\"lazyblock-akkordeon-flyer-Z1oKnqH wp-block-lazyblock-akkordeon-flyer\"><input id=\"flyerderpsychokardiologischenambulanz\" class=\"hide akkordeon-toggle\" type=\"checkbox\"><div class=\"akkordeon-block\">\n  <div class=\"toggler\"><label for=\"flyerderpsychokardiologischenambulanz\">Flyer der Psychokardiologischen Ambulanz<\/label><div class=\"akkordeon-bar\"><\/div><\/div><div class=\"akkordeon-content\"><div class=\"akkordeon-inner-content\"><div class=\"wp-block-columns flyer\"><div class=\"wp-block-column\"><img decoding=\"async\" src=\"https:\/\/mhh-kardiologie.de\/wp-content\/uploads\/2024\/03\/Flyer-Vorschaubild_Psychokardiologische-Ambulanz.png\" alt=\"Flyer-Vorschaubild_Psychokardiologische-Ambulanz\" style=\"margin-right: 20px; display: block;\"><\/div><div class=\"wp-block-column\" style=\"margin-left: 20px;\"><p style=\"margin-bottom: 8px;\"><strong>Titel<\/strong><\/p><p style=\"margin-bottom: 24px;\">Flyer der Psychokardiologischen Ambulanz<\/p><p style=\"margin-bottom: 8px;\"><strong>Download<\/strong><\/p><p><a href=\"https:\/\/mhh-kardiologie.de\/wp-content\/uploads\/2024\/12\/8835_MHH_Kardiologie-Flyer-Ambulanz-Psychokardiologie_DIN-lang_2024-12-13_WEB.pdf\" target=\"_blank\">8835_MHH_Kardiologie-Flyer-Ambulanz-Psychokardiologie_DIN-lang_2024-12-13_WEB.pdf (519KB)<\/a><\/p><\/div><\/div><\/div><\/div><\/div><\/div><\/div>\n\n\n\n<div class=\"wp-block-column is-layout-flow wp-block-column-is-layout-flow\" style=\"flex-basis:33.33%\">\n<p><strong>Bereichsleitung<\/strong><\/p>\n\n\n<div class=\"personal_container\"><div class=\"personal_portrait\" style=\"background-image: url(https:\/\/mhh-kardiologie.de\/wp-content\/uploads\/2026\/04\/MHH_Kardiologie_Bauersachs_2026_.jpg);\"><\/div><div class=\"personal_infos\"><p class=\"personal_name\"><a href=\"https:\/\/mhh-kardiologie.de\/en\/klinikteam\/direktor-oberaerzte\/prof-dr-johann-bauersachs\/\">Prof. Dr. Johann Bauersachs<\/a><\/p><p class=\"personal_mail\"><a href=\"mailto:gaulke.beate@mh-hannover.de\">gaulke.beate@mh-hannover.de<\/a><\/p><\/div><\/div>\n\n\n<div class=\"personal_container\"><div class=\"personal_portrait\" style=\"background-image: url(https:\/\/mhh-kardiologie.de\/wp-content\/uploads\/2024\/03\/Kai_2023_1.jpg);\"><\/div><div class=\"personal_infos\"><p class=\"personal_name\">Prof. Dr. Kai G. Kahl<\/p><p class=\"personal_mail\"><a href=\"mailto:kahl.kai@mh-hannover.de\">kahl.kai@mh-hannover.de<\/a><\/p><\/div><\/div>\n\n\n\n<div style=\"height:28px\" aria-hidden=\"true\" class=\"wp-block-spacer\"><\/div>\n\n\n\n<p><strong>Kontakt<\/strong><br><a href=\"mailto:psychokardiologische-ambulanz@mh-hannover.de\">psychokardiologische-ambulanz@mh-hannover.de<\/a><\/p>\n<\/div>\n<\/div>\n","protected":false},"excerpt":{"rendered":"<p>Psychokardiologische Ambulanz Die Diagnose einer Herzerkrankung ist nicht nur f\u00fcr den K\u00f6rper, sondern auch f\u00fcr den Kopf oftmals eine emotionale Achterbahn. Es sind tiefgreifende Ver\u00e4nderungen, die nicht nur das physische Wohlbefinden beeinflussen, sondern auch Partnerschaft, Familie, Beruf, Freizeit und das allt\u00e4gliche Leben erheblich beeintr\u00e4chtigen k\u00f6nnen.In diesen Momenten ist es normal, von \u00c4ngsten und depressiven Verstimmungen [&hellip;]<\/p>\n","protected":false},"author":3,"featured_media":0,"parent":105,"menu_order":71,"comment_status":"closed","ping_status":"closed","template":"","meta":{"block":"%5B%5D","footnotes":""},"class_list":["post-4758","page","type-page","status-publish","hentry"],"_links":{"self":[{"href":"https:\/\/mhh-kardiologie.de\/en\/wp-json\/wp\/v2\/pages\/4758","targetHints":{"allow":["GET"]}}],"collection":[{"href":"https:\/\/mhh-kardiologie.de\/en\/wp-json\/wp\/v2\/pages"}],"about":[{"href":"https:\/\/mhh-kardiologie.de\/en\/wp-json\/wp\/v2\/types\/page"}],"author":[{"embeddable":true,"href":"https:\/\/mhh-kardiologie.de\/en\/wp-json\/wp\/v2\/users\/3"}],"replies":[{"embeddable":true,"href":"https:\/\/mhh-kardiologie.de\/en\/wp-json\/wp\/v2\/comments?post=4758"}],"version-history":[{"count":13,"href":"https:\/\/mhh-kardiologie.de\/en\/wp-json\/wp\/v2\/pages\/4758\/revisions"}],"predecessor-version":[{"id":5471,"href":"https:\/\/mhh-kardiologie.de\/en\/wp-json\/wp\/v2\/pages\/4758\/revisions\/5471"}],"up":[{"embeddable":true,"href":"https:\/\/mhh-kardiologie.de\/en\/wp-json\/wp\/v2\/pages\/105"}],"wp:attachment":[{"href":"https:\/\/mhh-kardiologie.de\/en\/wp-json\/wp\/v2\/media?parent=4758"}],"curies":[{"name":"wp","href":"https:\/\/api.w.org\/{rel}","templated":true}]}}