{"id":5153,"date":"2024-09-09T10:01:39","date_gmt":"2024-09-09T08:01:39","guid":{"rendered":"https:\/\/mhh-kardiologie.de\/klinikteam\/direktor-oberaerzte\/dr-kristina-sonnenschein-copy\/"},"modified":"2026-01-29T09:32:03","modified_gmt":"2026-01-29T08:32:03","slug":"dr-johanna-mueller-leisse","status":"publish","type":"page","link":"https:\/\/mhh-kardiologie.de\/en\/klinikteam\/direktor-oberaerzte\/dr-johanna-mueller-leisse\/","title":{"rendered":"Dr. Johanna M\u00fcller-Leisse, M.Sc."},"content":{"rendered":"\n<div class=\"wp-block-columns is-layout-flex wp-container-core-columns-is-layout-9d6595d7 wp-block-columns-is-layout-flex\">\n<div class=\"wp-block-column is-layout-flow wp-block-column-is-layout-flow\" style=\"flex-basis:66.66%\">\n<h2 class=\"wp-block-heading\" id=\"dr-kristina-sonnenschein\">Dr. Johanna M\u00fcller-Leisse, M.Sc.<\/h2>\n\n\n\n<h3 class=\"wp-block-heading\" id=\"oberarztin\">Ober\u00e4rztin<\/h3>\n\n\n<div class=\"lazyblock-akkordeon-Z2efwHr wp-block-lazyblock-akkordeon\">\n<input id=\"curriculumvitae\" class=\"hide-akkordeon akkordeon-toggle\" type=\"checkbox\" tabindex=\"-1\">\n\n<div class=\"akkordeon-block\">\n  <div class=\"toggler\">\n    <label for=\"curriculumvitae\" tabindex=\"0\">Curriculum Vitae<\/label>\n    <div class=\"akkordeon-bar\"><\/div>\n  <\/div>\n\n  <div class=\"akkordeon-content\">\n    <div class=\"akkordeon-inner-content\">\n      <ul>\n<li><strong>2007<\/strong><br \/>Abitur, Bisch\u00f6fliche Marienschule M\u00f6nchengladbach<\/li>\n<li><strong>2007-2014<\/strong><br \/>Studium der Humanmedizin, Julius-Maximilians-Universit\u00e4t W\u00fcrzburg (und Joseph-Fourier Universit\u00e4t Grenoble)<\/li>\n<li><strong>2009-2014<\/strong><br \/>Begleitstudium Experimentelle Medizin, Julius-Maximilians-Universit\u00e4t W\u00fcrzburg (und Universit\u00e4t Lund)<\/li>\n<li><strong>2014<\/strong><br \/>Approbation als \u00c4rztin<\/li>\n<li><strong>2015<\/strong><br \/>Master of Science (mit Auszeichnung)<\/li>\n<li><strong>2016<\/strong><br \/>Promotion (magna cum laude)<\/li>\n<li><strong>2015-2023<\/strong><br \/>Assistenz\u00e4rztin der Klinik f\u00fcr Kardiologie und Angiologie, Medizinische Hochschule Hannover, mit Schwerpunkt Rhythmologie, Hannover Herzrhythmus Centrum (HHC)<\/li>\n<li><strong>2018-2021<\/strong><br \/>Fellowship Programm &#8220;Fellowship Herzrhythmus&#8221; f\u00fcr Elektrophysiologen<\/li>\n<li><strong>2021-2022<\/strong><br \/>Fellowship Programm &#8220;International Fellows Program&#8221; f\u00fcr Elektrophysiologen<\/li>\n<li><strong>2023<\/strong><br \/>Fach\u00e4rztin f\u00fcr Innere Medizin und Kardiologie<\/li>\n<li><strong>2023<\/strong><br \/>Ellen-Schmidt-Habilitationsprogramm<\/li>\n<li><strong>2024<\/strong><br \/>Zusatzqualifikation &#8220;Spezielle Rhythmologie (Invasive Elektrophysiologie und Aktive Herzrhythmusimplantate)&#8221; der Deutschen Gesellschaft f\u00fcr Kardiologie<\/li>\n<li><strong>2024<\/strong><br \/>Ober\u00e4rztin f\u00fcr Rhythmologie und Elektrophysiologie<\/li>\n<\/ul>    <\/div>\n  <\/div>\n<\/div><\/div><\/div>\n\n\n\n<div class=\"wp-block-column is-layout-flow wp-block-column-is-layout-flow\" style=\"flex-basis:33.33%\"><div class=\"personal_container\"><div class=\"personal_portrait\" style=\"background-image: url(https:\/\/mhh-kardiologie.de\/wp-content\/uploads\/2024\/11\/MHH_Kardiologie_OA\u0308_Portraits_mueller-leisse_2024-10-29_web.jpg);\"><\/div><div class=\"personal_infos\"><p class=\"personal_name\"><a href=\"https:\/\/mhh-kardiologie.de\/en\/klinikteam\/direktor-oberaerzte\/dr-johanna-mueller-leisse\/\">Dr. Johanna M\u00fcller-Leisse, M.Sc.<\/a><\/p><p class=\"personal_mail\"><a href=\"mailto:mueller-leisse.johanna@mh-hannover.de\">mueller-leisse.johanna@mh-hannover.de<\/a><\/p><\/div><\/div>\n<\/div>\n<\/div>\n","protected":false},"excerpt":{"rendered":"<p>Dr. Johanna M\u00fcller-Leisse, M.Sc. Ober\u00e4rztin<\/p>\n","protected":false},"author":3,"featured_media":6580,"parent":129,"menu_order":46,"comment_status":"closed","ping_status":"closed","template":"","meta":{"block":"%5B%5D","footnotes":""},"class_list":["post-5153","page","type-page","status-publish","has-post-thumbnail","hentry"],"_links":{"self":[{"href":"https:\/\/mhh-kardiologie.de\/en\/wp-json\/wp\/v2\/pages\/5153","targetHints":{"allow":["GET"]}}],"collection":[{"href":"https:\/\/mhh-kardiologie.de\/en\/wp-json\/wp\/v2\/pages"}],"about":[{"href":"https:\/\/mhh-kardiologie.de\/en\/wp-json\/wp\/v2\/types\/page"}],"author":[{"embeddable":true,"href":"https:\/\/mhh-kardiologie.de\/en\/wp-json\/wp\/v2\/users\/3"}],"replies":[{"embeddable":true,"href":"https:\/\/mhh-kardiologie.de\/en\/wp-json\/wp\/v2\/comments?post=5153"}],"version-history":[{"count":7,"href":"https:\/\/mhh-kardiologie.de\/en\/wp-json\/wp\/v2\/pages\/5153\/revisions"}],"predecessor-version":[{"id":6595,"href":"https:\/\/mhh-kardiologie.de\/en\/wp-json\/wp\/v2\/pages\/5153\/revisions\/6595"}],"up":[{"embeddable":true,"href":"https:\/\/mhh-kardiologie.de\/en\/wp-json\/wp\/v2\/pages\/129"}],"wp:featuredmedia":[{"embeddable":true,"href":"https:\/\/mhh-kardiologie.de\/en\/wp-json\/wp\/v2\/media\/6580"}],"wp:attachment":[{"href":"https:\/\/mhh-kardiologie.de\/en\/wp-json\/wp\/v2\/media?parent=5153"}],"curies":[{"name":"wp","href":"https:\/\/api.w.org\/{rel}","templated":true}]}}