{"id":5511,"date":"2025-01-02T08:41:48","date_gmt":"2025-01-02T07:41:48","guid":{"rendered":"https:\/\/mhh-kardiologie.de\/klinikteam\/direktor-oberaerzte\/dr-friederike-loeffler-copy\/"},"modified":"2026-01-29T09:30:53","modified_gmt":"2026-01-29T08:30:53","slug":"dr-christian-riehle","status":"publish","type":"page","link":"https:\/\/mhh-kardiologie.de\/en\/klinikteam\/direktor-oberaerzte\/dr-christian-riehle\/","title":{"rendered":"PD Dr. Christian Riehle"},"content":{"rendered":"\n<div class=\"wp-block-columns is-layout-flex wp-container-core-columns-is-layout-9d6595d7 wp-block-columns-is-layout-flex\">\n<div class=\"wp-block-column is-layout-flow wp-block-column-is-layout-flow\" style=\"flex-basis:66.66%\">\n<h2 class=\"wp-block-heading\" id=\"nizar-karfoul\">PD Dr. Christian Riehle<\/h2>\n\n\n\n<h3 class=\"wp-block-heading\" id=\"oberarzt\">Funktionsoberarzt<\/h3>\n\n\n<div class=\"lazyblock-akkordeon-1ha1vK wp-block-lazyblock-akkordeon\">\n<input id=\"curriculumvitae\" class=\"hide-akkordeon akkordeon-toggle\" type=\"checkbox\" tabindex=\"-1\">\n\n<div class=\"akkordeon-block\">\n  <div class=\"toggler\">\n    <label for=\"curriculumvitae\" tabindex=\"0\">Curriculum Vitae<\/label>\n    <div class=\"akkordeon-bar\"><\/div>\n  <\/div>\n\n  <div class=\"akkordeon-content\">\n    <div class=\"akkordeon-inner-content\">\n      <ul>\n<li><strong>2003-2010<\/strong><br \/>Studium der Humanmedizin, Albert-Ludwigs-Universit\u00e4t Freiburg i. Br.<\/li>\n<li><strong>2010<\/strong><br \/>Approbation als Arzt<\/li>\n<li><strong>2010<\/strong><br \/>Promotion (&#8220;summa cum laude&#8221;), Abteilung f\u00fcr Herz- und Gef\u00e4\u00dfchirurgie, Universit\u00e4tsklinikum Freiburg i. Br.<\/li>\n<li><strong>2011-2014<\/strong><br \/>DFG-gef\u00f6rderter Forschungsaufenthalt, University of Utah, Salt Lake City, UT, USA und University of Iowa, Iowa CIty, IA, USA<\/li>\n<li><strong>seit 2015<\/strong><br \/>\u00c4rztlicher\/wissenschaftlicher Mitarbeiter mit Leitung der Arbeitsgruppe &#8220;Myokardioale Energetik&#8221;, Klinik f\u00fcr Kardiologie und Angiologie, Medizinische Hochschule Hannover<\/li>\n<li><strong>2022<\/strong><br \/>Facharzt f\u00fcr Innere Medizin und Kardiologie<\/li>\n<li><strong>2023<\/strong><br \/>Zusatzweiterbildung Intensivmedizin<\/li>\n<li><strong>2024<\/strong><br \/>Habilitation f\u00fcr das Fach &#8220;Innere Medizin&#8221;<\/li>\n<\/ul>    <\/div>\n  <\/div>\n<\/div><\/div><\/div>\n\n\n\n<div class=\"wp-block-column is-layout-flow wp-block-column-is-layout-flow\" style=\"flex-basis:33.33%\"><div class=\"personal_container\"><div class=\"personal_portrait\" style=\"background-image: url(https:\/\/mhh-kardiologie.de\/wp-content\/uploads\/2024\/11\/MHH_Kardiologie_OA\u0308_Portraits_riehle_2024-11-06_web.jpg);\"><\/div><div class=\"personal_infos\"><p class=\"personal_name\"><a href=\"https:\/\/mhh-kardiologie.de\/en\/klinikteam\/direktor-oberaerzte\/dr-christian-riehle\/\">PD Dr. Christian Riehle<\/a><\/p><p class=\"personal_mail\"><a href=\"mailto:riehle.christian@mh-hannover.de\">riehle.christian@mh-hannover.de<\/a><\/p><\/div><\/div>\n<\/div>\n<\/div>\n","protected":false},"excerpt":{"rendered":"<p>PD Dr. Christian Riehle Funktionsoberarzt<\/p>\n","protected":false},"author":3,"featured_media":6580,"parent":129,"menu_order":41,"comment_status":"closed","ping_status":"closed","template":"","meta":{"block":"%5B%5D","footnotes":""},"class_list":["post-5511","page","type-page","status-publish","has-post-thumbnail","hentry"],"_links":{"self":[{"href":"https:\/\/mhh-kardiologie.de\/en\/wp-json\/wp\/v2\/pages\/5511","targetHints":{"allow":["GET"]}}],"collection":[{"href":"https:\/\/mhh-kardiologie.de\/en\/wp-json\/wp\/v2\/pages"}],"about":[{"href":"https:\/\/mhh-kardiologie.de\/en\/wp-json\/wp\/v2\/types\/page"}],"author":[{"embeddable":true,"href":"https:\/\/mhh-kardiologie.de\/en\/wp-json\/wp\/v2\/users\/3"}],"replies":[{"embeddable":true,"href":"https:\/\/mhh-kardiologie.de\/en\/wp-json\/wp\/v2\/comments?post=5511"}],"version-history":[{"count":5,"href":"https:\/\/mhh-kardiologie.de\/en\/wp-json\/wp\/v2\/pages\/5511\/revisions"}],"predecessor-version":[{"id":6593,"href":"https:\/\/mhh-kardiologie.de\/en\/wp-json\/wp\/v2\/pages\/5511\/revisions\/6593"}],"up":[{"embeddable":true,"href":"https:\/\/mhh-kardiologie.de\/en\/wp-json\/wp\/v2\/pages\/129"}],"wp:featuredmedia":[{"embeddable":true,"href":"https:\/\/mhh-kardiologie.de\/en\/wp-json\/wp\/v2\/media\/6580"}],"wp:attachment":[{"href":"https:\/\/mhh-kardiologie.de\/en\/wp-json\/wp\/v2\/media?parent=5511"}],"curies":[{"name":"wp","href":"https:\/\/api.w.org\/{rel}","templated":true}]}}