{"id":584,"date":"2021-10-13T15:21:01","date_gmt":"2021-10-13T13:21:01","guid":{"rendered":"http:\/\/mhh-kardiologie.de.w01d58f8.kasserver.com\/?page_id=584"},"modified":"2026-03-02T10:18:05","modified_gmt":"2026-03-02T09:18:05","slug":"ansprechpartner-und-kontakte","status":"publish","type":"page","link":"https:\/\/mhh-kardiologie.de\/en\/leistungen\/hannover-herzrhythmus-centrum-rhythmologie\/ansprechpartner-und-kontakte\/","title":{"rendered":"Ansprechpartner und Kontakte"},"content":{"rendered":"\n<div class=\"wp-block-group\"><div class=\"wp-block-group__inner-container is-layout-flow wp-block-group-is-layout-flow\">\n<h2 class=\"wp-block-heading\" id=\"ansprechpartner-rhythmologie\">Ansprechpartner Rhythmologie<\/h2>\n<\/div><\/div>\n\n\n\n<div class=\"wp-block-columns is-layout-flex wp-container-core-columns-is-layout-9d6595d7 wp-block-columns-is-layout-flex\">\n<div class=\"wp-block-column is-layout-flow wp-block-column-is-layout-flow\" style=\"flex-basis:66.66%\">\n<div class=\"wp-block-columns is-layout-flex wp-container-core-columns-is-layout-9d6595d7 wp-block-columns-is-layout-flex\">\n<div class=\"wp-block-column is-layout-flow wp-block-column-is-layout-flow\">\n<p><strong>Bereichsleitung<\/strong><\/p>\n\n\n<div class=\"personal_container\"><div class=\"personal_portrait\" style=\"background-image: url(https:\/\/mhh-kardiologie.de\/wp-content\/uploads\/2024\/11\/MHH_Kardiologie_OA\u0308_Portraits_Duncker_2024-10-29_web.jpg);\"><\/div><div class=\"personal_infos\"><p class=\"personal_name\"><a href=\"https:\/\/mhh-kardiologie.de\/en\/klinikteam\/direktor-oberaerzte\/pd-dr-david-duncker\/\">Prof. Dr. David Duncker<\/a><\/p><p class=\"personal_mail\"><a href=\"mailto:mueller.xenia@mh-hannover.de\">mueller.xenia@mh-hannover.de<\/a><\/p><\/div><\/div>\n<\/div>\n\n\n\n<div class=\"wp-block-column is-layout-flow wp-block-column-is-layout-flow\">\n<p><strong><strong>Assistenz&nbsp;Hannover Herzrhythmus Centrum&nbsp;<\/strong><\/strong><\/p>\n\n\n<div class=\"personal_container\"><div class=\"personal_portrait\" style=\"background-image: url(https:\/\/mhh-kardiologie.de\/wp-content\/uploads\/2022\/03\/xenia_mueller_2022.jpg);\"><\/div><div class=\"personal_infos\"><p class=\"personal_name\">Xenia M\u00fcller<\/p><p class=\"personal_mail\"><a href=\"mailto:mueller.xenia@mh-hannover.de\">mueller.xenia@mh-hannover.de<\/a><\/p><\/div><\/div>\n<\/div>\n<\/div>\n\n\n\n<div class=\"wp-block-columns is-layout-flex wp-container-core-columns-is-layout-9d6595d7 wp-block-columns-is-layout-flex\">\n<div class=\"wp-block-column is-layout-flow wp-block-column-is-layout-flow\">\n<p> <strong>Oberarzt<\/strong><\/p>\n\n\n<div class=\"personal_container\"><div class=\"personal_portrait\" style=\"background-image: url(https:\/\/mhh-kardiologie.de\/wp-content\/uploads\/2024\/11\/MHH_Kardiologie_OA\u0308_Portraits_karfoul_2024-10-29_web.jpg);\"><\/div><div class=\"personal_infos\"><p class=\"personal_name\"><a href=\"https:\/\/mhh-kardiologie.de\/en\/klinikteam\/direktor-oberaerzte\/nizar-karfoul\/\">Nizar Karfoul<\/a><\/p><p class=\"personal_mail\"><a href=\"mailto:karfoul.nizar@mh-hannover.de\">karfoul.nizar@mh-hannover.de<\/a><\/p><\/div><\/div>\n<\/div>\n\n\n\n<div class=\"wp-block-column is-layout-flow wp-block-column-is-layout-flow\">\n<p><strong>Ober\u00e4rztin<\/strong><\/p>\n\n\n<div class=\"personal_container\"><div class=\"personal_portrait\" style=\"background-image: url(https:\/\/mhh-kardiologie.de\/wp-content\/uploads\/2024\/11\/MHH_Kardiologie_OA\u0308_Portraits_mueller-leisse_2024-10-29_web.jpg);\"><\/div><div class=\"personal_infos\"><p class=\"personal_name\"><a href=\"https:\/\/mhh-kardiologie.de\/en\/klinikteam\/direktor-oberaerzte\/dr-johanna-mueller-leisse\/\">Dr. Johanna M\u00fcller-Leisse, M.Sc.<\/a><\/p><p class=\"personal_mail\"><a href=\"mailto:mueller-leisse.johanna@mh-hannover.de\">mueller-leisse.johanna@mh-hannover.de<\/a><\/p><\/div><\/div>\n<\/div>\n<\/div>\n\n\n<div class=\"lazyblock-akkordeon-flyer-vexhp wp-block-lazyblock-akkordeon-flyer\"><input id=\"kontaktfrklinikenundniedergelassenekolleginnenundkollegen\" class=\"hide akkordeon-toggle\" type=\"checkbox\"><div class=\"akkordeon-block\">\n  <div class=\"toggler\"><label for=\"kontaktfrklinikenundniedergelassenekolleginnenundkollegen\">Kontakt f\u00fcr Kliniken und niedergelassene Kolleginnen und Kollegen<\/label><div class=\"akkordeon-bar\"><\/div><\/div><div class=\"akkordeon-content\"><div class=\"akkordeon-inner-content\"><div class=\"wp-block-columns flyer\"><div class=\"wp-block-column\"><img decoding=\"async\" src=\"https:\/\/mhh-kardiologie.de\/wp-content\/uploads\/2026\/02\/Zuweiserkarte_01-2026.png\" alt=\"Zuweiserkarte_01-2026\" style=\"margin-right: 20px; display: block;\"><\/div><div class=\"wp-block-column\" style=\"margin-left: 20px;\"><p style=\"margin-bottom: 8px;\"><strong>Titel<\/strong><\/p><p style=\"margin-bottom: 24px;\"><\/p><p style=\"margin-bottom: 8px;\"><strong>Download<\/strong><\/p><p><a href=\"https:\/\/mhh-kardiologie.de\/wp-content\/uploads\/2026\/02\/9278_MHH_Zuweiserkarte-2026-A5_2026-01-29_WEB.pdf\" target=\"_blank\">9278_MHH_Zuweiserkarte-2026-A5_2026-01-29_WEB.pdf (80KB)<\/a><\/p><\/div><\/div><\/div><\/div><\/div><\/div>\n\n<div class=\"lazyblock-hyberlink-block-Z1bPf8C wp-block-lazyblock-hyberlink-block\"><a href=\"https:\/\/mhh-kardiologie.de\/wp-content\/uploads\/2025\/02\/9066_MHH_Rhythmologie-Folder_Aktualisierung_DIN-lang_Entwurf_2025-02-13_web__.pdf\" target=\"_blank\" rel=\"noopener noreferrer\" class=\"hyperlink_txt\">HHC &#8211; Was Sie \u00fcber uns wissen sollten!<\/a><\/div><\/div>\n\n\n\n<div class=\"wp-block-column is-layout-flow wp-block-column-is-layout-flow\" style=\"flex-basis:33.33%\">\n<p><strong>Kontakt und Anmeldung<\/strong><\/p>\n\n\n\n<p><mark style=\"background-color:rgba(0, 0, 0, 0)\" class=\"has-inline-color has-luminous-vivid-orange-color\">Tel.: 0511 532-3817<br>Fax: 0511 532-8475<br><a href=\"mailto:hhc@mh-hannover.de\">hhc@mh-hannover.de<\/a><\/mark><\/p>\n\n\n\n<p><strong>Rhythmologie-Hotline f\u00fcr \u00c4rzte<br><\/strong><span class=\"has-inline-color has-luminous-vivid-orange-color\">Tel.: 0176 1532-5040<\/span><\/p>\n\n\n\n<p><strong>\u00c4rztinnen und \u00c4rzte&nbsp;<\/strong><br><strong><a href=\"mailto: afir.yanis@mh-hannover.de\">Dr. Yanis Afir <\/a><br><a href=\"mailto: berliner.christine@mh-hannover.de\">Dr. Christine Berliner<\/a><\/strong><br><mark style=\"background-color:rgba(0, 0, 0, 0)\" class=\"has-inline-color has-luminous-vivid-orange-color\"><strong><a href=\"mailto:hillmann.henrike@mh-hannover.de\">Dr. Henrike Hillmann<\/a><\/strong><\/mark><br><strong><a href=\"mailto: sanchezmedina.gabriela@mh-hannover.de\">Gabriela Sanchez Medina<\/a><\/strong><br><strong><a href=\"mailto: uehlein.sabrina@mh-hannover.de\">Dr. Sabrina Uehlein<\/a><\/strong><br><a href=\"mailto: Oldhafer.Maximiliane@mh-hannover.de\"><strong>Dr. Dr. Dong Wang<\/strong><\/a><\/p>\n\n\n\n<p><strong>Assistenzpersonal<\/strong><br><mark style=\"background-color:rgba(0, 0, 0, 0)\" class=\"has-inline-color has-luminous-vivid-orange-color\"><strong><a href=\"mailto:bouyoucef.tanja@mh-hannover.de\">Tanja Bouyoucef<br><\/a><a href=\"mailto:guenther.thomas@mh-hannover.de\">Thomas G\u00fcnther<br><\/a><a href=\"mailto:hamza.dzenisa@mh-hannover.de\">Dzenisa Hamza<\/a><\/strong><\/mark><br><a href=\"mailto:murati.mersa@mh-hannover.de\"><strong>Mersa Murati<\/strong><\/a><br><strong>Lisa Stolle<\/strong><mark style=\"background-color:rgba(0, 0, 0, 0)\" class=\"has-inline-color has-luminous-vivid-orange-color\"><br><strong><a href=\"mailto:Tatzko.Maja@mh-hannover.de\">Maja Tatzko<\/a><\/strong><\/mark><\/p>\n<\/div>\n<\/div>\n\n\n\n<p><\/p>\n","protected":false},"excerpt":{"rendered":"<p>Ansprechpartner Rhythmologie Bereichsleitung Assistenz&nbsp;Hannover Herzrhythmus Centrum&nbsp; Oberarzt Ober\u00e4rztin Kontakt und Anmeldung Tel.: 0511 532-3817Fax: 0511 532-8475hhc@mh-hannover.de Rhythmologie-Hotline f\u00fcr \u00c4rzteTel.: 0176 1532-5040 \u00c4rztinnen und \u00c4rzte&nbsp;Dr. Yanis Afir Dr. Christine BerlinerDr. Henrike HillmannGabriela Sanchez MedinaDr. Sabrina UehleinDr. Dr. Dong Wang AssistenzpersonalTanja BouyoucefThomas G\u00fcntherDzenisa HamzaMersa MuratiLisa StolleMaja Tatzko<\/p>\n","protected":false},"author":1,"featured_media":5488,"parent":117,"menu_order":7,"comment_status":"closed","ping_status":"closed","template":"","meta":{"block":"%5B%5D","footnotes":""},"class_list":["post-584","page","type-page","status-publish","has-post-thumbnail","hentry"],"_links":{"self":[{"href":"https:\/\/mhh-kardiologie.de\/en\/wp-json\/wp\/v2\/pages\/584","targetHints":{"allow":["GET"]}}],"collection":[{"href":"https:\/\/mhh-kardiologie.de\/en\/wp-json\/wp\/v2\/pages"}],"about":[{"href":"https:\/\/mhh-kardiologie.de\/en\/wp-json\/wp\/v2\/types\/page"}],"author":[{"embeddable":true,"href":"https:\/\/mhh-kardiologie.de\/en\/wp-json\/wp\/v2\/users\/1"}],"replies":[{"embeddable":true,"href":"https:\/\/mhh-kardiologie.de\/en\/wp-json\/wp\/v2\/comments?post=584"}],"version-history":[{"count":77,"href":"https:\/\/mhh-kardiologie.de\/en\/wp-json\/wp\/v2\/pages\/584\/revisions"}],"predecessor-version":[{"id":6676,"href":"https:\/\/mhh-kardiologie.de\/en\/wp-json\/wp\/v2\/pages\/584\/revisions\/6676"}],"up":[{"embeddable":true,"href":"https:\/\/mhh-kardiologie.de\/en\/wp-json\/wp\/v2\/pages\/117"}],"wp:featuredmedia":[{"embeddable":true,"href":"https:\/\/mhh-kardiologie.de\/en\/wp-json\/wp\/v2\/media\/5488"}],"wp:attachment":[{"href":"https:\/\/mhh-kardiologie.de\/en\/wp-json\/wp\/v2\/media?parent=584"}],"curies":[{"name":"wp","href":"https:\/\/api.w.org\/{rel}","templated":true}]}}