{"id":592,"date":"2021-10-14T08:56:15","date_gmt":"2021-10-14T06:56:15","guid":{"rendered":"http:\/\/mhh-kardiologie.de.w01d58f8.kasserver.com\/?page_id=592"},"modified":"2024-09-09T10:13:02","modified_gmt":"2024-09-09T08:13:02","slug":"spezielle-informationen-fuer-aerzte","status":"publish","type":"page","link":"https:\/\/mhh-kardiologie.de\/en\/leistungen\/hannover-herzrhythmus-centrum-rhythmologie\/spezielle-informationen-fuer-aerzte\/","title":{"rendered":"Spezielle Informationen f\u00fcr \u00c4rztinnen und \u00c4rzte"},"content":{"rendered":"\n<div class=\"wp-block-columns is-layout-flex wp-container-core-columns-is-layout-9d6595d7 wp-block-columns-is-layout-flex\">\n<div class=\"wp-block-column is-layout-flow wp-block-column-is-layout-flow\" style=\"flex-basis:66.66%\">\n<h2 class=\"wp-block-heading\" id=\"spezielle-informationen-fur-arzte\">Spezielle Informationen f\u00fcr \u00c4rztinnen und \u00c4rzte<\/h2>\n\n\n\n<p>Als niedergelassene Kollegin oder niedergelassener Kollege oder externes Krankenhaus bitten wir Sie, Ihre rhythmologischen Patientinnen und Patienten mit den relevanten Unterlagen, gerne auch formlos mit Namen, Kontaktadresse und Fragestellung, per Post oder Fax \u00fcber die Arrhythmiesprechstunde anzumelden. Die Kontaktdaten finden Sie nebenstehend. Die Terminvergabe erfolgt nach medizinischer Dringlichkeit. In dringenden F\u00e4llen bitten wir Sie um telefonische Kontaktaufnahme.<\/p>\n\n\n\n<h3 class=\"wp-block-heading\" id=\"stationare-aufnahmetermine\">Station\u00e4re Aufnahmetermine<\/h3>\n\n\n\n<p>Auch Termine zur direkten station\u00e4ren Aufnahme f\u00fcr eine elektrophysiologische Prozedur oder eine Device-Implantation k\u00f6nnen Sie \u00fcber die Arrhythmiesprechstunde vereinbaren. Auch in diesem Fall bitten wir um die Zusendung von wichtigen Vorbefunden vorab per Post oder Fax.<\/p>\n\n\n\n<p>Therapeutische Antikoagulation f\u00fchren wir in der Regel bis zum Aufnahmetag fort und verzichten auf ein Bridging mit niedermolekularem Heparin, da eine fortgef\u00fchrte orale Antikoagulation in mehreren Studien mit reduzierten Blutungskomplikationen verbunden war. Sofern nicht im Einzelfall anders vereinbart, ist bei Vitamin-K-Antagonisten ein INR zwischen 2,0 und 2,5 am Aufnahmetag w\u00fcnschenswert und direkte orale Antikoagulanzien sollten am Morgen des Aufnahmetags letztmalig eingenommen werden.<\/p>\n\n\n\n<h3 class=\"wp-block-heading\" id=\"rhythmologie-hotline-fur-arzte\">Rhythmologie-Hotline f\u00fcr \u00c4rztinnen und \u00c4rzte<\/h3>\n\n\n\n<p>Bei vielen rhythmologischen Fragestellungen kann vor bzw. anstelle einer Vorstellung in der Sprechstunde auch ein telefonisches Gespr\u00e4ch zur Diskussion des weiteren Procedere sinnvoll sein. Hierzu haben wir die \u00e4rztliche Arrhythmie-Hotline (0176 &#8211; 1532 5040) eingerichtet, unter der Sie direkt einen rhythmologisch erfahrenen \u00e4rztlichen Kolleginnen und Kollegen unserer Abteilung erreichen.<\/p>\n\n\n<div class=\"lazyblock-akkordeon-18nBI5 wp-block-lazyblock-akkordeon\">\n<input id=\"links\" class=\"hide-akkordeon akkordeon-toggle\" type=\"checkbox\" tabindex=\"-1\">\n\n<div class=\"akkordeon-block\">\n  <div class=\"toggler\">\n    <label for=\"links\" tabindex=\"0\">Links<\/label>\n    <div class=\"akkordeon-bar\"><\/div>\n  <\/div>\n\n  <div class=\"akkordeon-content\">\n    <div class=\"akkordeon-inner-content\">\n      <div class=\"accordion\">\n<div class=\"inner\">\n<div class=\"ce_text block\">\n<ul>\n<li>\n<p class=\"p1\"><strong><span class=\"s1\"><a href=\"https:\/\/ag-ep.de\/\">Homepage der Arbeitsgruppe Rhythmologie der DGK<\/a><\/span><\/strong><\/p>\n<\/li>\n<li>\n<p class=\"p2\"><strong><span class=\"s1\"><a href=\"https:\/\/www.escardio.org\/Sub-specialty-communities\/European-Heart-Rhythm-Association-(EHRA)\">Homepage der europ\u00e4ischen Herzrhythmus Gesellschaft (EHRA)<\/a><br \/><\/span><\/strong><\/p>\n<\/li>\n<li>\n<p class=\"p2\"><strong><span class=\"s1\"><a href=\"https:\/\/www.brugadadrugs.org\/\">Zu vermeidende Medikamente bei Brugada-Syndrom<\/a><br \/><\/span><\/strong><\/p>\n<\/li>\n<li>\n<p class=\"p2\"><strong><span class=\"s1\"><a href=\"https:\/\/www.brugadadrugs.org\/\">Zu vermeidende Medikamente bei Long-QT-Syndrom<\/a><br \/><\/span><\/strong><\/p>\n<\/li>\n<\/ul>\n<\/div>\n<\/div>\n<\/div>    <\/div>\n  <\/div>\n<\/div><\/div>\n\n<div class=\"lazyblock-akkordeon-Z1t6YM6 wp-block-lazyblock-akkordeon\">\n<input id=\"publikationen\" class=\"hide-akkordeon akkordeon-toggle\" type=\"checkbox\" tabindex=\"-1\">\n\n<div class=\"akkordeon-block\">\n  <div class=\"toggler\">\n    <label for=\"publikationen\" tabindex=\"0\">Publikationen<\/label>\n    <div class=\"akkordeon-bar\"><\/div>\n  <\/div>\n\n  <div class=\"akkordeon-content\">\n    <div class=\"akkordeon-inner-content\">\n      <div class=\"accordion\">\n<div class=\"inner\">\n<div class=\"ce_text block\">\n<ul>\n<li><a href=\"https:\/\/pubmed.ncbi.nlm.nih.gov\/?term=david+duncker&amp;sort=date\" target=\"_blank\" rel=\"noopener\"><strong>Publikationen | Prof. Dr. David Duncker<\/strong><\/a><\/li>\n<li><strong>Publikationen |<\/strong> <strong>Dr. Karolin Albert<\/strong><\/li>\n<li><strong>Publikationen |<\/strong> <strong>Dr. J\u00f6rg Eiringhaus<\/strong><\/li>\n<li><strong><a href=\"https:\/\/pubmed.ncbi.nlm.nih.gov\/?term=henrike+hillmann&amp;sort=pubdate\" target=\"_blank\" rel=\"noopener\">Publikationen | Dr. Henrike Hillmann<\/a><\/strong><\/li>\n<li><strong>Publikationen |<\/strong> <strong>Nizar Karfoul<\/strong><\/li>\n<li><strong><a href=\"https:\/\/pubmed.ncbi.nlm.nih.gov\/?term=johanna++m%C3%BCller-leisse&amp;sort=pubdate\" target=\"_blank\" rel=\"noopener\">Publikationen | Dr. Johanna Laura M\u00fcller-Leisse<\/a><\/strong><\/li>\n<li><a href=\"https:\/\/mhh-kardiologie.de\/wp-content\/uploads\/2022\/03\/220225_Publikationsliste_Wang.pdf\"><strong>Publikationen | Dr. Dr. Dong Wang<\/strong><\/a><\/li>\n<\/ul>\n<\/div>\n<\/div>\n<\/div>    <\/div>\n  <\/div>\n<\/div><\/div>\n\n<div class=\"lazyblock-zertifikat-ynMjS wp-block-lazyblock-zertifikat\">\n<input id=\"dgkzertifikatspeziellerhythmologie\" class=\"hide akkordeon-toggle\" type=\"checkbox\">\n\n<div class=\"akkordeon-block\">\n  <div class=\"toggler\">\n    <label for=\"dgkzertifikatspeziellerhythmologie\">DGK Zertifikat | Spezielle Rhythmologie<\/label>\n    <div class=\"akkordeon-bar\"><\/div>\n  <\/div>\n\n  <div class=\"akkordeon-content\">\n    <div class=\"akkordeon-inner-content\">\n      <div class=\"wp-block-columns flyer\">\n        <div class=\"wp-block-column\">\n                      <img decoding=\"async\" \n              src=\"https:\/\/mhh-kardiologie.de\/wp-content\/uploads\/2022\/03\/Vorschau.png\" \n              alt=\"Vorschau\">\n                  <\/div>\n\n        <div class=\"wp-block-column\">\n          <p><strong>Titel<\/strong><\/p>\n          <p>Zusatzqualifikation Spezielle Rhythmologie<\/p>\n          <br\/>\n\n                      <p><strong>Zertifizierung durch:<\/strong><\/p>\n                          <p>\n                <a href=\"https:\/\/dgk.org\/\" target=\"_blank\">Deutsche Gesellschaft f\u00fcr Kardiologie<\/a>              <\/p>\n                        <br\/>\n          \n          <p><strong>Download<\/strong><\/p>\n                                  <p>\n              <a href=\"https:\/\/mhh-kardiologie.de\/wp-content\/uploads\/2022\/03\/MHH_DGK_Zertifikat_Spezielle-Rhythmologie_Kardiologie_und_Angiologie.pdf\" target=\"_blank\">\n                MHH_DGK_Zertifikat_Spezielle-Rhythmologie_Kardiologie_und_Angiologie.pdf (66 KB)              <\/a>\n            <\/p>\n                  <\/div>\n      <\/div>\n    <\/div>\n  <\/div>\n<\/div><\/div>\n\n<div class=\"lazyblock-akkordeon-Z1qsmsR wp-block-lazyblock-akkordeon\">\n<input id=\"dgkzertifikatvorhofflimmer-zentrum\" class=\"hide-akkordeon akkordeon-toggle\" type=\"checkbox\" tabindex=\"-1\">\n\n<div class=\"akkordeon-block\">\n  <div class=\"toggler\">\n    <label for=\"dgkzertifikatvorhofflimmer-zentrum\" tabindex=\"0\">DGK Zertifikat | Vorhofflimmer-Zentrum<\/label>\n    <div class=\"akkordeon-bar\"><\/div>\n  <\/div>\n\n  <div class=\"akkordeon-content\">\n    <div class=\"akkordeon-inner-content\">\n      <p><img loading=\"lazy\" decoding=\"async\" class=\"alignnone wp-image-2222 size-full\" src=\"https:\/\/mhh-kardiologie.de\/wp-content\/uploads\/2022\/01\/Zertifikat_EZ_VHF018_Hannover-bf3c5119-scaled.jpg\" alt=\"\" width=\"1811\" height=\"2560\" srcset=\"https:\/\/mhh-kardiologie.de\/wp-content\/uploads\/2022\/01\/Zertifikat_EZ_VHF018_Hannover-bf3c5119-scaled.jpg 1811w, https:\/\/mhh-kardiologie.de\/wp-content\/uploads\/2022\/01\/Zertifikat_EZ_VHF018_Hannover-bf3c5119-212x300.jpg 212w, https:\/\/mhh-kardiologie.de\/wp-content\/uploads\/2022\/01\/Zertifikat_EZ_VHF018_Hannover-bf3c5119-724x1024.jpg 724w, https:\/\/mhh-kardiologie.de\/wp-content\/uploads\/2022\/01\/Zertifikat_EZ_VHF018_Hannover-bf3c5119-768x1086.jpg 768w, https:\/\/mhh-kardiologie.de\/wp-content\/uploads\/2022\/01\/Zertifikat_EZ_VHF018_Hannover-bf3c5119-1087x1536.jpg 1087w, https:\/\/mhh-kardiologie.de\/wp-content\/uploads\/2022\/01\/Zertifikat_EZ_VHF018_Hannover-bf3c5119-1449x2048.jpg 1449w\" sizes=\"auto, (max-width: 1811px) 100vw, 1811px\" \/><\/p>    <\/div>\n  <\/div>\n<\/div><\/div>\n\n<div class=\"lazyblock-hyberlink-block-Z1W1VE1 wp-block-lazyblock-hyberlink-block\"><a href=\"https:\/\/mhh-kardiologie.de\/leistungen\/hannover-herzrhythmus-centrum-rhythmologie\/ansprechpartner-und-kontakte\/\" target=\"_blank\" rel=\"noopener noreferrer\" class=\"hyperlink_txt\">Ansprechpartner und Kontakte<\/a><\/div>\n\n<div class=\"lazyblock-hyberlink-block-28hPqN wp-block-lazyblock-hyberlink-block\"><a href=\"https:\/\/mhh-kardiologie.de\/leistungen\/hannover-herzrhythmus-centrum-rhythmologie\/rechner-und-risikoscores\/\" target=\"_blank\" rel=\"noopener noreferrer\" class=\"hyperlink_txt\">Rechner und Risikoscores<\/a><\/div><\/div>\n\n\n\n<div class=\"wp-block-column is-layout-flow wp-block-column-is-layout-flow\" style=\"flex-basis:33.33%\">\n<p><strong>Bereichsleitung<\/strong><\/p>\n\n\n<div class=\"personal_container\"><div class=\"personal_portrait\" style=\"background-image: url(https:\/\/mhh-kardiologie.de\/wp-content\/uploads\/2024\/11\/MHH_Kardiologie_OA\u0308_Portraits_Duncker_2024-10-29_web.jpg);\"><\/div><div class=\"personal_infos\"><p class=\"personal_name\"><a href=\"https:\/\/mhh-kardiologie.de\/en\/klinikteam\/direktor-oberaerzte\/pd-dr-david-duncker\/\">Prof. Dr. David Duncker<\/a><\/p><p class=\"personal_mail\"><a href=\"mailto:mueller.xenia@mh-hannover.de\">mueller.xenia@mh-hannover.de<\/a><\/p><\/div><\/div>\n\n\n\n<div style=\"height:30px\" aria-hidden=\"true\" class=\"wp-block-spacer\"><\/div>\n\n\n\n<p><strong>Assistenz Hannover Herzrhythmus Centrum<br><\/strong><\/p>\n\n\n<div class=\"personal_container\"><div class=\"personal_portrait\" style=\"background-image: url(https:\/\/mhh-kardiologie.de\/wp-content\/uploads\/2022\/03\/xenia_mueller_2022.jpg);\"><\/div><div class=\"personal_infos\"><p class=\"personal_name\">Xenia M\u00fcller<\/p><p class=\"personal_mail\"><a href=\"mailto:mueller.xenia@mh-hannover.de\">mueller.xenia@mh-hannover.de<\/a><\/p><\/div><\/div>\n\n\n\n<div style=\"height:20px\" aria-hidden=\"true\" class=\"wp-block-spacer\"><\/div>\n\n\n\n<p><strong>Kontakt und Anmeldung<\/strong>&nbsp;<br><span class=\"has-inline-color has-luminous-vivid-orange-color\">Tel.: 0511 532-3817<br>Fax: 0511 532-8475<br><a href=\"mailto:hhc@mh-hannover.de\">hhc@mh-hannover.de<\/a><\/span><\/p>\n\n\n\n<p><strong>Rhythmologie-Hotline f\u00fcr \u00c4rztinnen und \u00c4rzte<\/strong><br><mark style=\"background-color:rgba(0, 0, 0, 0)\" class=\"has-inline-color has-luminous-vivid-orange-color\">Tel.: 0176 15325040<\/mark><\/p>\n<\/div>\n<\/div>\n","protected":false},"excerpt":{"rendered":"<p>Spezielle Informationen f\u00fcr \u00c4rztinnen und \u00c4rzte Als niedergelassene Kollegin oder niedergelassener Kollege oder externes Krankenhaus bitten wir Sie, Ihre rhythmologischen Patientinnen und Patienten mit den relevanten Unterlagen, gerne auch formlos mit Namen, Kontaktadresse und Fragestellung, per Post oder Fax \u00fcber die Arrhythmiesprechstunde anzumelden. Die Kontaktdaten finden Sie nebenstehend. Die Terminvergabe erfolgt nach medizinischer Dringlichkeit. In [&hellip;]<\/p>\n","protected":false},"author":1,"featured_media":2974,"parent":117,"menu_order":10,"comment_status":"closed","ping_status":"closed","template":"","meta":{"block":"%5B%5D","footnotes":""},"class_list":["post-592","page","type-page","status-publish","has-post-thumbnail","hentry"],"_links":{"self":[{"href":"https:\/\/mhh-kardiologie.de\/en\/wp-json\/wp\/v2\/pages\/592","targetHints":{"allow":["GET"]}}],"collection":[{"href":"https:\/\/mhh-kardiologie.de\/en\/wp-json\/wp\/v2\/pages"}],"about":[{"href":"https:\/\/mhh-kardiologie.de\/en\/wp-json\/wp\/v2\/types\/page"}],"author":[{"embeddable":true,"href":"https:\/\/mhh-kardiologie.de\/en\/wp-json\/wp\/v2\/users\/1"}],"replies":[{"embeddable":true,"href":"https:\/\/mhh-kardiologie.de\/en\/wp-json\/wp\/v2\/comments?post=592"}],"version-history":[{"count":28,"href":"https:\/\/mhh-kardiologie.de\/en\/wp-json\/wp\/v2\/pages\/592\/revisions"}],"predecessor-version":[{"id":5125,"href":"https:\/\/mhh-kardiologie.de\/en\/wp-json\/wp\/v2\/pages\/592\/revisions\/5125"}],"up":[{"embeddable":true,"href":"https:\/\/mhh-kardiologie.de\/en\/wp-json\/wp\/v2\/pages\/117"}],"wp:featuredmedia":[{"embeddable":true,"href":"https:\/\/mhh-kardiologie.de\/en\/wp-json\/wp\/v2\/media\/2974"}],"wp:attachment":[{"href":"https:\/\/mhh-kardiologie.de\/en\/wp-json\/wp\/v2\/media?parent=592"}],"curies":[{"name":"wp","href":"https:\/\/api.w.org\/{rel}","templated":true}]}}