{"id":6455,"date":"2025-12-03T15:16:03","date_gmt":"2025-12-03T14:16:03","guid":{"rendered":"https:\/\/mhh-kardiologie.de\/?page_id=6455"},"modified":"2026-02-12T11:35:06","modified_gmt":"2026-02-12T10:35:06","slug":"mhh-cardio-club","status":"publish","type":"page","link":"https:\/\/mhh-kardiologie.de\/en\/lehre-stellenangebote\/mhh-cardio-club\/","title":{"rendered":"MHH CARDIO CLUB"},"content":{"rendered":"\n<div class=\"wp-block-columns is-layout-flex wp-container-core-columns-is-layout-9d6595d7 wp-block-columns-is-layout-flex\">\n<div class=\"wp-block-column is-layout-flow wp-block-column-is-layout-flow\" style=\"flex-basis:66.66%\">\n<h2 class=\"wp-block-heading\">MHH Cardio Club f\u00fcr Studierende &#8211; wie cool ist Kardiologie?<\/h2>\n\n\n\n<h4 class=\"wp-block-heading\">Wieso?<\/h4>\n\n\n\n<p>Weil die Faszination des Faches Kardiologie weit \u00fcber die Vorlesungsinhalte hinausgeht.<\/p>\n\n\n\n<h4 class=\"wp-block-heading\">Was erwartet euch?<\/h4>\n\n\n\n<ul class=\"wp-block-list\">\n<li>spannende Vortr\u00e4ge und praktische Teachings<\/li>\n\n\n\n<li>Spa\u00df, Teamwork und Interaktivit\u00e4t<\/li>\n\n\n\n<li>Austausch und Networking<\/li>\n\n\n\n<li>Mitgestaltung!<\/li>\n<\/ul>\n\n\n\n<h4 class=\"wp-block-heading\">Wann?<\/h4>\n\n\n\n<p>Ca. 1x\/Monat, Dienstags 18 Uhr, Termine werden \u00fcber die untenstehenden Verteiler zeitnah bekannt gegeben.<\/p>\n\n\n\n<h4 class=\"wp-block-heading\">F\u00fcr wen?<\/h4>\n\n\n\n<p>F\u00fcr alle Studierenden, die sich f\u00fcr das Fach Kardiologie interessieren (Vorwissen nicht erforderlich!)<\/p>\n\n\n\n<div style=\"height:13px\" aria-hidden=\"true\" class=\"wp-block-spacer\"><\/div>\n\n\n\n<h3 class=\"wp-block-heading\">Die Anmeldung ist unverbindlich \u2013 kommt einfach vorbei! Wir freuen uns auf euch!<\/h3>\n\n\n<div class=\"lazyblock-hyberlink-block-1Ge0f7 wp-block-lazyblock-hyberlink-block\"><a href=\"https:\/\/herzmedizin.de\/fuer-aerzte-und-fachpersonal\/dgk\/arbeitsgruppen-sektionen-ausschuesse\/sektion-young-dgk\/weiterbildung\/der-mhh-cardio-club-ein-vielseitiges-programm-begeistert-studierende-fuer-die-kardiologie\" target=\"_blank\" rel=\"noopener noreferrer\" class=\"hyperlink_txt\">Bericht \u00fcber den MHH CARDIO CLUB<\/a><\/div>\n\n\n<div style=\"height:53px\" aria-hidden=\"true\" class=\"wp-block-spacer\"><\/div>\n\n\n\n<h3 class=\"wp-block-heading\">MHH Cardio Club Community<\/h3>\n\n\n<div class=\"lazyblock-akkordeon-2LBhS wp-block-lazyblock-akkordeon\">\n<input id=\"mhhcardioclube-mailverteiler\" class=\"hide-akkordeon akkordeon-toggle\" type=\"checkbox\" tabindex=\"-1\">\n\n<div class=\"akkordeon-block\">\n  <div class=\"toggler\">\n    <label for=\"mhhcardioclube-mailverteiler\" tabindex=\"0\">MHH Cardio Club E-Mail Verteiler<\/label>\n    <div class=\"akkordeon-bar\"><\/div>\n  <\/div>\n\n  <div class=\"akkordeon-content\">\n    <div class=\"akkordeon-inner-content\">\n      <p><img loading=\"lazy\" decoding=\"async\" class=\"alignnone size-full wp-image-6489\" src=\"https:\/\/mhh-kardiologie.de\/wp-content\/uploads\/2025\/12\/QR_E-Mailverteiler.png\" alt=\"\" width=\"277\" height=\"268\" \/><\/p>    <\/div>\n  <\/div>\n<\/div><\/div>\n\n<div class=\"lazyblock-akkordeon-2gnOcT wp-block-lazyblock-akkordeon\">\n<input id=\"mhhcardioclubwhatsappcommunity\" class=\"hide-akkordeon akkordeon-toggle\" type=\"checkbox\" tabindex=\"-1\">\n\n<div class=\"akkordeon-block\">\n  <div class=\"toggler\">\n    <label for=\"mhhcardioclubwhatsappcommunity\" tabindex=\"0\">MHH Cardio Club WhatsApp Community<\/label>\n    <div class=\"akkordeon-bar\"><\/div>\n  <\/div>\n\n  <div class=\"akkordeon-content\">\n    <div class=\"akkordeon-inner-content\">\n      <p><img loading=\"lazy\" decoding=\"async\" class=\"alignnone size-full wp-image-6491\" src=\"https:\/\/mhh-kardiologie.de\/wp-content\/uploads\/2025\/12\/QR_WhatsApp.png\" alt=\"\" width=\"280\" height=\"263\" \/><\/p>    <\/div>\n  <\/div>\n<\/div><\/div><\/div>\n\n\n\n<div class=\"wp-block-column is-layout-flow wp-block-column-is-layout-flow\" style=\"flex-basis:33.33%\"><div class=\"wp-block-image\">\n<figure class=\"alignleft size-full is-resized\"><a href=\"https:\/\/mhh-kardiologie.de\/wp-content\/uploads\/2025\/12\/CC-Poster-ohne-Datum-scaled.jpg\"><img loading=\"lazy\" decoding=\"async\" width=\"1812\" height=\"2560\" src=\"https:\/\/mhh-kardiologie.de\/wp-content\/uploads\/2025\/12\/CC-Poster-ohne-Datum-scaled.jpg\" alt=\"\" class=\"wp-image-6530\" style=\"width:205px;height:auto\" srcset=\"https:\/\/mhh-kardiologie.de\/wp-content\/uploads\/2025\/12\/CC-Poster-ohne-Datum-scaled.jpg 1812w, https:\/\/mhh-kardiologie.de\/wp-content\/uploads\/2025\/12\/CC-Poster-ohne-Datum-212x300.jpg 212w, https:\/\/mhh-kardiologie.de\/wp-content\/uploads\/2025\/12\/CC-Poster-ohne-Datum-725x1024.jpg 725w, https:\/\/mhh-kardiologie.de\/wp-content\/uploads\/2025\/12\/CC-Poster-ohne-Datum-768x1085.jpg 768w, https:\/\/mhh-kardiologie.de\/wp-content\/uploads\/2025\/12\/CC-Poster-ohne-Datum-1087x1536.jpg 1087w, https:\/\/mhh-kardiologie.de\/wp-content\/uploads\/2025\/12\/CC-Poster-ohne-Datum-1449x2048.jpg 1449w\" sizes=\"auto, (max-width: 1812px) 100vw, 1812px\" \/><\/a><\/figure><\/div>\n\n\n<div style=\"height:28px\" aria-hidden=\"true\" class=\"wp-block-spacer\"><\/div>\n\n\n\n<h3 class=\"wp-block-heading alignwide has-text-align-left\">MHH Cardio Club Team<\/h3>\n\n\n\n<p><strong>Wissenschaftliche Leitung<\/strong><\/p>\n\n\n<div class=\"personal_container\"><div class=\"personal_portrait\" style=\"background-image: url(https:\/\/mhh-kardiologie.de\/wp-content\/uploads\/2024\/11\/MHH_Kardiologie_OA\u0308_Portraits_Duncker_2024-10-29_web.jpg);\"><\/div><div class=\"personal_infos\"><p class=\"personal_name\"><a href=\"https:\/\/mhh-kardiologie.de\/en\/klinikteam\/direktor-oberaerzte\/pd-dr-david-duncker\/\">Prof. Dr. David Duncker<\/a><\/p><p class=\"personal_mail\"><a href=\"mailto:mueller.xenia@mh-hannover.de\">mueller.xenia@mh-hannover.de<\/a><\/p><\/div><\/div>\n\n\n<div class=\"personal_container\"><div class=\"personal_portrait\" style=\"background-image: url(https:\/\/mhh-kardiologie.de\/wp-content\/uploads\/2026\/04\/Henrike-Hillmann-0070-800x800px.jpg);\"><\/div><div class=\"personal_infos\"><p class=\"personal_name\">Dr. Henrike Hillmann<\/p><p class=\"personal_mail\"><a href=\"mailto:hillmann.henrike@mh-hannover.de\">hillmann.henrike@mh-hannover.de<\/a><\/p><\/div><\/div>\n\n\n\n<div style=\"height:25px\" aria-hidden=\"true\" class=\"wp-block-spacer\"><\/div>\n\n\n\n<p><strong>Studentische Koordination<\/strong><\/p>\n\n\n\n<p>Anna Ganal<br>Filloreta Gashi<br>Mona Isermeyer<br>Marielle Mudra<br>Amalia Sluha<\/p>\n<\/div>\n<\/div>\n\n\n\n<p><\/p>\n","protected":false},"excerpt":{"rendered":"<p>MHH Cardio Club f\u00fcr Studierende &#8211; wie cool ist Kardiologie? Wieso? Weil die Faszination des Faches Kardiologie weit \u00fcber die Vorlesungsinhalte hinausgeht. Was erwartet euch? Wann? Ca. 1x\/Monat, Dienstags 18 Uhr, Termine werden \u00fcber die untenstehenden Verteiler zeitnah bekannt gegeben. F\u00fcr wen? F\u00fcr alle Studierenden, die sich f\u00fcr das Fach Kardiologie interessieren (Vorwissen nicht erforderlich!) [&hellip;]<\/p>\n","protected":false},"author":3,"featured_media":6458,"parent":111,"menu_order":107,"comment_status":"closed","ping_status":"closed","template":"","meta":{"block":"%5B%5D","footnotes":""},"class_list":["post-6455","page","type-page","status-publish","has-post-thumbnail","hentry"],"_links":{"self":[{"href":"https:\/\/mhh-kardiologie.de\/en\/wp-json\/wp\/v2\/pages\/6455","targetHints":{"allow":["GET"]}}],"collection":[{"href":"https:\/\/mhh-kardiologie.de\/en\/wp-json\/wp\/v2\/pages"}],"about":[{"href":"https:\/\/mhh-kardiologie.de\/en\/wp-json\/wp\/v2\/types\/page"}],"author":[{"embeddable":true,"href":"https:\/\/mhh-kardiologie.de\/en\/wp-json\/wp\/v2\/users\/3"}],"replies":[{"embeddable":true,"href":"https:\/\/mhh-kardiologie.de\/en\/wp-json\/wp\/v2\/comments?post=6455"}],"version-history":[{"count":22,"href":"https:\/\/mhh-kardiologie.de\/en\/wp-json\/wp\/v2\/pages\/6455\/revisions"}],"predecessor-version":[{"id":6640,"href":"https:\/\/mhh-kardiologie.de\/en\/wp-json\/wp\/v2\/pages\/6455\/revisions\/6640"}],"up":[{"embeddable":true,"href":"https:\/\/mhh-kardiologie.de\/en\/wp-json\/wp\/v2\/pages\/111"}],"wp:featuredmedia":[{"embeddable":true,"href":"https:\/\/mhh-kardiologie.de\/en\/wp-json\/wp\/v2\/media\/6458"}],"wp:attachment":[{"href":"https:\/\/mhh-kardiologie.de\/en\/wp-json\/wp\/v2\/media?parent=6455"}],"curies":[{"name":"wp","href":"https:\/\/api.w.org\/{rel}","templated":true}]}}